{"id":978,"date":"2022-01-08T00:10:55","date_gmt":"2022-01-08T00:10:55","guid":{"rendered":"https:\/\/www.mountainpalcoyo.com\/es\/?post_type=product&#038;p=978"},"modified":"2025-03-29T01:47:33","modified_gmt":"2025-03-29T01:47:33","slug":"privado-valle-sagrado-de-los-incas","status":"publish","type":"product","link":"https:\/\/www.mountainpalcoyo.com\/es\/tours\/privado-valle-sagrado-de-los-incas\/","title":{"rendered":"Privado Valle Sagrado de los Incas"},"content":{"rendered":"<p><strong>Privado Valle Sagrado de los Incas<\/strong>. Visita el <strong>Valle sagrado de los Incas en un tour privado<\/strong> donde podr\u00e1s visitar: Chinchero, Andenes de Moray, <a href=\"https:\/\/www.mountainpalcoyo.com\/es\/tours\/tour-maras-moray-y-valle-sagrado-full-day\/\">Salinera de Maras<\/a>, Ollantaytambo y Pisac. Este recorrido tiene una duraci\u00f3n aproximadamente de 12 horas, pero si tienes poco tiempo podr\u00e1s visitar los lugares que desees y el tour puede iniciar desde la misma ciudad del Cusco o desde el <a href=\"https:\/\/www.mountainpalcoyo.com\/es\/tours\/tour-valle-sagrado-de-los-incas-en-1-dia\/\">Valle Sagrado de los Incas<\/a> (Pisac, Urubamba o Ollantaytambo) solo debes indicar al momento de realizar tu reserva. En el <a href=\"https:\/\/www.donperutours.com\/es\/turismoperu\/traslado-aeropuerto-cusco-a-valle-sagrado\/\" target=\"_blank\" rel=\"noopener\">valle sagrado de los Incas<\/a> podr\u00e1s ver hermosos paisajes, animales andinos de la zona y conocer la historia de cada centro arqueol\u00f3gico a visitar.<\/p>\n<h2>Tour Valle Sagrado de los Incas Privado<\/h2>\n<table style=\"height: 86px;\" width=\"240\">\n<tbody>\n<tr>\n<td style=\"background-color: #d52b1e; border-color: #ffffff; text-align: center;\"><a href=\"https:\/\/wa.me\/51936286411\"><span style=\"color: #ffffff;\">Reservar Ahora<\/span><\/a><\/td>\n<\/tr>\n<\/tbody>\n<\/table>\n<p><strong>Horario<\/strong>: Flexible<br \/>\n<strong>Salidas diarias<\/strong><br \/>\n<strong>Grupo privado<\/strong><\/p>\n<p><strong>Lugares a visitar<\/strong>: Chinchero, Andenes de Moray, Salinera de Maras, Ollantaytambo y Pisac. Este tour es adaptable y tambi\u00e9n puedes indicar \u00fanicamente los atractivos tur\u00edsticos que deseas visitar.<\/p>\n<p><strong>Incluye<\/strong><br \/>\n<i class=\"fa fa-check icon-tick icon-tick--on\"><\/i> Pickup (Indicar direcci\u00f3n)<br \/>\n<i class=\"fa fa-check icon-tick icon-tick--on\"><\/i> Movilidad y Conductor<br \/>\n<i class=\"fa fa-check icon-tick icon-tick--on\"><\/i> Gu\u00eda biling\u00fce<br \/>\n<i class=\"fa fa-check icon-tick icon-tick--on\"><\/i> Drop off (Indicar direcci\u00f3n)<br \/>\n<i class=\"fa fa-check icon-tick icon-tick--on\"><\/i> Asistencia personalizada<\/p>\n<p><strong>No incluye<\/strong><br \/>\n<i class=\"fa fa-times icon-tick icon-tick--off\"><\/i> Almuerzo buffet<br \/>\n<i class=\"fa fa-times icon-tick icon-tick--off\"><\/i> Boleto Tur\u00edstico de Cusco<br \/>\n<i class=\"fa fa-times icon-tick icon-tick--off\"><\/i> Boleto de entrada Salineras de Maras<br \/>\n<i class=\"fa fa-times icon-tick icon-tick--off\"><\/i> Propinas (Opcional)<br \/>\n<i class=\"fa fa-times icon-tick icon-tick--off\"><\/i> Otros servicios no mencionados.<\/p>\n<p><strong>Qu\u00e9 traer<\/strong>: Ropa c\u00f3moda, Zapatos de trekking, c\u00e1mara fotogr\u00e1fica, bloqueador solar, lentes de sol, agua, bocadillos, mochila peque\u00f1a y efectivo para gastos personales. Preferiblemente moneda en soles.<br \/>\n<strong>Nota<\/strong>: Para hacer este recorrido necesita el boleto tur\u00edstico de Cusco parcial, que tiene un costo de: S\/ 70 Soles aproximadamente 18 Dolares. Y la entrada a las <a href=\"https:\/\/www.cuscoairporttransport.com\/es\/tours\/tour-privado-salineras-de-maras-y-andenes-de-moray\/\" target=\"_blank\" rel=\"noopener\">salinera de Maras<\/a> que tiene un costo de S\/ 10 Soles aproximadamente 3 dolares.<\/p>\n<h2>Itinerario Valle Sagrado<\/h2>\n<p>00:00 Pasaremos a recogerte a tu Hotel \/ Airbnb en la direcci\u00f3n brindada luego viajaremos por el <a href=\"https:\/\/www.donperutours.com\/es\/tours\/tour-privado-valle-sagrado-de-los-incas\/\" target=\"_blank\" rel=\"noopener\">valle sagrado<\/a> de los incas para visitar los principales atractivos tur\u00edsticos, en cada atractivo tur\u00edstico tendr\u00e1s una visita guiada y tiempo para recorrer el lugar y tomar fotograf\u00edas. Despu\u00e9s de visitar el valle sagrado retornaremos a la ciudad del Cusco o la direcci\u00f3n que nos brindes.<\/p>\n<p><strong><span style=\"font-size: 24pt; color: #ff0000;\">Viaja seguro durante el COVID-19<\/span><\/strong><\/p>\n<p>Nuestra agencia de viajes cuenta con todos los protocolos de Bioseguridad.<\/p>\n<p>\u2022 Controles de temperatura frecuentemente de todo nuestro personal. Gu\u00edas \/ Agentes de viajes \/ Conductores \/ Recepcionistas.<br \/>\n\u2022 Desinfecci\u00f3n frecuente de los veh\u00edculos de transporte.<br \/>\n\u2022 Se requieren m\u00e1scaras, barbijos, tapabocas y protector facial (Obligatorio).<br \/>\n\u2022 Se exige distanciamiento social durante toda la experiencia.<\/p>\n<p><img loading=\"lazy\" decoding=\"async\" class=\"alignnone size-full wp-image-575\" src=\"https:\/\/www.mountainpalcoyo.com\/es\/wp-content\/uploads\/2020\/02\/salinerademaras.jpg\" alt=\"salinera de maras\" width=\"1080\" height=\"1080\" srcset=\"https:\/\/www.mountainpalcoyo.com\/es\/wp-content\/uploads\/2020\/02\/salinerademaras.jpg 1080w, https:\/\/www.mountainpalcoyo.com\/es\/wp-content\/uploads\/2020\/02\/salinerademaras-600x600.jpg 600w, https:\/\/www.mountainpalcoyo.com\/es\/wp-content\/uploads\/2020\/02\/salinerademaras-300x300.jpg 300w, https:\/\/www.mountainpalcoyo.com\/es\/wp-content\/uploads\/2020\/02\/salinerademaras-1024x1024.jpg 1024w, https:\/\/www.mountainpalcoyo.com\/es\/wp-content\/uploads\/2020\/02\/salinerademaras-150x150.jpg 150w, https:\/\/www.mountainpalcoyo.com\/es\/wp-content\/uploads\/2020\/02\/salinerademaras-768x768.jpg 768w\" sizes=\"auto, (max-width: 1080px) 100vw, 1080px\" \/><\/p>\n","protected":false},"excerpt":{"rendered":"<div class=\"padding-top text-center\"><a href=\"https:\/\/www.mountainpalcoyo.com\/es\/tours\/privado-valle-sagrado-de-los-incas\/\" class=\"atbtn atbtn--medium atbtn--rounded atbtn--transparent\">Read more<i class=\"atbtn__icon atbtn__icon--right fa fa-long-arrow-right\"><\/i><\/a><\/div>\n","protected":false},"featured_media":979,"comment_status":"closed","ping_status":"closed","template":"","meta":[],"product_brand":[],"product_cat":[17],"product_tag":[],"class_list":{"0":"post-978","1":"product","2":"type-product","3":"status-publish","4":"has-post-thumbnail","6":"product_cat-cusco","7":"tour_category-full-day","9":"first","10":"instock","11":"shipping-taxable","12":"product-type-tour"},"aioseo_notices":[],"amp_enabled":true,"_links":{"self":[{"href":"https:\/\/www.mountainpalcoyo.com\/es\/wp-json\/wp\/v2\/product\/978","targetHints":{"allow":["GET"]}}],"collection":[{"href":"https:\/\/www.mountainpalcoyo.com\/es\/wp-json\/wp\/v2\/product"}],"about":[{"href":"https:\/\/www.mountainpalcoyo.com\/es\/wp-json\/wp\/v2\/types\/product"}],"replies":[{"embeddable":true,"href":"https:\/\/www.mountainpalcoyo.com\/es\/wp-json\/wp\/v2\/comments?post=978"}],"wp:featuredmedia":[{"embeddable":true,"href":"https:\/\/www.mountainpalcoyo.com\/es\/wp-json\/wp\/v2\/media\/979"}],"wp:attachment":[{"href":"https:\/\/www.mountainpalcoyo.com\/es\/wp-json\/wp\/v2\/media?parent=978"}],"wp:term":[{"taxonomy":"product_brand","embeddable":true,"href":"https:\/\/www.mountainpalcoyo.com\/es\/wp-json\/wp\/v2\/product_brand?post=978"},{"taxonomy":"product_cat","embeddable":true,"href":"https:\/\/www.mountainpalcoyo.com\/es\/wp-json\/wp\/v2\/product_cat?post=978"},{"taxonomy":"product_tag","embeddable":true,"href":"https:\/\/www.mountainpalcoyo.com\/es\/wp-json\/wp\/v2\/product_tag?post=978"}],"curies":[{"name":"wp","href":"https:\/\/api.w.org\/{rel}","templated":true}]}}