{"id":92,"date":"2018-09-21T01:26:13","date_gmt":"2018-09-21T01:26:13","guid":{"rendered":"http:\/\/www.mountainpalcoyo.com\/es\/?post_type=product&#038;p=92"},"modified":"2025-03-28T19:45:48","modified_gmt":"2025-03-28T19:45:48","slug":"tour-montana-de-7-colores-vinicunca","status":"publish","type":"product","link":"https:\/\/www.mountainpalcoyo.com\/es\/tours\/tour-montana-de-7-colores-vinicunca\/","title":{"rendered":"Tour Monta\u00f1a de 7 colores Vinicunca"},"content":{"rendered":"<p>Conozca la <strong>monta\u00f1a de los siete colores Vinicunca<\/strong>, o tambi\u00e9n conocida como la monta\u00f1a arco\u00edris, cerro de colores, <a href=\"https:\/\/www.mountainpalcoyo.com\/es\/tours\/tour-privado-montana-de-7-colores-y-valle-rojo\/\" target=\"_blank\" rel=\"noopener\">monta\u00f1a de colores<\/a>. Este tour es m\u00e1gico y es uno de los principales tours en la ciudad de Cusco. Visita la famosa <strong>monta\u00f1a de 7 colores<\/strong> ubicada en la ciudad de Cusco, es recomendable tener una buena condici\u00f3n f\u00edsica ya que tiene una larga duraci\u00f3n de caminata. La <a href=\"https:\/\/www.riorojocusco.com\/tours\/montana-vinicunca-y-valle-rojo\/\">monta\u00f1a de los 7 colores<\/a> est\u00e1 catalogada por la revista NATIONAL GEOGRAPHIC como uno de los lugares m\u00e1s bellos.<\/p>\n<h2>Tour monta\u00f1a de los siete colores<\/h2>\n<table style=\"height: 86px;\" width=\"240\">\n<tbody>\n<tr>\n<td style=\"background-color: #cc0033; border-color: #ffffff; text-align: center;\"><a href=\"https:\/\/wa.me\/51936286411\"><span style=\"color: #ffffff;\">Reservar Ahora<\/span><\/a><\/td>\n<\/tr>\n<\/tbody>\n<\/table>\n<p><strong>Precio<\/strong>: 35 USD por persona<br \/>\n<strong>Horario<\/strong>: de 04:00 a.m. a 7:00 p.m.<br \/>\n<strong>Duraci\u00f3n<\/strong>: 15 horas<br \/>\n<strong>Salidas diarias<\/strong><br \/>\n<strong>Grupo compartido<\/strong><\/p>\n<p><strong>Incluye Tour Monta\u00f1a de Colores<\/strong>:<\/p>\n<p><i class=\"fa fa-check icon-tick icon-tick--on\"><\/i>Pickup en el hotel<br \/>\n<i class=\"fa fa-check icon-tick icon-tick--on\"><\/i>Transporte compartido<br \/>\n<i class=\"fa fa-check icon-tick icon-tick--on\"><\/i>Desayuno<br \/>\n<i class=\"fa fa-check icon-tick icon-tick--on\"><\/i>Almuerzo<br \/>\n<i class=\"fa fa-check icon-tick icon-tick--on\"><\/i>Gu\u00eda biling\u00fce<br \/>\n<i class=\"fa fa-check icon-tick icon-tick--on\"><\/i>Boleto de entrada a <a href=\"https:\/\/www.mountainvinicunca.com\/es\/tours\/tour-montana-7-colores-vinicunca\/\" target=\"_blank\" rel=\"noopener noreferrer\">Vinicunca<\/a><br \/>\n<i class=\"fa fa-check icon-tick icon-tick--on\"><\/i>Drop off en el centro de Cusco<br \/>\n<i class=\"fa fa-check icon-tick icon-tick--on\"><\/i>Asistencia Personalizada<\/p>\n<p><strong>No Incluye<\/strong>:<\/p>\n<p><i class=\"fa fa-times icon-tick icon-tick--off\"><\/i>Seguro de viaje<br \/>\n<i class=\"fa fa-times icon-tick icon-tick--off\"><\/i>Propinas (Opcional)<br \/>\n<i class=\"fa fa-times icon-tick icon-tick--off\"><\/i>Otros gastos mencionados en el programa.<br \/>\n<i class=\"fa fa-times icon-tick icon-tick--off\"><\/i>Bastones de trekking (US $ 7.00)<br \/>\n<i class=\"fa fa-times icon-tick icon-tick--off\"><\/i>Caballo (S \/ .90)<\/p>\n<p><strong>Qu\u00e9 llevar<\/strong>: Ropa abrigadora, ropa impermeable, zapatos de trekking, gorra para el sol, lentes de sol, bloqueador solar, snack, agua, y guantes para protegerse del fr\u00edo.<\/p>\n<p><strong>Importante<\/strong>:<br \/>\n\u2022 No apto para personas embarazadas.<br \/>\n\u2022 No es adecuado para personas con problemas card\u00edacos.<br \/>\n\u2022 Preferible mayores de 13 a\u00f1os.<\/p>\n<h2>Itinerario Monta\u00f1a de los Siete Colores<\/h2>\n<div class=\"tours-tabs\">\n\t<ul class=\"nav nav-tabs\">\n\t<li class=\"active\"><a href=\"#attab1_1\" data-toggle=\"tab\">D\u00eda 1: Cusco - Vinicunca<\/a><\/li>\t<\/ul>\n\t<div class=\"tab-content\">\n\t<div class=\"tab-pane active\" id=\"attab1_1\"><div class=\"tours-tabs__content padding-all\">A la primera hora del d\u00eda lo recogeremos en su Hotel (4:00 a.m.), luego comenzaremos nuestra m\u00e1gica y bella aventura, donde tendremos un viaje a la ciudad de Qollasuyo, luego viajaremos durante 4 horas en transporte, primero pasaremos por el pueblo de Checacupe, seguidamente por Pitumarka, y finalmente llegaremos a Quechuyno, donde comenzar\u00e1 la caminata (recomendamos estar en buenas condiciones f\u00edsicas), aqu\u00ed disfrutaremos de nuestro delicioso desayuno y luego de una breve charla comenzaremos nuestra caminata al pie del nevado Ausangate, el ascenso ser\u00e1 de aproximadamente 3 horas hasta el punto m\u00e1s alto de la <a href=\"https:\/\/www.gomachupicchubycar.com\/es\/tours\/montana-de-7-colores-vinicunca\/\" target=\"_blank\" rel=\"noopener noreferrer\">Monta\u00f1a del Arco Iris<\/a>, durante el recorrido podremos observar diferentes animales andinos de la zona y hermosos paisajes. En la monta\u00f1a de 7 colares, tendremos tiempo para tomar fotos de este enigm\u00e1tico lugar y el gu\u00eda le dar\u00e1 una explicaci\u00f3n de cu\u00e1l es el origen de esos colores de la monta\u00f1a, tambi\u00e9n tendr\u00e1 tiempo libre para tener un gran vista e imagen de este lugar. Luego de lograr nuestro objetivo que es <a href=\"https:\/\/www.donperutours.com\/es\/tours\/montana-arco-iris-montana-de-7-colores-vinicunca\/\" target=\"_blank\" rel=\"noopener noreferrer\">visitar la Monta\u00f1a de los 7 colores<\/a>, regresaremos caminando durante 2 horas de descenso, hasta llegar a nuestro campamento para el almuerzo, finalmente regresaremos a la ciudad de Cusco, nuestra llegada ser\u00e1 alrededor de las 7:00 pm<\/div><\/div>\t<\/div>\n<\/div>\n<p>&nbsp;<\/p>\n<h3>Viaja seguro durante el COVID-19<\/h3>\n<p>Nuestra agencia de viajes cuenta con todos los protocolos de Bioseguridad y usted podr\u00e1 <strong>visitar Machu Picchu y Cusco<\/strong> de una forma segura.<\/p>\n<p>\u2022 Controles de temperatura frecuentemente de todo nuestro personal. Gu\u00edas \/ Agentes de viajes \/ Conductores \/ Recepcionistas.<br \/>\n\u2022 Controles de temperatura a los participantes del tour al llegar.<br \/>\n\u2022 Alcohol en gel disponible para los viajeros y el personal.<br \/>\n\u2022 Desinfecci\u00f3n frecuente de los veh\u00edculos de transporte.<br \/>\n\u2022 Se requieren m\u00e1scaras, barbijos, tapabocas y protector facial (Muy requerido).<br \/>\n\u2022 Se exige distanciamiento social durante toda la experiencia.<\/p>\n","protected":false},"excerpt":{"rendered":"<div class=\"padding-top text-center\"><a href=\"https:\/\/www.mountainpalcoyo.com\/es\/tours\/tour-montana-de-7-colores-vinicunca\/\" class=\"atbtn atbtn--medium atbtn--rounded atbtn--transparent\">Read more<i class=\"atbtn__icon atbtn__icon--right fa fa-long-arrow-right\"><\/i><\/a><\/div>\n","protected":false},"featured_media":122,"comment_status":"closed","ping_status":"closed","template":"","meta":[],"product_brand":[],"product_cat":[17],"product_tag":[34,28,33,31,30,32,24],"class_list":{"0":"post-92","1":"product","2":"type-product","3":"status-publish","4":"has-post-thumbnail","6":"product_cat-cusco","7":"product_tag-cusco-montana","8":"product_tag-cusco-viajes","9":"product_tag-montanas-en-peru","10":"product_tag-peru-viajes","11":"product_tag-tours-en-cusco","12":"product_tag-tours-peru","13":"product_tag-viajes-a-cusco","14":"tour_category-full-day","16":"first","17":"instock","18":"sale","19":"shipping-taxable","20":"purchasable","21":"product-type-tour"},"aioseo_notices":[],"amp_enabled":true,"_links":{"self":[{"href":"https:\/\/www.mountainpalcoyo.com\/es\/wp-json\/wp\/v2\/product\/92","targetHints":{"allow":["GET"]}}],"collection":[{"href":"https:\/\/www.mountainpalcoyo.com\/es\/wp-json\/wp\/v2\/product"}],"about":[{"href":"https:\/\/www.mountainpalcoyo.com\/es\/wp-json\/wp\/v2\/types\/product"}],"replies":[{"embeddable":true,"href":"https:\/\/www.mountainpalcoyo.com\/es\/wp-json\/wp\/v2\/comments?post=92"}],"wp:featuredmedia":[{"embeddable":true,"href":"https:\/\/www.mountainpalcoyo.com\/es\/wp-json\/wp\/v2\/media\/122"}],"wp:attachment":[{"href":"https:\/\/www.mountainpalcoyo.com\/es\/wp-json\/wp\/v2\/media?parent=92"}],"wp:term":[{"taxonomy":"product_brand","embeddable":true,"href":"https:\/\/www.mountainpalcoyo.com\/es\/wp-json\/wp\/v2\/product_brand?post=92"},{"taxonomy":"product_cat","embeddable":true,"href":"https:\/\/www.mountainpalcoyo.com\/es\/wp-json\/wp\/v2\/product_cat?post=92"},{"taxonomy":"product_tag","embeddable":true,"href":"https:\/\/www.mountainpalcoyo.com\/es\/wp-json\/wp\/v2\/product_tag?post=92"}],"curies":[{"name":"wp","href":"https:\/\/api.w.org\/{rel}","templated":true}]}}