{"id":913,"date":"2021-07-22T12:56:59","date_gmt":"2021-07-22T12:56:59","guid":{"rendered":"https:\/\/www.mountainpalcoyo.com\/es\/?post_type=product&#038;p=913"},"modified":"2025-03-29T01:35:39","modified_gmt":"2025-03-29T01:35:39","slug":"huayna-picchu-en-1-dia-desde-cusco","status":"publish","type":"product","link":"https:\/\/www.mountainpalcoyo.com\/es\/tours\/huayna-picchu-en-1-dia-desde-cusco\/","title":{"rendered":"Huayna Picchu en 1 dia desde Cusco"},"content":{"rendered":"<p><strong>Huayna Picchu en 1 d\u00eda desde Cusco<\/strong>. Visita la monta\u00f1a Huayna Picchu y la ciudad inca de Machu Picchu en 1 d\u00eda completo. La monta\u00f1a Huayna Picchu es el destino preferido de muchos viajeros haci\u00e9ndolo un atractivo tur\u00edstico que si o si debes visitar al llegar a <a href=\"https:\/\/www.mountainpalcoyo.com\/es\/tours\/tour-a-machu-picchu-2-dias\/\" target=\"_blank\" rel=\"noopener noreferrer\">Machu Picchu<\/a>. Para poder acceder a <a href=\"https:\/\/www.donperutours.com\/es\/tours\/huayna-picchu-con-machu-picchu-en-1-dia\/\" target=\"_blank\" rel=\"noopener noreferrer\">Huayna Picchu<\/a> debes reservar con 3 meses de anticipaci\u00f3n ya que sus entradas son limitadas por d\u00eda.<\/p>\n<p>Y desde este 2023 podr\u00e1s visitar nuevamente la monta\u00f1a Huayna Picchu y tener una vista incre\u00edble de Machu Picchu desde la cima. La <a href=\"https:\/\/www.mountainpalcoyo.com\/es\/tours\/tour-machu-picchu-y-huayna-picchu-2-dias\/\" target=\"_blank\" rel=\"noopener noreferrer\">monta\u00f1a Huayna Picchu<\/a> es ideal para los amantes del trekking y de la adrenalina.<\/p>\n<h2>Huayna Picchu en 1 Dia<\/h2>\n<table style=\"height: 86px;\" width=\"240\">\n<tbody>\n<tr>\n<td style=\"background-color: #cc0033; border-color: #ffffff; text-align: center;\"><a href=\"https:\/\/wa.me\/51936286411\"><span style=\"color: #ffffff;\">Reservar Ahora<\/span><\/a><\/td>\n<\/tr>\n<\/tbody>\n<\/table>\n<p><strong>Precio<\/strong>: 400 Dolares<br \/>\n<strong>Duraci\u00f3n<\/strong>: 18 horas<br \/>\n<strong>Actividad<\/strong>: Caminata<br \/>\n<strong>Salidas<\/strong>: Todos los d\u00edas<br \/>\n<strong>Reprogramaci\u00f3n<\/strong>: NO<br \/>\n<strong>Cancelaci\u00f3n<\/strong>: NO \/ Todas la ventas son finales<\/p>\n<p><strong>Incluye<\/strong>:<br \/>\n<i class=\"fa fa-check icon-tick icon-tick--on\"><\/i> Pickup en el hotel \/ Airbnb<br \/>\n<i class=\"fa fa-check icon-tick icon-tick--on\"><\/i> Traslado privado ida y vuelta: Cusco &#8211; Ollantaytambo &#8211; Cusco<br \/>\n<i class=\"fa fa-check icon-tick icon-tick--on\"><\/i> Tren Turistico Expedition: Ollantaytambo &#8211; Aguas Calientes &#8211; Ollantaytambo<br \/>\n<i class=\"fa fa-check icon-tick icon-tick--on\"><\/i> Bus desde Aguas Calientes \u2013 Machu Picchu \u2013 Aguas Calientes<br \/>\n<i class=\"fa fa-check icon-tick icon-tick--on\"><\/i> <a href=\"https:\/\/www.mountainpalcoyo.com\/es\/tours\/comprar-entrada-a-machu-picchu\/\" target=\"_blank\" rel=\"noopener noreferrer\">Boleto de ingreso a Machu Picchu<\/a><br \/>\n<i class=\"fa fa-check icon-tick icon-tick--on\"><\/i> <a href=\"https:\/\/www.donperutours.com\/es\/comprar-entrada-a-machu-picchu-con-huayna-picchu\/\" target=\"_blank\" rel=\"noopener noreferrer\">Boleto de ingreso a Huayna Picchu<\/a><br \/>\n<i class=\"fa fa-check icon-tick icon-tick--on\"><\/i> Asistencia personalizada<br \/>\n<i class=\"fa fa-check icon-tick icon-tick--on\"><\/i> Drop off en tu Hotel \/ Airbnb<\/p>\n<p><strong>No incluye<\/strong>:<br \/>\n<i class=\"fa fa-times icon-tick icon-tick--off\"><\/i> Alimentacion<br \/>\n<i class=\"fa fa-times icon-tick icon-tick--off\"><\/i> Seguro de Viaje<br \/>\n<i class=\"fa fa-times icon-tick icon-tick--off\"><\/i> Otros servicios no mencionados en el programa<\/p>\n<p><strong>Que traer<\/strong>:<br \/>\n\u2022 Pasaporte\/Visa<br \/>\n\u2022 Ropa c\u00f3moda.<br \/>\n\u2022 Zapatos de Trekking.<br \/>\n\u2022 Poncho de lluvia (Temporada de Lluvias).<br \/>\n\u2022 Gafas de solo, Bloqueador solar y Gorra para protegerse del sol.<br \/>\n\u2022 Agua y bocadillos.<\/p>\n<h2>Itinerario Huayna Picchu en 1 Dia desde Cusco<\/h2>\n<p>\u2022 03:00 Recojo en tu Hotel \/ AIrbnb \/ Hostel<br \/>\n\u2022 03:05 Traslado privado desde Cusco a la estaci\u00f3n de tren de Ollantaytambo<br \/>\n\u2022 04:30 Llegada a Ollantaytambo<br \/>\n\u2022 04:40 Debes presentarte en la estaci\u00f3n de tren de Ollantaytambo<br \/>\n\u2022 05:05 Tren tur\u00edstico expedition desde Ollantaytambo a Aguas Calientes<br \/>\n\u2022 06:35 Llegada a Aguas Calientes<br \/>\n\u2022 06:50 Bus de subida desde Aguas Calientes a Machu Picchu<br \/>\n\u2022 07:20 Ingreso a Machu Picchu. Tendras un guiado durante 1 hora y 40 minutos, para que posteriormente subas a Huayna Picchu. NO incluye guia en Huayna Picchu.<br \/>\n\u2022 10:00 Ingreso a Huayna Picchu. Despues de visitar Huayna Picchu podras visitar Machu Picchu por la parte baja. Ruta valida unicamente para viajeros que visitan Huayna Picchu.<br \/>\n\u2022 13:00 Bus de bajada de Machu Picchu a Aguas Calientes<br \/>\nTarde Libre<br \/>\n\u2022 14:10 Debes presentarte en la estaci\u00f3n de tren de Aguas Calientes<br \/>\n\u2022 16:43 Tren tur\u00edstico expedition desde Aguas Calientes a Ollantaytambo<br \/>\n\u2022 18:30 Llegada a Ollantaytambo<br \/>\n\u2022 18:31 Traslado privado desde Ollantaytambo a Cusco.<br \/>\n\u2022 20:00 Llegada a Cusco y drop off en tu Hotel \/ Airbnb \/ Hostel.<\/p>\n<p><strong>Importante<\/strong>: Los horarios pueden variar dependiendo del ticket de tren y entrada a Machu Picchu y Huayna Picchu. Se te informara una vez realizado tu reserva.<\/p>\n<h3>Viaja seguro durante el COVID-19<\/h3>\n<p>Nuestra agencia de viajes cuenta con todos los protocolos de Bioseguridad y usted podr\u00e1 <strong>visitar Machu Picchu y Cusco<\/strong> de una forma segura.<\/p>\n<p>\u2022 Controles de temperatura frecuentemente de todo nuestro personal. Gu\u00edas \/ Agentes de viajes \/ Conductores \/ Recepcionistas.<br \/>\n\u2022 Desinfecci\u00f3n frecuente de los veh\u00edculos de transporte.<br \/>\n\u2022 Se requieren m\u00e1scaras, barbijos, tapabocas y protector facial (Muy requerido).<br \/>\n\u2022 Se exige distanciamiento social durante toda la experiencia.<\/p>\n","protected":false},"excerpt":{"rendered":"<div class=\"padding-top text-center\"><a href=\"https:\/\/www.mountainpalcoyo.com\/es\/tours\/huayna-picchu-en-1-dia-desde-cusco\/\" class=\"atbtn atbtn--medium atbtn--rounded atbtn--transparent\">Read more<i class=\"atbtn__icon atbtn__icon--right fa fa-long-arrow-right\"><\/i><\/a><\/div>\n","protected":false},"featured_media":1448,"comment_status":"closed","ping_status":"closed","template":"","meta":[],"product_brand":[],"product_cat":[17],"product_tag":[],"class_list":{"0":"post-913","1":"product","2":"type-product","3":"status-publish","4":"has-post-thumbnail","6":"product_cat-cusco","7":"tour_category-machu-picchu","9":"first","10":"instock","11":"sale","12":"shipping-taxable","13":"purchasable","14":"product-type-tour"},"aioseo_notices":[],"amp_enabled":true,"_links":{"self":[{"href":"https:\/\/www.mountainpalcoyo.com\/es\/wp-json\/wp\/v2\/product\/913","targetHints":{"allow":["GET"]}}],"collection":[{"href":"https:\/\/www.mountainpalcoyo.com\/es\/wp-json\/wp\/v2\/product"}],"about":[{"href":"https:\/\/www.mountainpalcoyo.com\/es\/wp-json\/wp\/v2\/types\/product"}],"replies":[{"embeddable":true,"href":"https:\/\/www.mountainpalcoyo.com\/es\/wp-json\/wp\/v2\/comments?post=913"}],"wp:featuredmedia":[{"embeddable":true,"href":"https:\/\/www.mountainpalcoyo.com\/es\/wp-json\/wp\/v2\/media\/1448"}],"wp:attachment":[{"href":"https:\/\/www.mountainpalcoyo.com\/es\/wp-json\/wp\/v2\/media?parent=913"}],"wp:term":[{"taxonomy":"product_brand","embeddable":true,"href":"https:\/\/www.mountainpalcoyo.com\/es\/wp-json\/wp\/v2\/product_brand?post=913"},{"taxonomy":"product_cat","embeddable":true,"href":"https:\/\/www.mountainpalcoyo.com\/es\/wp-json\/wp\/v2\/product_cat?post=913"},{"taxonomy":"product_tag","embeddable":true,"href":"https:\/\/www.mountainpalcoyo.com\/es\/wp-json\/wp\/v2\/product_tag?post=913"}],"curies":[{"name":"wp","href":"https:\/\/api.w.org\/{rel}","templated":true}]}}