{"id":81,"date":"2018-09-21T00:57:29","date_gmt":"2018-09-21T00:57:29","guid":{"rendered":"http:\/\/www.mountainpalcoyo.com\/es\/?post_type=product&#038;p=81"},"modified":"2025-03-28T19:40:25","modified_gmt":"2025-03-28T19:40:25","slug":"tour-maras-moray-y-valle-sagrado-full-day","status":"publish","type":"product","link":"https:\/\/www.mountainpalcoyo.com\/es\/tours\/tour-maras-moray-y-valle-sagrado-full-day\/","title":{"rendered":"Tour Maras Moray y Valle Sagrado en 1 Dia"},"content":{"rendered":"<p>Vive una aventura \u00fanica visitando el <strong>valle sagrado de los Incas<\/strong>, las Salineras de Maras y los andenes de Moray en solo un d\u00eda. Tour ideal para visitar ambos sitios. El recorrido por el <a href=\"https:\/\/www.mountainpalcoyo.com\/es\/transporte-turistico-cusco-a-valle-sagrado-de-los-incas-ida-y-vuelta\/\" target=\"_blank\" rel=\"noopener\">Valle Sagrado de los Incas<\/a> y Maras Moray dura 12 horas. Recorra la famosa ruta de los Incas donde tambi\u00e9n visitaremos las ruinas de <a href=\"https:\/\/www.mountainpalcoyo.com\/es\/tour-privado-pisac-y-ollantaytambo\/\" target=\"_blank\" rel=\"noopener\">Pisaq<\/a> y <a href=\"https:\/\/www.mountainpalcoyo.com\/es\/aeropuerto-cusco-a-estacion-de-ollantaytambo-ida-y-vuelta\/\" target=\"_blank\" rel=\"noopener\">Ollantaytambo<\/a>.<\/p>\n<h2>Tour Valle Sagrado + Maras Moray<\/h2>\n<table style=\"height: 86px;\" width=\"240\">\n<tbody>\n<tr>\n<td style=\"background-color: #cc0033; border-color: #ffffff; text-align: center;\"><a href=\"https:\/\/wa.me\/51936286411\"><span style=\"color: #ffffff;\">Reservar Ahora<\/span><\/a><\/td>\n<\/tr>\n<\/tbody>\n<\/table>\n<p><strong>Precio<\/strong>: US $ 40.00 por persona.<br \/>\n<strong>Horario<\/strong>: de 06:30 a.m. a 6:30 p.m.<br \/>\n<strong>Duraci\u00f3n<\/strong>: 12 horas<br \/>\n<strong>Salidas diarias<\/strong><br \/>\n<strong>Grupo compartido<\/strong><\/p>\n<p><strong>Incluye Tour Valle Sagrado + Maras Moray<\/strong>:<\/p>\n<p><i class=\"fa fa-check icon-tick icon-tick--on\"><\/i>Pickup en el hotel<br \/>\n<i class=\"fa fa-check icon-tick icon-tick--on\"><\/i>Transporte turistico compartido<br \/>\n<i class=\"fa fa-check icon-tick icon-tick--on\"><\/i>Almuerzo buffet<br \/>\n<i class=\"fa fa-check icon-tick icon-tick--on\"><\/i>Gu\u00eda biling\u00fce<br \/>\n<i class=\"fa fa-check icon-tick icon-tick--on\"><\/i>Boleto de entrada <a href=\"https:\/\/www.riorojocusco.com\/tours\/visita-las-salineras-de-maras-y-andenes-de-moray\/\" target=\"_blank\" rel=\"noopener noreferrer\">Salineras de Maras<\/a><br \/>\n<i class=\"fa fa-check icon-tick icon-tick--on\"><\/i>Drop off en el centro de Cusco<br \/>\n<i class=\"fa fa-check icon-tick icon-tick--on\"><\/i>Asistencia personalizada<\/p>\n<p><strong>No incluye<\/strong>:<\/p>\n<p><i class=\"fa fa-times icon-tick icon-tick--off\"><\/i>Desayuno<br \/>\n<i class=\"fa fa-times icon-tick icon-tick--off\"><\/i>Boleto Tur\u00edstico de Cusco<br \/>\n<i class=\"fa fa-times icon-tick icon-tick--off\"><\/i>Propinas (Opcional)<br \/>\n<i class=\"fa fa-times icon-tick icon-tick--off\"><\/i>Otros servicios no mencionados.<\/p>\n<p><strong>Qu\u00e9 traer<\/strong>: Ropa c\u00f3moda, c\u00e1mara fotogr\u00e1fica, protector solar, lentes de sol, agua, bocadillos, mochila peque\u00f1a y efectivo para compras personales. Preferiblemente moneda en soles.<\/p>\n<p><strong>Nota<\/strong>: Para hacer este recorrido necesita el boleto tur\u00edstico de Cusco, que tiene un costo de:<br \/>\nBoleto tur\u00edstico parcial: S \/. 70 \u00abSolo valido para el Valle Sagrado y Moray\u00bb<br \/>\nBoleto Tur\u00edstico General: S \/. 130<\/p>\n<h2>Itinerario Valle Sagrado y Maras Moray<\/h2>\n<div class=\"tours-tabs\">\n\t<ul class=\"nav nav-tabs\">\n\t<li class=\"active\"><a href=\"#attab1_1\" data-toggle=\"tab\">D\u00eda 1: Cusco - Maras - Moray - Ollantaytambo - Pisaq - Cusco<\/a><\/li>\t<\/ul>\n\t<div class=\"tab-content\">\n\t<div class=\"tab-pane active\" id=\"attab1_1\"><div class=\"tours-tabs__content padding-all\">Nuestro circuito comenzar\u00e1 alrededor de las 6:30 a.m. donde pasaremos a recog\u00e9rsete en tu hotel, luego comenzaremos nuestro viaje hacia el norte del Cusco, hasta llegar al centro arqueol\u00f3gico de Chinchero, luego las plataformas de moray y las <a href=\"https:\/\/www.mountainvinicunca.com\/es\/tours\/tour-salineras-de-maras-y-andenes-de-moray\/\" target=\"_blank\" rel=\"noopener noreferrer\">salineras de Maras<\/a>. En cada lugar, el Gu\u00eda nos dar\u00e1 una explicaci\u00f3n de cada sitio arqueol\u00f3gico y tambi\u00e9n tendr\u00e1 tiempo para recorrer el lugar y tomar fotograf\u00edas. Luego de visitar <a href=\"https:\/\/www.gomachupicchubycar.com\/es\/tours\/chinchero-maras-moray-con-valle-sagrado-de-los-incas\/\" target=\"_blank\" rel=\"noopener noreferrer\">Maras Moray<\/a> nos dirigiremos al pueblo de Urubamba donde tendremos nuestro almuerzo buffet, luego iremos a Ollantaytambo para visitar las ruinas, luego nos dirigiremos a las Ruinas de Pisaq. Finalmente regresaremos a la ciudad de Cusco, hora de llegada aproximadamente a las 6:30 pm. Fin de nuestros servicios <\/div><\/div>\t<\/div>\n<\/div>\n<h3><\/h3>\n<h3>Viaja seguro durante el COVID-19<\/h3>\n<p>Nuestra agencia de viajes cuenta con todos los protocolos de Bioseguridad y usted podr\u00e1 <strong>visitar Machu Picchu y Cusco<\/strong> de una forma segura.<\/p>\n<p>\u2022 Controles de temperatura frecuentemente de todo nuestro personal. Gu\u00edas \/ Agentes de viajes \/ Conductores \/ Recepcionistas.<br \/>\n\u2022 Controles de temperatura a los participantes del tour al llegar.<br \/>\n\u2022 Alcohol en gel disponible para los viajeros y el personal.<br \/>\n\u2022 Desinfecci\u00f3n frecuente de los veh\u00edculos de transporte.<br \/>\n\u2022 Se requieren m\u00e1scaras, barbijos, tapabocas y protector facial (Muy requerido).<br \/>\n\u2022 Se exige distanciamiento social durante toda la experiencia.<\/p>\n","protected":false},"excerpt":{"rendered":"<div class=\"padding-top text-center\"><a href=\"https:\/\/www.mountainpalcoyo.com\/es\/tours\/tour-maras-moray-y-valle-sagrado-full-day\/\" class=\"atbtn atbtn--medium atbtn--rounded atbtn--transparent\">Read more<i class=\"atbtn__icon atbtn__icon--right fa fa-long-arrow-right\"><\/i><\/a><\/div>\n","protected":false},"featured_media":82,"comment_status":"closed","ping_status":"closed","template":"","meta":[],"product_brand":[],"product_cat":[17],"product_tag":[28,31,30,32,24],"class_list":{"0":"post-81","1":"product","2":"type-product","3":"status-publish","4":"has-post-thumbnail","6":"product_cat-cusco","7":"product_tag-cusco-viajes","8":"product_tag-peru-viajes","9":"product_tag-tours-en-cusco","10":"product_tag-tours-peru","11":"product_tag-viajes-a-cusco","12":"tour_category-full-day","14":"first","15":"instock","16":"sale","17":"shipping-taxable","18":"purchasable","19":"product-type-tour"},"aioseo_notices":[],"amp_enabled":true,"_links":{"self":[{"href":"https:\/\/www.mountainpalcoyo.com\/es\/wp-json\/wp\/v2\/product\/81","targetHints":{"allow":["GET"]}}],"collection":[{"href":"https:\/\/www.mountainpalcoyo.com\/es\/wp-json\/wp\/v2\/product"}],"about":[{"href":"https:\/\/www.mountainpalcoyo.com\/es\/wp-json\/wp\/v2\/types\/product"}],"replies":[{"embeddable":true,"href":"https:\/\/www.mountainpalcoyo.com\/es\/wp-json\/wp\/v2\/comments?post=81"}],"wp:featuredmedia":[{"embeddable":true,"href":"https:\/\/www.mountainpalcoyo.com\/es\/wp-json\/wp\/v2\/media\/82"}],"wp:attachment":[{"href":"https:\/\/www.mountainpalcoyo.com\/es\/wp-json\/wp\/v2\/media?parent=81"}],"wp:term":[{"taxonomy":"product_brand","embeddable":true,"href":"https:\/\/www.mountainpalcoyo.com\/es\/wp-json\/wp\/v2\/product_brand?post=81"},{"taxonomy":"product_cat","embeddable":true,"href":"https:\/\/www.mountainpalcoyo.com\/es\/wp-json\/wp\/v2\/product_cat?post=81"},{"taxonomy":"product_tag","embeddable":true,"href":"https:\/\/www.mountainpalcoyo.com\/es\/wp-json\/wp\/v2\/product_tag?post=81"}],"curies":[{"name":"wp","href":"https:\/\/api.w.org\/{rel}","templated":true}]}}