{"id":668,"date":"2020-05-24T14:42:47","date_gmt":"2020-05-24T14:42:47","guid":{"rendered":"https:\/\/www.mountainpalcoyo.com\/es\/?post_type=product&#038;p=668"},"modified":"2025-03-29T01:16:01","modified_gmt":"2025-03-29T01:16:01","slug":"cusco-machupicchu-4-dias-y-3-noches","status":"publish","type":"product","link":"https:\/\/www.mountainpalcoyo.com\/es\/tours\/cusco-machupicchu-4-dias-y-3-noches\/","title":{"rendered":"Cusco Machupicchu 4 Dias y 3 Noches"},"content":{"rendered":"<p><strong>Visita Cusco y MachuPicchu en 4 D\u00edas y 3 Noches<\/strong>. Tour perfecto para visitar los principales atractivos del valle sagrado y <a href=\"https:\/\/www.mountainpalcoyo.com\/es\/tours\/tour-a-machu-picchu-2-dias\/\">machu picchu<\/a> (Sitio Arqueol\u00f3gico). Cusco y Machupicchu son los destinos m\u00e1s preferidos del Per\u00fa y el mundo. Conoce MachuPicchu maravilla mundial y disfruta de un tour inolvidable y \u00fanico.<\/p>\n<h2>Cusco Machu Picchu<\/h2>\n<table style=\"height: 86px;\" width=\"240\">\n<tbody>\n<tr>\n<td style=\"background-color: #cc0033; border-color: #ffffff; text-align: center;\"><a href=\"https:\/\/wa.me\/51936286411\"><span style=\"color: #ffffff;\">Reservar Ahora<\/span><\/a><\/td>\n<\/tr>\n<\/tbody>\n<\/table>\n<p>Itinerario Cusco Machu Picchu 4 D\u00edas \/ 3 Noches.<\/p>\n<p><strong>D\u00eda 1: Bienvenido Cusco<\/strong><\/p>\n<p>00:00 Pasaremos a recogerte al Aeropuerto para luego llevarte a tu alojamiento respectivo en Cusco.<\/p>\n<p>Recomendaciones: Para este d\u00eda es recomendable descansar y aclimatarse. Por la noche puedes ir a visitar la plaza de armas del Cusco.<\/p>\n<p><strong>D\u00eda 2: Cusco \u2013 Valle Sagrado de los Incas<\/strong><\/p>\n<p>07:00 Muy temprano inicia nuestro tour, donde tendremos un viaje al norte del Cusco con direcci\u00f3n al parque arqueol\u00f3gico de Pisac, en este punto tendremos una visita guiada y luego podr\u00e1s recorrer por tu cuenta y tomar fotos para el recuerdo.<\/p>\n<p>Pisac El yacimiento arqueol\u00f3gico es uno de los m\u00e1s importantes y visitados del Valle Sagrado de los Incas.<\/p>\n<p>Despu\u00e9s de visitar Pisac, iremos al distrito de Urubamba donde tendremos nuestro almuerzo Buffet en el restaurante Tunupa, uno de los mejores restaurantes en Urubamba. Despu\u00e9s de nuestro almuerzo nos dirigiremos a <a href=\"https:\/\/www.mountainpalcoyo.com\/es\/traslado-cusco-ollantaytambo\/\" target=\"_blank\" rel=\"noopener\">Ollantaytambo<\/a>, aqu\u00ed visitaremos el centro arqueol\u00f3gico de Ollantaytambo, y tendremos una visita guiada. Luego tendr\u00e1s tiempo de visitar el lugar por tu cuenta y tomar fotos para el recuerdo.<\/p>\n<p>Nuestro tour de este d\u00eda termina aqu\u00ed, ya NO retornaras a Cusco.<\/p>\n<p>El Tour terminara aproximadamente 15:00 a 16:00 hrs, luego puedes recorrer la ciudad de Ollantaytambo por tu cuenta. Ollantaytambo es una ciudad muy hermosa y sus calles son totalmente bellas.<\/p>\n<p>Alrededor de las 18:20 debes dirigirte a la estaci\u00f3n de Ollantaytambo para abordar el tren tur\u00edstico Expedition desde Ollantaytambo (19:05 hrs) a Aguas Calientes. En aguas calientes te estar\u00e1 esperando el agente de viajes para llevarte a tu alojamiento respectivo en aguas calientes. Posteriormente el gu\u00eda te visitara en tu alojamiento para darte detalles del d\u00eda siguiente, visita a Machu Picchu.<\/p>\n<p><strong>D\u00eda 3: Machu Picchu \u2013 Cusco<\/strong><\/p>\n<p>07:00 Desayuno en nuestro alojamiento.<br \/>\n08:15 Bus de subida desde Aguas Calientes a Machupicchu.<br \/>\n09:00 Visitaremos <a href=\"https:\/\/www.mountainpalcoyo.com\/es\/tours\/tour-machu-picchu-en-1-dia\/\">Machupicchu<\/a> y tendremos una visita guiada durante 2 horas, luego podr\u00e1s visitar Machupicchu por tu cuenta y tomar fotos inolvidables para el recuerdo.<br \/>\n13:00 Bus de bajada desde Machupicchu a Aguas Calientes.<br \/>\nTarde Libre.<br \/>\n18:20 Tren turistico Expedition desde Aguas Calientes a Ollantaytambo.<br \/>\n20:00 El transfer lo estar\u00e1 esperando en la estaci\u00f3n de Ollantaytambo para llevarlo a la ciudad del Cusco.<br \/>\n21:30 Llegada a Cusco y drop off en el centro del Cusco.<\/p>\n<p><strong>D\u00eda 4: Adi\u00f3s Cusco<\/strong><br \/>\n00:00 Pasaremos a recogerte en tu alojamiento para llevarte al aeropuerto del Cusco.<br \/>\nFin de nuestros servicios.<\/p>\n<h2>Tour Cusco Machu Picchu<\/h2>\n<p><span style=\"background-color: #cc0033; color: #ffffff;\">Detalles de nuestro Tour Cusco Machupicchu.<\/span><\/p>\n<p><strong>Precio<\/strong>: US $ 430.00 por persona.<br \/>\n<strong>Salidas diarias<\/strong><br \/>\n<strong>Grupo compartido<\/strong><\/p>\n<p><strong>Incluye<\/strong>:<br \/>\n<i class=\"fa fa-check icon-tick icon-tick--on\"><\/i> Recojo del <a href=\"https:\/\/www.mountainpalcoyo.com\/es\/taxi-aeropuerto-cusco-privado\/\" target=\"_blank\" rel=\"noopener\">Aeropuerto y traslado<\/a> a tu alojamiento en Cusco<br \/>\n<i class=\"fa fa-check icon-tick icon-tick--on\"><\/i> Traslado de tu alojamiento en Cusco a Aeropuerto del Cusco<br \/>\n<i class=\"fa fa-check icon-tick icon-tick--on\"><\/i> Pickup en el hotel<br \/>\n<i class=\"fa fa-check icon-tick icon-tick--on\"><\/i> <a href=\"https:\/\/www.mountainpalcoyo.com\/es\/bus-de-cusco-a-ollantaytambo\/\" target=\"_blank\" rel=\"noopener\">Traslado\u00a0 Ollantaytambo<\/a> \u2013 Cusco<br \/>\n<i class=\"fa fa-check icon-tick icon-tick--on\"><\/i> Tren turistico Expedition: Ollantaytambo \u2013 Machu Picchu pueblo (Aguas Calientes) \u2013 Ollantaytambo.<br \/>\n<i class=\"fa fa-check icon-tick icon-tick--on\"><\/i> Bus Aguas Calientes \u2013 Machu Picchu \u2013 Aguas Calientes<br \/>\n<i class=\"fa fa-check icon-tick icon-tick--on\"><\/i> Boleto de entrada a Machu Picchu<br \/>\n<i class=\"fa fa-check icon-tick icon-tick--on\"><\/i> <a href=\"https:\/\/www.viajerosymochileros.com\/el-boleto-turistico-del-cusco\/\" target=\"_blank\" rel=\"noopener noreferrer\">Boleto turistico del Cusco Parcial<\/a> (Valiado para el Valle Sagrado de los Incas)<br \/>\n<i class=\"fa fa-check icon-tick icon-tick--on\"><\/i> Gu\u00eda profesional certificado para cada tour<br \/>\n<i class=\"fa fa-check icon-tick icon-tick--on\"><\/i> Almuerzo Buffet (Dia 2)<br \/>\n<i class=\"fa fa-check icon-tick icon-tick--on\"><\/i> Desayuno (Dia 2, 3 y 4)<br \/>\n<i class=\"fa fa-check icon-tick icon-tick--on\"><\/i> 2 Noches de alojamiento en Cusco<br \/>\n<i class=\"fa fa-check icon-tick icon-tick--on\"><\/i> 1 Noche de alojamiento en Aguas Calientes<br \/>\n<i class=\"fa fa-check icon-tick icon-tick--on\"><\/i> Asistencia personalizada<\/p>\n<p><strong>No Incluye<\/strong>:<br \/>\n<i class=\"fa fa-times icon-tick icon-tick--off\"><\/i> Servicios no mencionados en el tour.<br \/>\n<i class=\"fa fa-times icon-tick icon-tick--off\"><\/i> Gastos personales<br \/>\n<i class=\"fa fa-times icon-tick icon-tick--off\"><\/i> Seguro de viaje<br \/>\n<i class=\"fa fa-times icon-tick icon-tick--off\"><\/i> Propinas (opcional).<\/p>\n<p><strong>Que traer<\/strong>:<br \/>\n\u2022 Ropa c\u00f3moda.<br \/>\n\u2022 Zapatos comodos.<br \/>\n\u2022 Poncho de lluvia.<br \/>\n\u2022 Gorra para protegerse del sol.<br \/>\n\u2022 Gafas de sol.<br \/>\n\u2022 Bloqueador solar.<br \/>\n\u2022 Agua y bocadillos.<\/p>\n<p><strong>Opcional<\/strong>:<br \/>\n\u2022 Si desea ingresar a la Monta\u00f1a Huayna Picchu o Monta\u00f1a Machu Picchu (agregue USD 60 por persona).<br \/>\n\u2022 Tren turistico Vistadome (agregue 110 USD por persona).<\/p>\n","protected":false},"excerpt":{"rendered":"<div class=\"padding-top text-center\"><a href=\"https:\/\/www.mountainpalcoyo.com\/es\/tours\/cusco-machupicchu-4-dias-y-3-noches\/\" class=\"atbtn atbtn--medium atbtn--rounded atbtn--transparent\">Read more<i class=\"atbtn__icon atbtn__icon--right fa fa-long-arrow-right\"><\/i><\/a><\/div>\n","protected":false},"featured_media":669,"comment_status":"closed","ping_status":"closed","template":"","meta":[],"product_brand":[],"product_cat":[17],"product_tag":[],"class_list":{"0":"post-668","1":"product","2":"type-product","3":"status-publish","4":"has-post-thumbnail","6":"product_cat-cusco","7":"tour_category-machu-picchu","9":"first","10":"instock","11":"sale","12":"shipping-taxable","13":"purchasable","14":"product-type-tour"},"aioseo_notices":[],"amp_enabled":true,"_links":{"self":[{"href":"https:\/\/www.mountainpalcoyo.com\/es\/wp-json\/wp\/v2\/product\/668","targetHints":{"allow":["GET"]}}],"collection":[{"href":"https:\/\/www.mountainpalcoyo.com\/es\/wp-json\/wp\/v2\/product"}],"about":[{"href":"https:\/\/www.mountainpalcoyo.com\/es\/wp-json\/wp\/v2\/types\/product"}],"replies":[{"embeddable":true,"href":"https:\/\/www.mountainpalcoyo.com\/es\/wp-json\/wp\/v2\/comments?post=668"}],"wp:featuredmedia":[{"embeddable":true,"href":"https:\/\/www.mountainpalcoyo.com\/es\/wp-json\/wp\/v2\/media\/669"}],"wp:attachment":[{"href":"https:\/\/www.mountainpalcoyo.com\/es\/wp-json\/wp\/v2\/media?parent=668"}],"wp:term":[{"taxonomy":"product_brand","embeddable":true,"href":"https:\/\/www.mountainpalcoyo.com\/es\/wp-json\/wp\/v2\/product_brand?post=668"},{"taxonomy":"product_cat","embeddable":true,"href":"https:\/\/www.mountainpalcoyo.com\/es\/wp-json\/wp\/v2\/product_cat?post=668"},{"taxonomy":"product_tag","embeddable":true,"href":"https:\/\/www.mountainpalcoyo.com\/es\/wp-json\/wp\/v2\/product_tag?post=668"}],"curies":[{"name":"wp","href":"https:\/\/api.w.org\/{rel}","templated":true}]}}