{"id":554,"date":"2020-01-29T15:40:44","date_gmt":"2020-01-29T15:40:44","guid":{"rendered":"https:\/\/www.mountainpalcoyo.com\/es\/?post_type=product&#038;p=554"},"modified":"2025-03-29T00:58:00","modified_gmt":"2025-03-29T00:58:00","slug":"economico-machu-picchu-con-montana-3-dias-2-noches","status":"publish","type":"product","link":"https:\/\/www.mountainpalcoyo.com\/es\/tours\/economico-machu-picchu-con-montana-3-dias-2-noches\/","title":{"rendered":"Economico: Machu Picchu con Monta\u00f1a 3 Dias 2 Noches"},"content":{"rendered":"<p><strong>Tour Machu Picchu con Monta\u00f1a Machu Picchu en 3 D\u00edas y 2 Noches<\/strong>. La monta\u00f1a Machu Picchu es el destino preferido por varios viajeros, llegar a la cima de la monta\u00f1a Machu Picchu es algo incre\u00edble. Y con este circuito lo podr\u00e1s hacer de una forma econ\u00f3mica y tranquila. Disfruta de los hermosos paisajes que tiene este tour y conoce m\u00e1s sobre la historia de la <a href=\"https:\/\/www.mountainpalcoyo.com\/es\/tours\/reservar-tour-machu-picchu\/\" target=\"_blank\" rel=\"noopener\">ciudad inca de Machu Picchu<\/a>.<\/p>\n<h2>Machu Picchu con Monta\u00f1a<\/h2>\n<table style=\"height: 86px;\" width=\"240\">\n<tbody>\n<tr>\n<td style=\"background-color: #cc0033; border-color: #ffffff; text-align: center;\"><a href=\"https:\/\/wa.me\/51936286411\"><span style=\"color: #ffffff;\">Reservar Ahora<\/span><\/a><\/td>\n<\/tr>\n<\/tbody>\n<\/table>\n<p><strong>Precio<\/strong>: US $ 220.00 por persona<br \/>\n<strong>Inicio<\/strong>: 07:00 am (D\u00eda 1).<br \/>\n<strong>Retorno<\/strong>: 10:00 pm (D\u00eda 3).<br \/>\n<strong>Duraci\u00f3n<\/strong>: 3 D\u00edas y 2 Noches.<br \/>\n<strong>Salidas diarias<\/strong><br \/>\n<strong>Grupo compartido<\/strong><\/p>\n<p><strong>Incluye Machu Picchu con Monta\u00f1a<\/strong><\/p>\n<p><strong>D\u00eda 1<\/strong>:<br \/>\n<i class=\"fa fa-check icon-tick icon-tick--on\"><\/i> Pickup en el hotel<br \/>\n<i class=\"fa fa-check icon-tick icon-tick--on\"><\/i> Transporte tur\u00edstico <a href=\"https:\/\/www.mountainpalcoyo.com\/es\/machu-picchu-by-car-ruta-hidroelectrica\/\" target=\"_blank\" rel=\"noopener\">Cusco \u2013 Hidroel\u00e9ctrica<\/a><br \/>\n<i class=\"fa fa-check icon-tick icon-tick--on\"><\/i> Almuerzo<br \/>\n<i class=\"fa fa-check icon-tick icon-tick--on\"><\/i> 1 noche de alojamiento b\u00e1sico compartido en Aguas Calientes.<br \/>\n<i class=\"fa fa-check icon-tick icon-tick--on\"><\/i> Cena<\/p>\n<p><strong>D\u00eda 2<\/strong>:<br \/>\n<i class=\"fa fa-check icon-tick icon-tick--on\"><\/i> Desayuno<br \/>\n<i class=\"fa fa-check icon-tick icon-tick--on\"><\/i> Boleto de ingreso al Santuario de Machu Picchu<br \/>\n<i class=\"fa fa-check icon-tick icon-tick--on\"><\/i> Boleto de ingreso a la monta\u00f1a Machu Picchu<br \/>\n<i class=\"fa fa-check icon-tick icon-tick--on\"><\/i> Bus Consettur de Subida de Aguas Calientes a Machu Picchu<br \/>\n<i class=\"fa fa-check icon-tick icon-tick--on\"><\/i> Gu\u00eda biling\u00fce<br \/>\n<i class=\"fa fa-check icon-tick icon-tick--on\"><\/i> 1 noche de alojamiento b\u00e1sico compartido en Aguas Calientes.<\/p>\n<p><strong>D\u00eda 3<\/strong>:<br \/>\n<i class=\"fa fa-check icon-tick icon-tick--on\"><\/i> Desayuno<br \/>\n<i class=\"fa fa-check icon-tick icon-tick--on\"><\/i> Transporte tur\u00edstico de retorno Hidroel\u00e9ctrica \u2013 Cusco<br \/>\n<i class=\"fa fa-check icon-tick icon-tick--on\"><\/i> Drop off en el centro del Cusco<\/p>\n<p><strong>No Incluye<\/strong>:<br \/>\n<i class=\"fa fa-times icon-tick icon-tick--off\"><\/i> Tren ida y vuelta Ollantaytambo \u2013 Aguas Calientes \u2013 <a href=\"https:\/\/www.mountainpalcoyo.com\/es\/aeropuerto-cusco-a-estacion-de-ollantaytambo-ida-y-vuelta\/\" target=\"_blank\" rel=\"noopener\">Ollantaytambo<\/a><br \/>\n<i class=\"fa fa-times icon-tick icon-tick--off\"><\/i> Bus Consettur de Retorno Machu Picchu a Aguas Calientes<br \/>\n<i class=\"fa fa-times icon-tick icon-tick--off\"><\/i> Alojamiento en Cusco (D\u00eda 3).<br \/>\n<i class=\"fa fa-times icon-tick icon-tick--off\"><\/i> Almuerzo (D\u00eda 2 y D\u00eda 3).<br \/>\n<i class=\"fa fa-times icon-tick icon-tick--off\"><\/i> Cena (D\u00eda 2 y D\u00eda 3)<br \/>\n<i class=\"fa fa-times icon-tick icon-tick--off\"><\/i> Entrada a los ba\u00f1os termales<br \/>\n<i class=\"fa fa-times icon-tick icon-tick--off\"><\/i> Propinas<\/p>\n<p><strong>Qu\u00e9 llevar<\/strong>: Pasaporte o documento original, una peque\u00f1a mochila, ropa abrigada, ropa impermeable, zapatos de trekking, gorra, lentes de sol, protector solar, refrigerio, agua, ropa c\u00f3moda y sombrero y guantes para protegerse del fr\u00edo, dinero extra.<\/p>\n<p><strong>Itinerario<\/strong><br \/>\n<strong>D\u00eda 1<\/strong>:<br \/>\n\u2022 7:00 Recojo del Hotel<br \/>\n\u2022 7:15 Viaje en Transporte Tur\u00edstico desde <a href=\"https:\/\/www.mountainpalcoyo.com\/es\/tours\/city-tour-cusco-medio-dia\/\" target=\"_blank\" rel=\"noopener\">Cusco<\/a> hacia Hidroel\u00e9ctrica<br \/>\n\u2022 13:00 Almuerzo<br \/>\n\u2022 15:00 Llegada a Hidroel\u00e9ctrica<br \/>\n\u2022 15:05 Caminata desde la Hidroel\u00e9ctrica hacia Aguas Calientes. La caminata dura aproximadamente 3 horas y el camino est\u00e1 se\u00f1alizado.<br \/>\n\u2022 18:00 Llegada a Aguas Calientes. Debes dirigirte a la plaza de Aguas Calientes y esperar al costado del Inca para que el gu\u00eda posteriormente te lleve a tu alojamiento respectivo.<br \/>\n\u2022 19:00 Cena e informaci\u00f3n para el d\u00eda siguiente.<\/p>\n<p><strong>D\u00eda 2<\/strong>:<br \/>\n\u2022 4:00 Box Lunch<br \/>\n\u2022 4:20 Caminata de Aguas calientes a Machu Picchu. Duraci\u00f3n 1 hora y media aproximadamente.<br \/>\n\u2022 7:00 Subida a Monta\u00f1a Machu Picchu<br \/>\n\u2022 11:00 Guiado en <a href=\"https:\/\/www.gomachupicchubycar.com\/es\/tours\/machu-picchu-en-tren-1-dia\/\" target=\"_blank\" rel=\"noopener\">Machu Picchu<\/a> durante dos horas y luego tiempo libre para visitar Machu Picchu.<br \/>\n\u2022 13:00 Caminata desde Machu Picchu a Aguas Calientes<br \/>\nTarde y noche Libre<\/p>\n<p><strong>Importante<\/strong>: Si no deseas subir caminando desde Aguas Calientes a Machu Picchu o viceversa puedes adquirir el bus consettur, no incluido en el precio.<\/p>\n<p><strong>D\u00eda 3<\/strong>:<br \/>\n\u2022 7:00 Desayuno<br \/>\nMa\u00f1ana Libre<br \/>\n\u2022 11:50 Caminata desde Aguas Calientes a Hidroel\u00e9ctrica.<br \/>\n\u2022 15:00 Llegada a Hidroel\u00e9ctrica y traslado en transporte tur\u00edstico hacia Cusco.<br \/>\n\u2022 21:30 Llegada a Cusco y drop off en el centro del Cusco.<\/p>\n<p><strong>Importante<\/strong>: Debes estar a tu retorno 15:00 en la Hidroel\u00e9ctrica, si llegas m\u00e1s tarde perder\u00e1s el traslado hacia Cusco.<\/p>\n","protected":false},"excerpt":{"rendered":"<div class=\"padding-top text-center\"><a href=\"https:\/\/www.mountainpalcoyo.com\/es\/tours\/economico-machu-picchu-con-montana-3-dias-2-noches\/\" class=\"atbtn atbtn--medium atbtn--rounded atbtn--transparent\">Read more<i class=\"atbtn__icon atbtn__icon--right fa fa-long-arrow-right\"><\/i><\/a><\/div>\n","protected":false},"featured_media":555,"comment_status":"closed","ping_status":"closed","template":"","meta":[],"product_brand":[],"product_cat":[17],"product_tag":[],"class_list":{"0":"post-554","1":"product","2":"type-product","3":"status-publish","4":"has-post-thumbnail","6":"product_cat-cusco","7":"tour_category-machu-picchu","9":"first","10":"instock","11":"sale","12":"shipping-taxable","13":"purchasable","14":"product-type-tour"},"aioseo_notices":[],"amp_enabled":true,"_links":{"self":[{"href":"https:\/\/www.mountainpalcoyo.com\/es\/wp-json\/wp\/v2\/product\/554","targetHints":{"allow":["GET"]}}],"collection":[{"href":"https:\/\/www.mountainpalcoyo.com\/es\/wp-json\/wp\/v2\/product"}],"about":[{"href":"https:\/\/www.mountainpalcoyo.com\/es\/wp-json\/wp\/v2\/types\/product"}],"replies":[{"embeddable":true,"href":"https:\/\/www.mountainpalcoyo.com\/es\/wp-json\/wp\/v2\/comments?post=554"}],"wp:featuredmedia":[{"embeddable":true,"href":"https:\/\/www.mountainpalcoyo.com\/es\/wp-json\/wp\/v2\/media\/555"}],"wp:attachment":[{"href":"https:\/\/www.mountainpalcoyo.com\/es\/wp-json\/wp\/v2\/media?parent=554"}],"wp:term":[{"taxonomy":"product_brand","embeddable":true,"href":"https:\/\/www.mountainpalcoyo.com\/es\/wp-json\/wp\/v2\/product_brand?post=554"},{"taxonomy":"product_cat","embeddable":true,"href":"https:\/\/www.mountainpalcoyo.com\/es\/wp-json\/wp\/v2\/product_cat?post=554"},{"taxonomy":"product_tag","embeddable":true,"href":"https:\/\/www.mountainpalcoyo.com\/es\/wp-json\/wp\/v2\/product_tag?post=554"}],"curies":[{"name":"wp","href":"https:\/\/api.w.org\/{rel}","templated":true}]}}