{"id":523,"date":"2020-01-13T18:21:53","date_gmt":"2020-01-13T18:21:53","guid":{"rendered":"https:\/\/www.mountainpalcoyo.com\/es\/?post_type=product&#038;p=523"},"modified":"2025-03-29T00:49:33","modified_gmt":"2025-03-29T00:49:33","slug":"sacsayhuaman-qenqo-pucapucara-y-tambomachay-matinal","status":"publish","type":"product","link":"https:\/\/www.mountainpalcoyo.com\/es\/tours\/sacsayhuaman-qenqo-pucapucara-y-tambomachay-matinal\/","title":{"rendered":"Tour Sacsayhuaman Qenqo Pucapucara y Tambomachay"},"content":{"rendered":"<p><strong>TourSacsayhuaman Qenqo Pucapucara y Tambomachay<\/strong>, tambi\u00e9n conocido como el <a href=\"https:\/\/www.mountainpalcoyo.com\/es\/tours\/city-tour-cusco-medio-dia\/\">City Tour Cusco<\/a> Matinal, ese circuito es perfecto para visitar los principales atractivos de la <a href=\"https:\/\/www.mountainvinicunca.com\/es\/tours\/city-tour-en-la-ciudad-del-cusco\/\" target=\"_blank\" rel=\"noopener noreferrer\">ciudad del Cusco<\/a>, conoce un poco m\u00e1s de su historia de cada uno de ellos y aprecia los hermosos paisajes que tiene esta ruta.<\/p>\n<h2>City Tour Cusco Matinal<\/h2>\n<table style=\"height: 86px;\" width=\"240\">\n<tbody>\n<tr>\n<td style=\"background-color: #cc0033; border-color: #ffffff; text-align: center;\"><a href=\"https:\/\/wa.me\/51936286411\"><span style=\"color: #ffffff;\">Reservar Ahora<\/span><\/a><\/td>\n<\/tr>\n<\/tbody>\n<\/table>\n<p><strong>Precio<\/strong>: US $ 15.00 por persona<br \/>\n<strong>Horario<\/strong>: de 10:00 a 14:00<br \/>\n<strong>Duraci\u00f3n<\/strong>: 4 horas<br \/>\n<strong>Grupo Compartido<\/strong><br \/>\n<strong>Salidas diarias<\/strong><\/p>\n<p><strong>Incluye City Tour Cusco Matinal<\/strong>:<br \/>\n<i class=\"fa fa-check icon-tick icon-tick--on\"><\/i> Pickup en el hotel<br \/>\n<i class=\"fa fa-check icon-tick icon-tick--on\"><\/i> Transporte compartido<br \/>\n<i class=\"fa fa-check icon-tick icon-tick--on\"><\/i> Gu\u00eda biling\u00fce (espa\u00f1ol e ingl\u00e9s)<br \/>\n<i class=\"fa fa-check icon-tick icon-tick--on\"><\/i> Asistencia Personalizada<br \/>\n<i class=\"fa fa-check icon-tick icon-tick--on\"><\/i> Drop off en el centro de Cusco<br \/>\n<strong>No Incluye<\/strong>:<br \/>\n<i class=\"fa fa-times icon-tick icon-tick--off\"><\/i> Boleto Turistico del Cusco (S\/ 70 Boleto Turistico Cusco Parcial y S\/ 130 Boleto Turistico General). Puede ser adquirido en el primer punto turistico a visitar.<br \/>\n<i class=\"fa fa-times icon-tick icon-tick--off\"><\/i> Alimentaci\u00f3n<br \/>\n<i class=\"fa fa-times icon-tick icon-tick--off\"><\/i> Otros servicios no mencionados.<\/p>\n<h2>Itinerario City Tour Cusco Matinal<\/h2>\n<p>\u2022 9:30 Pasaremos a recogerte a tu Hotel<br \/>\n\u2022 10:00 Comienza nuestro recorrido y nuestro primer punto a visitar es <a href=\"https:\/\/www.trasladosaeropuertocusco.com\/tours\/tour-privado-por-la-ciudad-del-cusco\/\" target=\"_blank\" rel=\"noopener\">Sacsayhuaman<\/a>, seguidamente Qenqo, Pucapucara y finalmente Tambomachay.<br \/>\n\u2022 14:00 Retorno a Cusco y drop off en el centro del Cusco<\/p>\n<h3>Viaja seguro durante el COVID-19<\/h3>\n<p>Nuestra agencia de viajes cuenta con todos los protocolos de Bioseguridad y usted podr\u00e1 <strong>visitar Machu Picchu y Cusco<\/strong> de una forma segura.<\/p>\n<p>\u2022 Controles de temperatura frecuentemente de todo nuestro personal. Gu\u00edas \/ Agentes de viajes \/ Conductores \/ Recepcionistas.<br \/>\n\u2022 Controles de temperatura a los participantes del tour al llegar.<br \/>\n\u2022 Alcohol en gel disponible para los viajeros y el personal.<br \/>\n\u2022 Desinfecci\u00f3n frecuente de los veh\u00edculos de transporte.<br \/>\n\u2022 Se requieren m\u00e1scaras, barbijos, tapabocas y protector facial (Muy requerido).<br \/>\n\u2022 Se exige distanciamiento social durante toda la experiencia.<\/p>\n<p>.<\/p>\n","protected":false},"excerpt":{"rendered":"<div class=\"padding-top text-center\"><a href=\"https:\/\/www.mountainpalcoyo.com\/es\/tours\/sacsayhuaman-qenqo-pucapucara-y-tambomachay-matinal\/\" class=\"atbtn atbtn--medium atbtn--rounded atbtn--transparent\">Read more<i class=\"atbtn__icon atbtn__icon--right fa fa-long-arrow-right\"><\/i><\/a><\/div>\n","protected":false},"featured_media":524,"comment_status":"closed","ping_status":"closed","template":"","meta":[],"product_brand":[],"product_cat":[17],"product_tag":[],"class_list":{"0":"post-523","1":"product","2":"type-product","3":"status-publish","4":"has-post-thumbnail","6":"product_cat-cusco","7":"tour_category-full-day","9":"first","10":"instock","11":"sale","12":"shipping-taxable","13":"purchasable","14":"product-type-tour"},"aioseo_notices":[],"amp_enabled":true,"_links":{"self":[{"href":"https:\/\/www.mountainpalcoyo.com\/es\/wp-json\/wp\/v2\/product\/523","targetHints":{"allow":["GET"]}}],"collection":[{"href":"https:\/\/www.mountainpalcoyo.com\/es\/wp-json\/wp\/v2\/product"}],"about":[{"href":"https:\/\/www.mountainpalcoyo.com\/es\/wp-json\/wp\/v2\/types\/product"}],"replies":[{"embeddable":true,"href":"https:\/\/www.mountainpalcoyo.com\/es\/wp-json\/wp\/v2\/comments?post=523"}],"wp:featuredmedia":[{"embeddable":true,"href":"https:\/\/www.mountainpalcoyo.com\/es\/wp-json\/wp\/v2\/media\/524"}],"wp:attachment":[{"href":"https:\/\/www.mountainpalcoyo.com\/es\/wp-json\/wp\/v2\/media?parent=523"}],"wp:term":[{"taxonomy":"product_brand","embeddable":true,"href":"https:\/\/www.mountainpalcoyo.com\/es\/wp-json\/wp\/v2\/product_brand?post=523"},{"taxonomy":"product_cat","embeddable":true,"href":"https:\/\/www.mountainpalcoyo.com\/es\/wp-json\/wp\/v2\/product_cat?post=523"},{"taxonomy":"product_tag","embeddable":true,"href":"https:\/\/www.mountainpalcoyo.com\/es\/wp-json\/wp\/v2\/product_tag?post=523"}],"curies":[{"name":"wp","href":"https:\/\/api.w.org\/{rel}","templated":true}]}}