{"id":49,"date":"2018-09-20T23:43:12","date_gmt":"2018-09-20T23:43:12","guid":{"rendered":"http:\/\/www.mountainpalcoyo.com\/es\/?post_type=product&#038;p=49"},"modified":"2025-03-28T19:32:05","modified_gmt":"2025-03-28T19:32:05","slug":"tour-machu-picchu-en-1-dia","status":"publish","type":"product","link":"https:\/\/www.mountainpalcoyo.com\/es\/tours\/tour-machu-picchu-en-1-dia\/","title":{"rendered":"Tour Machu Picchu en 1 Dia"},"content":{"rendered":"<p><strong>Machu Picchu<\/strong> es el principal destino turistico de todos los viajeros del mundo. Conozca la ciudad inca de <strong>Machu Picchu en solo un d\u00eda<\/strong>. Venga, disfrute y conozca toda la historia de la ciudad inca de <a href=\"https:\/\/www.mountainpalcoyo.com\/es\/tours\/tour-privado-machu-picchu-en-1-dia\/\" target=\"_blank\" rel=\"noopener noreferrer\">Machu Picchu<\/a>, una experiencia inolvidable. Recorra la ciudadela inca y vea todo lo m\u00e1gico y maravilloso de una de las 7 maravillas del mundo.<\/p>\n<h2>Machu Picchu en 1 d\u00eda completo<\/h2>\n<table style=\"height: 86px;\" width=\"240\">\n<tbody>\n<tr>\n<td style=\"background-color: #cc0033; border-color: #ffffff; text-align: center;\"><a href=\"https:\/\/wa.me\/51936286411\"><span style=\"color: #ffffff;\">Reservar Ahora<\/span><\/a><\/td>\n<\/tr>\n<\/tbody>\n<\/table>\n<p><strong>Precio<\/strong>: US $ 275.00 por persona.<br \/>\n<strong>Horario<\/strong>: de 03:00 a.m. a 9:30 p.m.<br \/>\n<strong>Salidas diarias<\/strong><br \/>\n<strong>Grupo compartido<\/strong><\/p>\n<p><strong>Incluye Machu Picchu en 1 D\u00eda<\/strong>:<br \/>\n<i class=\"fa fa-check icon-tick icon-tick--on\"><\/i>Pickup en el hotel<br \/>\n<i class=\"fa fa-check icon-tick icon-tick--on\"><\/i>Traslado Cusco &#8211; Ollantaytambo &#8211; Cusco<br \/>\n<i class=\"fa fa-check icon-tick icon-tick--on\"><\/i>Tren Ollantaytambo &#8211; <a href=\"https:\/\/www.mountainpalcoyo.com\/es\/tours\/tour-a-machu-picchu-2-dias\/\" target=\"_blank\" rel=\"noopener noreferrer\">Machu Picchu<\/a> pueblo (Aguas Calientes) &#8211; Ollantaytambo. \u00abTREN EXPEDICI\u00d3N\u00bb<br \/>\n<i class=\"fa fa-check icon-tick icon-tick--on\"><\/i>Bus Aguas Calientes &#8211; Machu Picchu &#8211; Aguas Calientes<br \/>\n<i class=\"fa fa-check icon-tick icon-tick--on\"><\/i>Boleto de entrada a Machu Picchu<br \/>\n<i class=\"fa fa-check icon-tick icon-tick--on\"><\/i>Gu\u00eda profesional certificado<br \/>\n<i class=\"fa fa-check icon-tick icon-tick--on\"><\/i>Asistencia personalizada<br \/>\n<i class=\"fa fa-check icon-tick icon-tick--on\"><\/i>Drop off en tu Hotel<\/p>\n<p><strong>No Incluye<\/strong>:<br \/>\n<i class=\"fa fa-times icon-tick icon-tick--off\"><\/i>Desayuno almuerzo cena<br \/>\n<i class=\"fa fa-times icon-tick icon-tick--off\"><\/i>Gastos personales<br \/>\n<i class=\"fa fa-times icon-tick icon-tick--off\"><\/i>Seguro de viaje<br \/>\n<i class=\"fa fa-times icon-tick icon-tick--off\"><\/i>Propinas (opcional).<\/p>\n<p><strong>Que traer<\/strong><br \/>\n\u2022 Ropa c\u00f3moda.<br \/>\n\u2022 Zapatos comodos.<br \/>\n\u2022 Poncho de lluvia.<br \/>\n\u2022 Gorra para protegerse del sol.<br \/>\n\u2022 Gafas de sol.<br \/>\n\u2022 Bloqueador solar.<br \/>\n\u2022 Agua y bocadillos.<\/p>\n<p><strong>Opcional<\/strong>: Si desea ingresar a la Monta\u00f1a Huayna Picchu o Monta\u00f1a Machu Picchu (agregue USD 20 por persona).<\/p>\n<h2>Itinerario Machu Picchu en 1 D\u00eda<\/h2>\n<div class=\"tours-tabs\">\n\t<ul class=\"nav nav-tabs\">\n\t<li class=\"active\"><a href=\"#attab1_1\" data-toggle=\"tab\">D\u00eda 1: Cusco - Machu Picchu<\/a><\/li>\t<\/ul>\n\t<div class=\"tab-content\">\n\t<div class=\"tab-pane active\" id=\"attab1_1\"><div class=\"tours-tabs__content padding-all\">Nuestro circuito comenzar\u00e1 muy temprano y alrededor de las 3:00 am los recogeremos de su hotel, luego nos dirigiremos a la ciudad de Ollantaytambo, donde abordaremos el tren que nos llevar\u00e1 a Aguas Calientes. En el camino podemos ver hermosos paisajes, animales andinos, monta\u00f1as y picos nevados. Una vez en el pueblo de Aguas Calientes, abordaremos un bus con nuestro gu\u00eda, que nos llevar\u00e1 al <a href=\"https:\/\/www.donperutours.com\/es\/tours\/machu-picchu-seguro-en-1-dia\/\" target=\"_blank\" rel=\"noopener noreferrer\">Santuario de Machu Picchu<\/a>, donde realizaremos una visita guiada durante 2 horas y conoceremos los <a href=\"https:\/\/www.mountainvinicunca.com\/es\/tours\/tour-machu-picchu-en-1-dia\/\" target=\"_blank\" rel=\"noopener noreferrer\">principales atractivos de Machu Picchu<\/a> como el Templo del Sol, el Templo de la Luna, Intihuatana y otros. Luego tendremos tiempo libre para tomar fotograf\u00edas de la ciudadela Inca y explorar el lugar.\n<p>Despues regresaremos a Aguas Calientes y por la noche, abordaremos el tren de Aguas Calientes a <a href=\"https:\/\/www.mountainvinicunca.com\/es\/traslado-de-cusco-a-ollantaytambo\/\" target=\"_blank\" rel=\"noopener noreferrer\">Ollantaytambo<\/a>. En Ollantaytambo el transfer lo estara esperando para retornar a la ciudad del Cusco (aproximadamente 1 hora y 40 minutos de viaje). Llegada a Cusco aprox 9:30 pm. Fin de nuestros servicios <\/p><\/div><\/div>\t<\/div>\n<\/div>\n<p>&nbsp;<\/p>\n<h3>Viaja seguro durante el COVID-19<\/h3>\n<p>Nuestra agencia de viajes cuenta con todos los protocolos de Bioseguridad y usted podr\u00e1 <strong>visitar Machu Picchu y Cusco<\/strong> de una forma segura.<\/p>\n<p>\u2022 Controles de temperatura frecuentemente de todo nuestro personal. Gu\u00edas \/ Agentes de viajes \/ Conductores \/ Recepcionistas.<br \/>\n\u2022 Controles de temperatura a los participantes del tour al llegar.<br \/>\n\u2022 Alcohol en gel disponible para los viajeros y el personal.<br \/>\n\u2022 Desinfecci\u00f3n frecuente de los veh\u00edculos de transporte.<br \/>\n\u2022 Se requieren m\u00e1scaras, barbijos, tapabocas y protector facial (Muy requerido).<br \/>\n\u2022 Se exige distanciamiento social durante toda la experiencia.<\/p>\n","protected":false},"excerpt":{"rendered":"<div class=\"padding-top text-center\"><a href=\"https:\/\/www.mountainpalcoyo.com\/es\/tours\/tour-machu-picchu-en-1-dia\/\" class=\"atbtn atbtn--medium atbtn--rounded atbtn--transparent\">Read more<i class=\"atbtn__icon atbtn__icon--right fa fa-long-arrow-right\"><\/i><\/a><\/div>\n","protected":false},"featured_media":50,"comment_status":"closed","ping_status":"closed","template":"","meta":[],"product_brand":[],"product_cat":[17],"product_tag":[28,27,21,23,25,26,24,22],"class_list":{"0":"post-49","1":"product","2":"type-product","3":"status-publish","4":"has-post-thumbnail","6":"product_cat-cusco","7":"product_tag-cusco-viajes","8":"product_tag-inca-rail","9":"product_tag-machu-picchu-tours","10":"product_tag-machu-picchu-viajes","11":"product_tag-paquetes-a-machu-picchu","12":"product_tag-peru-rail","13":"product_tag-viajes-a-cusco","14":"product_tag-viajes-a-machu-picchu","15":"tour_category-machu-picchu","17":"first","18":"instock","19":"sale","20":"shipping-taxable","21":"purchasable","22":"product-type-tour"},"aioseo_notices":[],"amp_enabled":true,"_links":{"self":[{"href":"https:\/\/www.mountainpalcoyo.com\/es\/wp-json\/wp\/v2\/product\/49","targetHints":{"allow":["GET"]}}],"collection":[{"href":"https:\/\/www.mountainpalcoyo.com\/es\/wp-json\/wp\/v2\/product"}],"about":[{"href":"https:\/\/www.mountainpalcoyo.com\/es\/wp-json\/wp\/v2\/types\/product"}],"replies":[{"embeddable":true,"href":"https:\/\/www.mountainpalcoyo.com\/es\/wp-json\/wp\/v2\/comments?post=49"}],"wp:featuredmedia":[{"embeddable":true,"href":"https:\/\/www.mountainpalcoyo.com\/es\/wp-json\/wp\/v2\/media\/50"}],"wp:attachment":[{"href":"https:\/\/www.mountainpalcoyo.com\/es\/wp-json\/wp\/v2\/media?parent=49"}],"wp:term":[{"taxonomy":"product_brand","embeddable":true,"href":"https:\/\/www.mountainpalcoyo.com\/es\/wp-json\/wp\/v2\/product_brand?post=49"},{"taxonomy":"product_cat","embeddable":true,"href":"https:\/\/www.mountainpalcoyo.com\/es\/wp-json\/wp\/v2\/product_cat?post=49"},{"taxonomy":"product_tag","embeddable":true,"href":"https:\/\/www.mountainpalcoyo.com\/es\/wp-json\/wp\/v2\/product_tag?post=49"}],"curies":[{"name":"wp","href":"https:\/\/api.w.org\/{rel}","templated":true}]}}