{"id":45,"date":"2018-09-20T23:18:55","date_gmt":"2018-09-20T23:18:55","guid":{"rendered":"http:\/\/www.mountainpalcoyo.com\/es\/?post_type=product&#038;p=45"},"modified":"2026-02-18T13:52:24","modified_gmt":"2026-02-18T13:52:24","slug":"tour-machu-picchu-ruta-hidroelectrica-2-dias","status":"publish","type":"product","link":"https:\/\/www.mountainpalcoyo.com\/es\/tours\/tour-machu-picchu-ruta-hidroelectrica-2-dias\/","title":{"rendered":"Tour Machu Picchu ruta Hidroelectrica 2 Dias"},"content":{"rendered":"<p><strong>Machu Picchu ruta Hidroel\u00e9ctrica<\/strong> es un tour de 2D \/ 1N, esta ruta tambi\u00e9n es conocida como: Machu Picchu en carro o <a href=\"https:\/\/www.gomachupicchubycar.com\/es\/tours\/machu-picchu-en-carro-2-dias-1-noche\/\" target=\"_blank\" rel=\"noopener noreferrer\">Machu Picchu en auto<\/a>. Este tour es realmente m\u00e1gico ya que tendr\u00e1 una caminata inolvidable antes de llegar a la ciudadela de <a href=\"https:\/\/www.mountainpalcoyo.com\/es\/tours\/tour-privado-machu-picchu-en-1-dia\/\" target=\"_blank\" rel=\"noopener noreferrer\">Machu Picchu<\/a>. En el camino, ver\u00e1 paisajes \u00fanicos y podr\u00e1 disfrutar de cada momento para tomar fotograf\u00edas. La caminata por la hidroel\u00e9ctrica no es muy cansado, por lo que no tendr\u00e1 ninguna dificultad.<\/p>\n<h2>Machu Picchu Hidroelectrica 2D\/1N<\/h2>\n<table style=\"height: 86px;\" width=\"240\">\n<tbody>\n<tr>\n<td style=\"background-color: #cc0033; border-color: #ffffff; text-align: center;\"><a href=\"https:\/\/wa.me\/51936286411\"><span style=\"color: #ffffff;\">Reservar Ahora<\/span><\/a><\/td>\n<\/tr>\n<\/tbody>\n<\/table>\n<p><strong>Precio<\/strong>: US $ 140.00 por persona<br \/>\n<strong>Duraci\u00f3n<\/strong>: 2 d\u00edas y 1 noche<br \/>\n<strong>Salida<\/strong>: 6:30 a.m. (primer d\u00eda).<br \/>\n<strong>Regreso<\/strong>: 9:30 p.m. (Segundo d\u00eda)<br \/>\n<strong>Actividad<\/strong>: Caminata<br \/>\n<strong>Salidas<\/strong>: Todos los d\u00edas<br \/>\n<strong>Cancelaci\u00f3n<\/strong>: NO<\/p>\n<p><strong>Incluye Machu Picchu Hidroelectrica<\/strong>:<\/p>\n<p><i class=\"fa fa-check icon-tick icon-tick--on\"><\/i>Transporte tur\u00edstico <a href=\"https:\/\/www.gomachupicchubycar.com\/es\/bus-cusco-a-hidroelectrica\/\" target=\"_blank\" rel=\"noopener\">Cusco &#8211; Hidroel\u00e9ctrica<\/a> &#8211; Cusco<br \/>\n<i class=\"fa fa-check icon-tick icon-tick--on\"><\/i>Gu\u00eda profesional (espa\u00f1ol \/ ingl\u00e9s)<br \/>\n<i class=\"fa fa-check icon-tick icon-tick--on\"><\/i>1 noche de alojamiento basico compartido en Aguas Calientes.<br \/>\n<i class=\"fa fa-check icon-tick icon-tick--on\"><\/i><a href=\"https:\/\/www.mountainpalcoyo.com\/es\/tour-category\/entradas\/\">Boleto de entrada al Santuario de Machupicchu<\/a><br \/>\n<i class=\"fa fa-check icon-tick icon-tick--on\"><\/i>01 almuerzo, 01 cena (primer d\u00eda).<br \/>\n<i class=\"fa fa-check icon-tick icon-tick--on\"><\/i>01 desayuno (segundo d\u00eda)<\/p>\n<p><strong>No Incluye<\/strong>:<br \/>\n<i class=\"fa fa-times icon-tick icon-tick--off\"><\/i>Tren Aguas calientes &#8211; Hidroel\u00e9ctrica<br \/>\n<i class=\"fa fa-times icon-tick icon-tick--off\"><\/i><a href=\"https:\/\/www.riorojocusco.com\/bus-desde-aguas-calientes-a-machu-picchu\/\" target=\"_blank\" rel=\"noopener noreferrer\">Bus Aguas Calientes<\/a> &#8211; Machu Picchu<br \/>\n<i class=\"fa fa-times icon-tick icon-tick--off\"><\/i>Alojamiento en Cusco<br \/>\n<i class=\"fa fa-times icon-tick icon-tick--off\"><\/i>Entrada a los ba\u00f1os termales<br \/>\n<i class=\"fa fa-times icon-tick icon-tick--off\"><\/i>Propinas<\/p>\n<p><strong>Qu\u00e9 llevar<\/strong>: Pasaporte o documento original, una peque\u00f1a mochila, ropa abrigada, ropa impermeable, zapatos de trekking, gorra, lentes de sol, protector solar, refrigerio, agua, ropa c\u00f3moda y sombrero y guantes para protegerse del fr\u00edo, dinero extra.<\/p>\n<h2>Itinerario Machu Picchu Hidroelectrica 2D\/1N<\/h2>\n<div class=\"tours-tabs\">\n\t<ul class=\"nav nav-tabs\">\n\t<li class=\"active\"><a href=\"#attab1_1\" data-toggle=\"tab\">D\u00eda 1: Cusco - Aguas Calientes<\/a><\/li><li><a href=\"#attab1_2\" data-toggle=\"tab\">D\u00eda 2: Machu Picchu - Cusco<\/a><\/li>\t<\/ul>\n\t<div class=\"tab-content\">\n\t<div class=\"tab-pane active\" id=\"attab1_1\"><div class=\"tours-tabs__content padding-all\">Nuestro circuito comenzar\u00e1 alrededor de las 6:30 a.m. donde los recogeremos en su hotel, luego realizaremos un viaje al norte de Cusco rumbo a la Hidroel\u00e9ctrica, en este punto comenzaremos nuestra caminata de aproximadamente 3 horas hasta llegar al pueblo de Aguas Calientes. En Aguas Calientes nuestro gu\u00eda lo llevar\u00e1 a su alojamiento respectivo y en la noche cenaremos y el gu\u00eda les dar\u00e1 indicaciones de la visita de la ciudadela Inca de <a href=\"https:\/\/www.mountainpalcoyo.com\/es\/tours\/tour-machu-picchu-en-1-dia\/\" target=\"_blank\" rel=\"noopener noreferrer\">Machu Picchu<\/a> para el d\u00eda siguiente. Puede visitar las aguas termales en Aguas Calientes (No incluido en el paquete). <\/div><\/div><div class=\"tab-pane\" id=\"attab1_2\"><div class=\"tours-tabs__content padding-all\">En este d\u00eda nuestro circuito comenzar\u00e1 alrededor de las 4:00 a.m. Partiremos de Aguas Calientes hacia la ciudadela de Machu Picchu, la caminata dura 2 horas y el objetivo de esta caminata es apreciar los hermosos paisajes y ver el amanecer en Machu Picchu ( Una experiencia \u00fanica que pocos viajeros disfrutan). Luego ingresaremos al santuario de Machu Picchu y tendremos una visita guiada de 2 horas y luego podremos recorrer la ciudadela de Machu Picchu por su cuenta. Alrededor de las 10:00 regresaremos caminando hacia el pueblo de Aguas Calientes. Tendr\u00e1s tiempo para almorzar y luego debes dirigirte a la Hidroel\u00e9ctrica. Debes estar antes de las 2:00pm para abordar el bus que nos llevar\u00e1 a la ciudad de Cusco. Llegaremos a Cusco alrededor de las 9:30 pm. <\/div><\/div>\t<\/div>\n<\/div>\n","protected":false},"excerpt":{"rendered":"<div class=\"padding-top text-center\"><a href=\"https:\/\/www.mountainpalcoyo.com\/es\/tours\/tour-machu-picchu-ruta-hidroelectrica-2-dias\/\" class=\"atbtn atbtn--medium atbtn--rounded atbtn--transparent\">Read more<i class=\"atbtn__icon atbtn__icon--right fa fa-long-arrow-right\"><\/i><\/a><\/div>\n","protected":false},"featured_media":46,"comment_status":"closed","ping_status":"closed","template":"","meta":[],"product_brand":[],"product_cat":[17],"product_tag":[28,21,23,25,24,22],"class_list":{"0":"post-45","1":"product","2":"type-product","3":"status-publish","4":"has-post-thumbnail","6":"product_cat-cusco","7":"product_tag-cusco-viajes","8":"product_tag-machu-picchu-tours","9":"product_tag-machu-picchu-viajes","10":"product_tag-paquetes-a-machu-picchu","11":"product_tag-viajes-a-cusco","12":"product_tag-viajes-a-machu-picchu","13":"tour_category-machu-picchu","15":"first","16":"instock","17":"sale","18":"shipping-taxable","19":"purchasable","20":"product-type-tour"},"aioseo_notices":[],"amp_enabled":true,"_links":{"self":[{"href":"https:\/\/www.mountainpalcoyo.com\/es\/wp-json\/wp\/v2\/product\/45","targetHints":{"allow":["GET"]}}],"collection":[{"href":"https:\/\/www.mountainpalcoyo.com\/es\/wp-json\/wp\/v2\/product"}],"about":[{"href":"https:\/\/www.mountainpalcoyo.com\/es\/wp-json\/wp\/v2\/types\/product"}],"replies":[{"embeddable":true,"href":"https:\/\/www.mountainpalcoyo.com\/es\/wp-json\/wp\/v2\/comments?post=45"}],"wp:featuredmedia":[{"embeddable":true,"href":"https:\/\/www.mountainpalcoyo.com\/es\/wp-json\/wp\/v2\/media\/46"}],"wp:attachment":[{"href":"https:\/\/www.mountainpalcoyo.com\/es\/wp-json\/wp\/v2\/media?parent=45"}],"wp:term":[{"taxonomy":"product_brand","embeddable":true,"href":"https:\/\/www.mountainpalcoyo.com\/es\/wp-json\/wp\/v2\/product_brand?post=45"},{"taxonomy":"product_cat","embeddable":true,"href":"https:\/\/www.mountainpalcoyo.com\/es\/wp-json\/wp\/v2\/product_cat?post=45"},{"taxonomy":"product_tag","embeddable":true,"href":"https:\/\/www.mountainpalcoyo.com\/es\/wp-json\/wp\/v2\/product_tag?post=45"}],"curies":[{"name":"wp","href":"https:\/\/api.w.org\/{rel}","templated":true}]}}