{"id":416,"date":"2019-09-21T19:57:09","date_gmt":"2019-09-21T19:57:09","guid":{"rendered":"https:\/\/www.mountainpalcoyo.com\/es\/?post_type=product&#038;p=416"},"modified":"2025-03-29T00:24:59","modified_gmt":"2025-03-29T00:24:59","slug":"tour-privado-machu-picchu-en-1-dia","status":"publish","type":"product","link":"https:\/\/www.mountainpalcoyo.com\/es\/tours\/tour-privado-machu-picchu-en-1-dia\/","title":{"rendered":"Tour Privado Machu Picchu en 1 Dia"},"content":{"rendered":"<p>Visita la ciudad Inca de <strong>Machu Picchu en un 1 d\u00eda con nuestro tour privado<\/strong>. Una de las mejores formas de visitar <a href=\"https:\/\/www.mountainpalcoyo.com\/es\/tours\/tour-machu-picchu-en-1-dia\/\" target=\"_blank\" rel=\"noopener\">Machu Picchu<\/a> tranquilamente y sin apuros. Machu Picchu es considerada el destino tur\u00edstico principal del Cusco y el Per\u00fa. Vive una aventura m\u00e1gica y \u00fanica visitando una de las 7 maravillas del mundo en un 1 d\u00eda.<\/p>\n<h2>Machu Picchu Privado<\/h2>\n<table style=\"height: 86px;\" width=\"240\">\n<tbody>\n<tr>\n<td style=\"background-color: #cc0033; border-color: #ffffff; text-align: center;\"><a href=\"https:\/\/wa.me\/51936286411\"><span style=\"color: #ffffff;\">Reservar Ahora<\/span><\/a><\/td>\n<\/tr>\n<\/tbody>\n<\/table>\n<p><strong>1 Pasajero<\/strong>: US$ 420.00 por persona.<br \/>\n<strong>2\u00a0 a 15 Pasajeros<\/strong>: US$ 390.00 por persona.<br \/>\n<strong>Duraci\u00f3n<\/strong>: 1 D\u00eda<br \/>\n<strong>Salida<\/strong>: 4:00 a.m<br \/>\n<strong>Regreso<\/strong>: 9:30 p.m<br \/>\n<strong>Salidas diarias<\/strong><br \/>\n<strong>Grupo Privado<\/strong><\/p>\n<p><strong>Incluye Machu Picchu Privado<\/strong>:<br \/>\n<i class=\"fa fa-check icon-tick icon-tick--on\"><\/i> Pickup en el hotel<br \/>\n<i class=\"fa fa-check icon-tick icon-tick--on\"><\/i> <a href=\"https:\/\/www.trasladosaeropuertocusco.com\/taxi-privado-cusco\/\" target=\"_blank\" rel=\"noopener\">Transporte Privado<\/a><br \/>\n<i class=\"fa fa-check icon-tick icon-tick--on\"><\/i> Tren turistico expedition ida y vuelta: Ollantaytambo &#8211; Aguas Calientes &#8211; Ollantaytambo<br \/>\n<i class=\"fa fa-check icon-tick icon-tick--on\"><\/i> Bus Consettur Aguas Calientes \u2013 Machu Picchu \u2013 Aguas Calientes<br \/>\n<i class=\"fa fa-check icon-tick icon-tick--on\"><\/i> <a href=\"https:\/\/www.mountainpalcoyo.com\/es\/tours\/comprar-entrada-a-machu-picchu\/\" target=\"_blank\" rel=\"noopener noreferrer\">Boleto de ingreso a Machu Picchu<\/a><br \/>\n<i class=\"fa fa-check icon-tick icon-tick--on\"><\/i> Gu\u00eda Privado profesional certificado<br \/>\n<i class=\"fa fa-check icon-tick icon-tick--on\"><\/i> Asistencia personalizada<br \/>\n<i class=\"fa fa-check icon-tick icon-tick--on\"><\/i> Drop off en tu Hotel<\/p>\n<p><strong>No Incluye<\/strong>:<br \/>\n<i class=\"fa fa-times icon-tick icon-tick--off\"><\/i> Gastos personales<br \/>\n<i class=\"fa fa-times icon-tick icon-tick--off\"><\/i> Seguro de Viaje<br \/>\n<i class=\"fa fa-times icon-tick icon-tick--off\"><\/i> Propinas<br \/>\n<i class=\"fa fa-times icon-tick icon-tick--off\"><\/i> Otros servicios no mencionados.<\/p>\n<p><strong>Que traer<\/strong><br \/>\n\u2022 Ropa c\u00f3moda.<br \/>\n\u2022 Zapatos comodos.<br \/>\n\u2022 Poncho de lluvia.<br \/>\n\u2022 Gorra para protegerse del sol.<br \/>\n\u2022 Gafas de sol.<br \/>\n\u2022 Bloqueador solar.<br \/>\n\u2022 Agua y bocadillos.<\/p>\n<p><strong>Servicios Adicionales<\/strong>:<br \/>\n<i class=\"fa fa-arrow-circle-o-down\"><\/i> Tren Vistadome ida y vuelta: Adicionar 90 Dolares<br \/>\n<i class=\"fa fa-arrow-circle-o-down\"><\/i> <a href=\"https:\/\/www.riorojocusco.com\/tours\/visita-montana-machu-picchu-con-machu-picchu-en-1-dia\/\" target=\"_blank\" rel=\"noopener noreferrer\">Monta\u00f1a Machu Picchu<\/a>: Adicionar 25 dolares (Solicitar con 1 mes de anticipaci\u00f3n).<br \/>\n<i class=\"fa fa-arrow-circle-o-down\"><\/i> <a href=\"https:\/\/www.mountainpalcoyo.com\/es\/tours\/tour-machu-picchu-y-huayna-picchu-2-dias\/\" target=\"_blank\" rel=\"noopener noreferrer\">Monta\u00f1a Huayna Picchu<\/a>: Adicionar 25 dolares (Solicitar con 3 meses de anticipaci\u00f3n).<\/p>\n<h2>Itinerario Machu Picchu<\/h2>\n<p>\u2022 4:00 Recojo de tu Hotel y viaje en auto privado de <a href=\"https:\/\/www.mountainpalcoyo.com\/es\/traslado-cusco-ollantaytambo\/\" target=\"_blank\" rel=\"noopener\">Cusco hacia la estaci\u00f3n de Ollantaytambo<\/a>:<br \/>\n\u2022 6:10 Tren tur\u00edstico expedition de Cusco a Ollantaytambo<br \/>\n\u2022 7:50 Recepci\u00f3n en Aguas Calientes<br \/>\n\u2022 8:00 Bus consettur de Aguas Calientes a Machu Picchu<br \/>\n\u2022 9:00 Guiado privado en Machu Picchu durante 2 horas.<br \/>\n\u2022 10:45 Tiempo libre para <a href=\"https:\/\/www.mountainpalcoyo.com\/es\/tours\/tour-machu-picchu-en-1-dia\/\" target=\"_blank\" rel=\"noopener noreferrer\">visitar Machu Picchu<\/a> y tomar fotos para el recuerdo.<br \/>\n\u2022 13:00 Bus consettur de Bajada de Machu Picchu a Aguas Calientes<br \/>\n\u2022 Tarde libre<br \/>\n\u2022 18:10 Tren tur\u00edstico expedition de Ollantaytambo a Cusco<br \/>\n\u2022 19:40 Llegada a Ollantaytambo y traslado en auto privado hacia la ciudad del Cusco<br \/>\n\u2022 21:15 Llegada a Cusco y drop off en tu Hotel.<\/p>\n<p><strong>Importante<\/strong>: Los Horarios pueden variar, todo dependera del ticket de tren y la entrada a Machu Picchu.<\/p>\n<h3>Viaja seguro durante el COVID-19<\/h3>\n<p>Nuestra agencia de viajes cuenta con todos los protocolos de Bioseguridad y usted podr\u00e1 <strong>visitar Machu Picchu y Cusco<\/strong> de una forma segura.<\/p>\n<p>\u2022 Controles de temperatura frecuentemente de todo nuestro personal. Gu\u00edas \/ Agentes de viajes \/ Conductores \/ Recepcionistas.<br \/>\n\u2022 Controles de temperatura a los participantes del tour al llegar.<br \/>\n\u2022 Alcohol en gel disponible para los viajeros y el personal.<br \/>\n\u2022 Desinfecci\u00f3n frecuente de los veh\u00edculos de transporte.<br \/>\n\u2022 Se requieren m\u00e1scaras, barbijos, tapabocas y protector facial (Muy requerido).<br \/>\n\u2022 Se exige distanciamiento social durante toda la experiencia.<\/p>\n","protected":false},"excerpt":{"rendered":"<div class=\"padding-top text-center\"><a href=\"https:\/\/www.mountainpalcoyo.com\/es\/tours\/tour-privado-machu-picchu-en-1-dia\/\" class=\"atbtn atbtn--medium atbtn--rounded atbtn--transparent\">Read more<i class=\"atbtn__icon atbtn__icon--right fa fa-long-arrow-right\"><\/i><\/a><\/div>\n","protected":false},"featured_media":425,"comment_status":"closed","ping_status":"closed","template":"","meta":[],"product_brand":[],"product_cat":[17],"product_tag":[],"class_list":{"0":"post-416","1":"product","2":"type-product","3":"status-publish","4":"has-post-thumbnail","6":"product_cat-cusco","7":"tour_category-machu-picchu","9":"first","10":"instock","11":"sale","12":"shipping-taxable","13":"purchasable","14":"product-type-tour"},"aioseo_notices":[],"amp_enabled":true,"_links":{"self":[{"href":"https:\/\/www.mountainpalcoyo.com\/es\/wp-json\/wp\/v2\/product\/416","targetHints":{"allow":["GET"]}}],"collection":[{"href":"https:\/\/www.mountainpalcoyo.com\/es\/wp-json\/wp\/v2\/product"}],"about":[{"href":"https:\/\/www.mountainpalcoyo.com\/es\/wp-json\/wp\/v2\/types\/product"}],"replies":[{"embeddable":true,"href":"https:\/\/www.mountainpalcoyo.com\/es\/wp-json\/wp\/v2\/comments?post=416"}],"wp:featuredmedia":[{"embeddable":true,"href":"https:\/\/www.mountainpalcoyo.com\/es\/wp-json\/wp\/v2\/media\/425"}],"wp:attachment":[{"href":"https:\/\/www.mountainpalcoyo.com\/es\/wp-json\/wp\/v2\/media?parent=416"}],"wp:term":[{"taxonomy":"product_brand","embeddable":true,"href":"https:\/\/www.mountainpalcoyo.com\/es\/wp-json\/wp\/v2\/product_brand?post=416"},{"taxonomy":"product_cat","embeddable":true,"href":"https:\/\/www.mountainpalcoyo.com\/es\/wp-json\/wp\/v2\/product_cat?post=416"},{"taxonomy":"product_tag","embeddable":true,"href":"https:\/\/www.mountainpalcoyo.com\/es\/wp-json\/wp\/v2\/product_tag?post=416"}],"curies":[{"name":"wp","href":"https:\/\/api.w.org\/{rel}","templated":true}]}}