{"id":36,"date":"2018-09-20T22:51:37","date_gmt":"2018-09-20T22:51:37","guid":{"rendered":"http:\/\/www.mountainpalcoyo.com\/es\/?post_type=product&#038;p=36"},"modified":"2025-03-28T19:15:50","modified_gmt":"2025-03-28T19:15:50","slug":"tour-a-machu-picchu-2-dias","status":"publish","type":"product","link":"https:\/\/www.mountainpalcoyo.com\/es\/tours\/tour-a-machu-picchu-2-dias\/","title":{"rendered":"Tour a Machu Picchu 2 d\u00edas"},"content":{"rendered":"<p><strong>Machu Picchu en 2 d\u00edas<\/strong>, este tour es perfecto ya que en el primer d\u00eda visitar\u00e1s las minas de sal de Maras, los Andenes de <a href=\"https:\/\/www.mountainpalcoyo.com\/es\/tours\/tour-maras-moray-y-valle-sagrado-full-day\/\">Moray y el Valle Sagrado de los Incas<\/a> y al d\u00eda siguiente visitar\u00e1s la ciudadela de <a href=\"https:\/\/www.mountainpalcoyo.com\/es\/tours\/tour-machu-picchu-en-1-dia\/\">Machu Picchu<\/a>, este circuito es perfecto ya que conocer\u00e1 varios lugares en solo dos d\u00edas. Vive una aventura m\u00e1gica e inolvidable con la excursi\u00f3n <strong>Machu Picchu en 2 D\u00edas.<\/strong><\/p>\n<h2>Machu Picchu en 2 D\u00edas<\/h2>\n<table style=\"height: 86px;\" width=\"240\">\n<tbody>\n<tr>\n<td style=\"background-color: #cc0033; border-color: #ffffff; text-align: center;\"><a href=\"https:\/\/wa.me\/51936286411\"><span style=\"color: #ffffff;\">Reservar Ahora<\/span><\/a><\/td>\n<\/tr>\n<\/tbody>\n<\/table>\n<p><strong>Precio<\/strong>: US $ 395.00 por persona.<br \/>\n<strong>Duraci\u00f3n<\/strong>: 2 d\u00edas y 1 noche<br \/>\n<strong>Salida<\/strong>: 6:30 a.m. (primer d\u00eda).<br \/>\n<strong>Regreso<\/strong>: 10:30 p.m. (Segundo d\u00eda)<br \/>\n<strong>Salidas diarias<\/strong><br \/>\n<strong>Grupo compartido<\/strong><\/p>\n<p><strong>Incluye Machu Picchu 2 d\u00edas<\/strong>:<br \/>\n<i class=\"fa fa-check icon-tick icon-tick--on\"><\/i>Pickup en el hotel<br \/>\n<i class=\"fa fa-check icon-tick icon-tick--on\"><\/i>Transporte tur\u00edstico compartido<br \/>\n<i class=\"fa fa-check icon-tick icon-tick--on\"><\/i>Almuerzo buffet (D\u00eda 1)<br \/>\n<i class=\"fa fa-check icon-tick icon-tick--on\"><\/i>Boleto de entrada Salineras de Maras<br \/>\n<i class=\"fa fa-check icon-tick icon-tick--on\"><\/i>1 noche de alojamiento en Aguas Calientes<br \/>\n<i class=\"fa fa-check icon-tick icon-tick--on\"><\/i>Tren Ollantaytambo &#8211; Machu Picchu pueblo (Aguas Calientes) &#8211; Ollantaytambo. \u00abTREN EXPEDICI\u00d3N\u00bb<br \/>\n<i class=\"fa fa-check icon-tick icon-tick--on\"><\/i>Desayuno (D\u00eda 2)<br \/>\n<i class=\"fa fa-check icon-tick icon-tick--on\"><\/i>Bus Aguas Calientes &#8211; Machu Picchu &#8211; Aguas Calientes<br \/>\n<i class=\"fa fa-check icon-tick icon-tick--on\"><\/i>Boleto de <a href=\"https:\/\/www.donperutours.com\/es\/comprar-entrada-a-machu-picchu\/\" target=\"_blank\" rel=\"noopener noreferrer\">entrada a Machu Picchu<\/a><br \/>\n<i class=\"fa fa-check icon-tick icon-tick--on\"><\/i>Gu\u00eda profesional certificado<br \/>\n<i class=\"fa fa-check icon-tick icon-tick--on\"><\/i>Asistencia personalizada<br \/>\n<i class=\"fa fa-check icon-tick icon-tick--on\"><\/i>Drop off en tu Hotel<\/p>\n<p><strong>No incluido<\/strong>:<br \/>\n<i class=\"fa fa-times icon-tick icon-tick--off\"><\/i>Desayuno (D\u00eda 1).<br \/>\n<i class=\"fa fa-times icon-tick icon-tick--off\"><\/i>Gastos personales<br \/>\n<i class=\"fa fa-times icon-tick icon-tick--off\"><\/i>Boleto Tur\u00edstico de Cusco<br \/>\n<i class=\"fa fa-times icon-tick icon-tick--off\"><\/i>Propinas<br \/>\n<i class=\"fa fa-times icon-tick icon-tick--off\"><\/i>Otros servicios no mencionados.<\/p>\n<p><strong>Que traer<\/strong>:<br \/>\n\u2022 Ropa c\u00f3moda.<br \/>\n\u2022 Zapatos comodos.<br \/>\n\u2022 Poncho de lluvia.<br \/>\n\u2022 Gorra para protegerse del sol.<br \/>\n\u2022 Gafas de sol.<br \/>\n\u2022 Bloqueador solar.<br \/>\n\u2022 Agua y bocadillos.<\/p>\n<p><strong>Opcional<\/strong>: si desea ingresar a la <a href=\"https:\/\/www.mountainpalcoyo.com\/es\/tours\/tour-machu-picchu-y-huayna-picchu-2-dias\/\" target=\"_blank\" rel=\"noopener noreferrer\">Monta\u00f1a Huaynapicchu<\/a> o Monta\u00f1a Machupicchu (agregue USD 20 por persona).<\/p>\n<p><strong>Nota<\/strong>: Para realizar este recorrido necesita el boleto tur\u00edstico de Cusco, que tiene un costo de: S \/. 70 \u00abSolo valido para el Valle Sagrado y Andenes de Moray\u00bb No incluido en el tour.<\/p>\n<h2>Itinerario Machu Picchu 2 D\u00edas<\/h2>\n<div class=\"timeline\"><div class=\"timeline__item\">\n\t<div class=\"timeline__item__icon-wrap\">\n\t\t<div class=\"timeline__item__icon\">\n\t\t\t<div class=\"timeline__item__icon__text\">1<\/div>\n\t\t<\/div>\n\t<\/div>\n\t<div class=\"timeline__item__content padding-left\">\n\t\t<h3 class=\"timeline__item__title\">Cusco - Maras Moray - Ollantaytambo<\/h3>\t\t<div class=\"timeline__item__description\"><br \/>\n\u2022 06:45 Pasaremos a recoger a todos los pasajeros.<br \/>\n\u2022 07:00 Comenzara nuestro viaje y en donde podr\u00e1s apreciar excelentes paisajes. Nuestro primer destino atractivo a visitar ser\u00e1 el pueblo de Chinchero, posteriormente los Andenes de Moray y las <a href=\"https:\/\/www.riorojocusco.com\/tours\/visita-maras-moray-y-el-valle-sagrado-de-los-incas\/\" target=\"_blank\" rel=\"noopener noreferrer\">Salinera de Maras<\/a>, en cada uno de estos atractivos tur\u00edsticos tendr\u00e1s una visita guiada.<br \/>\n\u2022 13:00 Iremos a Urubamba donde tendr\u00e1s tu almuerzo buffet.<br \/>\n\u2022 14:30 Despu\u00e9s de nuestro almuerzo, iremos al centro arqueol\u00f3gico de Ollantaytambo donde tendr\u00e1s una visita guiada. El tour para ti terminara aqu\u00ed en Ollantaytambo ya no retornaras en Cusco.<br \/>\nTarde libre<br \/>\n18:50 Debes presentarte en la estaci\u00f3n de tren de Ollantaytambo<br \/>\n19:05 Tren tur\u00edstico expedition desde Ollantaytambo a Aguas Calientes.<br \/>\n20:45 Llegada a Aguas Calientes, el agente de viajes lo estar\u00e1 esperando en la estaci\u00f3n de tren para llevarte a tu alojamiento respectivo. Luego el gu\u00eda te dar\u00e1 informaci\u00f3n para el d\u00eda siguiente.\n<p>Pernoctas en Aguas Calientes<br \/>\n<\/p><\/div>\t<\/div>\n<\/div>\n<div class=\"timeline__item\">\n\t<div class=\"timeline__item__icon-wrap\">\n\t\t<div class=\"timeline__item__icon\">\n\t\t\t<div class=\"timeline__item__icon__text\">2<\/div>\n\t\t<\/div>\n\t<\/div>\n\t<div class=\"timeline__item__content padding-left\">\n\t\t<h3 class=\"timeline__item__title\">Machu Picchu - Cusco<\/h3>\t\t<div class=\"timeline__item__description\"><br \/>\n06:15 Desayuno en el Alojamiento<br \/>\n08:15 Bus de subida desde Aguas Calientes a Machu Picchu.<br \/>\n09:00 En Machu Picchu tendr\u00e1s una visita guiada durante 2 horas para conocer toda la historia de Machu Picchu y visitar los principales puntos de Machu Picchu, luego podr\u00e1s visitar <a href=\"https:\/\/www.donperutours.com\/es\/tours\/tour-machu-picchu-con-montana-en-1-dia\/\" target=\"_blank\" rel=\"noopener noreferrer\">Machu Picchu<\/a> por tu cuenta.<br \/>\n12:00 Bus de bajada desde Machu Picchu a Aguas Calientes<br \/>\nTarde Libre<br \/>\n17:45 Debes presentarte en la estaci\u00f3n de tren de Aguas Calientes<br \/>\n18:20 Tren turistico expedition desde Aguas Calientes a Ollantaytambo<br \/>\n20:05 Llegada a Ollantaytambo<br \/>\n20:05 Traslado turistico desde Ollantaytambo a Cusco.<br \/>\n21:30 aprox llegaremos a Cusco y el drop off ser\u00e1 en su hotel respectivo.\n<\/div>\t<\/div>\n<\/div>\n<\/div>\n<p>&nbsp;<\/p>\n<h3>Viaja seguro durante el COVID-19<\/h3>\n<p>Nuestra agencia de viajes cuenta con todos los protocolos de Bioseguridad y usted podr\u00e1 <strong>visitar Machu Picchu y Cusco<\/strong> de una forma segura.<\/p>\n<p>\u2022 Controles de temperatura frecuentemente de todo nuestro personal. Gu\u00edas \/ Agentes de viajes \/ Conductores \/ Recepcionistas.<br \/>\n\u2022 Controles de temperatura a los participantes del tour al llegar.<br \/>\n\u2022 Alcohol en gel disponible para los viajeros y el personal.<br \/>\n\u2022 Desinfecci\u00f3n frecuente de los veh\u00edculos de transporte.<br \/>\n\u2022 Se requieren m\u00e1scaras, barbijos, tapabocas y protector facial (Muy requerido).<br \/>\n\u2022 Se exige distanciamiento social durante toda la experiencia.<\/p>\n","protected":false},"excerpt":{"rendered":"<div class=\"padding-top text-center\"><a href=\"https:\/\/www.mountainpalcoyo.com\/es\/tours\/tour-a-machu-picchu-2-dias\/\" class=\"atbtn atbtn--medium atbtn--rounded atbtn--transparent\">Read more<i class=\"atbtn__icon atbtn__icon--right fa fa-long-arrow-right\"><\/i><\/a><\/div>\n","protected":false},"featured_media":35,"comment_status":"closed","ping_status":"closed","template":"","meta":[],"product_brand":[],"product_cat":[17],"product_tag":[28,21,23,25,26,24,22],"class_list":{"0":"post-36","1":"product","2":"type-product","3":"status-publish","4":"has-post-thumbnail","6":"product_cat-cusco","7":"product_tag-cusco-viajes","8":"product_tag-machu-picchu-tours","9":"product_tag-machu-picchu-viajes","10":"product_tag-paquetes-a-machu-picchu","11":"product_tag-peru-rail","12":"product_tag-viajes-a-cusco","13":"product_tag-viajes-a-machu-picchu","14":"tour_category-machu-picchu","16":"first","17":"instock","18":"sale","19":"shipping-taxable","20":"purchasable","21":"product-type-tour"},"aioseo_notices":[],"amp_enabled":true,"_links":{"self":[{"href":"https:\/\/www.mountainpalcoyo.com\/es\/wp-json\/wp\/v2\/product\/36","targetHints":{"allow":["GET"]}}],"collection":[{"href":"https:\/\/www.mountainpalcoyo.com\/es\/wp-json\/wp\/v2\/product"}],"about":[{"href":"https:\/\/www.mountainpalcoyo.com\/es\/wp-json\/wp\/v2\/types\/product"}],"replies":[{"embeddable":true,"href":"https:\/\/www.mountainpalcoyo.com\/es\/wp-json\/wp\/v2\/comments?post=36"}],"wp:featuredmedia":[{"embeddable":true,"href":"https:\/\/www.mountainpalcoyo.com\/es\/wp-json\/wp\/v2\/media\/35"}],"wp:attachment":[{"href":"https:\/\/www.mountainpalcoyo.com\/es\/wp-json\/wp\/v2\/media?parent=36"}],"wp:term":[{"taxonomy":"product_brand","embeddable":true,"href":"https:\/\/www.mountainpalcoyo.com\/es\/wp-json\/wp\/v2\/product_brand?post=36"},{"taxonomy":"product_cat","embeddable":true,"href":"https:\/\/www.mountainpalcoyo.com\/es\/wp-json\/wp\/v2\/product_cat?post=36"},{"taxonomy":"product_tag","embeddable":true,"href":"https:\/\/www.mountainpalcoyo.com\/es\/wp-json\/wp\/v2\/product_tag?post=36"}],"curies":[{"name":"wp","href":"https:\/\/api.w.org\/{rel}","templated":true}]}}