{"id":349,"date":"2019-08-01T16:32:03","date_gmt":"2019-08-01T16:32:03","guid":{"rendered":"https:\/\/www.mountainpalcoyo.com\/es\/?post_type=product&#038;p=349"},"modified":"2025-03-28T23:55:55","modified_gmt":"2025-03-28T23:55:55","slug":"comprar-entrada-montana-huayna-picchu","status":"publish","type":"product","link":"https:\/\/www.mountainpalcoyo.com\/es\/tours\/comprar-entrada-montana-huayna-picchu\/","title":{"rendered":"Comprar entrada Monta\u00f1a Huayna Picchu"},"content":{"rendered":"<p><strong>Comprar entrada Monta\u00f1a Huayna Picchu<\/strong>. Para reservar el boleto a la Monta\u00f1a Huayna Picchu deber\u00e1s hacerlo con 3 meses de anticipaci\u00f3n. La entrada a la <a href=\"https:\/\/www.mountainpalcoyo.com\/es\/tours\/tour-machu-picchu-y-huayna-picchu-2-dias\/\" target=\"_blank\" rel=\"noopener noreferrer\">monta\u00f1a Huayna Picchu<\/a> o tambi\u00e9n conocida como monta\u00f1a Wayna Picchu tiene \u00fanicamente 3 horarios de ingreso.<\/p>\n<table style=\"height: 86px;\" width=\"240\">\n<tbody>\n<tr>\n<td style=\"background-color: #cc0033; border-color: #ffffff; text-align: center;\"><a href=\"https:\/\/wa.me\/51936286411\"><span style=\"color: #ffffff;\">Reservar Ahora<\/span><\/a><\/td>\n<\/tr>\n<\/tbody>\n<\/table>\n<p><strong>Primer Horario<\/strong>:<br \/>\nZona Arqueol\u00f3gica a partir de las 6:00<br \/>\nMonta\u00f1a Huayna Picchu de 7:00 am a 8:00 am<\/p>\n<p><strong>Segundo Horario<\/strong>:<br \/>\nZona Arqueol\u00f3gica a partir de las 9:00<br \/>\nMonta\u00f1a <a href=\"https:\/\/www.mountainpalcoyo.com\/es\/tours\/tour-economico-machu-picchu-huayna-picchu-3d-2n\/\" target=\"_blank\" rel=\"noopener noreferrer\">Huayna Picchu<\/a> de 9:00 am a 10:00 am<\/p>\n<h2>Entrada Monta\u00f1a Huayna Picchu<\/h2>\n<p><strong>MountainPalcoyo.com<\/strong> te ayudara de una manera r\u00e1pida la compra de tu entrada a <a href=\"https:\/\/www.mountainpalcoyo.com\/es\/tours\/tour-a-machu-picchu-2-dias\/\" target=\"_blank\" rel=\"noopener noreferrer\">Machu Picchu<\/a> y Monta\u00f1a Huayna Picchu.<\/p>\n<p><strong>\u00bfPor qu\u00e9 comprar con nosotros?<\/strong><\/p>\n<p>\u2022 Pagos seguros con Western Uni\u00f3n o PayPal + 6%.<br \/>\n\u2022 Tus entradas ser\u00e1n entregadas en tu Hotel \/ <a href=\"https:\/\/www.trasladosaeropuertocusco.com\/tours\/traslado-aeropuerto-cusco-a-hotel-en-cusco\/\" target=\"_blank\" rel=\"noopener\">Aeropuerto Internacional del Cusco<\/a> o si deseas v\u00eda virtual WhatsApp en formato PDF.<br \/>\n<span style=\"background-color: #ffff00;\">\u2022 <strong>Precio Entrada Huayna Picchu 85 Dolares por persona<\/strong>.<br \/>\n<\/span><\/p>\n","protected":false},"excerpt":{"rendered":"<div class=\"padding-top text-center\"><a href=\"https:\/\/www.mountainpalcoyo.com\/es\/tours\/comprar-entrada-montana-huayna-picchu\/\" class=\"atbtn atbtn--medium atbtn--rounded atbtn--transparent\">Read more<i class=\"atbtn__icon atbtn__icon--right fa fa-long-arrow-right\"><\/i><\/a><\/div>\n","protected":false},"featured_media":359,"comment_status":"closed","ping_status":"closed","template":"","meta":[],"product_brand":[],"product_cat":[17],"product_tag":[],"class_list":{"0":"post-349","1":"product","2":"type-product","3":"status-publish","4":"has-post-thumbnail","6":"product_cat-cusco","7":"tour_category-entradas","9":"first","10":"instock","11":"sale","12":"shipping-taxable","13":"purchasable","14":"product-type-tour"},"aioseo_notices":[],"amp_enabled":true,"_links":{"self":[{"href":"https:\/\/www.mountainpalcoyo.com\/es\/wp-json\/wp\/v2\/product\/349","targetHints":{"allow":["GET"]}}],"collection":[{"href":"https:\/\/www.mountainpalcoyo.com\/es\/wp-json\/wp\/v2\/product"}],"about":[{"href":"https:\/\/www.mountainpalcoyo.com\/es\/wp-json\/wp\/v2\/types\/product"}],"replies":[{"embeddable":true,"href":"https:\/\/www.mountainpalcoyo.com\/es\/wp-json\/wp\/v2\/comments?post=349"}],"wp:featuredmedia":[{"embeddable":true,"href":"https:\/\/www.mountainpalcoyo.com\/es\/wp-json\/wp\/v2\/media\/359"}],"wp:attachment":[{"href":"https:\/\/www.mountainpalcoyo.com\/es\/wp-json\/wp\/v2\/media?parent=349"}],"wp:term":[{"taxonomy":"product_brand","embeddable":true,"href":"https:\/\/www.mountainpalcoyo.com\/es\/wp-json\/wp\/v2\/product_brand?post=349"},{"taxonomy":"product_cat","embeddable":true,"href":"https:\/\/www.mountainpalcoyo.com\/es\/wp-json\/wp\/v2\/product_cat?post=349"},{"taxonomy":"product_tag","embeddable":true,"href":"https:\/\/www.mountainpalcoyo.com\/es\/wp-json\/wp\/v2\/product_tag?post=349"}],"curies":[{"name":"wp","href":"https:\/\/api.w.org\/{rel}","templated":true}]}}