{"id":324,"date":"2019-06-14T13:34:58","date_gmt":"2019-06-14T13:34:58","guid":{"rendered":"https:\/\/www.mountainpalcoyo.com\/es\/?post_type=product&#038;p=324"},"modified":"2025-03-28T23:40:05","modified_gmt":"2025-03-28T23:40:05","slug":"tour-parque-nacional-del-manu-en-4-dias","status":"publish","type":"product","link":"https:\/\/www.mountainpalcoyo.com\/es\/tours\/tour-parque-nacional-del-manu-en-4-dias\/","title":{"rendered":"Tour Parque nacional del manu en 4 Dias"},"content":{"rendered":"<p><strong>Tour Parque nacional del manu en 4 D\u00edas y 3 Noches<\/strong>. Este circuito es perfecto porque visitaremos la reserva nacional del Manu, donde podremos ver una gran variedad de especies de aves, mam\u00edferos, mariposas, felinos silvestres, primates, guacamayos, reptiles, hormigas y escarabajos. El <a href=\"https:\/\/www.donperutours.com\/es\/tours\/tour-parque-nacional-manu-4d-3n\/\" target=\"_blank\" rel=\"noopener\">Parque nacional del Manu<\/a> tiene alrededor de 1716 292.22 hect\u00e1reas y es una reserva nacional protegida por el estado peruano. El Tour Manu es el circuito perfecto para visitar y convivir con la naturaleza.<\/p>\n<h2>Tour Parque Nacional del Manu<\/h2>\n<table style=\"height: 86px;\" width=\"240\">\n<tbody>\n<tr>\n<td style=\"background-color: #cc0033; border-color: #ffffff; text-align: center;\"><a href=\"https:\/\/wa.me\/51936286411\"><span style=\"color: #ffffff;\">Reservar Ahora<\/span><\/a><\/td>\n<\/tr>\n<\/tbody>\n<\/table>\n<p><strong>Duraci\u00f3n<\/strong>: 4 Dias y 3 Noches<br \/>\n<strong>Precio<\/strong>: US$ 380 por persona<br \/>\n<strong>Tipo<\/strong>: Aventura y Caminatas<br \/>\n<strong>Salidas diarias<\/strong><br \/>\n<strong>Grupo compartido<\/strong><\/p>\n<p><strong>Incluye<\/strong>:<br \/>\n<i class=\"fa fa-check icon-tick icon-tick--on\"><\/i> Transporte terrestre<br \/>\n<i class=\"fa fa-check icon-tick icon-tick--on\"><\/i> Transporte fluvial<br \/>\n<i class=\"fa fa-check icon-tick icon-tick--on\"><\/i> Ingreso al parque nacional del Manu<br \/>\n<i class=\"fa fa-check icon-tick icon-tick--on\"><\/i> Gu\u00eda profesional especializado<br \/>\n<i class=\"fa fa-check icon-tick icon-tick--on\"><\/i> Alimentaci\u00f3n: Desayuno, Almuerzo y Cena<br \/>\n<i class=\"fa fa-check icon-tick icon-tick--on\"><\/i> Snacks<br \/>\n<i class=\"fa fa-check icon-tick icon-tick--on\"><\/i> Comida vegetariana opcional<br \/>\n<i class=\"fa fa-check icon-tick icon-tick--on\"><\/i> Equipo de seguridad<br \/>\n<i class=\"fa fa-check icon-tick icon-tick--on\"><\/i> Hospedaje en albergues<br \/>\n<i class=\"fa fa-check icon-tick icon-tick--on\"><\/i> Equipo de primeros auxilios<br \/>\n<i class=\"fa fa-check icon-tick icon-tick--on\"><\/i> Agua mineral. Desde el 2\u00b0 d\u00eda<br \/>\n<i class=\"fa fa-check icon-tick icon-tick--on\"><\/i> Staff profesional motorista y tripulante<br \/>\n<i class=\"fa fa-check icon-tick icon-tick--on\"><\/i> Cocinero professional<br \/>\n<i class=\"fa fa-check icon-tick icon-tick--on\"><\/i> Botas de goma<\/p>\n<p><strong>No Incluye<\/strong>:<br \/>\n<i class=\"fa fa-times icon-tick icon-tick--off\"><\/i> Desayuno (Dia 1)<br \/>\n<i class=\"fa fa-times icon-tick icon-tick--off\"><\/i> Agua mineral (Dia 1)<br \/>\n<i class=\"fa fa-times icon-tick icon-tick--off\"><\/i> Gaseosa, cerveza, Extras<br \/>\n<i class=\"fa fa-times icon-tick icon-tick--off\"><\/i> Canopy Zipline $18<br \/>\n<i class=\"fa fa-times icon-tick icon-tick--off\"><\/i> Canopy Walkway $18<\/p>\n<p><strong>Que llevar<\/strong>: Ropas gruesas (amanecer frio por el rio), equipo para lluvia, botella descartable para agua, binoculares, c\u00e1mara con bater\u00edas extras, bloqueador solar, linterna o antorcha con pilas extras, sombrero y\/o gorra, camisas manga larga y pantal\u00f3n largo, repelente de mosquitos, sandalias ropa de ba\u00f1o y toalla, zapatos de trekking, equipo de higiene personal (papel higi\u00e9nico) y dinero Extra.<\/p>\n<h2>Itineario Parque Nacional del Manu<\/h2>\n<div class=\"panel-group accordion\" id=\"ataccordion1\">\n<div class=\"panel panel-default accordion__item\">\n\t<div class=\"panel-heading accordion__item__title-wrap\">\n\t\t<h4 class=\"panel-title\">\n\t\t\t<a data-toggle=\"collapse\" data-parent=\"#ataccordion1\" href=\"#ataccordion1_1\" class=\"accordion__item__link\">D\u00eda 1: Cusco \u2013 Bosque de Nubes \u2013 Pilcopata<\/a>\n\t\t<\/h4>\n\t<\/div>\n\t<div id=\"ataccordion1_1\" class=\"panel-collapse in\">\n\t\t<div class=\"panel-body accordion__item__content\">Nuestro circuito comenzara muy temprano 7:00 am donde pasaremos a recogerte a tu hotel y tendremos un viaje del <a href=\"https:\/\/www.mountainpalcoyo.com\/es\/tours\/city-tour-cusco-medio-dia\/\" target=\"_blank\" rel=\"noopener\">Cusco<\/a> rumbo a la zona m\u00e1s alta de Paucartambo. Nuestro primer lugar a visitar ser\u00e1n las torres funerarias o tambi\u00e9n conocidas como las chullpas de Ninamarca. Despu\u00e9s de visitar el lugar descenderemos por el misterioso bosque de nubes, en el camino observaremos hermosas orqu\u00eddeas, heliconias y helechos primitivos. Tambi\u00e9n tendremos tiempo para visitar al Gallito de las Rocas y otras aves. Y si la suerte nos acompa\u00f1a podremos observar al Oso de Anteojos. Por la tarde llegaremos a nuestro albergue t\u00edpico con ba\u00f1os y duchas donde pernoctaremos. Tienes la opcion de realizar el Canopy Walkway (Opcional no incluido en el tour).<\/div>\n\t<\/div>\n<\/div>\n<div class=\"panel panel-default accordion__item\">\n\t<div class=\"panel-heading accordion__item__title-wrap\">\n\t\t<h4 class=\"panel-title\">\n\t\t\t<a data-toggle=\"collapse\" data-parent=\"#ataccordion1\" href=\"#ataccordion1_2\" class=\"accordion__item__link\">Dia 2: PILCOPATA \u2013 ATALAYA \u2013 AMAZON LODGE- LAGO MACHUHUASI<\/a>\n\t\t<\/h4>\n\t<\/div>\n\t<div id=\"ataccordion1_2\" class=\"panel-collapse in\">\n\t\t<div class=\"panel-body accordion__item__content\">A primera hora tendremos nuestro desayuno, despu\u00e9s abordaremos nuestro bus hasta llegar a Atalaya, en el camino visitaremos el centro de rescate de animales y tambi\u00e9n algunas plantaciones de coca, despu\u00e9s tendremos una caminata donde podremos observar b\u00fahos posados en los \u00e1rboles. Una vez en Atalaya abordaremos nuestro bote hasta llegar a nuestro albergue, el viaje en bote es de 30 aproximadamente. Por la tarde tendremos la visita al lago Machuhuasi donde abordaremos nuestra balsa de madera, el viaje ser\u00e1 aproximadamente de 2 horas, en el camino podr\u00e1s ver una gran cantidad de aves, reptiles, mam\u00edferos, monos, loros, y una gran variedad de especies. Por la noche tendremos caminata nocturna. Noche en Albergue con ba\u00f1os y duchas disponibles.<\/div>\n\t<\/div>\n<\/div>\n<div class=\"panel panel-default accordion__item\">\n\t<div class=\"panel-heading accordion__item__title-wrap\">\n\t\t<h4 class=\"panel-title\">\n\t\t\t<a data-toggle=\"collapse\" data-parent=\"#ataccordion1\" href=\"#ataccordion1_3\" class=\"accordion__item__link\">Dia 3: AMAZON LODGE\u2013 COLLPA DE LOROS<\/a>\n\t\t<\/h4>\n\t<\/div>\n\t<div id=\"ataccordion1_3\" class=\"panel-collapse in\">\n\t\t<div class=\"panel-body accordion__item__content\">Muy temprano nos dirigiremos en bote rumbo a la colpa de loros, donde podremos observar diferentes especies de aves, entre loros y guacamayos. Despu\u00e9s tendremos nuestro desayuno t\u00edpico, seguidamente nos dirigiremos a la selva para explorar el lugar y en el camino podr\u00e1s observar monos, serpientes, chanchos salvajes, jaguares, tapiar y si la suerte nos acompa\u00f1a el oso perezoso. Despu\u00e9s tendremos nuestro almuerzo t\u00edpico y seguidamente visitaremos el lago perdido donde tenemos m\u00e1s oportunidad de ver m\u00e1s animales como aves, monos, capibaras, tucanes gigantes, nutria del rio y muchos m\u00e1s.<br \/>\nDespu\u00e9s de visitar y recorrer la selva tendr\u00e1 tiempo para nadar en el rio (opcional). Noche en Albergue con ba\u00f1os y duchas disponibles. Opcional Canopy zipline\/Flying fox no incluido en el tour.<br \/>\n<\/div>\n\t<\/div>\n<\/div>\n<div class=\"panel panel-default accordion__item\">\n\t<div class=\"panel-heading accordion__item__title-wrap\">\n\t\t<h4 class=\"panel-title\">\n\t\t\t<a data-toggle=\"collapse\" data-parent=\"#ataccordion1\" href=\"#ataccordion1_4\" class=\"accordion__item__link\">Dia 4: AMAZON LODGE - ATALAYA \u2013 CUSCO<\/a>\n\t\t<\/h4>\n\t<\/div>\n\t<div id=\"ataccordion1_4\" class=\"panel-collapse in\">\n\t\t<div class=\"panel-body accordion__item__content\">Despu\u00e9s de nuestro desayuno retornaremos en bote hasta Atalaya pasando por Pilcopata, regresaremos visitando el bosque de nubes y nuestro retorno a la ciudad del Cusco. Visitaremos el bosque nublado nuevamente donde tenemos posibilidades de ver algunos animales. Llegada a cusco cerca de 6.00pm aproximadamente.<\/div>\n\t<\/div>\n<\/div><\/div>\n","protected":false},"excerpt":{"rendered":"<div class=\"padding-top text-center\"><a href=\"https:\/\/www.mountainpalcoyo.com\/es\/tours\/tour-parque-nacional-del-manu-en-4-dias\/\" class=\"atbtn atbtn--medium atbtn--rounded atbtn--transparent\">Read more<i class=\"atbtn__icon atbtn__icon--right fa fa-long-arrow-right\"><\/i><\/a><\/div>\n","protected":false},"featured_media":326,"comment_status":"closed","ping_status":"closed","template":"","meta":[],"product_brand":[],"product_cat":[17],"product_tag":[],"class_list":{"0":"post-324","1":"product","2":"type-product","3":"status-publish","4":"has-post-thumbnail","6":"product_cat-cusco","7":"tour_category-paquetes-de-viaje","9":"first","10":"instock","11":"sale","12":"shipping-taxable","13":"purchasable","14":"product-type-tour"},"aioseo_notices":[],"amp_enabled":true,"_links":{"self":[{"href":"https:\/\/www.mountainpalcoyo.com\/es\/wp-json\/wp\/v2\/product\/324","targetHints":{"allow":["GET"]}}],"collection":[{"href":"https:\/\/www.mountainpalcoyo.com\/es\/wp-json\/wp\/v2\/product"}],"about":[{"href":"https:\/\/www.mountainpalcoyo.com\/es\/wp-json\/wp\/v2\/types\/product"}],"replies":[{"embeddable":true,"href":"https:\/\/www.mountainpalcoyo.com\/es\/wp-json\/wp\/v2\/comments?post=324"}],"wp:featuredmedia":[{"embeddable":true,"href":"https:\/\/www.mountainpalcoyo.com\/es\/wp-json\/wp\/v2\/media\/326"}],"wp:attachment":[{"href":"https:\/\/www.mountainpalcoyo.com\/es\/wp-json\/wp\/v2\/media?parent=324"}],"wp:term":[{"taxonomy":"product_brand","embeddable":true,"href":"https:\/\/www.mountainpalcoyo.com\/es\/wp-json\/wp\/v2\/product_brand?post=324"},{"taxonomy":"product_cat","embeddable":true,"href":"https:\/\/www.mountainpalcoyo.com\/es\/wp-json\/wp\/v2\/product_cat?post=324"},{"taxonomy":"product_tag","embeddable":true,"href":"https:\/\/www.mountainpalcoyo.com\/es\/wp-json\/wp\/v2\/product_tag?post=324"}],"curies":[{"name":"wp","href":"https:\/\/api.w.org\/{rel}","templated":true}]}}