{"id":305,"date":"2019-05-28T02:58:57","date_gmt":"2019-05-28T02:58:57","guid":{"rendered":"https:\/\/www.mountainpalcoyo.com\/es\/?post_type=product&#038;p=305"},"modified":"2025-03-28T23:30:19","modified_gmt":"2025-03-28T23:30:19","slug":"cusco-5-dias-4-noches","status":"publish","type":"product","link":"https:\/\/www.mountainpalcoyo.com\/es\/tours\/cusco-5-dias-4-noches\/","title":{"rendered":"Tour Cusco en 5 Dias y 4 Noches"},"content":{"rendered":"<p><strong>Visita Cusco en 5 D\u00edas y 4 Noches<\/strong>. Este circuito es perfecto para ti donde podr\u00e1s visitar los principales atractivos tur\u00edsticos de la ciudad de <a href=\"https:\/\/www.mountainpalcoyo.com\/es\/tours\/city-tour-cusco-medio-dia\/\" target=\"_blank\" rel=\"noopener\">Cusco<\/a> y <a href=\"https:\/\/www.mountainpalcoyo.com\/es\/tours\/tour-machu-picchu-en-1-dia\/\" target=\"_blank\" rel=\"noopener\">Machu Picchu<\/a>. El Tour Cusco 5 D\u00edas 4 Noches incluye 3 noches de alojamiento en Cusco y 1 noche de alojamiento en Aguas calientes.<\/p>\n<h2>Tour Cusco 5 Dias 4 Noches<\/h2>\n<table style=\"height: 86px;\" width=\"240\">\n<tbody>\n<tr>\n<td style=\"background-color: #cc0033; border-color: #ffffff; text-align: center;\"><a href=\"https:\/\/wa.me\/51936286411\"><span style=\"color: #ffffff;\">Reservar Ahora<\/span><\/a><\/td>\n<\/tr>\n<\/tbody>\n<\/table>\n<p><strong>Duraci\u00f3n<\/strong>: 5 Dias y 4 Noches<br \/>\n<strong>Precio<\/strong>:<br \/>\n\u2022 1 pasajero: US$ 525.00 por persona<br \/>\n\u2022 2 pasajeros a + : US$ 475.00 por persona<br \/>\n<strong>Salidas diarias<\/strong><br \/>\n<strong>Grupo compartido<\/strong><\/p>\n<h2>Itinerario Cusco 5 Dias 4 Noches<\/h2>\n<table style=\"border-collapse: collapse; width: 45.491%;\">\n<tbody>\n<tr>\n<td style=\"width: 100%; border-color: #fcf805; background-color: #fcf805;\">\n<h3>D\u00eda 1: Recepci\u00f3n y City Tour Cusco<\/h3>\n<\/td>\n<\/tr>\n<\/tbody>\n<\/table>\n<p><strong>Incluye D\u00eda 1<\/strong><br \/>\n<i class=\"fa fa-check icon-tick icon-tick--on\"><\/i> Traslado Aeropuerto \u2013 Hotel<br \/>\n<i class=\"fa fa-check icon-tick icon-tick--on\"><\/i> Pickup en el hotel<br \/>\n<i class=\"fa fa-check icon-tick icon-tick--on\"><\/i> Boleto Tur\u00edstico del Cusco<br \/>\n<i class=\"fa fa-check icon-tick icon-tick--on\"><\/i> Transporte compartido<br \/>\n<i class=\"fa fa-check icon-tick icon-tick--on\"><\/i> Gu\u00eda biling\u00fce (espa\u00f1ol e ingl\u00e9s)<br \/>\n<i class=\"fa fa-check icon-tick icon-tick--on\"><\/i> Asistencia Personalizada<br \/>\n<i class=\"fa fa-check icon-tick icon-tick--on\"><\/i> Drop off en el centro de Cusco<\/p>\n<p><strong>No Incluye<\/strong>:<br \/>\n<i class=\"fa fa-times icon-tick icon-tick--off\"><\/i> Entrada a Templo del Sol Qoricancha (S\/. 15 por persona)<br \/>\n<i class=\"fa fa-times icon-tick icon-tick--off\"><\/i> Otros servicios no mencionados.<\/p>\n<p><strong>Itinerario Breve<\/strong>:<br \/>\n\u2022 <a href=\"https:\/\/www.mountainpalcoyo.com\/es\/taxi-aeropuerto-cusco-privado\/\" target=\"_blank\" rel=\"noopener\">Traslado del Aeropuerto a tu Hotel<\/a>.<br \/>\n\u2022 1:30 pm a 6:30 pm City Tour Cusco: Visitaremos La Catedral del Cusco, El templo del Sol Qoricancha, La fortaleza de Sacsayhuaman, Qenqo, PucaPucara y Tambomachay.<br \/>\n\u2022 8:00 pm Cena de bienvenida en un restaurante local Pizza y\/o Pollo a la Braza (Opcional).<\/p>\n<p><strong>Pernocta en la ciudad del Cusco.<\/strong><\/p>\n<p><strong>Importante<\/strong>: Es necesario llegar a Cusco antes del medio d\u00eda para as\u00ed poder realizar el City Tour Cusco.<\/p>\n<table style=\"border-collapse: collapse; width: 50.2759%;\">\n<tbody>\n<tr>\n<td style=\"width: 100%; border-color: #fcf805; background-color: #fcf805;\">\n<h3>D\u00eda 2: Valle Sagrado de los Incas<\/h3>\n<\/td>\n<\/tr>\n<\/tbody>\n<\/table>\n<p><strong>Incluye D\u00eda 2<\/strong><br \/>\n<i class=\"fa fa-check icon-tick icon-tick--on\"><\/i> Desayuno en el Hotel<br \/>\n<i class=\"fa fa-check icon-tick icon-tick--on\"><\/i> Pickup en el hotel<br \/>\n<i class=\"fa fa-check icon-tick icon-tick--on\"><\/i> Boleto Tur\u00edstico del Cusco<br \/>\n<i class=\"fa fa-check icon-tick icon-tick--on\"><\/i> Transporte compartido<br \/>\n<i class=\"fa fa-check icon-tick icon-tick--on\"><\/i> Almuerzo Buffet<br \/>\n<i class=\"fa fa-check icon-tick icon-tick--on\"><\/i> Gu\u00eda biling\u00fce (espa\u00f1ol e ingl\u00e9s)<br \/>\n<i class=\"fa fa-check icon-tick icon-tick--on\"><\/i> Tren turistico de Ida: Ollantaytambo &#8211; Aguas Calientes<br \/>\n<i class=\"fa fa-check icon-tick icon-tick--on\"><\/i> Asistencia Personalizada<\/p>\n<p><strong>Itinerario Breve<\/strong>:<\/p>\n<p>\u2022 6:00 Desayuno<br \/>\n\u2022 7.30 Recojo e Inicio de nuestro tour al valle sagrado<br \/>\n\u2022 13:00 Almuerzo Buffet en <a href=\"https:\/\/www.mountainpalcoyo.com\/es\/tours\/transporte-privado-urubamba-a-cusco\/\" target=\"_blank\" rel=\"noopener\">Urubamba<\/a><br \/>\n\u2022 18:00 Abordaremos nuestro tren tur\u00edstico de <a href=\"https:\/\/www.mountainpalcoyo.com\/es\/aeropuerto-cusco-a-estacion-de-ollantaytambo-ida-y-vuelta\/\" target=\"_blank\" rel=\"noopener\">Ollantaytambo<\/a> a Aguas calientes<br \/>\n\u2022 19:45 Traslado a tu alojamiento en Aguas Calientes<\/p>\n<p><strong>Pernocta en Aguas Calientes (Pueblo de Machu Picchu).<\/strong><\/p>\n<table style=\"border-collapse: collapse; width: 50.2759%;\">\n<tbody>\n<tr>\n<td style=\"width: 100%; border-color: #fcf805; background-color: #fcf805;\">\n<h3>D\u00eda 3: Machu Picchu<\/h3>\n<\/td>\n<\/tr>\n<\/tbody>\n<\/table>\n<p><strong>Incluye Dia 3<\/strong>:<br \/>\n<i class=\"fa fa-check icon-tick icon-tick--on\"><\/i> Desayuno<br \/>\n<i class=\"fa fa-check icon-tick icon-tick--on\"><\/i> Traslado Ollantaytambo \u2013 Cusco<br \/>\n<i class=\"fa fa-check icon-tick icon-tick--on\"><\/i> Tren Turistico de retorno (Aguas Calientes) \u2013 Ollantaytambo.<br \/>\n<i class=\"fa fa-check icon-tick icon-tick--on\"><\/i> Bus de subida y bajada: Aguas Calientes \u2013 Machu Picchu \u2013 Aguas Calientes<br \/>\n<i class=\"fa fa-check icon-tick icon-tick--on\"><\/i> Boleto de entrada a Machu Picchu<br \/>\n<i class=\"fa fa-check icon-tick icon-tick--on\"><\/i> Gu\u00eda profesional certificado<br \/>\n<i class=\"fa fa-check icon-tick icon-tick--on\"><\/i> Asistencia personalizada<br \/>\n<i class=\"fa fa-check icon-tick icon-tick--on\"><\/i> Drop off en el centro del Cusco<\/p>\n<p><strong>Itinerario Breve<\/strong>:<\/p>\n<p>7:40 am Desayuno<br \/>\n8:20 am Bus de Subida de Aguas Calientes a <a href=\"https:\/\/www.cuscoairporttransport.com\/es\/tours\/tour-privado-machu-picchu-con-tren-observatory-en-1-dia\/\" target=\"_blank\" rel=\"noopener\">Machu Picchu<\/a><br \/>\n9:00 am Ingreso a Machu Picchu y guiado durante 1 hora y media.<br \/>\n10:45 am Tiempo libre para visitar Machu Picchu por tu cuenta y tomar fotos para el recuerdo.<br \/>\n12:00 pm Bus de Bajada de Machu Picchu a Aguas Calientes<br \/>\nTarde Libre<br \/>\n5:00 pm Tren turistico de retorno de Aguas Calientes a Ollantaytambo<br \/>\n6:45 pm <a href=\"https:\/\/www.trasladosaeropuertocusco.com\/tours\/traslado-aeropuerto-cusco-a-hotel-en-ollantaytambo\/\" target=\"_blank\" rel=\"noopener\">Traslado en auto de Ollantaytambo a Cusco<\/a><br \/>\n8:00 pm Llegada al Cusco.<\/p>\n<p><strong>Pernocta en la ciudad del Cusco.<\/strong><\/p>\n<p><strong>Importante<\/strong>: Los horarios pueden variar, todo dependera del boleto de ingreso a Machu Picchu y el ticket de tren.<\/p>\n<table style=\"border-collapse: collapse; width: 50.2759%;\">\n<tbody>\n<tr>\n<td style=\"width: 100%; border-color: #fcf805; background-color: #fcf805;\">\n<h3>D\u00eda 4: Monta\u00f1a de 7 Colores<\/h3>\n<\/td>\n<\/tr>\n<\/tbody>\n<\/table>\n<p><strong>Inicio<\/strong>: 4:30 am a 5:30 pm<br \/>\n<strong>Grupo Compartido<\/strong><\/p>\n<p><strong>Incluye D\u00eda 4<\/strong>:<\/p>\n<p><i class=\"fa fa-check icon-tick icon-tick--on\"><\/i> Pickup en el hotel<br \/>\n<i class=\"fa fa-check icon-tick icon-tick--on\"><\/i> Transporte compartido<br \/>\n<i class=\"fa fa-check icon-tick icon-tick--on\"><\/i> Desayuno<br \/>\n<i class=\"fa fa-check icon-tick icon-tick--on\"><\/i> Almuerzo<br \/>\n<i class=\"fa fa-check icon-tick icon-tick--on\"><\/i> Gu\u00eda biling\u00fce<br \/>\n<i class=\"fa fa-check icon-tick icon-tick--on\"><\/i> Boleto de entrada a la Monta\u00f1a de 7 Colores<br \/>\n<i class=\"fa fa-check icon-tick icon-tick--on\"><\/i> Boleto de entrada al Valle Rojo<br \/>\n<i class=\"fa fa-check icon-tick icon-tick--on\"><\/i> Drop off en el centro de Cusco<br \/>\n<i class=\"fa fa-check icon-tick icon-tick--on\"><\/i> Asistencia Personalizada<\/p>\n<p><strong>Pernocta en la ciudad del Cusco.<\/strong><\/p>\n<table style=\"border-collapse: collapse; width: 50.2759%;\">\n<tbody>\n<tr>\n<td style=\"width: 100%; border-color: #fcf805; background-color: #fcf805;\">\n<h3>D\u00eda 5: Adios Cusco<\/h3>\n<\/td>\n<\/tr>\n<\/tbody>\n<\/table>\n<p>\u2022 Desayuno<br \/>\n\u2022 Traslado del Hotel al Aeropuerto del Cusco.<br \/>\nFin de Nuestros Servicios.<\/p>\n","protected":false},"excerpt":{"rendered":"<div class=\"padding-top text-center\"><a href=\"https:\/\/www.mountainpalcoyo.com\/es\/tours\/cusco-5-dias-4-noches\/\" class=\"atbtn atbtn--medium atbtn--rounded atbtn--transparent\">Read more<i class=\"atbtn__icon atbtn__icon--right fa fa-long-arrow-right\"><\/i><\/a><\/div>\n","protected":false},"featured_media":309,"comment_status":"closed","ping_status":"closed","template":"","meta":[],"product_brand":[],"product_cat":[17],"product_tag":[28,25,30,32,24,22],"class_list":{"0":"post-305","1":"product","2":"type-product","3":"status-publish","4":"has-post-thumbnail","6":"product_cat-cusco","7":"product_tag-cusco-viajes","8":"product_tag-paquetes-a-machu-picchu","9":"product_tag-tours-en-cusco","10":"product_tag-tours-peru","11":"product_tag-viajes-a-cusco","12":"product_tag-viajes-a-machu-picchu","13":"tour_category-paquetes-de-viaje","15":"first","16":"instock","17":"sale","18":"shipping-taxable","19":"purchasable","20":"product-type-tour"},"aioseo_notices":[],"amp_enabled":true,"_links":{"self":[{"href":"https:\/\/www.mountainpalcoyo.com\/es\/wp-json\/wp\/v2\/product\/305","targetHints":{"allow":["GET"]}}],"collection":[{"href":"https:\/\/www.mountainpalcoyo.com\/es\/wp-json\/wp\/v2\/product"}],"about":[{"href":"https:\/\/www.mountainpalcoyo.com\/es\/wp-json\/wp\/v2\/types\/product"}],"replies":[{"embeddable":true,"href":"https:\/\/www.mountainpalcoyo.com\/es\/wp-json\/wp\/v2\/comments?post=305"}],"wp:featuredmedia":[{"embeddable":true,"href":"https:\/\/www.mountainpalcoyo.com\/es\/wp-json\/wp\/v2\/media\/309"}],"wp:attachment":[{"href":"https:\/\/www.mountainpalcoyo.com\/es\/wp-json\/wp\/v2\/media?parent=305"}],"wp:term":[{"taxonomy":"product_brand","embeddable":true,"href":"https:\/\/www.mountainpalcoyo.com\/es\/wp-json\/wp\/v2\/product_brand?post=305"},{"taxonomy":"product_cat","embeddable":true,"href":"https:\/\/www.mountainpalcoyo.com\/es\/wp-json\/wp\/v2\/product_cat?post=305"},{"taxonomy":"product_tag","embeddable":true,"href":"https:\/\/www.mountainpalcoyo.com\/es\/wp-json\/wp\/v2\/product_tag?post=305"}],"curies":[{"name":"wp","href":"https:\/\/api.w.org\/{rel}","templated":true}]}}