{"id":286,"date":"2019-05-24T14:39:09","date_gmt":"2019-05-24T14:39:09","guid":{"rendered":"https:\/\/www.mountainpalcoyo.com\/es\/?post_type=product&#038;p=286"},"modified":"2025-03-28T23:16:23","modified_gmt":"2025-03-28T23:16:23","slug":"valle-rojo-cusco","status":"publish","type":"product","link":"https:\/\/www.mountainpalcoyo.com\/es\/tours\/valle-rojo-cusco\/","title":{"rendered":"Tour Valle Rojo Cusco en 1 Dia"},"content":{"rendered":"<p><strong>Tour al Valle Rojo y a la Monta\u00f1a 7 colores en 1 D\u00eda<\/strong>. Este circuito es totalmente m\u00e1gico y \u00fanico. Caminata a la <a href=\"https:\/\/www.gomachupicchubycar.com\/es\/tours\/montana-de-7-colores-vinicunca\/\" target=\"_blank\" rel=\"noopener noreferrer\">monta\u00f1a de colores<\/a>, (Vinicunca) con el Valle Rojo. El Valle rojo Cusco, tiene una cadena de monta\u00f1as y quebradas de color rojizo.<\/p>\n<h2>Tour Valle Rojo Cusco y Monta\u00f1a 7 colores<\/h2>\n<table style=\"height: 86px;\" width=\"240\">\n<tbody>\n<tr>\n<td style=\"background-color: #cc0033; border-color: #ffffff; text-align: center;\"><a href=\"https:\/\/wa.me\/51936286411\"><span style=\"color: #ffffff;\">Reservar Ahora<\/span><\/a><\/td>\n<\/tr>\n<\/tbody>\n<\/table>\n<p><strong>Precio<\/strong>: US$ 40.00 por persona<br \/>\n<strong>Horario<\/strong>: de 04:30 a.m. a 5:30 p.m.<br \/>\n<strong>Duraci\u00f3n<\/strong>: 13 horas<br \/>\n<strong>Salidas diarias<\/strong><br \/>\n<strong>Grupo compartido<\/strong><\/p>\n<p><strong>Incluye Tour Valle Rojo + Monta\u00f1a de Colores<\/strong>:<\/p>\n<p><i class=\"fa fa-check icon-tick icon-tick--on\"><\/i> Pickup en el hotel<br \/>\n<i class=\"fa fa-check icon-tick icon-tick--on\"><\/i> Transporte compartido<br \/>\n<i class=\"fa fa-check icon-tick icon-tick--on\"><\/i> Desayuno<br \/>\n<i class=\"fa fa-check icon-tick icon-tick--on\"><\/i> Almuerzo<br \/>\n<i class=\"fa fa-check icon-tick icon-tick--on\"><\/i> Gu\u00eda biling\u00fce<br \/>\n<i class=\"fa fa-check icon-tick icon-tick--on\"><\/i> Boleto de entrada a <a href=\"https:\/\/www.mountainpalcoyo.com\/es\/tours\/tour-privado-montana-de-7-colores-y-valle-rojo\/\" target=\"_blank\" rel=\"noopener\">Vinicunca<\/a><br \/>\n<i class=\"fa fa-check icon-tick icon-tick--on\"><\/i> Boleto de entrada al <a href=\"https:\/\/www.riorojocusco.com\/tours\/montana-vinicunca-y-valle-rojo\/\" target=\"_blank\" rel=\"noopener noreferrer\">Valle Rojo<\/a><br \/>\n<i class=\"fa fa-check icon-tick icon-tick--on\"><\/i> Bastones de Madera<br \/>\n<i class=\"fa fa-check icon-tick icon-tick--on\"><\/i> Drop off en el centro de Cusco<br \/>\n<i class=\"fa fa-check icon-tick icon-tick--on\"><\/i> Asistencia Personalizada<\/p>\n<p><strong>No Incluye<\/strong>:<\/p>\n<p><i class=\"fa fa-times icon-tick icon-tick--off\"><\/i> Seguro de viaje<br \/>\n<i class=\"fa fa-times icon-tick icon-tick--off\"><\/i> Propinas (Opcional)<br \/>\n<i class=\"fa fa-times icon-tick icon-tick--off\"><\/i> Otros gastos mencionados en el programa.<br \/>\n<i class=\"fa fa-times icon-tick icon-tick--off\"><\/i> Caballo (S \/ .90)<\/p>\n<p><strong>Qu\u00e9 llevar<\/strong>: Ropa abrigadora, ropa impermeable, zapatos de trekking, gorra para el sol, lentes de sol, bloqueador solar, snack, agua, y guantes para protegerse del fr\u00edo.<\/p>\n<p><strong>Importante<\/strong>:<br \/>\n\u2022 No apto para personas embarazadas.<br \/>\n\u2022 No es adecuado para personas con problemas card\u00edacos.<br \/>\n\u2022 Preferible mayores de 13 a\u00f1os.<\/p>\n<h2>Itinerario Valle Rojo y Monta\u00f1a 7 colores<\/h2>\n<div class=\"tours-tabs\">\n\t<ul class=\"nav nav-tabs\">\n\t<li class=\"active\"><a href=\"#attab1_1\" data-toggle=\"tab\">Dia 1; Cusco - Monta\u00f1a 7 colores - Valle Rojo<\/a><\/li>\t<\/ul>\n\t<div class=\"tab-content\">\n\t<div class=\"tab-pane active\" id=\"attab1_1\"><div class=\"tours-tabs__content padding-all\">A primeras horas del d\u00eda 4:30 am pasaremos a recogerte a tu hotel y seguidamente tendremos un viaje rumbo al pueblo de Cusipata, en este punto tendremos nuestro desayuno. Luego nos dirigiremos al pueblo de Pampachiri donde iniciara nuestra caminata hacia la <a href=\"https:\/\/www.mountainvinicunca.com\/es\/tours\/tour-montana-7-colores-vinicunca\/\" target=\"_blank\" rel=\"noopener noreferrer\">monta\u00f1a de 7 colores (Vinicunca)<\/a>, la caminata es aproximadamente de 1 hora y media a 2 horas dependiendo del estado f\u00edsico de cada persona. En la monta\u00f1a de colores tendras informaci\u00f3n del lugar y tiempo para visitar la monta\u00f1a de colores y tomar fotos para el recuerdo. Luego nos dirigiremos al <strong>mirador del Valle Rojo<\/strong>. Un hermoso valle cuyo nombre se debe a la pigmentaci\u00f3n especial de la tierra que tiene un color rojizo por la abundante cantidad de mineral.<br \/>\nDespu\u00e9s de visitar ambos lugares regresaremos a nuestro campamento para almorzar. Finalmente regresaremos a la <a href=\"https:\/\/www.mountainpalcoyo.com\/es\/tours\/city-tour-cusco-medio-dia\/\" target=\"_blank\" rel=\"noopener\">ciudad del Cusco<\/a>. Drop off en el centro del Cusco 5:30 pm aprox.<br \/>\n<\/div><\/div>\t<\/div>\n<\/div>\n<p>&nbsp;<\/p>\n<h3>Viaja seguro durante el COVID-19<\/h3>\n<p>Nuestra agencia de viajes cuenta con todos los protocolos de Bioseguridad y usted podr\u00e1 <strong>visitar Machu Picchu y Cusco<\/strong> de una forma segura.<\/p>\n<p>\u2022 Controles de temperatura frecuentemente de todo nuestro personal. Gu\u00edas \/ Agentes de viajes \/ Conductores \/ Recepcionistas.<br \/>\n\u2022 Controles de temperatura a los participantes del tour al llegar.<br \/>\n\u2022 Alcohol en gel disponible para los viajeros y el personal.<br \/>\n\u2022 Desinfecci\u00f3n frecuente de los veh\u00edculos de transporte.<br \/>\n\u2022 Se requieren m\u00e1scaras, barbijos, tapabocas y protector facial (Muy requerido).<br \/>\n\u2022 Se exige distanciamiento social durante toda la experiencia.<\/p>\n","protected":false},"excerpt":{"rendered":"<div class=\"padding-top text-center\"><a href=\"https:\/\/www.mountainpalcoyo.com\/es\/tours\/valle-rojo-cusco\/\" class=\"atbtn atbtn--medium atbtn--rounded atbtn--transparent\">Read more<i class=\"atbtn__icon atbtn__icon--right fa fa-long-arrow-right\"><\/i><\/a><\/div>\n","protected":false},"featured_media":297,"comment_status":"closed","ping_status":"closed","template":"","meta":[],"product_brand":[],"product_cat":[17],"product_tag":[34,28,33,31,32,44,24],"class_list":{"0":"post-286","1":"product","2":"type-product","3":"status-publish","4":"has-post-thumbnail","6":"product_cat-cusco","7":"product_tag-cusco-montana","8":"product_tag-cusco-viajes","9":"product_tag-montanas-en-peru","10":"product_tag-peru-viajes","11":"product_tag-tours-peru","12":"product_tag-trip-cusco","13":"product_tag-viajes-a-cusco","14":"tour_category-full-day","16":"first","17":"instock","18":"sale","19":"shipping-taxable","20":"purchasable","21":"product-type-tour"},"aioseo_notices":[],"amp_enabled":true,"_links":{"self":[{"href":"https:\/\/www.mountainpalcoyo.com\/es\/wp-json\/wp\/v2\/product\/286","targetHints":{"allow":["GET"]}}],"collection":[{"href":"https:\/\/www.mountainpalcoyo.com\/es\/wp-json\/wp\/v2\/product"}],"about":[{"href":"https:\/\/www.mountainpalcoyo.com\/es\/wp-json\/wp\/v2\/types\/product"}],"replies":[{"embeddable":true,"href":"https:\/\/www.mountainpalcoyo.com\/es\/wp-json\/wp\/v2\/comments?post=286"}],"wp:featuredmedia":[{"embeddable":true,"href":"https:\/\/www.mountainpalcoyo.com\/es\/wp-json\/wp\/v2\/media\/297"}],"wp:attachment":[{"href":"https:\/\/www.mountainpalcoyo.com\/es\/wp-json\/wp\/v2\/media?parent=286"}],"wp:term":[{"taxonomy":"product_brand","embeddable":true,"href":"https:\/\/www.mountainpalcoyo.com\/es\/wp-json\/wp\/v2\/product_brand?post=286"},{"taxonomy":"product_cat","embeddable":true,"href":"https:\/\/www.mountainpalcoyo.com\/es\/wp-json\/wp\/v2\/product_cat?post=286"},{"taxonomy":"product_tag","embeddable":true,"href":"https:\/\/www.mountainpalcoyo.com\/es\/wp-json\/wp\/v2\/product_tag?post=286"}],"curies":[{"name":"wp","href":"https:\/\/api.w.org\/{rel}","templated":true}]}}