{"id":25,"date":"2018-09-20T21:37:30","date_gmt":"2018-09-20T21:37:30","guid":{"rendered":"http:\/\/www.mountainpalcoyo.com\/es\/?post_type=product&#038;p=25"},"modified":"2025-03-27T17:04:13","modified_gmt":"2025-03-27T17:04:13","slug":"tour-machu-picchu-y-huayna-picchu-2-dias","status":"publish","type":"product","link":"https:\/\/www.mountainpalcoyo.com\/es\/tours\/tour-machu-picchu-y-huayna-picchu-2-dias\/","title":{"rendered":"Tour Machu Picchu y Huayna Picchu 2 D\u00edas"},"content":{"rendered":"<p>Conoce la ciudad de <strong>Machu Picchu y la monta\u00f1a de Huayna Picchu en 2 dias<\/strong>, este circuito es perfecto para visitar ambos sitios. La <a href=\"https:\/\/www.mountainpalcoyo.com\/es\/tours\/comprar-entrada-montana-huayna-picchu\/\" target=\"_blank\" rel=\"noopener noreferrer\">monta\u00f1a de Huayna Picchu<\/a> es muy famosa y muy solicitada por todos los viajeros del mundo, por eso es recomendable reservar con anticipaci\u00f3n ya que tiene cupos limitados por d\u00eda.<\/p>\n<h2>Machu Picchu y Huayna Picchu en 2 D\u00edas<\/h2>\n<table style=\"height: 86px;\" width=\"240\">\n<tbody>\n<tr>\n<td style=\"background-color: #cc0033; border-color: #ffffff; text-align: center;\"><a href=\"https:\/\/wa.me\/51936286411\"><span style=\"color: #ffffff;\">Reservar Ahora<\/span><\/a><\/td>\n<\/tr>\n<\/tbody>\n<\/table>\n<p><strong>Precio<\/strong>: US $ 460.00 por persona.<br \/>\n<strong>Duraci\u00f3n<\/strong>: 2 d\u00edas y 1 noche<br \/>\n<strong>Salida<\/strong>: 11:30 a.m. (primer d\u00eda).<br \/>\n<strong>Regreso<\/strong>: 08:00 p.m. (Segundo d\u00eda)<br \/>\n<strong>Salidas diarias<\/strong><br \/>\n<strong>Grupo privado<\/strong><\/p>\n<p><strong>Incluye Machu Picchu y Huayna Picchu 2 d\u00edas<\/strong>:<br \/>\n<i class=\"fa fa-check icon-tick icon-tick--on\"><\/i>Pickup en el hotel<br \/>\n<i class=\"fa fa-check icon-tick icon-tick--on\"><\/i>Transporte tur\u00edstico privado<br \/>\n<i class=\"fa fa-check icon-tick icon-tick--on\"><\/i>1 noche de alojamiento en Aguas Calientes<br \/>\n<i class=\"fa fa-check icon-tick icon-tick--on\"><\/i>Tren Ollantaytambo &#8211; Machu Picchu pueblo (Aguas Calientes) &#8211; Ollantaytambo. \u00abTREN EXPEDICI\u00d3N\u00bb<br \/>\n<i class=\"fa fa-check icon-tick icon-tick--on\"><\/i>Desayuno (D\u00eda 2)<br \/>\n<i class=\"fa fa-check icon-tick icon-tick--on\"><\/i>Bus Aguas Calientes &#8211; Machu Picchu &#8211; Aguas Calientes<br \/>\n<i class=\"fa fa-check icon-tick icon-tick--on\"><\/i>Boleto de ingreso a Machu Picchu y <a href=\"https:\/\/www.mountainpalcoyo.com\/es\/montana-huayna-picchu-o-montana-machu-picchu\/\" target=\"_blank\" rel=\"noopener noreferrer\">Huayna Picchu<\/a><br \/>\n<i class=\"fa fa-check icon-tick icon-tick--on\"><\/i>Gu\u00eda profesional certificado privado en Machu Picchu<br \/>\n<i class=\"fa fa-check icon-tick icon-tick--on\"><\/i>Asistencia personalizada<br \/>\n<i class=\"fa fa-check icon-tick icon-tick--on\"><\/i>Drop off en tu Hotel<\/p>\n<p><strong>No incluido<\/strong>:<br \/>\n<i class=\"fa fa-times icon-tick icon-tick--off\"><\/i>Gastos personales<br \/>\n<i class=\"fa fa-times icon-tick icon-tick--off\"><\/i>Propinas<br \/>\n<i class=\"fa fa-times icon-tick icon-tick--off\"><\/i>Otros servicios no mencionados.<\/p>\n<p><strong>Que traer<\/strong><br \/>\n\u2022 Ropa c\u00f3moda.<br \/>\n\u2022 Zapatos comodos.<br \/>\n\u2022 Poncho de lluvia.<br \/>\n\u2022 Gorra para protegerse del sol.<br \/>\n\u2022 Gafas de sol.<br \/>\n\u2022 Bloqueador solar.<br \/>\n\u2022 Agua y bocadillos.<\/p>\n<p><strong>Nota<\/strong>:<br \/>\n\u2022 Se recomienda reservar este tour con 2 meses de anticipaci\u00f3n, ya que la monta\u00f1a Huayna Picchu tiene ingresos limitados.<br \/>\n\u2022 Los horarios pueden variar, dependera mucho del ticket de tren y entradas!<\/p>\n<h2>Itinerario Machu Picchu y Huayna Picchu 2 D\u00edas<\/h2>\n<div class=\"tours-tabs\">\n\t<ul class=\"nav nav-tabs\">\n\t<li class=\"active\"><a href=\"#attab1_1\" data-toggle=\"tab\">D\u00eda 1: Cusco \u2013 Aguas Calientes<\/a><\/li><li><a href=\"#attab1_2\" data-toggle=\"tab\">D\u00eda 2: Machu Picchu - Huayna Picchu - Cusco<\/a><\/li>\t<\/ul>\n\t<div class=\"tab-content\">\n\t<div class=\"tab-pane active\" id=\"attab1_1\"><div class=\"tours-tabs__content padding-all\">\n<p>Nuestro circuito comenzar\u00e1 alrededor de las 11:30 am donde pasaremos a recogerte a tu hotel, luego iremos a la ciudad de Ollantaytambo donde abordaremos el tren tur\u00edstico con direcci\u00f3n a Aguas Calientes. En la estacion de Aguas Calientes\u00a0 el gu\u00eda lo estara esperando para llevarlo a su alojamiento respectivo y tambien le brindara la informaci\u00f3n para el d\u00eda siguiente; <strong>Visita de Machu Picchu y Huayna Picchu<\/strong>. Por la tarde, puede aprovechar en visitar la ciudad de aguas calientes y los ba\u00f1os termales por su cuenta.<\/p>\n<\/div><\/div><div class=\"tab-pane\" id=\"attab1_2\"><div class=\"tours-tabs__content padding-all\">\n<p>Nos levantaremos muy temprano para tomar nuestro desayuno 5:40 a.m y luego abordaremos el bus desde Aguas Calientes 6:15 a.m hacia la ciudadela de Machu Picchu. Alrededor de las 7:00 am tendras una visita guiada y posteriormente subiras a la monta\u00f1a <a href=\"https:\/\/www.gomachupicchubycar.com\/tours\/machu-picchu-with-huayna-picchu-1-day\/\" target=\"_blank\" rel=\"noopener noreferrer\">Huayna Picchu<\/a>, la subida tiene una duracion de aproximadamente de 1 hora y media.<\/p>\n<p>13:00 Bus de retorno desde <a href=\"https:\/\/www.mountainpalcoyo.com\/es\/tours\/tour-de-lujo-machu-picchu-2-dias-1-noche\/\" target=\"_blank\" rel=\"noopener\">Machu Picchu<\/a> Aguas Calientes y luego tendras la tarde libre.<br \/>\n16:10Debes presentarte en la estacion de tren de Aguas calientes<br \/>\n16:43 Tren turistico desde Aguas Calientes a Ollantaytambo<br \/>\n18:31 Llegada a Ollantaytambo y traslado turistico hacia la <a href=\"https:\/\/www.mountainpalcoyo.com\/es\/tours\/tour-privado-city-tour-cusco-y-maras-moray\/\" target=\"_blank\" rel=\"noopener noreferrer\">ciudad del Cusco<\/a><br \/>\n20:00 aprox llegaremos a la ciudad del Cusco.<\/p>\n<\/div><\/div>\t<\/div>\n<\/div>\n<h2>Viaja seguro durante el COVID-19<\/h2>\n<p>Nuestra agencia de viajes cuenta con todos los protocolos de Bioseguridad y usted podr\u00e1 <strong>visitar Machu Picchu y Cusco de una forma segura<\/strong>.<\/p>\n<p>\u2022 Controles de temperatura frecuentemente de todo nuestro personal. Gu\u00edas \/ Agentes de viajes \/ Conductores \/ Recepcionistas.<br \/>\n\u2022 Desinfecci\u00f3n frecuente de los veh\u00edculos de transporte.<br \/>\n\u2022 Se requieren m\u00e1scaras, barbijos, tapabocas y protector facial (Muy requerido).<br \/>\n\u2022 Se exige distanciamiento social durante toda la experiencia.<\/p>\n","protected":false},"excerpt":{"rendered":"<div class=\"padding-top text-center\"><a href=\"https:\/\/www.mountainpalcoyo.com\/es\/tours\/tour-machu-picchu-y-huayna-picchu-2-dias\/\" class=\"atbtn atbtn--medium atbtn--rounded atbtn--transparent\">Read more<i class=\"atbtn__icon atbtn__icon--right fa fa-long-arrow-right\"><\/i><\/a><\/div>\n","protected":false},"featured_media":30,"comment_status":"closed","ping_status":"closed","template":"","meta":[],"product_brand":[],"product_cat":[17],"product_tag":[27,21,23,25,26,24,22],"class_list":{"0":"post-25","1":"product","2":"type-product","3":"status-publish","4":"has-post-thumbnail","6":"product_cat-cusco","7":"product_tag-inca-rail","8":"product_tag-machu-picchu-tours","9":"product_tag-machu-picchu-viajes","10":"product_tag-paquetes-a-machu-picchu","11":"product_tag-peru-rail","12":"product_tag-viajes-a-cusco","13":"product_tag-viajes-a-machu-picchu","14":"tour_category-machu-picchu","16":"first","17":"instock","18":"sale","19":"shipping-taxable","20":"purchasable","21":"product-type-tour"},"aioseo_notices":[],"amp_enabled":true,"_links":{"self":[{"href":"https:\/\/www.mountainpalcoyo.com\/es\/wp-json\/wp\/v2\/product\/25","targetHints":{"allow":["GET"]}}],"collection":[{"href":"https:\/\/www.mountainpalcoyo.com\/es\/wp-json\/wp\/v2\/product"}],"about":[{"href":"https:\/\/www.mountainpalcoyo.com\/es\/wp-json\/wp\/v2\/types\/product"}],"replies":[{"embeddable":true,"href":"https:\/\/www.mountainpalcoyo.com\/es\/wp-json\/wp\/v2\/comments?post=25"}],"wp:featuredmedia":[{"embeddable":true,"href":"https:\/\/www.mountainpalcoyo.com\/es\/wp-json\/wp\/v2\/media\/30"}],"wp:attachment":[{"href":"https:\/\/www.mountainpalcoyo.com\/es\/wp-json\/wp\/v2\/media?parent=25"}],"wp:term":[{"taxonomy":"product_brand","embeddable":true,"href":"https:\/\/www.mountainpalcoyo.com\/es\/wp-json\/wp\/v2\/product_brand?post=25"},{"taxonomy":"product_cat","embeddable":true,"href":"https:\/\/www.mountainpalcoyo.com\/es\/wp-json\/wp\/v2\/product_cat?post=25"},{"taxonomy":"product_tag","embeddable":true,"href":"https:\/\/www.mountainpalcoyo.com\/es\/wp-json\/wp\/v2\/product_tag?post=25"}],"curies":[{"name":"wp","href":"https:\/\/api.w.org\/{rel}","templated":true}]}}