{"id":220,"date":"2019-02-16T10:11:34","date_gmt":"2019-02-16T10:11:34","guid":{"rendered":"http:\/\/www.mountainpalcoyo.com\/es\/?post_type=product&#038;p=220"},"modified":"2025-03-28T23:04:10","modified_gmt":"2025-03-28T23:04:10","slug":"tour-economico-machu-picchu-huayna-picchu-3d-2n","status":"publish","type":"product","link":"https:\/\/www.mountainpalcoyo.com\/es\/tours\/tour-economico-machu-picchu-huayna-picchu-3d-2n\/","title":{"rendered":"Tour Economico Machu Picchu y Huayna Picchu 3 Dias 2 Noches"},"content":{"rendered":"<p><strong>Tour econ\u00f3mico Machu Picchu y Monta\u00f1a Huayna Picchu en 3 D\u00edas y 2 Noches<\/strong>. Un tour perfecto para quienes desean <strong>visitar la ciudadela de Machu Picchu y la monta\u00f1a Huayna Picchu a un precio de oferta<\/strong>. Este tour es de mucha aventura donde podr\u00e1s observar hermosos paisajes y vivir una aventura \u00fanica y m\u00e1gica.<\/p>\n<p>Es importante reservar este Tour con anticipaci\u00f3n, debido a que los cupos a <a href=\"https:\/\/www.riorojocusco.com\/tours\/visita-machu-picchu-y-huayna-picchu-en-2-dias\/\" target=\"_blank\" rel=\"noopener noreferrer\">Huayna Picchu<\/a> son limitados.<\/p>\n<h2>Machu Picchu + Huayna Picchu<\/h2>\n<table style=\"height: 86px;\" width=\"240\">\n<tbody>\n<tr>\n<td style=\"background-color: #cc0033; border-color: #ffffff; text-align: center;\"><a href=\"https:\/\/wa.me\/51936286411\"><span style=\"color: #ffffff;\">Reservar Ahora<\/span><\/a><\/td>\n<\/tr>\n<\/tbody>\n<\/table>\n<p><strong>Precio<\/strong>: US $ 215.00 por persona<br \/>\n<strong>Inicio<\/strong>: 06:00 am (D\u00eda 1).<br \/>\n<strong>Retorno<\/strong>: 10:00 pm aprox (D\u00eda 3).<br \/>\n<strong>Duraci\u00f3n<\/strong>: 3 D\u00edas y 2 Noches.<br \/>\n<strong>Salidas diarias<\/strong><br \/>\n<strong>Grupo compartido<\/strong><\/p>\n<p><strong>Incluye Machu Picchu + Huayna Picchu<\/strong><\/p>\n<p><strong>D\u00eda 1<\/strong>:<br \/>\n<i class=\"fa fa-check icon-tick icon-tick--on\"><\/i> Pickup en el hotel<br \/>\n<i class=\"fa fa-check icon-tick icon-tick--on\"><\/i> Transporte tur\u00edstico Cusco \u2013 <a href=\"https:\/\/www.mountainpalcoyo.com\/es\/traslado-cusco-hidroelectrica\/\" target=\"_blank\" rel=\"noopener\">Hidroel\u00e9ctrica<\/a><br \/>\n<i class=\"fa fa-check icon-tick icon-tick--on\"><\/i> Almuerzo<br \/>\n<i class=\"fa fa-check icon-tick icon-tick--on\"><\/i> 1 noche de alojamiento b\u00e1sico compartido en Aguas Calientes.<br \/>\n<i class=\"fa fa-check icon-tick icon-tick--on\"><\/i> Cena<\/p>\n<p><strong>D\u00eda 2<\/strong>:<br \/>\n<i class=\"fa fa-check icon-tick icon-tick--on\"><\/i> Desayuno<br \/>\n<i class=\"fa fa-check icon-tick icon-tick--on\"><\/i> Boleto de ingreso al Santuario de <a href=\"https:\/\/www.mountainpalcoyo.com\/es\/tours\/tour-machu-picchu-en-1-dia\/\">Machu Picchu<\/a><br \/>\n<i class=\"fa fa-check icon-tick icon-tick--on\"><\/i> Boleto de ingreso a la <a href=\"https:\/\/www.mountainpalcoyo.com\/es\/tours\/tour-machu-picchu-y-huayna-picchu-2-dias\/\">monta\u00f1a de Huayna Picchu<\/a><br \/>\n<i class=\"fa fa-check icon-tick icon-tick--on\"><\/i> Bus Consettur de Subida de Aguas Calientes a Machu Picchu<br \/>\n<i class=\"fa fa-check icon-tick icon-tick--on\"><\/i> Gu\u00eda biling\u00fce<br \/>\n<i class=\"fa fa-check icon-tick icon-tick--on\"><\/i> 1 noche de alojamiento b\u00e1sico compartido en Aguas Calientes.<\/p>\n<p><strong>D\u00eda 3<\/strong>:<br \/>\n<i class=\"fa fa-check icon-tick icon-tick--on\"><\/i> Desayuno<br \/>\n<i class=\"fa fa-check icon-tick icon-tick--on\"><\/i> Transporte tur\u00edstico de retorno Hidroel\u00e9ctrica \u2013 Cusco<br \/>\n<i class=\"fa fa-check icon-tick icon-tick--on\"><\/i> Drop off en el centro del Cusco<\/p>\n<p><strong>No Incluye<\/strong>:<br \/>\n<i class=\"fa fa-times icon-tick icon-tick--off\"><\/i> Tren ida y vuelta <a href=\"https:\/\/www.mountainpalcoyo.com\/es\/aeropuerto-cusco-a-estacion-de-ollantaytambo-ida-y-vuelta\/\" target=\"_blank\" rel=\"noopener\">Ollantaytambo<\/a> \u2013 Aguas Calientes &#8211; Ollantaytambo<br \/>\n<i class=\"fa fa-times icon-tick icon-tick--off\"><\/i> Bus Consettur de Retorno Machu Picchu a Aguas Calientes<br \/>\n<i class=\"fa fa-times icon-tick icon-tick--off\"><\/i> Alojamiento en Cusco (D\u00eda 3).<br \/>\n<i class=\"fa fa-times icon-tick icon-tick--off\"><\/i> Almuerzo (D\u00eda 2 y D\u00eda 3).<br \/>\n<i class=\"fa fa-times icon-tick icon-tick--off\"><\/i> Cena (D\u00eda 2 y D\u00eda 3)<br \/>\n<i class=\"fa fa-times icon-tick icon-tick--off\"><\/i> Entrada a los ba\u00f1os termales<br \/>\n<i class=\"fa fa-times icon-tick icon-tick--off\"><\/i> Propinas<\/p>\n<p><strong>Qu\u00e9 llevar:<\/strong> Pasaporte o documento original, una peque\u00f1a mochila, ropa abrigada, ropa impermeable, zapatos de trekking, gorra, lentes de sol, protector solar, refrigerio, agua, ropa c\u00f3moda y sombrero y guantes para protegerse del fr\u00edo, dinero extra.<\/p>\n<h2>Itinerario Machu Picchu + Huayna Picchu 3D\/2N<\/h2>\n<div class=\"panel-group accordion\" id=\"ataccordion1\">\n<div class=\"panel panel-default accordion__item\">\n\t<div class=\"panel-heading accordion__item__title-wrap\">\n\t\t<h4 class=\"panel-title\">\n\t\t\t<a data-toggle=\"collapse\" data-parent=\"#ataccordion1\" href=\"#ataccordion1_1\" class=\"accordion__item__link\">D\u00eda 1: Cusco - Hidroelectrica - Aguas Calientes<\/a>\n\t\t<\/h4>\n\t<\/div>\n\t<div id=\"ataccordion1_1\" class=\"panel-collapse in\">\n\t\t<div class=\"panel-body accordion__item__content\">Nuestra aventura comienza alrededor 6:00 am donde pasaremos a recogerte a tu Hotel y seguidamente tendremos un viaje rumbo a la hidroel\u00e9ctrica. Alrededor de las 12:00 pm tendremos nuestro delicioso almuerzo y seguidamente continuaremos con nuestro viaje hacia la hidroel\u00e9ctrica.\n<p>Llegaremos a la hidroel\u00e9ctrica alrededor 3:00 pm en este punto comenzara nuestra caminata rumbo al pueblo de Aguas Calientes, caminata durante 3 horas aproximadamente.<\/p>\n<p>En la plaza de Aguas Calientes el Gu\u00eda estar\u00e1 esper\u00e1ndolos para llevarlos a su alojamiento respectivo y posteriormente tener nuestra Cena.<br \/>\n<\/p><\/div>\n\t<\/div>\n<\/div>\n<div class=\"panel panel-default accordion__item\">\n\t<div class=\"panel-heading accordion__item__title-wrap\">\n\t\t<h4 class=\"panel-title\">\n\t\t\t<a data-toggle=\"collapse\" data-parent=\"#ataccordion1\" href=\"#ataccordion1_2\" class=\"accordion__item__link\">D\u00eda 2: Aguas Calientes - Machu Picchu + Huayna Picchu<\/a>\n\t\t<\/h4>\n\t<\/div>\n\t<div id=\"ataccordion1_2\" class=\"panel-collapse in\">\n\t\t<div class=\"panel-body accordion__item__content\">\u2022 4:30 am: Tendremos nuestro delicioso desayuno.<br \/>\n\u2022 5:10 am: Bus de subida consettur de Aguas Calientes a Machu Picchu.<br \/>\n\u2022 6:00 am: Ingreso a Machu Picchu. Guiado durante 2 horas.<br \/>\n\u2022 8:00 am: Ingreso a Huayna Picchu.<br \/>\n\u2022 11:00 am: Retorno de Huayna Picchu a Machu Picchu<br \/>\n\u2022 12:00 pm: Retorno caminando de <a href=\"https:\/\/www.mountainpalcoyo.com\/es\/tours\/tour-privado-machu-picchu-en-1-dia\/\">Machu Picchu<\/a> a Aguas Calientes\n<p>Tarde Libre: Puedes visitar los ba\u00f1os termales en Aguas Calientes, no incluido en el tour.<\/p>\n<p><strong>Nota:<\/strong> Los horarios pueden cambiar dependiendo del horario de <a href=\"https:\/\/www.donperutours.com\/es\/comprar-entrada-a-machu-picchu-con-huayna-picchu\/\" target=\"_blank\" rel=\"noopener noreferrer\">entrada a Machu Picchu y Huayna Picchu<\/a>.<\/p>\n<\/div>\n\t<\/div>\n<\/div>\n<div class=\"panel panel-default accordion__item\">\n\t<div class=\"panel-heading accordion__item__title-wrap\">\n\t\t<h4 class=\"panel-title\">\n\t\t\t<a data-toggle=\"collapse\" data-parent=\"#ataccordion1\" href=\"#ataccordion1_3\" class=\"accordion__item__link\">D\u00eda 3: Aguas Calientes - Hidroelectrica - Cusco<\/a>\n\t\t<\/h4>\n\t<\/div>\n\t<div id=\"ataccordion1_3\" class=\"panel-collapse in\">\n\t\t<div class=\"panel-body accordion__item__content\">Alrededor de las 7:00 am tendr\u00e1s tu desayuno, y luego tendr\u00e1s tiempo para andar por el pueblo de Aguas calientes. Alrededor 11:00 am deber\u00e1s de retornar caminando de Aguas Calientes rumbo a la Hidroel\u00e9ctrica. 2:00 pm estaremos retornando en nuestro transporte tur\u00edstico de la Hidroel\u00e9ctrica rumbo a la ciudad del Cusco. Nuestra llegada ser\u00e1 alrededor de las 9:30 pm aprox. Fin de nuestros servicios. <\/div>\n\t<\/div>\n<\/div><\/div>\n<p>&nbsp;<\/p>\n<h3>Viaja seguro durante el COVID-19<\/h3>\n<p>Nuestra agencia de viajes cuenta con todos los protocolos de Bioseguridad y usted podr\u00e1 <strong>visitar Machu Picchu y Cusco<\/strong> de una forma segura.<\/p>\n<p>\u2022 Controles de temperatura frecuentemente de todo nuestro personal. Gu\u00edas \/ Agentes de viajes \/ Conductores \/ Recepcionistas.<br \/>\n\u2022 Controles de temperatura a los participantes del tour al llegar.<br \/>\n\u2022 Alcohol en gel disponible para los viajeros y el personal.<br \/>\n\u2022 Desinfecci\u00f3n frecuente de los veh\u00edculos de transporte.<br \/>\n\u2022 Se requieren m\u00e1scaras, barbijos, tapabocas y protector facial (Muy requerido).<br \/>\n\u2022 Se exige distanciamiento social durante toda la experiencia.<\/p>\n","protected":false},"excerpt":{"rendered":"<div class=\"padding-top text-center\"><a href=\"https:\/\/www.mountainpalcoyo.com\/es\/tours\/tour-economico-machu-picchu-huayna-picchu-3d-2n\/\" class=\"atbtn atbtn--medium atbtn--rounded atbtn--transparent\">Read more<i class=\"atbtn__icon atbtn__icon--right fa fa-long-arrow-right\"><\/i><\/a><\/div>\n","protected":false},"featured_media":222,"comment_status":"closed","ping_status":"closed","template":"","meta":[],"product_brand":[],"product_cat":[17],"product_tag":[23,33,25,31,30,32,22],"class_list":{"0":"post-220","1":"product","2":"type-product","3":"status-publish","4":"has-post-thumbnail","6":"product_cat-cusco","7":"product_tag-machu-picchu-viajes","8":"product_tag-montanas-en-peru","9":"product_tag-paquetes-a-machu-picchu","10":"product_tag-peru-viajes","11":"product_tag-tours-en-cusco","12":"product_tag-tours-peru","13":"product_tag-viajes-a-machu-picchu","14":"tour_category-machu-picchu","16":"first","17":"instock","18":"sale","19":"shipping-taxable","20":"purchasable","21":"product-type-tour"},"aioseo_notices":[],"amp_enabled":true,"_links":{"self":[{"href":"https:\/\/www.mountainpalcoyo.com\/es\/wp-json\/wp\/v2\/product\/220","targetHints":{"allow":["GET"]}}],"collection":[{"href":"https:\/\/www.mountainpalcoyo.com\/es\/wp-json\/wp\/v2\/product"}],"about":[{"href":"https:\/\/www.mountainpalcoyo.com\/es\/wp-json\/wp\/v2\/types\/product"}],"replies":[{"embeddable":true,"href":"https:\/\/www.mountainpalcoyo.com\/es\/wp-json\/wp\/v2\/comments?post=220"}],"wp:featuredmedia":[{"embeddable":true,"href":"https:\/\/www.mountainpalcoyo.com\/es\/wp-json\/wp\/v2\/media\/222"}],"wp:attachment":[{"href":"https:\/\/www.mountainpalcoyo.com\/es\/wp-json\/wp\/v2\/media?parent=220"}],"wp:term":[{"taxonomy":"product_brand","embeddable":true,"href":"https:\/\/www.mountainpalcoyo.com\/es\/wp-json\/wp\/v2\/product_brand?post=220"},{"taxonomy":"product_cat","embeddable":true,"href":"https:\/\/www.mountainpalcoyo.com\/es\/wp-json\/wp\/v2\/product_cat?post=220"},{"taxonomy":"product_tag","embeddable":true,"href":"https:\/\/www.mountainpalcoyo.com\/es\/wp-json\/wp\/v2\/product_tag?post=220"}],"curies":[{"name":"wp","href":"https:\/\/api.w.org\/{rel}","templated":true}]}}