{"id":209,"date":"2019-02-02T17:19:58","date_gmt":"2019-02-02T17:19:58","guid":{"rendered":"http:\/\/www.mountainpalcoyo.com\/es\/?post_type=product&#038;p=209"},"modified":"2025-03-28T22:55:14","modified_gmt":"2025-03-28T22:55:14","slug":"humedales-de-huasao-y-ruinas-de-tipon","status":"publish","type":"product","link":"https:\/\/www.mountainpalcoyo.com\/es\/tours\/humedales-de-huasao-y-ruinas-de-tipon\/","title":{"rendered":"Humedales de Huasao y Ruinas de Tipon"},"content":{"rendered":"<h2>Tour Humedales de Huasao y Ruinas de Tipon<\/h2>\n<table style=\"height: 86px;\" width=\"240\">\n<tbody>\n<tr>\n<td style=\"background-color: #cc0033; border-color: #ffffff; text-align: center;\"><a href=\"https:\/\/wa.me\/51936286411\"><span style=\"color: #ffffff;\">Reservar Ahora<\/span><\/a><\/td>\n<\/tr>\n<\/tbody>\n<\/table>\n<p><strong>Precio<\/strong>: US $ 60.00 por persona<br \/>\n<strong>Horario<\/strong>: de 09:30 a.m. a 3:30 p.m.<br \/>\n<strong>Duraci\u00f3n<\/strong>: 6 horas<br \/>\n<strong>Minimo<\/strong>: 2 personas<br \/>\n<strong>Salidas diarias<\/strong><br \/>\n<strong>Tour Privado<\/strong><\/p>\n<p><strong>Incluye Humedales de Huasao y Ruinas de Tipon<\/strong>:<br \/>\n<i class=\"fa fa-check icon-tick icon-tick--on\"><\/i> Pickup en el hotel<br \/>\n<i class=\"fa fa-check icon-tick icon-tick--on\"><\/i> Transporte Privado (Ida y vuelta)<br \/>\n<i class=\"fa fa-check icon-tick icon-tick--on\"><\/i> Gu\u00eda biling\u00fce (espa\u00f1ol e ingl\u00e9s)<br \/>\n<i class=\"fa fa-check icon-tick icon-tick--on\"><\/i> Entrada a los Humedales de Huasao<br \/>\n<i class=\"fa fa-check icon-tick icon-tick--on\"><\/i> Almuerzo tipico en el pueblo de Saylla<br \/>\n<i class=\"fa fa-check icon-tick icon-tick--on\"><\/i> Drop off en tu hotel<br \/>\n<i class=\"fa fa-check icon-tick icon-tick--on\"><\/i> Asistencia Personalizada<\/p>\n<p><strong>No Incluye<\/strong>:<br \/>\n<i class=\"fa fa-times icon-tick icon-tick--off\"><\/i> Desayuno<br \/>\n<i class=\"fa fa-times icon-tick icon-tick--off\"><\/i> Boleto Turistico del Cusco<br \/>\n<i class=\"fa fa-times icon-tick icon-tick--off\"><\/i> Propinas<br \/>\n<i class=\"fa fa-times icon-tick icon-tick--off\"><\/i> Seguro de Viaje<br \/>\n<i class=\"fa fa-times icon-tick icon-tick--off\"><\/i> Otros servicios no mencionados.<\/p>\n<p><strong>Que llevar<\/strong>:<br \/>\n\u2022 Ropa ligera, guantes, calzado c\u00f3modo.<br \/>\n\u2022 Repelente de insectos, Bloqueador solar y lentes para el sol.<br \/>\n\u2022 Agua \/ Snack<br \/>\n\u2022 Dinero en Efectivo (Soles) para gastos extras<br \/>\n\u2022 C\u00e1mara digital con bateria y memoria.<\/p>\n<h2>Itinerario Humedales de Huasao y Ruinas de Tipon<\/h2>\n<div class=\"panel-group accordion\" id=\"ataccordion1\">\n<div class=\"panel panel-default accordion__item\">\n\t<div class=\"panel-heading accordion__item__title-wrap\">\n\t\t<h4 class=\"panel-title\">\n\t\t\t<a data-toggle=\"collapse\" data-parent=\"#ataccordion1\" href=\"#ataccordion1_1\" class=\"accordion__item__link\">Cusco - Ruinas de Tipon - Humedales de Huasao - Cusco<\/a>\n\t\t<\/h4>\n\t<\/div>\n\t<div id=\"ataccordion1_1\" class=\"panel-collapse in\">\n\t\t<div class=\"panel-body accordion__item__content\">A primera hora del d\u00eda 9:30 am pasaremos a recogerte a tu alojamiento, seguidamente tendremos un viaje al <a href=\"https:\/\/www.mountainpalcoyo.com\/es\/tours\/tour-privado-valle-sur-cusco-en-medio-dia\/\" target=\"_blank\" rel=\"noopener\">sur del Cusco<\/a> en nuestro auto privado. Nuestro primer destino ser\u00e1 las ruinas de Tipon que est\u00e1 ubicado en el pueblo del mismo nombre. Tendremos una visita guiada en las ruinas de tipon durante media hora y tendr\u00e1s tiempo para recorrer el lugar y tomarte fotos para el recuerdo.\n<p>Continuaremos nuestro viaje y nos dirigiremos al pueblo de Huasao donde visitaremos los humedales, en este punto podr\u00e1s observar un bello paisaje y tomarte fotos con los personajes de Marvel, Groot y Bebe Groot. Despues de recorrer los humedales nos dirigiremos al pueblo de Saylla donde tendremos un almuerzo t\u00edpico del Cusco. Podr\u00e1s escoger un plato t\u00edpico del Cusco (A la Carta), incluye una bebida.<\/p>\n<p>Despu\u00e9s del almuerzo retornaremos a la ciudad del Cusco y te dejaremos en tu alojamiento. Fin de nuestros servicios.<\/p>\n<p><strong>Nota<\/strong>: Para visitar las ruinas de Tipon necesitas el boleto tur\u00edstico del Cusco.<br \/>\n<\/p><\/div>\n\t<\/div>\n<\/div><\/div>\n","protected":false},"excerpt":{"rendered":"<div class=\"padding-top text-center\"><a href=\"https:\/\/www.mountainpalcoyo.com\/es\/tours\/humedales-de-huasao-y-ruinas-de-tipon\/\" class=\"atbtn atbtn--medium atbtn--rounded atbtn--transparent\">Read more<i class=\"atbtn__icon atbtn__icon--right fa fa-long-arrow-right\"><\/i><\/a><\/div>\n","protected":false},"featured_media":210,"comment_status":"closed","ping_status":"closed","template":"","meta":[],"product_brand":[],"product_cat":[17],"product_tag":[45,28,31,30,32,44,24],"class_list":{"0":"post-209","1":"product","2":"type-product","3":"status-publish","4":"has-post-thumbnail","6":"product_cat-cusco","7":"product_tag-cusco-tours","8":"product_tag-cusco-viajes","9":"product_tag-peru-viajes","10":"product_tag-tours-en-cusco","11":"product_tag-tours-peru","12":"product_tag-trip-cusco","13":"product_tag-viajes-a-cusco","14":"tour_category-full-day","16":"first","17":"instock","18":"sale","19":"shipping-taxable","20":"purchasable","21":"product-type-tour"},"aioseo_notices":[],"amp_enabled":true,"_links":{"self":[{"href":"https:\/\/www.mountainpalcoyo.com\/es\/wp-json\/wp\/v2\/product\/209","targetHints":{"allow":["GET"]}}],"collection":[{"href":"https:\/\/www.mountainpalcoyo.com\/es\/wp-json\/wp\/v2\/product"}],"about":[{"href":"https:\/\/www.mountainpalcoyo.com\/es\/wp-json\/wp\/v2\/types\/product"}],"replies":[{"embeddable":true,"href":"https:\/\/www.mountainpalcoyo.com\/es\/wp-json\/wp\/v2\/comments?post=209"}],"wp:featuredmedia":[{"embeddable":true,"href":"https:\/\/www.mountainpalcoyo.com\/es\/wp-json\/wp\/v2\/media\/210"}],"wp:attachment":[{"href":"https:\/\/www.mountainpalcoyo.com\/es\/wp-json\/wp\/v2\/media?parent=209"}],"wp:term":[{"taxonomy":"product_brand","embeddable":true,"href":"https:\/\/www.mountainpalcoyo.com\/es\/wp-json\/wp\/v2\/product_brand?post=209"},{"taxonomy":"product_cat","embeddable":true,"href":"https:\/\/www.mountainpalcoyo.com\/es\/wp-json\/wp\/v2\/product_cat?post=209"},{"taxonomy":"product_tag","embeddable":true,"href":"https:\/\/www.mountainpalcoyo.com\/es\/wp-json\/wp\/v2\/product_tag?post=209"}],"curies":[{"name":"wp","href":"https:\/\/api.w.org\/{rel}","templated":true}]}}