{"id":203,"date":"2019-01-31T14:54:46","date_gmt":"2019-01-31T14:54:46","guid":{"rendered":"http:\/\/www.mountainpalcoyo.com\/es\/?post_type=product&#038;p=203"},"modified":"2025-03-28T22:51:27","modified_gmt":"2025-03-28T22:51:27","slug":"waqrapukara-en-1-dia","status":"publish","type":"product","link":"https:\/\/www.mountainpalcoyo.com\/es\/tours\/waqrapukara-en-1-dia\/","title":{"rendered":"Waqrapukara en 1 D\u00eda"},"content":{"rendered":"<p><strong>Waqrapukara en 1 D\u00eda<\/strong>, tour m\u00e1gico donde podr\u00e1s visitar el santuario y\/o observatorio astron\u00f3mico. Las ruinas de Waqrapukara est\u00e1 ubicada al sur del <a href=\"https:\/\/www.mountainpalcoyo.com\/es\/tours\/city-tour-cusco-medio-dia\/\" target=\"_blank\" rel=\"noopener\">Cusco<\/a>. Waqrapukara Full Day Incluye transporte compartido y almuerzo.<\/p>\n<h2>Tour Waqrapukara en 1 D\u00eda<\/h2>\n<table style=\"height: 86px;\" width=\"240\">\n<tbody>\n<tr>\n<td style=\"background-color: #cc0033; border-color: #ffffff; text-align: center;\"><a href=\"https:\/\/wa.me\/51936286411\"><span style=\"color: #ffffff;\">Reservar Ahora<\/span><\/a><\/td>\n<\/tr>\n<\/tbody>\n<\/table>\n<p><strong>Precio<\/strong>: US $ 95.00 por persona.<br \/>\n<strong>Horario<\/strong>: de 03:30 a.m. a 7:30 p.m.<br \/>\n<strong>Duraci\u00f3n<\/strong>: 16 horas<br \/>\n<strong>Minimo<\/strong>: 2 Personas<br \/>\n<strong>Salidas diarias<\/strong><br \/>\n<strong>Grupo compartido<\/strong><\/p>\n<p><strong>Incluye Waqrapukara Full Day<\/strong>:<\/p>\n<p><i class=\"fa fa-check icon-tick icon-tick--on\"><\/i> Pickup en el hotel<br \/>\n<i class=\"fa fa-check icon-tick icon-tick--on\"><\/i> Trasporte compartido Cusco \u2013 Sangrar\u00e1 \u2013 Cusco<br \/>\n<i class=\"fa fa-check icon-tick icon-tick--on\"><\/i> Gu\u00eda bilingue<br \/>\n<i class=\"fa fa-check icon-tick icon-tick--on\"><\/i> Desayuno<br \/>\n<i class=\"fa fa-check icon-tick icon-tick--on\"><\/i> Almuerzo<br \/>\n<i class=\"fa fa-check icon-tick icon-tick--on\"><\/i> Boleto de ingreso<br \/>\n<i class=\"fa fa-check icon-tick icon-tick--on\"><\/i> Botiqu\u00edn de primeros auxilios<br \/>\n<i class=\"fa fa-check icon-tick icon-tick--on\"><\/i> Balon de Oxigeno<\/p>\n<p><strong>No incluye<\/strong>:<\/p>\n<p><i class=\"fa fa-times icon-tick icon-tick--off\"><\/i> Bastones de Trekking<br \/>\n<i class=\"fa fa-times icon-tick icon-tick--off\"><\/i> Seguro m\u00e9dico.<br \/>\n<i class=\"fa fa-times icon-tick icon-tick--off\"><\/i> Gastos personales.<br \/>\n<i class=\"fa fa-times icon-tick icon-tick--off\"><\/i> Propinas (Opcional)<br \/>\n<i class=\"fa fa-times icon-tick icon-tick--off\"><\/i> Otros servicios no mencionados.<\/p>\n<p><strong>Qu\u00e9 traer<\/strong>: Ropa impermeable, calzado de trekking, gorro, gafas, bloqueador solar, snack, agua, bastones de trekking, repelente de insectos, guantes para el fr\u00edo, mochila, poncho para la lluvia y camara fotografica.<\/p>\n<p><strong>Importante<\/strong>:<br \/>\n\u2022 No apto para personas embarazadas.<br \/>\n\u2022 No es adecuado para personas con problemas card\u00edacos.<br \/>\n\u2022 Preferible mayores de 11 a\u00f1os.<\/p>\n<h2>Itinerario Waqrapukara 1 Dia<\/h2>\n<div class=\"panel-group accordion\" id=\"ataccordion1\">\n<div class=\"panel panel-default accordion__item\">\n\t<div class=\"panel-heading accordion__item__title-wrap\">\n\t\t<h4 class=\"panel-title\">\n\t\t\t<a data-toggle=\"collapse\" data-parent=\"#ataccordion1\" href=\"#ataccordion1_1\" class=\"accordion__item__link\">Cusco - Waqrapukara<\/a>\n\t\t<\/h4>\n\t<\/div>\n\t<div id=\"ataccordion1_1\" class=\"panel-collapse in\">\n\t\t<div class=\"panel-body accordion__item__content\">Alrededor de las 3:30 am pasaremos a tu hotel para recogerte y nos dirigiremos hacia el sur de Cusco. Tendremos un viaje en auto por tres horas hasta llegar a sangarara donde tendremos nuestro delicioso desayuno. Seguidamente continuaremos hacia el poblado de la Rinconada, lugar donde comenzara nuestra caminata hacia las ruinas de Waqrapukara. Durante la caminata podr\u00e1s observar bellos paisajes y animales de la zona. Finalmente llegaremos al santuario de primer orden con un poder pol\u00edtico y religioso que a\u00fan no se ha descifrado, y tendremos la oportunidad de recorrer el lugar, conocer su historia y sacar fotograf\u00edas. Despu\u00e9s de visitar Waqrapukara retornaremos y tendremos nuestro almuerzo y finalmente retorno a la ciudad del Cusco.<\/div>\n\t<\/div>\n<\/div><\/div>\n","protected":false},"excerpt":{"rendered":"<div class=\"padding-top text-center\"><a href=\"https:\/\/www.mountainpalcoyo.com\/es\/tours\/waqrapukara-en-1-dia\/\" class=\"atbtn atbtn--medium atbtn--rounded atbtn--transparent\">Read more<i class=\"atbtn__icon atbtn__icon--right fa fa-long-arrow-right\"><\/i><\/a><\/div>\n","protected":false},"featured_media":204,"comment_status":"closed","ping_status":"closed","template":"","meta":[],"product_brand":[],"product_cat":[17],"product_tag":[28,30,32,44,24],"class_list":{"0":"post-203","1":"product","2":"type-product","3":"status-publish","4":"has-post-thumbnail","6":"product_cat-cusco","7":"product_tag-cusco-viajes","8":"product_tag-tours-en-cusco","9":"product_tag-tours-peru","10":"product_tag-trip-cusco","11":"product_tag-viajes-a-cusco","12":"tour_category-full-day","14":"first","15":"instock","16":"sale","17":"shipping-taxable","18":"purchasable","19":"product-type-tour"},"aioseo_notices":[],"amp_enabled":true,"_links":{"self":[{"href":"https:\/\/www.mountainpalcoyo.com\/es\/wp-json\/wp\/v2\/product\/203","targetHints":{"allow":["GET"]}}],"collection":[{"href":"https:\/\/www.mountainpalcoyo.com\/es\/wp-json\/wp\/v2\/product"}],"about":[{"href":"https:\/\/www.mountainpalcoyo.com\/es\/wp-json\/wp\/v2\/types\/product"}],"replies":[{"embeddable":true,"href":"https:\/\/www.mountainpalcoyo.com\/es\/wp-json\/wp\/v2\/comments?post=203"}],"wp:featuredmedia":[{"embeddable":true,"href":"https:\/\/www.mountainpalcoyo.com\/es\/wp-json\/wp\/v2\/media\/204"}],"wp:attachment":[{"href":"https:\/\/www.mountainpalcoyo.com\/es\/wp-json\/wp\/v2\/media?parent=203"}],"wp:term":[{"taxonomy":"product_brand","embeddable":true,"href":"https:\/\/www.mountainpalcoyo.com\/es\/wp-json\/wp\/v2\/product_brand?post=203"},{"taxonomy":"product_cat","embeddable":true,"href":"https:\/\/www.mountainpalcoyo.com\/es\/wp-json\/wp\/v2\/product_cat?post=203"},{"taxonomy":"product_tag","embeddable":true,"href":"https:\/\/www.mountainpalcoyo.com\/es\/wp-json\/wp\/v2\/product_tag?post=203"}],"curies":[{"name":"wp","href":"https:\/\/api.w.org\/{rel}","templated":true}]}}