{"id":192,"date":"2019-01-30T15:29:19","date_gmt":"2019-01-30T15:29:19","guid":{"rendered":"http:\/\/www.mountainpalcoyo.com\/es\/?post_type=product&#038;p=192"},"modified":"2025-03-28T22:46:07","modified_gmt":"2025-03-28T22:46:07","slug":"puente-inca-qeswachaka-y-cuatro-lagunas","status":"publish","type":"product","link":"https:\/\/www.mountainpalcoyo.com\/es\/tours\/puente-inca-qeswachaka-y-cuatro-lagunas\/","title":{"rendered":"Puente Inca Q&#8217;eswachaka y Cuatro Lagunas"},"content":{"rendered":"<p><strong>Tour Puente Inca Q&#8217;eswachaka y Cuatro Lagunas<\/strong>, una aventura \u00fanica y m\u00e1gica donde podr\u00e1s conocer el ultimo puente inca y tambi\u00e9n visitar las lagunas de sus alrededores. Visita la aut\u00e9ntica reliquia inca y \u00fanica en el mundo.<\/p>\n<h2>Tour Puente Inca Q&#8217;eswachaka<\/h2>\n<table style=\"height: 86px;\" width=\"240\">\n<tbody>\n<tr>\n<td style=\"background-color: #cc0033; border-color: #ffffff; text-align: center;\"><a href=\"https:\/\/wa.me\/51936286411\"><span style=\"color: #ffffff;\">Reservar Ahora<\/span><\/a><\/td>\n<\/tr>\n<\/tbody>\n<\/table>\n<p>Precio: US$ 80.00 por persona.<br \/>\nHorario: 07:00 am a 5:00 pm<br \/>\nDuraci\u00f3n: 10 horas.<br \/>\nTipo: Caminata<br \/>\nSalidas Diarias<\/p>\n<p><strong>Incluye Puente Inca Q&#8217;eswachaka<\/strong>:<\/p>\n<p><i class=\"fa fa-check icon-tick icon-tick--on\"><\/i> Pickup en el hotel<br \/>\n<i class=\"fa fa-check icon-tick icon-tick--on\"><\/i> Transporte compartido<br \/>\n<i class=\"fa fa-check icon-tick icon-tick--on\"><\/i> Almuerzo<br \/>\n<i class=\"fa fa-check icon-tick icon-tick--on\"><\/i> Gu\u00eda biling\u00fce<br \/>\n<i class=\"fa fa-check icon-tick icon-tick--on\"><\/i> Asistencia Personalizada<br \/>\n<i class=\"fa fa-check icon-tick icon-tick--on\"><\/i> Drop off en el centro de <a href=\"https:\/\/www.mountainpalcoyo.com\/es\/tours\/city-tour-cusco-medio-dia\/\" target=\"_blank\" rel=\"noopener\">Cusco<\/a><\/p>\n<p><strong>No Incluye<\/strong>:<br \/>\n<i class=\"fa fa-times icon-tick icon-tick--off\"><\/i> Desayuno<br \/>\n<i class=\"fa fa-times icon-tick icon-tick--off\"><\/i> Propinas<br \/>\n<i class=\"fa fa-times icon-tick icon-tick--off\"><\/i> Seguro de Viaje<br \/>\n<i class=\"fa fa-times icon-tick icon-tick--off\"><\/i> Otros servicios no mencionados.<\/p>\n<p><strong>Que llevar<\/strong>:<br \/>\n\u2022 Ropa ligera, guantes, calzado c\u00f3modo.<br \/>\n\u2022 Repelente de insectos, Bloqueador solar y lentes para el sol.<br \/>\n\u2022 Agua \/ Snack<br \/>\n\u2022 Dinero en Efectivo (Soles) para gastos extras<br \/>\n\u2022 C\u00e1mara digital con bateria y memoria.<\/p>\n<h2>Itinerario Puente Inca Q&#8217;eswachaka y Cuatro Lagunas<\/h2>\n<div class=\"panel-group accordion\" id=\"ataccordion1\">\n<div class=\"panel panel-default accordion__item\">\n\t<div class=\"panel-heading accordion__item__title-wrap\">\n\t\t<h4 class=\"panel-title\">\n\t\t\t<a data-toggle=\"collapse\" data-parent=\"#ataccordion1\" href=\"#ataccordion1_1\" class=\"accordion__item__link\">Cusco - Puente Inca<\/a>\n\t\t<\/h4>\n\t<\/div>\n\t<div id=\"ataccordion1_1\" class=\"panel-collapse in\">\n\t\t<div class=\"panel-body accordion__item__content\">Nuestra aventura comienza alrededor de las 7:00 am donde pasaremos a buscarte a tu hotel y abordaremos nuestro transporte hacia el sur de Cusco, hasta llegar al distrito de Quehue, provincia de Canas. Nuestro viaje ser\u00e1 durante 3 horas y luego iniciaremos una caminata para conocer la aut\u00e9ntica reliquia inca \u201cpuente quechua, el Q\u2019eswachaka\u201d, que es considerada como el patrimonio de la Humanidad de UNESCO. En este punto el gu\u00eda nos brindara informaci\u00f3n sobre la historia del puente inca y luego podr\u00e1s tomar fotos hermosas y recorrer el lugar. Seguidamente iremos de viaje por 1 hora hacia el circuito cuatro lagunas. Las 4 lagunas esta conformadas por: Pomacanchi, Acopia, Asnaqocha y Pampamarca. En este punto podr\u00e1s disfrutar de hermosos paisajes y lo mejor de la flora y fauna. Finalmente tendremos nuestro almuerzo y luego nos dirigiremos a la ciudad del Cusco. Fin del tour.<\/div>\n\t<\/div>\n<\/div><\/div>\n","protected":false},"excerpt":{"rendered":"<div class=\"padding-top text-center\"><a href=\"https:\/\/www.mountainpalcoyo.com\/es\/tours\/puente-inca-qeswachaka-y-cuatro-lagunas\/\" class=\"atbtn atbtn--medium atbtn--rounded atbtn--transparent\">Read more<i class=\"atbtn__icon atbtn__icon--right fa fa-long-arrow-right\"><\/i><\/a><\/div>\n","protected":false},"featured_media":193,"comment_status":"closed","ping_status":"closed","template":"","meta":[],"product_brand":[],"product_cat":[17],"product_tag":[45,28,31,30,44],"class_list":{"0":"post-192","1":"product","2":"type-product","3":"status-publish","4":"has-post-thumbnail","6":"product_cat-cusco","7":"product_tag-cusco-tours","8":"product_tag-cusco-viajes","9":"product_tag-peru-viajes","10":"product_tag-tours-en-cusco","11":"product_tag-trip-cusco","12":"tour_category-full-day","14":"first","15":"instock","16":"sale","17":"shipping-taxable","18":"purchasable","19":"product-type-tour"},"aioseo_notices":[],"amp_enabled":true,"_links":{"self":[{"href":"https:\/\/www.mountainpalcoyo.com\/es\/wp-json\/wp\/v2\/product\/192","targetHints":{"allow":["GET"]}}],"collection":[{"href":"https:\/\/www.mountainpalcoyo.com\/es\/wp-json\/wp\/v2\/product"}],"about":[{"href":"https:\/\/www.mountainpalcoyo.com\/es\/wp-json\/wp\/v2\/types\/product"}],"replies":[{"embeddable":true,"href":"https:\/\/www.mountainpalcoyo.com\/es\/wp-json\/wp\/v2\/comments?post=192"}],"wp:featuredmedia":[{"embeddable":true,"href":"https:\/\/www.mountainpalcoyo.com\/es\/wp-json\/wp\/v2\/media\/193"}],"wp:attachment":[{"href":"https:\/\/www.mountainpalcoyo.com\/es\/wp-json\/wp\/v2\/media?parent=192"}],"wp:term":[{"taxonomy":"product_brand","embeddable":true,"href":"https:\/\/www.mountainpalcoyo.com\/es\/wp-json\/wp\/v2\/product_brand?post=192"},{"taxonomy":"product_cat","embeddable":true,"href":"https:\/\/www.mountainpalcoyo.com\/es\/wp-json\/wp\/v2\/product_cat?post=192"},{"taxonomy":"product_tag","embeddable":true,"href":"https:\/\/www.mountainpalcoyo.com\/es\/wp-json\/wp\/v2\/product_tag?post=192"}],"curies":[{"name":"wp","href":"https:\/\/api.w.org\/{rel}","templated":true}]}}