{"id":183,"date":"2019-01-21T15:45:12","date_gmt":"2019-01-21T15:45:12","guid":{"rendered":"http:\/\/www.mountainpalcoyo.com\/es\/?post_type=product&#038;p=183"},"modified":"2025-03-28T20:18:49","modified_gmt":"2025-03-28T20:18:49","slug":"city-tour-cusco-medio-dia","status":"publish","type":"product","link":"https:\/\/www.mountainpalcoyo.com\/es\/tours\/city-tour-cusco-medio-dia\/","title":{"rendered":"City Tour Cusco Medio Dia"},"content":{"rendered":"<p><strong>City Tour Cusco<\/strong>, es uno de los circuitos m\u00e1s tradicionales en Cusco. Con el <a href=\"https:\/\/www.mountainpalcoyo.com\/es\/tours\/tour-privado-city-tour-cusco-y-maras-moray\/\" target=\"_blank\" rel=\"noopener noreferrer\">city tour Cusco<\/a> podr\u00e1s visitar las ruinas cercanas a la ciudad del Cusco, entre ellas la fortaleza Inca de Sacsayhuaman, Qenqo, Puka Pukara y finalmente Tambomachay. Tour de medio dia ideal para conocer los <strong>principales atractivos del Cusco<\/strong>.<\/p>\n<h2>City Tour Cusco<\/h2>\n<table style=\"height: 86px;\" width=\"240\">\n<tbody>\n<tr>\n<td style=\"background-color: #cc0033; border-color: #ffffff; text-align: center;\"><a href=\"https:\/\/wa.me\/51936286411\"><span style=\"color: #ffffff;\">Reservar Ahora<\/span><\/a><\/td>\n<\/tr>\n<\/tbody>\n<\/table>\n<p><strong>Precio<\/strong>: US $ 15.00 por persona<br \/>\n<strong>Horarios<\/strong>: 09:00 &#8211; 10:00 &#8211; 13:00 &#8211; 14:00<br \/>\n<strong>Duraci\u00f3n<\/strong>: 4 horas<br \/>\n<strong>Grupo Compartido<\/strong><br \/>\n<strong>Salidas diarias<\/strong><\/p>\n<p><strong>Incluye City Tour Cusco<\/strong>:<br \/>\n<i class=\"fa fa-check icon-tick icon-tick--on\"><\/i> Pickup en el hotel<br \/>\n<i class=\"fa fa-check icon-tick icon-tick--on\"><\/i> Transporte turistico compartido<br \/>\n<i class=\"fa fa-check icon-tick icon-tick--on\"><\/i> Gu\u00eda biling\u00fce (espa\u00f1ol e ingl\u00e9s)<br \/>\n<i class=\"fa fa-check icon-tick icon-tick--on\"><\/i> Asistencia Personalizada<br \/>\n<i class=\"fa fa-check icon-tick icon-tick--on\"><\/i> Drop off en el centro de <a href=\"https:\/\/www.gomachupicchubycar.com\/es\/tours\/city-tour-cusco-medio-dia\/\" target=\"_blank\" rel=\"noopener noreferrer\">Cusco<\/a><\/p>\n<p><strong>No Incluye<\/strong>:<br \/>\n<i class=\"fa fa-times icon-tick icon-tick--off\"><\/i> Entrada a Templo del Sol Qoricancha (S\/. 15 por persona)<br \/>\n<i class=\"fa fa-times icon-tick icon-tick--off\"><\/i> Boleto Turistico del Cusco<br \/>\n<i class=\"fa fa-times icon-tick icon-tick--off\"><\/i> Alimentaci\u00f3n<br \/>\n<i class=\"fa fa-times icon-tick icon-tick--off\"><\/i> Otros servicios no mencionados.<\/p>\n<h2>Itinerario City Tour Cusco<\/h2>\n<div class=\"panel-group accordion\" id=\"ataccordion1\">\n<div class=\"panel panel-default accordion__item\">\n\t<div class=\"panel-heading accordion__item__title-wrap\">\n\t\t<h4 class=\"panel-title\">\n\t\t\t<a data-toggle=\"collapse\" data-parent=\"#ataccordion1\" href=\"#ataccordion1_1\" class=\"accordion__item__link\">D\u00eda 1: Cusco y Alrededores<\/a>\n\t\t<\/h4>\n\t<\/div>\n\t<div id=\"ataccordion1_1\" class=\"panel-collapse in\">\n\t\t<div class=\"panel-body accordion__item__content\">Nuestro circuito iniciara alrededor de 10:00 hrs y nuestro primer punto a visitar ser\u00e1 la fortaleza de Sacsayhuaman, seguidamente iremos a Qenqo, posteriormente a Puka Pukara y finalmente a Tambomachay. En cada uno de los atractivos turisticos a visitar, el guia de te brindara informaci\u00f3n y tambien tendras tiempo breve para visitar el lugar y tomar fotos para el recuerdo. Nuestro tour finaliza aproximadamente a las 2:00 p.m.<\/div>\n\t<\/div>\n<\/div><\/div>\n<p>&nbsp;<\/p>\n<h3>Viaja seguro durante el COVID-19<\/h3>\n<p>Nuestra agencia de viajes cuenta con todos los protocolos de Bioseguridad y usted podr\u00e1 <strong>visitar Machu Picchu y Cusco<\/strong> de una forma segura.<\/p>\n<p>\u2022 Controles de temperatura frecuentemente de todo nuestro personal. Gu\u00edas \/ Agentes de viajes \/ Conductores \/ Recepcionistas.<br \/>\n\u2022 Controles de temperatura a los participantes del tour al llegar.<br \/>\n\u2022 Alcohol en gel disponible para los viajeros y el personal.<br \/>\n\u2022 Desinfecci\u00f3n frecuente de los veh\u00edculos de transporte.<br \/>\n\u2022 Se requieren m\u00e1scaras, barbijos, tapabocas y protector facial (Muy requerido).<br \/>\n\u2022 Se exige distanciamiento social durante toda la experiencia.<\/p>\n","protected":false},"excerpt":{"rendered":"<div class=\"padding-top text-center\"><a href=\"https:\/\/www.mountainpalcoyo.com\/es\/tours\/city-tour-cusco-medio-dia\/\" class=\"atbtn atbtn--medium atbtn--rounded atbtn--transparent\">Read more<i class=\"atbtn__icon atbtn__icon--right fa fa-long-arrow-right\"><\/i><\/a><\/div>\n","protected":false},"featured_media":185,"comment_status":"closed","ping_status":"closed","template":"","meta":[],"product_brand":[],"product_cat":[17],"product_tag":[28,30,32,44,24],"class_list":{"0":"post-183","1":"product","2":"type-product","3":"status-publish","4":"has-post-thumbnail","6":"product_cat-cusco","7":"product_tag-cusco-viajes","8":"product_tag-tours-en-cusco","9":"product_tag-tours-peru","10":"product_tag-trip-cusco","11":"product_tag-viajes-a-cusco","12":"tour_category-full-day","14":"first","15":"instock","16":"sale","17":"shipping-taxable","18":"purchasable","19":"product-type-tour"},"aioseo_notices":[],"amp_enabled":true,"_links":{"self":[{"href":"https:\/\/www.mountainpalcoyo.com\/es\/wp-json\/wp\/v2\/product\/183","targetHints":{"allow":["GET"]}}],"collection":[{"href":"https:\/\/www.mountainpalcoyo.com\/es\/wp-json\/wp\/v2\/product"}],"about":[{"href":"https:\/\/www.mountainpalcoyo.com\/es\/wp-json\/wp\/v2\/types\/product"}],"replies":[{"embeddable":true,"href":"https:\/\/www.mountainpalcoyo.com\/es\/wp-json\/wp\/v2\/comments?post=183"}],"wp:featuredmedia":[{"embeddable":true,"href":"https:\/\/www.mountainpalcoyo.com\/es\/wp-json\/wp\/v2\/media\/185"}],"wp:attachment":[{"href":"https:\/\/www.mountainpalcoyo.com\/es\/wp-json\/wp\/v2\/media?parent=183"}],"wp:term":[{"taxonomy":"product_brand","embeddable":true,"href":"https:\/\/www.mountainpalcoyo.com\/es\/wp-json\/wp\/v2\/product_brand?post=183"},{"taxonomy":"product_cat","embeddable":true,"href":"https:\/\/www.mountainpalcoyo.com\/es\/wp-json\/wp\/v2\/product_cat?post=183"},{"taxonomy":"product_tag","embeddable":true,"href":"https:\/\/www.mountainpalcoyo.com\/es\/wp-json\/wp\/v2\/product_tag?post=183"}],"curies":[{"name":"wp","href":"https:\/\/api.w.org\/{rel}","templated":true}]}}