{"id":1716,"date":"2026-02-27T16:37:31","date_gmt":"2026-02-27T16:37:31","guid":{"rendered":"https:\/\/www.mountainpalcoyo.com\/es\/?post_type=product&#038;p=1716"},"modified":"2026-02-27T16:39:39","modified_gmt":"2026-02-27T16:39:39","slug":"tour-machu-picchu-con-guia-japones","status":"publish","type":"product","link":"https:\/\/www.mountainpalcoyo.com\/es\/tours\/tour-machu-picchu-con-guia-japones\/","title":{"rendered":"Tour Machu Picchu con Guia Japones"},"content":{"rendered":"<p><strong>Tour Machu Picchu con Gu\u00eda Japones<\/strong>. Exclusivo tour a Machu Picchu en 1 d\u00eda desde Cusco con gu\u00eda japones, tenemos salidas diarias y para todos los circuitos 1, 2 y 3. Se recomienda reservar con varios meses de anticipaci\u00f3n ya que las entradas se agotan r\u00e1pidamente, especialmente el circuito 2 que es la entrada que te permite visitar toda la zona arqueol\u00f3gica.<\/p>\n<h2>Machu Picchi con Guia Japones<\/h2>\n<table style=\"height: 86px;\" width=\"240\">\n<tbody>\n<tr>\n<td style=\"background-color: #cc0033; border-color: #ffffff; text-align: center;\"><a href=\"https:\/\/wa.me\/51936286411\"><span style=\"color: #ffffff;\">\u25ba Reservar Ahora Machu Picchu<\/span><\/a><\/td>\n<\/tr>\n<\/tbody>\n<\/table>\n<p><strong>Precio<\/strong>: Varia de acuerdo al numero de personas<br \/>\n<strong>Horario<\/strong>: de 05:00 AM a 8:00 PM<br \/>\n<strong>Salidas diarias<\/strong><br \/>\n<strong>Grupo compartido<\/strong><\/p>\n<p><strong>Incluye<\/strong><br \/>\n<i class=\"fa fa-check icon-tick icon-tick--on\"><\/i> Pick up y Drop off en tu Hotel<br \/>\n<i class=\"fa fa-check icon-tick icon-tick--on\"><\/i> <a href=\"https:\/\/www.mountainpalcoyo.com\/es\/tours\/transporte-estacion-de-ollantaytambo-ida-y-vuelta\/\" target=\"_blank\" rel=\"noopener\">Traslado privado Cusco \u2013 Ollantaytambo \u2013 Cusco<\/a><br \/>\n<i class=\"fa fa-check icon-tick icon-tick--on\"><\/i> Tren tur\u00edstico: Ollantaytambo &#8211; Aguas Calientes (Pueblo Machu Picchu) &#8211; Ollantaytambo<br \/>\n<i class=\"fa fa-check icon-tick icon-tick--on\"><\/i> Bus Aguas Calientes \u2013 Machu Picchu \u2013 Aguas Calientes<br \/>\n<i class=\"fa fa-check icon-tick icon-tick--on\"><\/i> Entrada a Machu Picchu (Circuito por definir, sujeto a disponibilidad)<br \/>\n<i class=\"fa fa-check icon-tick icon-tick--on\"><\/i> <a href=\"https:\/\/www.cuscoairporttransport.com\/es\/tours\/guia-japones-en-machu-picchu\/\" target=\"_blank\" rel=\"noopener\">Gu\u00eda profesional certificado Japones<\/a><br \/>\n<i class=\"fa fa-check icon-tick icon-tick--on\"><\/i> Asistencia personalizada<\/p>\n<p><strong>No Incluye:<\/strong><br \/>\n<i class=\"fa fa-times icon-tick icon-tick--off\"><\/i> Desayuno \/ Almuerzo \/Cena<br \/>\n<i class=\"fa fa-times icon-tick icon-tick--off\"><\/i> Gastos personales<br \/>\n<i class=\"fa fa-times icon-tick icon-tick--off\"><\/i> Seguro de viaje<br \/>\n<i class=\"fa fa-times icon-tick icon-tick--off\"><\/i> Propinas (opcional).<\/p>\n<p><strong>Que llevar<\/strong>: Mochila peque\u00f1a, documentos personales, ropa ligera, zapatos de trekking, bloqueador solar, repelente, gorro, gafas, pasaporte original, agua, snack y efectivo soles para gastos personales.<\/p>\n<h2>Itinerario Machu Picchu<\/h2>\n<p>00:00 Nuestro tour iniciara en la ciudad del Cusco a la hora acordada y viajaremos en nuestro transporte privado hacia la <a href=\"https:\/\/www.trasladosaeropuertocusco.com\/tours\/traslado-cusco-a-estacion-de-ollantaytambo\/\" target=\"_blank\" rel=\"noopener\">estaci\u00f3n de tren de Ollantaytambo<\/a>, y en este punto abordaremos nuestro tren tur\u00edstico rumbo a aguas calientes y durante el viaje podremos ver los hermosos paisajes del <a href=\"https:\/\/www.donperutours.com\/es\/turismoperu\/traslado-aeropuerto-cusco-a-valle-sagrado\/\" target=\"_blank\" rel=\"noopener\">valle sagrado de los incas<\/a>. Al llegar a aguas calientes nuestro gu\u00eda lo estar\u00e1 esperando en la estaci\u00f3n de tren para iniciar el tour. Abordaremos el bus de subida desde aguas calientes a <a href=\"https:\/\/www.mountainpalcoyo.com\/es\/reservar-tour-machu-picchu\/\" target=\"_blank\" rel=\"noopener\">Machu Picchu<\/a> y tendremos una <a href=\"https:\/\/www.mountainpalcoyo.com\/es\/guia-privado-en-machu-picchu\/\" target=\"_blank\" rel=\"noopener\">visita guiada privada<\/a> durante 2 horas aproximadamente, de acuerdo a tu tipo de entrada nuestro gu\u00eda te brindara informaci\u00f3n de los puntos mas importantes de Machu Picchu.<\/p>\n<p>Despu\u00e9s de visitar Machu Picchu abordaremos el bus de bajada hacia aguas calientes, luego iremos a la estaci\u00f3n de aguas calientes para abordar nuestro tren tur\u00edstico hacia Ollantaytambo y en este punto te espera nuestro transporte para retornar a la ciudad del Cusco.<\/p>\n<p><img loading=\"lazy\" decoding=\"async\" class=\"alignnone size-full wp-image-1718\" src=\"https:\/\/www.mountainpalcoyo.com\/es\/wp-content\/uploads\/2026\/02\/tour-japones-machu-picchu.jpg\" alt=\"tour japones machu picchu\" width=\"1600\" height=\"1200\" srcset=\"https:\/\/www.mountainpalcoyo.com\/es\/wp-content\/uploads\/2026\/02\/tour-japones-machu-picchu.jpg 1600w, https:\/\/www.mountainpalcoyo.com\/es\/wp-content\/uploads\/2026\/02\/tour-japones-machu-picchu-300x225.jpg 300w, https:\/\/www.mountainpalcoyo.com\/es\/wp-content\/uploads\/2026\/02\/tour-japones-machu-picchu-1024x768.jpg 1024w, https:\/\/www.mountainpalcoyo.com\/es\/wp-content\/uploads\/2026\/02\/tour-japones-machu-picchu-768x576.jpg 768w, https:\/\/www.mountainpalcoyo.com\/es\/wp-content\/uploads\/2026\/02\/tour-japones-machu-picchu-1536x1152.jpg 1536w, https:\/\/www.mountainpalcoyo.com\/es\/wp-content\/uploads\/2026\/02\/tour-japones-machu-picchu-600x450.jpg 600w\" sizes=\"auto, (max-width: 1600px) 100vw, 1600px\" \/><\/p>\n","protected":false},"excerpt":{"rendered":"<div class=\"padding-top text-center\"><a href=\"https:\/\/www.mountainpalcoyo.com\/es\/tours\/tour-machu-picchu-con-guia-japones\/\" class=\"atbtn atbtn--medium atbtn--rounded atbtn--transparent\">Read more<i class=\"atbtn__icon atbtn__icon--right fa fa-long-arrow-right\"><\/i><\/a><\/div>\n","protected":false},"featured_media":1717,"comment_status":"closed","ping_status":"closed","template":"","meta":[],"product_brand":[],"product_cat":[17],"product_tag":[],"class_list":{"0":"post-1716","1":"product","2":"type-product","3":"status-publish","4":"has-post-thumbnail","6":"product_cat-cusco","7":"tour_category-machu-picchu","9":"first","10":"instock","11":"shipping-taxable","12":"product-type-tour"},"aioseo_notices":[],"amp_enabled":true,"_links":{"self":[{"href":"https:\/\/www.mountainpalcoyo.com\/es\/wp-json\/wp\/v2\/product\/1716","targetHints":{"allow":["GET"]}}],"collection":[{"href":"https:\/\/www.mountainpalcoyo.com\/es\/wp-json\/wp\/v2\/product"}],"about":[{"href":"https:\/\/www.mountainpalcoyo.com\/es\/wp-json\/wp\/v2\/types\/product"}],"replies":[{"embeddable":true,"href":"https:\/\/www.mountainpalcoyo.com\/es\/wp-json\/wp\/v2\/comments?post=1716"}],"wp:featuredmedia":[{"embeddable":true,"href":"https:\/\/www.mountainpalcoyo.com\/es\/wp-json\/wp\/v2\/media\/1717"}],"wp:attachment":[{"href":"https:\/\/www.mountainpalcoyo.com\/es\/wp-json\/wp\/v2\/media?parent=1716"}],"wp:term":[{"taxonomy":"product_brand","embeddable":true,"href":"https:\/\/www.mountainpalcoyo.com\/es\/wp-json\/wp\/v2\/product_brand?post=1716"},{"taxonomy":"product_cat","embeddable":true,"href":"https:\/\/www.mountainpalcoyo.com\/es\/wp-json\/wp\/v2\/product_cat?post=1716"},{"taxonomy":"product_tag","embeddable":true,"href":"https:\/\/www.mountainpalcoyo.com\/es\/wp-json\/wp\/v2\/product_tag?post=1716"}],"curies":[{"name":"wp","href":"https:\/\/api.w.org\/{rel}","templated":true}]}}