{"id":1660,"date":"2025-12-11T00:34:54","date_gmt":"2025-12-11T00:34:54","guid":{"rendered":"https:\/\/www.mountainpalcoyo.com\/es\/?post_type=product&#038;p=1660"},"modified":"2025-12-11T00:45:44","modified_gmt":"2025-12-11T00:45:44","slug":"traslado-privado-chinchero-maras-y-moray","status":"publish","type":"product","link":"https:\/\/www.mountainpalcoyo.com\/es\/tours\/traslado-privado-chinchero-maras-y-moray\/","title":{"rendered":"Traslado privado Chinchero, Maras y Moray"},"content":{"rendered":"<p><strong>Traslado privado Chinchero, Maras y Moray<\/strong>. Nuestra agencia de viajes Mountain Palcoyo tambi\u00e9n ofrece el servicio de <a href=\"https:\/\/www.cuscoairporttransport.com\/es\/tours\/traslado-privado-cusco-a-chinchero\/\" target=\"_blank\" rel=\"noopener\">transporte privado de Cusco a Chinchero<\/a>, Salinera de maras y Andenes de Moray, nuestro traslado es privado y contamos con diferentes tipos de veh\u00edculos y tambi\u00e9n con gu\u00edas conductores profesionales para que puedas visitar los atractivos tur\u00edsticos y tener informaci\u00f3n de cada uno de ellos. Si estas planificando visitar Chinchero, Maras y Moray solo escr\u00edbenos y uno de nuestros agentes te ayudara r\u00e1pidamente.<\/p>\n<h2>Cusco a Chinchero Traslado privado<\/h2>\n<table style=\"height: 86px;\" width=\"240\">\n<tbody>\n<tr>\n<td style=\"background-color: #d52b1e; border-color: #ffffff; text-align: center;\"><a href=\"https:\/\/wa.me\/51936286411\"><span style=\"color: #ffffff;\">Reservar Ahora<\/span><\/a><\/td>\n<\/tr>\n<\/tbody>\n<\/table>\n<p><strong>Incluye<\/strong>:<br \/>\n<i class=\"fa fa-check icon-tick icon-tick--on\"><\/i> Recojo en <a href=\"https:\/\/www.mountainpalcoyo.com\/es\/transporte-aeropuerto-de-cusco-a-estacion-de-tren\/\" target=\"_blank\" rel=\"noopener\">Cusco<\/a> (Indicar direccion)<br \/>\n<i class=\"fa fa-check icon-tick icon-tick--on\"><\/i> Movilidad y conductor<br \/>\n<i class=\"fa fa-check icon-tick icon-tick--on\"><\/i> Drop off en Cusco o en el <a href=\"https:\/\/www.mountainpalcoyo.com\/es\/transporte-turistico-cusco-a-valle-sagrado-de-los-incas-ida-y-vuelta\/\" target=\"_blank\" rel=\"noopener\">Valle Sagrado de los Incas<\/a><\/p>\n<p><strong>No Incluye<\/strong>:<br \/>\n<i class=\"fa fa-times icon-tick icon-tick--off\"><\/i> Seguro de viaje y otros servicios no mencionados.<\/p>\n<p><strong>Importante<\/strong>:<br \/>\n\u2022 Para visitar Chinchero y Andenes de Moray necesitaras el boleto tur\u00edstico del Cusco parcial que tiene un costo de 70 soles para extranjeros y 40 soles para peruanos.<br \/>\n\u2022 La entrada a <a href=\"https:\/\/www.riorojocusco.com\/transporte-privado-cusco-a-maras\/\" target=\"_blank\" rel=\"noopener\">Salinera de Maras<\/a> 20 soles.<br \/>\n\u2022 Puedes solicitar tu traslado desde Cusco o desde cualquier parte del <a href=\"https:\/\/www.trasladosaeropuertocusco.com\/tours\/transporte-privado-cusco-a-aranwa-valle-sagrado\/\" target=\"_blank\" rel=\"noopener\">Valle Sagrado<\/a> de los Incas.<br \/>\n\u2022 Si deseas un gui\u00e1 profesional certificado tambi\u00e9n podemos ayudarte (Opcional).<br \/>\n\u2022 Tenemos disponibilidad todos los d\u00edas y en todos los horarios: 7:00 &#8211; 8:00 &#8211; 9:00 &#8211; 10:00 &#8211; 11:00 &#8211; 12:00 &#8211; 13:00 &#8211; 14:00 (Escoger horario).<\/p>\n<p><img loading=\"lazy\" decoding=\"async\" class=\"alignnone size-full wp-image-1662\" src=\"https:\/\/www.mountainpalcoyo.com\/es\/wp-content\/uploads\/2025\/12\/chinchero-transfer.jpg\" alt=\"chinchero traslado\" width=\"1440\" height=\"1796\" srcset=\"https:\/\/www.mountainpalcoyo.com\/es\/wp-content\/uploads\/2025\/12\/chinchero-transfer.jpg 1440w, https:\/\/www.mountainpalcoyo.com\/es\/wp-content\/uploads\/2025\/12\/chinchero-transfer-241x300.jpg 241w, https:\/\/www.mountainpalcoyo.com\/es\/wp-content\/uploads\/2025\/12\/chinchero-transfer-821x1024.jpg 821w, https:\/\/www.mountainpalcoyo.com\/es\/wp-content\/uploads\/2025\/12\/chinchero-transfer-768x958.jpg 768w, https:\/\/www.mountainpalcoyo.com\/es\/wp-content\/uploads\/2025\/12\/chinchero-transfer-1232x1536.jpg 1232w, https:\/\/www.mountainpalcoyo.com\/es\/wp-content\/uploads\/2025\/12\/chinchero-transfer-600x748.jpg 600w\" sizes=\"auto, (max-width: 1440px) 100vw, 1440px\" \/> <img loading=\"lazy\" decoding=\"async\" class=\"alignnone size-full wp-image-1663\" src=\"https:\/\/www.mountainpalcoyo.com\/es\/wp-content\/uploads\/2025\/12\/maras-traslado.jpg\" alt=\"maras traslado\" width=\"1440\" height=\"1796\" srcset=\"https:\/\/www.mountainpalcoyo.com\/es\/wp-content\/uploads\/2025\/12\/maras-traslado.jpg 1440w, https:\/\/www.mountainpalcoyo.com\/es\/wp-content\/uploads\/2025\/12\/maras-traslado-241x300.jpg 241w, https:\/\/www.mountainpalcoyo.com\/es\/wp-content\/uploads\/2025\/12\/maras-traslado-821x1024.jpg 821w, https:\/\/www.mountainpalcoyo.com\/es\/wp-content\/uploads\/2025\/12\/maras-traslado-768x958.jpg 768w, https:\/\/www.mountainpalcoyo.com\/es\/wp-content\/uploads\/2025\/12\/maras-traslado-1232x1536.jpg 1232w, https:\/\/www.mountainpalcoyo.com\/es\/wp-content\/uploads\/2025\/12\/maras-traslado-600x748.jpg 600w\" sizes=\"auto, (max-width: 1440px) 100vw, 1440px\" \/> <img loading=\"lazy\" decoding=\"async\" class=\"alignnone size-full wp-image-1664\" src=\"https:\/\/www.mountainpalcoyo.com\/es\/wp-content\/uploads\/2025\/12\/moray-traslado.jpg\" alt=\"moray traslado\" width=\"1440\" height=\"1796\" srcset=\"https:\/\/www.mountainpalcoyo.com\/es\/wp-content\/uploads\/2025\/12\/moray-traslado.jpg 1440w, https:\/\/www.mountainpalcoyo.com\/es\/wp-content\/uploads\/2025\/12\/moray-traslado-241x300.jpg 241w, https:\/\/www.mountainpalcoyo.com\/es\/wp-content\/uploads\/2025\/12\/moray-traslado-821x1024.jpg 821w, https:\/\/www.mountainpalcoyo.com\/es\/wp-content\/uploads\/2025\/12\/moray-traslado-768x958.jpg 768w, https:\/\/www.mountainpalcoyo.com\/es\/wp-content\/uploads\/2025\/12\/moray-traslado-1232x1536.jpg 1232w, https:\/\/www.mountainpalcoyo.com\/es\/wp-content\/uploads\/2025\/12\/moray-traslado-600x748.jpg 600w\" sizes=\"auto, (max-width: 1440px) 100vw, 1440px\" \/><\/p>\n","protected":false},"excerpt":{"rendered":"<div class=\"padding-top text-center\"><a href=\"https:\/\/www.mountainpalcoyo.com\/es\/tours\/traslado-privado-chinchero-maras-y-moray\/\" class=\"atbtn atbtn--medium atbtn--rounded atbtn--transparent\">Read more<i class=\"atbtn__icon atbtn__icon--right fa fa-long-arrow-right\"><\/i><\/a><\/div>\n","protected":false},"featured_media":1661,"comment_status":"closed","ping_status":"closed","template":"","meta":[],"product_brand":[],"product_cat":[67],"product_tag":[],"class_list":{"0":"post-1660","1":"product","2":"type-product","3":"status-publish","4":"has-post-thumbnail","6":"product_cat-traslados-privados","7":"tour_category-traslados-privados","9":"first","10":"instock","11":"shipping-taxable","12":"product-type-tour"},"aioseo_notices":[],"amp_enabled":true,"_links":{"self":[{"href":"https:\/\/www.mountainpalcoyo.com\/es\/wp-json\/wp\/v2\/product\/1660","targetHints":{"allow":["GET"]}}],"collection":[{"href":"https:\/\/www.mountainpalcoyo.com\/es\/wp-json\/wp\/v2\/product"}],"about":[{"href":"https:\/\/www.mountainpalcoyo.com\/es\/wp-json\/wp\/v2\/types\/product"}],"replies":[{"embeddable":true,"href":"https:\/\/www.mountainpalcoyo.com\/es\/wp-json\/wp\/v2\/comments?post=1660"}],"wp:featuredmedia":[{"embeddable":true,"href":"https:\/\/www.mountainpalcoyo.com\/es\/wp-json\/wp\/v2\/media\/1661"}],"wp:attachment":[{"href":"https:\/\/www.mountainpalcoyo.com\/es\/wp-json\/wp\/v2\/media?parent=1660"}],"wp:term":[{"taxonomy":"product_brand","embeddable":true,"href":"https:\/\/www.mountainpalcoyo.com\/es\/wp-json\/wp\/v2\/product_brand?post=1660"},{"taxonomy":"product_cat","embeddable":true,"href":"https:\/\/www.mountainpalcoyo.com\/es\/wp-json\/wp\/v2\/product_cat?post=1660"},{"taxonomy":"product_tag","embeddable":true,"href":"https:\/\/www.mountainpalcoyo.com\/es\/wp-json\/wp\/v2\/product_tag?post=1660"}],"curies":[{"name":"wp","href":"https:\/\/api.w.org\/{rel}","templated":true}]}}