{"id":1628,"date":"2025-11-03T13:48:28","date_gmt":"2025-11-03T13:48:28","guid":{"rendered":"https:\/\/www.mountainpalcoyo.com\/es\/?post_type=product&#038;p=1628"},"modified":"2025-11-03T13:50:32","modified_gmt":"2025-11-03T13:50:32","slug":"transporte-estacion-de-ollantaytambo-ida-y-vuelta","status":"publish","type":"product","link":"https:\/\/www.mountainpalcoyo.com\/es\/tours\/transporte-estacion-de-ollantaytambo-ida-y-vuelta\/","title":{"rendered":"Transporte Estacion de Ollantaytambo ida y vuelta"},"content":{"rendered":"<p><strong>Transporte Estacion de Ollantaytambo ida y vuelta<\/strong>. Nuestra agencia de viajes tambi\u00e9n ofrece el servicio de <a href=\"https:\/\/www.mountainpalcoyo.com\/es\/aeropuerto-cusco-a-estacion-de-ollantaytambo-ida-y-vuelta\/\" target=\"_blank\" rel=\"noopener\">traslado privado de Cusco a Estacion de Ollantaytambo ida y vuelta<\/a>. Podemos recogerte desde cualquier parte de la ciudad del Cusco Hotel \/ Airbnb o <a href=\"https:\/\/www.mountainpalcoyo.com\/es\/transporte-aeropuerto-de-cusco-a-estacion-de-tren\/\" target=\"_blank\" rel=\"noopener\">Aeropuerto del Cusco<\/a>, tenemos salidas diarias y en todos los horarios. El viaje de Cusco a <a href=\"https:\/\/www.mountainpalcoyo.com\/es\/traslado-cusco-ollantaytambo\/\" target=\"_blank\" rel=\"noopener\">Estaci\u00f3n de Ollantaytambo<\/a> es de 1 hora y 40 minutos aproximadamente, puede variar dependiendo del tr\u00e1fico de la ciudad.<\/p>\n<h2>Cusco a Estacion de Ollantaytambo<\/h2>\n<table style=\"height: 86px;\" width=\"240\">\n<tbody>\n<tr>\n<td style=\"background-color: #d52b1e; border-color: #ffffff; text-align: center;\"><a href=\"https:\/\/wa.me\/51936286411\"><span style=\"color: #ffffff;\">Reservar Ahora<\/span><\/a><\/td>\n<\/tr>\n<\/tbody>\n<\/table>\n<p><strong>Incluye<\/strong>:<br \/>\n<i class=\"fa fa-check icon-tick icon-tick--on\"><\/i> Recojo en Cusco (Indicar direccion)<br \/>\n<i class=\"fa fa-check icon-tick icon-tick--on\"><\/i> Movilidad y conductor<br \/>\n<i class=\"fa fa-check icon-tick icon-tick--on\"><\/i> Drop off en Estaci\u00f3n de Ollantaytambo<\/p>\n<p><strong>Para solicitar el traslado de retorno Estacion Ollantaytambo debes indicar<\/strong>:<\/p>\n<p>\u2022 Numero de tren \/ Fecha y hora de llegada \/ Direcci\u00f3n en Cusco<\/p>\n<p><strong>No Incluye<\/strong>:<br \/>\n<i class=\"fa fa-times icon-tick icon-tick--off\"><\/i> Seguro de viaje y otros servicios no mencionados.<\/p>\n<p>Para tu viaje de <a href=\"https:\/\/www.mountainvinicunca.com\/es\/tours\/transporte-privado-aeropuerto-cusco-a-estacion-ollantaytambo\/\" target=\"_blank\" rel=\"noopener\">Cusco a Ollantaytambo<\/a> contamos con diferentes tipos de veh\u00edculos: Autos, Camionetas, Van y Sprinter. Solicita tu traslado privado desde Cusco y nuestros agentes te ayudaran r\u00e1pidamente. La estaci\u00f3n de Ollantaytambo se encuentra en el <a href=\"https:\/\/www.mountainpalcoyo.com\/es\/transporte-turistico-cusco-a-valle-sagrado-de-los-incas-ida-y-vuelta\/\" target=\"_blank\" rel=\"noopener\">Valle Sagrado de los Incas<\/a>.<\/p>\n<p><img loading=\"lazy\" decoding=\"async\" class=\"alignnone size-full wp-image-1631\" src=\"https:\/\/www.mountainpalcoyo.com\/es\/wp-content\/uploads\/2025\/11\/station-ollantaytambo.jpg\" alt=\"station ollantaytambo\" width=\"1600\" height=\"1200\" srcset=\"https:\/\/www.mountainpalcoyo.com\/es\/wp-content\/uploads\/2025\/11\/station-ollantaytambo.jpg 1600w, https:\/\/www.mountainpalcoyo.com\/es\/wp-content\/uploads\/2025\/11\/station-ollantaytambo-300x225.jpg 300w, https:\/\/www.mountainpalcoyo.com\/es\/wp-content\/uploads\/2025\/11\/station-ollantaytambo-1024x768.jpg 1024w, https:\/\/www.mountainpalcoyo.com\/es\/wp-content\/uploads\/2025\/11\/station-ollantaytambo-768x576.jpg 768w, https:\/\/www.mountainpalcoyo.com\/es\/wp-content\/uploads\/2025\/11\/station-ollantaytambo-1536x1152.jpg 1536w, https:\/\/www.mountainpalcoyo.com\/es\/wp-content\/uploads\/2025\/11\/station-ollantaytambo-600x450.jpg 600w\" sizes=\"auto, (max-width: 1600px) 100vw, 1600px\" \/><\/p>\n","protected":false},"excerpt":{"rendered":"<div class=\"padding-top text-center\"><a href=\"https:\/\/www.mountainpalcoyo.com\/es\/tours\/transporte-estacion-de-ollantaytambo-ida-y-vuelta\/\" class=\"atbtn atbtn--medium atbtn--rounded atbtn--transparent\">Read more<i class=\"atbtn__icon atbtn__icon--right fa fa-long-arrow-right\"><\/i><\/a><\/div>\n","protected":false},"featured_media":1630,"comment_status":"closed","ping_status":"closed","template":"","meta":[],"product_brand":[],"product_cat":[67],"product_tag":[],"class_list":{"0":"post-1628","1":"product","2":"type-product","3":"status-publish","4":"has-post-thumbnail","6":"product_cat-traslados-privados","7":"tour_category-traslados-privados","9":"first","10":"instock","11":"shipping-taxable","12":"product-type-tour"},"aioseo_notices":[],"amp_enabled":true,"_links":{"self":[{"href":"https:\/\/www.mountainpalcoyo.com\/es\/wp-json\/wp\/v2\/product\/1628","targetHints":{"allow":["GET"]}}],"collection":[{"href":"https:\/\/www.mountainpalcoyo.com\/es\/wp-json\/wp\/v2\/product"}],"about":[{"href":"https:\/\/www.mountainpalcoyo.com\/es\/wp-json\/wp\/v2\/types\/product"}],"replies":[{"embeddable":true,"href":"https:\/\/www.mountainpalcoyo.com\/es\/wp-json\/wp\/v2\/comments?post=1628"}],"wp:featuredmedia":[{"embeddable":true,"href":"https:\/\/www.mountainpalcoyo.com\/es\/wp-json\/wp\/v2\/media\/1630"}],"wp:attachment":[{"href":"https:\/\/www.mountainpalcoyo.com\/es\/wp-json\/wp\/v2\/media?parent=1628"}],"wp:term":[{"taxonomy":"product_brand","embeddable":true,"href":"https:\/\/www.mountainpalcoyo.com\/es\/wp-json\/wp\/v2\/product_brand?post=1628"},{"taxonomy":"product_cat","embeddable":true,"href":"https:\/\/www.mountainpalcoyo.com\/es\/wp-json\/wp\/v2\/product_cat?post=1628"},{"taxonomy":"product_tag","embeddable":true,"href":"https:\/\/www.mountainpalcoyo.com\/es\/wp-json\/wp\/v2\/product_tag?post=1628"}],"curies":[{"name":"wp","href":"https:\/\/api.w.org\/{rel}","templated":true}]}}