{"id":1572,"date":"2025-08-06T10:00:09","date_gmt":"2025-08-06T10:00:09","guid":{"rendered":"https:\/\/www.mountainpalcoyo.com\/es\/?post_type=product&#038;p=1572"},"modified":"2025-08-06T10:27:06","modified_gmt":"2025-08-06T10:27:06","slug":"traslado-aeropuerto-cusco-a-estacion-de-poroy","status":"publish","type":"product","link":"https:\/\/www.mountainpalcoyo.com\/es\/tours\/traslado-aeropuerto-cusco-a-estacion-de-poroy\/","title":{"rendered":"Traslado Aeropuerto Cusco a Estacion de Poroy"},"content":{"rendered":"<p><strong>Traslado Aeropuerto Cusco a Estacion de Poroy<\/strong>. Ofrecemos el transporte privado desde Aeropuerto Cusco a <a href=\"https:\/\/www.cuscoairporttransport.com\/es\/tours\/transporte-privado-cusco-a-estacion-poroy-ida-y-vuelta\/\" target=\"_blank\" rel=\"noopener\">Estacion de Poroy<\/a> y tenemos salidas para todos los horarios de vuelo. El tiempo del <a href=\"https:\/\/www.mountainpalcoyo.com\/es\/taxi-aeropuerto-cusco-privado\/\" target=\"_blank\" rel=\"noopener\">Aeropuerto del Cusco<\/a> a la estaci\u00f3n ser\u00e1 aproximadamente de 40 minutos, y puede variar de acuerdo al tr\u00e1fico de la ciudad. Si tienes tren recuerda que debes tener por lo menos un m\u00ednimo de 2 horas antes de salida de tu tren. Ya que si tienes retraso en tu vuelo puedes perder tu tren y la \u00fanica forma de alcanzarlo ser\u00eda ir a la <a href=\"https:\/\/www.mountainpalcoyo.com\/es\/aeropuerto-cusco-a-estacion-de-ollantaytambo-ida-y-vuelta\/\" target=\"_blank\" rel=\"noopener\">estaci\u00f3n de Ollantaytambo<\/a>.<\/p>\n<h2>Aeropuerto Cusco a Estacion de Poroy<\/h2>\n<table style=\"height: 86px;\" width=\"240\">\n<tbody>\n<tr>\n<td style=\"background-color: #d52b1e; border-color: #ffffff; text-align: center;\"><a href=\"https:\/\/wa.me\/51936286411\"><span style=\"color: #ffffff;\">Reservar Ahora<\/span><\/a><\/td>\n<\/tr>\n<\/tbody>\n<\/table>\n<p><strong>Incluye<\/strong>:<br \/>\n<i class=\"fa fa-check icon-tick icon-tick--on\"><\/i> Recojo en Aeropuerto Cusco<br \/>\n<i class=\"fa fa-check icon-tick icon-tick--on\"><\/i> Movilidad y conductor<br \/>\n<i class=\"fa fa-check icon-tick icon-tick--on\"><\/i> Drop off en <a href=\"https:\/\/www.mountainpalcoyo.com\/es\/transporte-privado-estacion-de-poroy-a-cusco\/\" target=\"_blank\" rel=\"noopener\">Poroy Estacion<\/a><\/p>\n<p><strong>Para solicitar el traslado del Aeropuerto Cusco a Estaci\u00f3n de Poroy debes indicar<\/strong>:<\/p>\n<p>\u2022 Nombres completos<br \/>\n\u2022 N\u00famero de vuelo<br \/>\n\u2022 Fecha y hora de llegada<br \/>\n\u2022 Numero de tren<\/p>\n<p><strong>No Incluye<\/strong>:<br \/>\n<i class=\"fa fa-times icon-tick icon-tick--off\"><\/i> Seguro de viaje y otros servicios no mencionados.<\/p>\n<p><img loading=\"lazy\" decoding=\"async\" class=\"alignnone size-full wp-image-1575\" src=\"https:\/\/www.mountainpalcoyo.com\/es\/wp-content\/uploads\/2025\/08\/transporte-privado-a-estacion-de-poroy.jpg\" alt=\"transporte privado a estacion de poroy\" width=\"888\" height=\"1242\" srcset=\"https:\/\/www.mountainpalcoyo.com\/es\/wp-content\/uploads\/2025\/08\/transporte-privado-a-estacion-de-poroy.jpg 888w, https:\/\/www.mountainpalcoyo.com\/es\/wp-content\/uploads\/2025\/08\/transporte-privado-a-estacion-de-poroy-214x300.jpg 214w, https:\/\/www.mountainpalcoyo.com\/es\/wp-content\/uploads\/2025\/08\/transporte-privado-a-estacion-de-poroy-732x1024.jpg 732w, https:\/\/www.mountainpalcoyo.com\/es\/wp-content\/uploads\/2025\/08\/transporte-privado-a-estacion-de-poroy-768x1074.jpg 768w, https:\/\/www.mountainpalcoyo.com\/es\/wp-content\/uploads\/2025\/08\/transporte-privado-a-estacion-de-poroy-600x839.jpg 600w\" sizes=\"auto, (max-width: 888px) 100vw, 888px\" \/><\/p>\n","protected":false},"excerpt":{"rendered":"<div class=\"padding-top text-center\"><a href=\"https:\/\/www.mountainpalcoyo.com\/es\/tours\/traslado-aeropuerto-cusco-a-estacion-de-poroy\/\" class=\"atbtn atbtn--medium atbtn--rounded atbtn--transparent\">Read more<i class=\"atbtn__icon atbtn__icon--right fa fa-long-arrow-right\"><\/i><\/a><\/div>\n","protected":false},"featured_media":1574,"comment_status":"closed","ping_status":"closed","template":"","meta":[],"product_brand":[],"product_cat":[67],"product_tag":[],"class_list":{"0":"post-1572","1":"product","2":"type-product","3":"status-publish","4":"has-post-thumbnail","6":"product_cat-traslados-privados","7":"tour_category-traslados-privados","9":"first","10":"instock","11":"shipping-taxable","12":"product-type-tour"},"aioseo_notices":[],"amp_enabled":true,"_links":{"self":[{"href":"https:\/\/www.mountainpalcoyo.com\/es\/wp-json\/wp\/v2\/product\/1572","targetHints":{"allow":["GET"]}}],"collection":[{"href":"https:\/\/www.mountainpalcoyo.com\/es\/wp-json\/wp\/v2\/product"}],"about":[{"href":"https:\/\/www.mountainpalcoyo.com\/es\/wp-json\/wp\/v2\/types\/product"}],"replies":[{"embeddable":true,"href":"https:\/\/www.mountainpalcoyo.com\/es\/wp-json\/wp\/v2\/comments?post=1572"}],"wp:featuredmedia":[{"embeddable":true,"href":"https:\/\/www.mountainpalcoyo.com\/es\/wp-json\/wp\/v2\/media\/1574"}],"wp:attachment":[{"href":"https:\/\/www.mountainpalcoyo.com\/es\/wp-json\/wp\/v2\/media?parent=1572"}],"wp:term":[{"taxonomy":"product_brand","embeddable":true,"href":"https:\/\/www.mountainpalcoyo.com\/es\/wp-json\/wp\/v2\/product_brand?post=1572"},{"taxonomy":"product_cat","embeddable":true,"href":"https:\/\/www.mountainpalcoyo.com\/es\/wp-json\/wp\/v2\/product_cat?post=1572"},{"taxonomy":"product_tag","embeddable":true,"href":"https:\/\/www.mountainpalcoyo.com\/es\/wp-json\/wp\/v2\/product_tag?post=1572"}],"curies":[{"name":"wp","href":"https:\/\/api.w.org\/{rel}","templated":true}]}}