{"id":1542,"date":"2025-06-12T00:44:50","date_gmt":"2025-06-12T00:44:50","guid":{"rendered":"https:\/\/www.mountainpalcoyo.com\/es\/?post_type=product&#038;p=1542"},"modified":"2025-06-12T00:46:52","modified_gmt":"2025-06-12T00:46:52","slug":"transporte-privado-aeropuerto-cusco-a-belmond-hotel-rio-sagrado","status":"publish","type":"product","link":"https:\/\/www.mountainpalcoyo.com\/es\/tours\/transporte-privado-aeropuerto-cusco-a-belmond-hotel-rio-sagrado\/","title":{"rendered":"Transporte privado Aeropuerto Cusco a Belmond Hotel Rio Sagrado"},"content":{"rendered":"<p><strong>Transporte privado Aeropuerto Cusco a Belmond Hotel Rio Sagrado<\/strong>. Nuestra agencia de viajes tambi\u00e9n ofrece el servicio de <a href=\"https:\/\/www.trasladosaeropuertocusco.com\/tours\/traslado-aeropuerto-cusco-a-hotel-en-cusco\/\" target=\"_blank\" rel=\"noopener\">traslado privado desde Aeropuerto Cusco<\/a> a Rio Sagrado Belmond Hotel ubicado en <a href=\"https:\/\/www.mountainpalcoyo.com\/es\/tours\/transporte-privado-urubamba-a-cusco\/\" target=\"_blank\" rel=\"noopener\">Urubamba<\/a>, <a href=\"https:\/\/www.cuscoairporttransport.com\/es\/2025\/02\/07\/traslado-privado-aeropuerto-cusco-a-ollantaytambo-ida-y-vuelta\/\" target=\"_blank\" rel=\"noopener\">Ollantaytambo<\/a> en el <a href=\"https:\/\/www.mountainpalcoyo.com\/es\/transporte-turistico-cusco-a-valle-sagrado-de-los-incas-ida-y-vuelta\/\" target=\"_blank\" rel=\"noopener\">Valle Sagrado de los Incas<\/a>. Ofrecemos el traslado de ida y retorno. O si deseas solo un tramo tambi\u00e9n podemos ayudarte es decir traslado aeropuerto cusco a Belmond hotel rio sagrado o Belmond hotel rio sagrado a Aeropuerto Cusco.<\/p>\n<h2>Aeropuerto Cusco a Rio Sagrado Belmond Hotel<\/h2>\n<table style=\"height: 86px;\" width=\"240\">\n<tbody>\n<tr>\n<td style=\"background-color: #d52b1e; border-color: #ffffff; text-align: center;\"><a href=\"https:\/\/wa.me\/51936286411\"><span style=\"color: #ffffff;\">Reservar Ahora<\/span><\/a><\/td>\n<\/tr>\n<\/tbody>\n<\/table>\n<p><strong>Incluye<\/strong>:<br \/>\n<i class=\"fa fa-check icon-tick icon-tick--on\"><\/i> Recojo <a href=\"https:\/\/www.mountainpalcoyo.com\/es\/taxi-aeropuerto-cusco-privado\/\" target=\"_blank\" rel=\"noopener\">Aeropuerto Cusco<\/a><br \/>\n<i class=\"fa fa-check icon-tick icon-tick--on\"><\/i> Movilidad y conductor<br \/>\n<i class=\"fa fa-check icon-tick icon-tick--on\"><\/i> Drop off en Rio Sagrado a Belmond Hotel<\/p>\n<p><strong>Para solicitar el transporte privado debes indicar<\/strong>:<\/p>\n<p>\u2022 Nombres completos \/\u00a0 Numero de personas<br \/>\n\u2022 Numero de vuelo \/ Fecha \/ Hora de llegada<br \/>\n\u2022 Y si es de retorno indicar fecha y hora de recojo.<\/p>\n<p><strong>No Incluye<\/strong>:<br \/>\n<i class=\"fa fa-times icon-tick icon-tick--off\"><\/i> Seguro de viaje y otros servicios no mencionados.<\/p>\n<p><strong>Importante<\/strong>:<br \/>\nEl viaje del Aeropuerto al Hotel o Viceversa ser\u00e1 de 1 hora y 40 minutos aproximadamente, el tiempo puede variar de acuerdo al tr\u00e1fico de la ciudad. Si solicitas el traslado de retorno debe ser con 5 horas m\u00e1ximo de anticipaci\u00f3n, antes de tu hora de vuelo.<\/p>\n<p><img loading=\"lazy\" decoding=\"async\" class=\"alignnone size-full wp-image-1545\" src=\"https:\/\/www.mountainpalcoyo.com\/es\/wp-content\/uploads\/2025\/06\/belmond-hotel-rio-sagrado-traslado-privado.jpg\" alt=\"belmond hotel rio sagrado traslado privado\" width=\"1000\" height=\"1400\" srcset=\"https:\/\/www.mountainpalcoyo.com\/es\/wp-content\/uploads\/2025\/06\/belmond-hotel-rio-sagrado-traslado-privado.jpg 1000w, https:\/\/www.mountainpalcoyo.com\/es\/wp-content\/uploads\/2025\/06\/belmond-hotel-rio-sagrado-traslado-privado-214x300.jpg 214w, https:\/\/www.mountainpalcoyo.com\/es\/wp-content\/uploads\/2025\/06\/belmond-hotel-rio-sagrado-traslado-privado-731x1024.jpg 731w, https:\/\/www.mountainpalcoyo.com\/es\/wp-content\/uploads\/2025\/06\/belmond-hotel-rio-sagrado-traslado-privado-768x1075.jpg 768w, https:\/\/www.mountainpalcoyo.com\/es\/wp-content\/uploads\/2025\/06\/belmond-hotel-rio-sagrado-traslado-privado-600x840.jpg 600w\" sizes=\"auto, (max-width: 1000px) 100vw, 1000px\" \/> <img loading=\"lazy\" decoding=\"async\" class=\"alignnone size-full wp-image-1546\" src=\"https:\/\/www.mountainpalcoyo.com\/es\/wp-content\/uploads\/2025\/06\/traslado-privado-belmond-hotel.jpg\" alt=\"traslado privado belmond hotel\" width=\"1000\" height=\"1400\" srcset=\"https:\/\/www.mountainpalcoyo.com\/es\/wp-content\/uploads\/2025\/06\/traslado-privado-belmond-hotel.jpg 1000w, https:\/\/www.mountainpalcoyo.com\/es\/wp-content\/uploads\/2025\/06\/traslado-privado-belmond-hotel-214x300.jpg 214w, https:\/\/www.mountainpalcoyo.com\/es\/wp-content\/uploads\/2025\/06\/traslado-privado-belmond-hotel-731x1024.jpg 731w, https:\/\/www.mountainpalcoyo.com\/es\/wp-content\/uploads\/2025\/06\/traslado-privado-belmond-hotel-768x1075.jpg 768w, https:\/\/www.mountainpalcoyo.com\/es\/wp-content\/uploads\/2025\/06\/traslado-privado-belmond-hotel-600x840.jpg 600w\" sizes=\"auto, (max-width: 1000px) 100vw, 1000px\" \/><\/p>\n","protected":false},"excerpt":{"rendered":"<div class=\"padding-top text-center\"><a href=\"https:\/\/www.mountainpalcoyo.com\/es\/tours\/transporte-privado-aeropuerto-cusco-a-belmond-hotel-rio-sagrado\/\" class=\"atbtn atbtn--medium atbtn--rounded atbtn--transparent\">Read more<i class=\"atbtn__icon atbtn__icon--right fa fa-long-arrow-right\"><\/i><\/a><\/div>\n","protected":false},"featured_media":1544,"comment_status":"closed","ping_status":"closed","template":"","meta":[],"product_brand":[],"product_cat":[67],"product_tag":[],"class_list":{"0":"post-1542","1":"product","2":"type-product","3":"status-publish","4":"has-post-thumbnail","6":"product_cat-traslados-privados","7":"tour_category-traslados-privados","9":"first","10":"instock","11":"shipping-taxable","12":"product-type-tour"},"aioseo_notices":[],"amp_enabled":true,"_links":{"self":[{"href":"https:\/\/www.mountainpalcoyo.com\/es\/wp-json\/wp\/v2\/product\/1542","targetHints":{"allow":["GET"]}}],"collection":[{"href":"https:\/\/www.mountainpalcoyo.com\/es\/wp-json\/wp\/v2\/product"}],"about":[{"href":"https:\/\/www.mountainpalcoyo.com\/es\/wp-json\/wp\/v2\/types\/product"}],"replies":[{"embeddable":true,"href":"https:\/\/www.mountainpalcoyo.com\/es\/wp-json\/wp\/v2\/comments?post=1542"}],"wp:featuredmedia":[{"embeddable":true,"href":"https:\/\/www.mountainpalcoyo.com\/es\/wp-json\/wp\/v2\/media\/1544"}],"wp:attachment":[{"href":"https:\/\/www.mountainpalcoyo.com\/es\/wp-json\/wp\/v2\/media?parent=1542"}],"wp:term":[{"taxonomy":"product_brand","embeddable":true,"href":"https:\/\/www.mountainpalcoyo.com\/es\/wp-json\/wp\/v2\/product_brand?post=1542"},{"taxonomy":"product_cat","embeddable":true,"href":"https:\/\/www.mountainpalcoyo.com\/es\/wp-json\/wp\/v2\/product_cat?post=1542"},{"taxonomy":"product_tag","embeddable":true,"href":"https:\/\/www.mountainpalcoyo.com\/es\/wp-json\/wp\/v2\/product_tag?post=1542"}],"curies":[{"name":"wp","href":"https:\/\/api.w.org\/{rel}","templated":true}]}}