{"id":151,"date":"2018-11-29T23:43:24","date_gmt":"2018-11-29T23:43:24","guid":{"rendered":"http:\/\/www.mountainpalcoyo.com\/es\/?post_type=product&#038;p=151"},"modified":"2025-03-28T20:12:24","modified_gmt":"2025-03-28T20:12:24","slug":"tour-privado-city-tour-cusco-y-maras-moray","status":"publish","type":"product","link":"https:\/\/www.mountainpalcoyo.com\/es\/tours\/tour-privado-city-tour-cusco-y-maras-moray\/","title":{"rendered":"Tour Privado City Tour Cusco y Maras Moray"},"content":{"rendered":"<p><strong>Tour privado City Tour Cuso y Maras Moray<\/strong>: Con este Tour Privado podr\u00e1s visitar las Salineras de Maras, los Andenes de Moray y tambi\u00e9n realizaras el famoso <a href=\"https:\/\/www.mountainpalcoyo.com\/es\/tours\/city-tour-cusco-medio-dia\/\" target=\"_blank\" rel=\"noopener noreferrer\">City Tour Cusco<\/a> (Sacsayhuaman, Qenqo, PukaPukara y Tambomachay) en tan solo 8 horas. Si cuentas con muy poco tiempo en Cusco este circuito es el ideal.<\/p>\n<h2>Maras Moray y City Tour Cusco<\/h2>\n<table style=\"height: 86px;\" width=\"240\">\n<tbody>\n<tr>\n<td style=\"background-color: #cc0033; border-color: #ffffff; text-align: center;\"><a href=\"https:\/\/wa.me\/51936286411\"><span style=\"color: #ffffff;\">Reservar Ahora<\/span><\/a><\/td>\n<\/tr>\n<\/tbody>\n<\/table>\n<p><strong>Minimo<\/strong>: 2 personas<br \/>\n<strong>Precio<\/strong>: US $ 95.00 por persona<br \/>\n<strong>Horario<\/strong>: de 06:30 a.m. a 3:00 p.m. (Flexible)<br \/>\n<strong>Duraci\u00f3n<\/strong>: 8 horas y media (Flexible)<br \/>\n<strong>Salidas diarias<\/strong><\/p>\n<p><strong>Incluye Maras Moray + City Tour Cusco<\/strong><\/p>\n<p><i class=\"fa fa-check icon-tick icon-tick--on\"><\/i>Pickup en el hotel<br \/>\n<i class=\"fa fa-check icon-tick icon-tick--on\"><\/i>Transporte privado<br \/>\n<i class=\"fa fa-check icon-tick icon-tick--on\"><\/i>Gu\u00eda biling\u00fce<br \/>\n<i class=\"fa fa-check icon-tick icon-tick--on\"><\/i>Ticket de Ingreso a las Salineras de Maras<br \/>\n<i class=\"fa fa-check icon-tick icon-tick--on\"><\/i>Drop off en tu Hotel o en el Aeropuerto del Cusco<br \/>\n<i class=\"fa fa-check icon-tick icon-tick--on\"><\/i>Asistencia Personalizada<\/p>\n<p><strong>No Incluye<\/strong>:<br \/>\n<i class=\"fa fa-times icon-tick icon-tick--off\"><\/i>Boleto Turistico del Cusco: S\/ 130<br \/>\n<i class=\"fa fa-times icon-tick icon-tick--off\"><\/i>Ticket de entrada a la Catedral: S\/ 25<br \/>\n<i class=\"fa fa-times icon-tick icon-tick--off\"><\/i>Ticket de entrada al Qorikancha: S\/ 10<br \/>\n<i class=\"fa fa-times icon-tick icon-tick--off\"><\/i>Desayuno\/Almuerzo<br \/>\n<i class=\"fa fa-times icon-tick icon-tick--off\"><\/i>Seguro de viaje<br \/>\n<i class=\"fa fa-times icon-tick icon-tick--off\"><\/i>Propinas (opcional)<br \/>\n<i class=\"fa fa-times icon-tick icon-tick--off\"><\/i>Otros gastos mencionados en el programa.<\/p>\n<p><strong>Qu\u00e9 llevar<\/strong>: Ropa ligera, gorra para el sol, lentes de sol, bloqueador solar y c\u00e1mara fotogr\u00e1fica.<\/p>\n<h2>Itinerario Maras Moray + City Tour<\/h2>\n<p>Nuestro tour comenzara 6:30 am (Horario Flexible) pasaremos a recogerte a tu hotel para comenzar con el tour. Nuestro primer destino ser\u00e1 visitar los <a href=\"https:\/\/www.riorojocusco.com\/tours\/visita-las-salineras-de-maras-y-andenes-de-moray\/\" target=\"_blank\" rel=\"noopener noreferrer\">Andenes de Moray<\/a> y seguidamente las <a href=\"https:\/\/www.mountainvinicunca.com\/es\/tours\/tour-salineras-de-maras-y-andenes-de-moray\/\" target=\"_blank\" rel=\"noopener noreferrer\">Salineras de Maras<\/a>, en ambos sitios tendr\u00e1s una visita guiada y tiempo breve para recorrer el lugar y tomar fotos para el recuerdo. Luego nos dirigiremos a Chinchero donde tambien tendras tiempo para tomarte fotos. Seguidamente nos dirigiremos a Tambomachay, Puca Pucara, Qenqo y <a href=\"https:\/\/www.mountainpalcoyo.com\/es\/tours\/sacsayhuaman-qenqo-pucapucara-y-tambomachay-matinal\/\" target=\"_blank\" rel=\"noopener noreferrer\">Sacsayhuaman<\/a>. Luego retornaremos a la ciudad del Cusco donde visitaremos la Catedral del Cusco y finalmente el Qorikancha (Templo dorado).<\/p>\n<p>Luego nos dirigiremos a tu Hotel y\/o si tienes vuelo ese mismo d\u00eda el drop off ser\u00e1 en el <a href=\"https:\/\/www.mountainpalcoyo.com\/es\/taxi-aeropuerto-cusco-privado\/\" target=\"_blank\" rel=\"noopener\">Aeropuerto del Cusco<\/a>. Fin de nuestros servicios.<\/p>\n<p><strong>Nota<\/strong>: Puedes llevar tu equipaje en este tour siempre y cuando tengas boleto de avi\u00f3n para ese mismo d\u00eda y el drop off ser\u00e1 en el aeropuerto del Cusco 3:30 pm, si tu horario de vuelo es antes avisar para coordinar el horario del tour y as\u00ed puedas llegar a tiempo al aeropuerto.<\/p>\n<p>&nbsp;<\/p>\n<h3>Viaja seguro durante el COVID-19<\/h3>\n<p>Nuestra agencia de viajes cuenta con todos los protocolos de Bioseguridad y usted podr\u00e1 <strong>visitar Machu Picchu y Cusco<\/strong> de una forma segura.<\/p>\n<p>\u2022 Controles de temperatura frecuentemente de todo nuestro personal. Gu\u00edas \/ Agentes de viajes \/ Conductores \/ Recepcionistas.<br \/>\n\u2022 Controles de temperatura a los participantes del tour al llegar.<br \/>\n\u2022 Alcohol en gel disponible para los viajeros y el personal.<br \/>\n\u2022 Desinfecci\u00f3n frecuente de los veh\u00edculos de transporte.<br \/>\n\u2022 Se requieren m\u00e1scaras, barbijos, tapabocas y protector facial (Muy requerido).<br \/>\n\u2022 Se exige distanciamiento social durante toda la experiencia.<\/p>\n","protected":false},"excerpt":{"rendered":"<div class=\"padding-top text-center\"><a href=\"https:\/\/www.mountainpalcoyo.com\/es\/tours\/tour-privado-city-tour-cusco-y-maras-moray\/\" class=\"atbtn atbtn--medium atbtn--rounded atbtn--transparent\">Read more<i class=\"atbtn__icon atbtn__icon--right fa fa-long-arrow-right\"><\/i><\/a><\/div>\n","protected":false},"featured_media":155,"comment_status":"closed","ping_status":"closed","template":"","meta":[],"product_brand":[],"product_cat":[17],"product_tag":[45,28,30,44,24],"class_list":{"0":"post-151","1":"product","2":"type-product","3":"status-publish","4":"has-post-thumbnail","6":"product_cat-cusco","7":"product_tag-cusco-tours","8":"product_tag-cusco-viajes","9":"product_tag-tours-en-cusco","10":"product_tag-trip-cusco","11":"product_tag-viajes-a-cusco","12":"tour_category-full-day","14":"first","15":"instock","16":"sale","17":"shipping-taxable","18":"purchasable","19":"product-type-tour"},"aioseo_notices":[],"amp_enabled":true,"_links":{"self":[{"href":"https:\/\/www.mountainpalcoyo.com\/es\/wp-json\/wp\/v2\/product\/151","targetHints":{"allow":["GET"]}}],"collection":[{"href":"https:\/\/www.mountainpalcoyo.com\/es\/wp-json\/wp\/v2\/product"}],"about":[{"href":"https:\/\/www.mountainpalcoyo.com\/es\/wp-json\/wp\/v2\/types\/product"}],"replies":[{"embeddable":true,"href":"https:\/\/www.mountainpalcoyo.com\/es\/wp-json\/wp\/v2\/comments?post=151"}],"wp:featuredmedia":[{"embeddable":true,"href":"https:\/\/www.mountainpalcoyo.com\/es\/wp-json\/wp\/v2\/media\/155"}],"wp:attachment":[{"href":"https:\/\/www.mountainpalcoyo.com\/es\/wp-json\/wp\/v2\/media?parent=151"}],"wp:term":[{"taxonomy":"product_brand","embeddable":true,"href":"https:\/\/www.mountainpalcoyo.com\/es\/wp-json\/wp\/v2\/product_brand?post=151"},{"taxonomy":"product_cat","embeddable":true,"href":"https:\/\/www.mountainpalcoyo.com\/es\/wp-json\/wp\/v2\/product_cat?post=151"},{"taxonomy":"product_tag","embeddable":true,"href":"https:\/\/www.mountainpalcoyo.com\/es\/wp-json\/wp\/v2\/product_tag?post=151"}],"curies":[{"name":"wp","href":"https:\/\/api.w.org\/{rel}","templated":true}]}}