{"id":1481,"date":"2025-04-19T19:28:59","date_gmt":"2025-04-19T19:28:59","guid":{"rendered":"https:\/\/www.mountainpalcoyo.com\/es\/?post_type=product&#038;p=1481"},"modified":"2025-04-19T19:30:47","modified_gmt":"2025-04-19T19:30:47","slug":"traslado-privado-de-cusco-a-montana-palcoyo","status":"publish","type":"product","link":"https:\/\/www.mountainpalcoyo.com\/es\/tours\/traslado-privado-de-cusco-a-montana-palcoyo\/","title":{"rendered":"Traslado privado de Cusco a Monta\u00f1a Palcoyo"},"content":{"rendered":"<p><strong>Traslado privado de Cusco a Monta\u00f1a Palcoyo<\/strong>. Si est\u00e1s pensando en visitar la <a href=\"https:\/\/www.mountainpalcoyo.com\/es\/tours\/tour-montana-palcoyo\/\" target=\"_blank\" rel=\"noopener\">monta\u00f1a de colores Palcoyo<\/a> y necesitas un transporte privado nosotros somos tu mejor opci\u00f3n. Palcoyo se ha convertido en uno de los principales atractivos tur\u00edsticos del Cusco y diariamente recibe turistas nacionales y extranjeros. Una de las ventajas de esta monta\u00f1a es que hay muy poca gente y puedes aprovechar en tomar fotos excelentes y recorrer el lugar tranquilamente. Adicionalmente puedes visitar el bosque de piedras que se ubica muy cerca de las <a href=\"https:\/\/www.gomachupicchubycar.com\/es\/tours\/montana-de-7-colores-vinicunca\/\" target=\"_blank\" rel=\"noopener\">monta\u00f1as de colores<\/a>.<\/p>\n<p>Nuestro transporte privado te llevara a la <a href=\"https:\/\/www.donperutours.com\/es\/tours\/tour-montana-arcoiris-palcoyo\/\" target=\"_blank\" rel=\"noopener\">monta\u00f1a arco\u00edris<\/a> y te esperara para que puedas visitar el lugar tranquilamente y posteriormente retornar a la ciudad del Cusco.<\/p>\n<h2>Cusco a Monta\u00f1a Palcoyo<\/h2>\n<table style=\"height: 86px;\" width=\"240\">\n<tbody>\n<tr>\n<td style=\"background-color: #d52b1e; border-color: #ffffff; text-align: center;\"><a href=\"https:\/\/wa.me\/51936286411\"><span style=\"color: #ffffff;\">Reservar Ahora<\/span><\/a><\/td>\n<\/tr>\n<\/tbody>\n<\/table>\n<p><strong>Salidas diarias<\/strong><br \/>\n<strong>Horarios recomendados<\/strong>: 04:00 &#8211; 05:00 &#8211; 06:00 &#8211; 07:00<\/p>\n<p><strong>Incluye<\/strong>:<br \/>\n<i class=\"fa fa-check icon-tick icon-tick--on\"><\/i> Recojo en (Indicar direcci\u00f3n)<br \/>\n<i class=\"fa fa-check icon-tick icon-tick--on\"><\/i> Movilidad y conductor<br \/>\n<i class=\"fa fa-check icon-tick icon-tick--on\"><\/i> Balon de oxigeno (Oxishot)<br \/>\n<i class=\"fa fa-check icon-tick icon-tick--on\"><\/i> Drop off en\u00a0 (Indicar direcci\u00f3n)<\/p>\n<p><strong>No incluye<\/strong><br \/>\n<i class=\"fa fa-times icon-tick icon-tick--off\"><\/i> Seguro de viajes, Gu\u00eda profesional, Alimentaci\u00f3n, Entrada (S\/ 20) y Otros servicios no mencionados.<\/p>\n<p><strong>Opcional<\/strong><br \/>\n\u2022 Gu\u00eda profesional certificado. Si optas por nuestro gu\u00eda \u00e9l te acompa\u00f1ara en todo momento para que puedas visitar la monta\u00f1a de colores Palcoyo.<\/p>\n<p><strong>Importante<\/strong>:<br \/>\n\u2022 Tu recojo puede ser en cualquier parte del Cusco o del <a href=\"https:\/\/www.mountainpalcoyo.com\/es\/transporte-turistico-cusco-a-valle-sagrado-de-los-incas-ida-y-vuelta\/\" target=\"_blank\" rel=\"noopener\">Valle Sagrado de los Incas<\/a>, indicar a la hora de solicitar tu reserva.<br \/>\n\u2022 Al finalizar el tour podemos dejarte en tu hotel o caso contrario en el <a href=\"https:\/\/www.mountainpalcoyo.com\/es\/taxi-aeropuerto-cusco-privado\/\" target=\"_blank\" rel=\"noopener\">Aeropuerto del Cusco<\/a> si tienes vuelo.<br \/>\n\u2022 Se recomienda llevar: Casaca para el frio de la ma\u00f1ana, zapatos de trekking, bloqueador solar, gafas, gorro, guantes, agua, snack y efectivo soles para gastos personales.<br \/>\n\u2022 No llevar: Objetos de oro y plata, cadenas, pulseras, collares, etc. Puede atraer el rayo. Se recomienda NO viajar con ning\u00fan tipo de metal.<\/p>\n<p><img loading=\"lazy\" decoding=\"async\" class=\"alignnone size-full wp-image-1483\" src=\"https:\/\/www.mountainpalcoyo.com\/es\/wp-content\/uploads\/2025\/04\/traslado-palcoyo.jpg\" alt=\"traslado palcoyo\" width=\"1440\" height=\"1800\" srcset=\"https:\/\/www.mountainpalcoyo.com\/es\/wp-content\/uploads\/2025\/04\/traslado-palcoyo.jpg 1440w, https:\/\/www.mountainpalcoyo.com\/es\/wp-content\/uploads\/2025\/04\/traslado-palcoyo-240x300.jpg 240w, https:\/\/www.mountainpalcoyo.com\/es\/wp-content\/uploads\/2025\/04\/traslado-palcoyo-819x1024.jpg 819w, https:\/\/www.mountainpalcoyo.com\/es\/wp-content\/uploads\/2025\/04\/traslado-palcoyo-768x960.jpg 768w, https:\/\/www.mountainpalcoyo.com\/es\/wp-content\/uploads\/2025\/04\/traslado-palcoyo-1229x1536.jpg 1229w, https:\/\/www.mountainpalcoyo.com\/es\/wp-content\/uploads\/2025\/04\/traslado-palcoyo-600x750.jpg 600w\" sizes=\"auto, (max-width: 1440px) 100vw, 1440px\" \/> <img loading=\"lazy\" decoding=\"async\" class=\"alignnone size-full wp-image-1484\" src=\"https:\/\/www.mountainpalcoyo.com\/es\/wp-content\/uploads\/2025\/04\/palcoyo-montana-transporte.jpg\" alt=\"palcoyo monta\u00f1a transporte\" width=\"1440\" height=\"1800\" srcset=\"https:\/\/www.mountainpalcoyo.com\/es\/wp-content\/uploads\/2025\/04\/palcoyo-montana-transporte.jpg 1440w, https:\/\/www.mountainpalcoyo.com\/es\/wp-content\/uploads\/2025\/04\/palcoyo-montana-transporte-240x300.jpg 240w, https:\/\/www.mountainpalcoyo.com\/es\/wp-content\/uploads\/2025\/04\/palcoyo-montana-transporte-819x1024.jpg 819w, https:\/\/www.mountainpalcoyo.com\/es\/wp-content\/uploads\/2025\/04\/palcoyo-montana-transporte-768x960.jpg 768w, https:\/\/www.mountainpalcoyo.com\/es\/wp-content\/uploads\/2025\/04\/palcoyo-montana-transporte-1229x1536.jpg 1229w, https:\/\/www.mountainpalcoyo.com\/es\/wp-content\/uploads\/2025\/04\/palcoyo-montana-transporte-600x750.jpg 600w\" sizes=\"auto, (max-width: 1440px) 100vw, 1440px\" \/><\/p>\n","protected":false},"excerpt":{"rendered":"<div class=\"padding-top text-center\"><a href=\"https:\/\/www.mountainpalcoyo.com\/es\/tours\/traslado-privado-de-cusco-a-montana-palcoyo\/\" class=\"atbtn atbtn--medium atbtn--rounded atbtn--transparent\">Read more<i class=\"atbtn__icon atbtn__icon--right fa fa-long-arrow-right\"><\/i><\/a><\/div>\n","protected":false},"featured_media":1482,"comment_status":"closed","ping_status":"closed","template":"","meta":[],"product_brand":[],"product_cat":[67],"product_tag":[],"class_list":{"0":"post-1481","1":"product","2":"type-product","3":"status-publish","4":"has-post-thumbnail","6":"product_cat-traslados-privados","7":"tour_category-traslados-privados","9":"first","10":"instock","11":"shipping-taxable","12":"product-type-tour"},"aioseo_notices":[],"amp_enabled":true,"_links":{"self":[{"href":"https:\/\/www.mountainpalcoyo.com\/es\/wp-json\/wp\/v2\/product\/1481","targetHints":{"allow":["GET"]}}],"collection":[{"href":"https:\/\/www.mountainpalcoyo.com\/es\/wp-json\/wp\/v2\/product"}],"about":[{"href":"https:\/\/www.mountainpalcoyo.com\/es\/wp-json\/wp\/v2\/types\/product"}],"replies":[{"embeddable":true,"href":"https:\/\/www.mountainpalcoyo.com\/es\/wp-json\/wp\/v2\/comments?post=1481"}],"wp:featuredmedia":[{"embeddable":true,"href":"https:\/\/www.mountainpalcoyo.com\/es\/wp-json\/wp\/v2\/media\/1482"}],"wp:attachment":[{"href":"https:\/\/www.mountainpalcoyo.com\/es\/wp-json\/wp\/v2\/media?parent=1481"}],"wp:term":[{"taxonomy":"product_brand","embeddable":true,"href":"https:\/\/www.mountainpalcoyo.com\/es\/wp-json\/wp\/v2\/product_brand?post=1481"},{"taxonomy":"product_cat","embeddable":true,"href":"https:\/\/www.mountainpalcoyo.com\/es\/wp-json\/wp\/v2\/product_cat?post=1481"},{"taxonomy":"product_tag","embeddable":true,"href":"https:\/\/www.mountainpalcoyo.com\/es\/wp-json\/wp\/v2\/product_tag?post=1481"}],"curies":[{"name":"wp","href":"https:\/\/api.w.org\/{rel}","templated":true}]}}