{"id":1398,"date":"2025-03-18T23:52:46","date_gmt":"2025-03-18T23:52:46","guid":{"rendered":"https:\/\/www.mountainpalcoyo.com\/es\/?post_type=product&#038;p=1398"},"modified":"2025-03-27T16:12:56","modified_gmt":"2025-03-27T16:12:56","slug":"tour-de-lujo-machu-picchu-2-dias-1-noche","status":"publish","type":"product","link":"https:\/\/www.mountainpalcoyo.com\/es\/tours\/tour-de-lujo-machu-picchu-2-dias-1-noche\/","title":{"rendered":"Tour de Lujo Machu Picchu 2 Dias 1 Noche"},"content":{"rendered":"<p><strong>Tour de Lujo Machu Picchu 2 D\u00edas 1 Noche<\/strong>. Ideal para viajeros que les gusta viajar de una forma \u00fanica y personalizada. Este tour de lujo es de 2 d\u00edas y 1 noche donde viajaras con el <a href=\"https:\/\/www.cuscoairporttransport.com\/es\/tours\/tour-de-lujo-a-machu-picchu-con-tren-hiram-bingham-en-2-dias\/\" target=\"_blank\" rel=\"noopener\">tren de lujo Hiram Bingham<\/a> ida y vuelta, tour todo incluido desde <a href=\"https:\/\/www.mountainpalcoyo.com\/es\/tours\/city-tour-cusco-medio-dia\/\" target=\"_blank\" rel=\"noopener\">Cusco<\/a>.<\/p>\n<p>Con el tren de lujo Hiram Bingham podr\u00e1s disfrutar de hermosos paisajes, show de bienvenida, cocteles, almuerzo gourmet y m\u00fasica en vivo, una experiencia inolvidable. Este tren tiene un coche bar y un coche observatorio ideal para apreciar los hermosos paisajes del valle sagrado de los incas.<\/p>\n<h2>Machu Picchu de Lujo<\/h2>\n<table style=\"height: 86px;\" width=\"240\">\n<tbody>\n<tr>\n<td style=\"background-color: #cc0033; border-color: #ffffff; text-align: center;\"><a href=\"https:\/\/wa.me\/51936286411\"><span style=\"color: #ffffff;\">Reservar Ahora<\/span><\/a><\/td>\n<\/tr>\n<\/tbody>\n<\/table>\n<p><strong>Incluye<\/strong><\/p>\n<p><i class=\"fa fa-check icon-tick icon-tick--on\"><\/i> Recojo y Drop off en tu Hotel<br \/>\n<i class=\"fa fa-check icon-tick icon-tick--on\"><\/i> Transporte tur\u00edstico<br \/>\n<i class=\"fa fa-check icon-tick icon-tick--on\"><\/i> Tren Hiram Bingham ida y vuelta<br \/>\n<i class=\"fa fa-check icon-tick icon-tick--on\"><\/i> <a href=\"https:\/\/www.mountainpalcoyo.com\/es\/tours\/comprar-entrada-a-machu-picchu\/\" target=\"_blank\" rel=\"noopener\">Entrada a Machu Picchu<\/a><br \/>\n<i class=\"fa fa-check icon-tick icon-tick--on\"><\/i> <a href=\"https:\/\/www.mountainpalcoyo.com\/es\/guia-privado-en-machu-picchu\/\" target=\"_blank\" rel=\"noopener\">Gu\u00eda privado en Machu Picchu<\/a> (Zona arqueol\u00f3gica)<br \/>\n<i class=\"fa fa-check icon-tick icon-tick--on\"><\/i> Bus consettur Aguas Calientes a Machu Picchu ida y vuelta<br \/>\n<i class=\"fa fa-check icon-tick icon-tick--on\"><\/i> 1 Noche de Alojamiento en Aguas Calientes<br \/>\n<i class=\"fa fa-check icon-tick icon-tick--on\"><\/i> Asistencia personalizada<\/p>\n<p><strong>No Incluye<\/strong><br \/>\n<i class=\"fa fa-times icon-tick icon-tick--off\"><\/i> Seguro de viaje y otros servicios no mencionados<\/p>\n<h2>Itinerio<\/h2>\n<div class=\"timeline\"><div class=\"timeline__item\">\n\t<div class=\"timeline__item__icon-wrap\">\n\t\t<div class=\"timeline__item__icon\">\n\t\t\t<div class=\"timeline__item__icon__text\">1<\/div>\n\t\t<\/div>\n\t<\/div>\n\t<div class=\"timeline__item__content padding-left\">\n\t\t<h3 class=\"timeline__item__title\">Dia 1: Cusco - Aguas Calientes<\/h3>\t\t<div class=\"timeline__item__description\">\n<p>07:50 Nuestra movilidad vendr\u00e1 a tu Hotel para recogerte y posteriormente viajaremos hacia la estaci\u00f3n de tren de Poroy donde abordaras el tren de lujo Hiram Bingham.<\/p>\n<p>08:30 Debes presentarte en la <a href=\"https:\/\/www.mountainvinicunca.com\/transfer-from-cusco-to-poroy\/\" target=\"_blank\" rel=\"noopener\">estaci\u00f3n de tren de Poroy<\/a> y en donde tendr\u00e1 show de bienvenida por parte de la empresa PeruRail.<\/p>\n<p>09:05 Tren Hiram Bingham desde Poroy hasta Aguas Calientes (Pueblo Machu Picchu)<\/p>\n<p>12:24 Llegada a Aguas Calientes.<br \/>\n12:24 Un agente te esperara en la estacion para llevarte a tu alojamiento respectivo.<\/p>\n<p>Tarde Libre<br \/>\nPuedes aprovechar en visitar las aguas termales, ubicado en el mismo pueblo. El costo de ingreso es de 20 soles (No incluido), se recomienda llevar traje de ba\u00f1o.<\/p>\n<\/div>\t<\/div>\n<\/div>\n<p>&nbsp;<\/p>\n<div class=\"timeline__item\">\n\t<div class=\"timeline__item__icon-wrap\">\n\t\t<div class=\"timeline__item__icon\">\n\t\t\t<div class=\"timeline__item__icon__text\">2<\/div>\n\t\t<\/div>\n\t<\/div>\n\t<div class=\"timeline__item__content padding-left\">\n\t\t<h3 class=\"timeline__item__title\">Dia 2: Aguas Calientes - Cusco<\/h3>\t\t<div class=\"timeline__item__description\">\n<p>07:00 Desayuno en el alojamiento<\/p>\n<p>08:00 Bus de subida desde Aguas Calientes a Machu Picchu<\/p>\n<p>09:00 Ingreso a <a href=\"https:\/\/www.mountainpalcoyo.com\/es\/tours\/tour-machu-picchu-en-1-dia\/\" target=\"_blank\" rel=\"noopener\">Machu Picchu<\/a> y guiado durante 2 horas, visitaras los principales puntos de la ciudad inca de Machu Picchu.<\/p>\n<p>12:00 aprox Bus de bajada de Machu Picchu a Aguas Calientes<\/p>\n<p>Tarde Libre<br \/>\n17:25 Deber\u00e1s presentarte en la estaci\u00f3n de Aguas Calientes para luego abordar el tren rumbo a la estaci\u00f3n de <a href=\"https:\/\/www.tripadvisor.com.pe\/AttractionProductReview-g294314-d19985605-Transfer_Cusco_to_Poroy-Cusco_Cusco_Region.html\" target=\"_blank\" rel=\"noopener\">Poroy<\/a>. Y en este punto nuestro transfer estara esper\u00e1ndote para llevarte a tu Hotel en Cusco. Llegada a Cusco 9:40 pm aprox.<\/p>\n<\/div>\t<\/div>\n<\/div>\n<\/div>\n<h2><\/h2>\n<h2>Tour Machu Picchu<\/h2>\n<p><img loading=\"lazy\" decoding=\"async\" class=\"alignnone size-full wp-image-1400\" src=\"https:\/\/www.mountainpalcoyo.com\/es\/wp-content\/uploads\/2025\/03\/luxury-machu-picchu-tour.jpg\" alt=\"luxury machu picchu tour\" width=\"1440\" height=\"1800\" srcset=\"https:\/\/www.mountainpalcoyo.com\/es\/wp-content\/uploads\/2025\/03\/luxury-machu-picchu-tour.jpg 1440w, https:\/\/www.mountainpalcoyo.com\/es\/wp-content\/uploads\/2025\/03\/luxury-machu-picchu-tour-240x300.jpg 240w, https:\/\/www.mountainpalcoyo.com\/es\/wp-content\/uploads\/2025\/03\/luxury-machu-picchu-tour-819x1024.jpg 819w, https:\/\/www.mountainpalcoyo.com\/es\/wp-content\/uploads\/2025\/03\/luxury-machu-picchu-tour-768x960.jpg 768w, https:\/\/www.mountainpalcoyo.com\/es\/wp-content\/uploads\/2025\/03\/luxury-machu-picchu-tour-1229x1536.jpg 1229w, https:\/\/www.mountainpalcoyo.com\/es\/wp-content\/uploads\/2025\/03\/luxury-machu-picchu-tour-600x750.jpg 600w\" sizes=\"auto, (max-width: 1440px) 100vw, 1440px\" \/><\/p>\n<p><img loading=\"lazy\" decoding=\"async\" class=\"alignnone size-full wp-image-1403\" src=\"https:\/\/www.mountainpalcoyo.com\/es\/wp-content\/uploads\/2025\/03\/tour-luxury-machu-picchu.jpg\" alt=\"tour luxury machu picchu\" width=\"1440\" height=\"1800\" srcset=\"https:\/\/www.mountainpalcoyo.com\/es\/wp-content\/uploads\/2025\/03\/tour-luxury-machu-picchu.jpg 1440w, https:\/\/www.mountainpalcoyo.com\/es\/wp-content\/uploads\/2025\/03\/tour-luxury-machu-picchu-240x300.jpg 240w, https:\/\/www.mountainpalcoyo.com\/es\/wp-content\/uploads\/2025\/03\/tour-luxury-machu-picchu-819x1024.jpg 819w, https:\/\/www.mountainpalcoyo.com\/es\/wp-content\/uploads\/2025\/03\/tour-luxury-machu-picchu-768x960.jpg 768w, https:\/\/www.mountainpalcoyo.com\/es\/wp-content\/uploads\/2025\/03\/tour-luxury-machu-picchu-1229x1536.jpg 1229w, https:\/\/www.mountainpalcoyo.com\/es\/wp-content\/uploads\/2025\/03\/tour-luxury-machu-picchu-600x750.jpg 600w\" sizes=\"auto, (max-width: 1440px) 100vw, 1440px\" \/><\/p>\n<p><img loading=\"lazy\" decoding=\"async\" class=\"alignnone size-full wp-image-1402\" src=\"https:\/\/www.mountainpalcoyo.com\/es\/wp-content\/uploads\/2025\/03\/machu-picchu-luxury.jpg\" alt=\"machu picchu luxury\" width=\"1440\" height=\"1800\" srcset=\"https:\/\/www.mountainpalcoyo.com\/es\/wp-content\/uploads\/2025\/03\/machu-picchu-luxury.jpg 1440w, https:\/\/www.mountainpalcoyo.com\/es\/wp-content\/uploads\/2025\/03\/machu-picchu-luxury-240x300.jpg 240w, https:\/\/www.mountainpalcoyo.com\/es\/wp-content\/uploads\/2025\/03\/machu-picchu-luxury-819x1024.jpg 819w, https:\/\/www.mountainpalcoyo.com\/es\/wp-content\/uploads\/2025\/03\/machu-picchu-luxury-768x960.jpg 768w, https:\/\/www.mountainpalcoyo.com\/es\/wp-content\/uploads\/2025\/03\/machu-picchu-luxury-1229x1536.jpg 1229w, https:\/\/www.mountainpalcoyo.com\/es\/wp-content\/uploads\/2025\/03\/machu-picchu-luxury-600x750.jpg 600w\" sizes=\"auto, (max-width: 1440px) 100vw, 1440px\" \/><\/p>\n<p><img loading=\"lazy\" decoding=\"async\" class=\"alignnone size-full wp-image-1401\" src=\"https:\/\/www.mountainpalcoyo.com\/es\/wp-content\/uploads\/2025\/03\/luxury-train-machu-picchu.jpg\" alt=\"luxury train machu picchu\" width=\"1440\" height=\"1800\" srcset=\"https:\/\/www.mountainpalcoyo.com\/es\/wp-content\/uploads\/2025\/03\/luxury-train-machu-picchu.jpg 1440w, https:\/\/www.mountainpalcoyo.com\/es\/wp-content\/uploads\/2025\/03\/luxury-train-machu-picchu-240x300.jpg 240w, https:\/\/www.mountainpalcoyo.com\/es\/wp-content\/uploads\/2025\/03\/luxury-train-machu-picchu-819x1024.jpg 819w, https:\/\/www.mountainpalcoyo.com\/es\/wp-content\/uploads\/2025\/03\/luxury-train-machu-picchu-768x960.jpg 768w, https:\/\/www.mountainpalcoyo.com\/es\/wp-content\/uploads\/2025\/03\/luxury-train-machu-picchu-1229x1536.jpg 1229w, https:\/\/www.mountainpalcoyo.com\/es\/wp-content\/uploads\/2025\/03\/luxury-train-machu-picchu-600x750.jpg 600w\" sizes=\"auto, (max-width: 1440px) 100vw, 1440px\" \/><\/p>\n","protected":false},"excerpt":{"rendered":"<div class=\"padding-top text-center\"><a href=\"https:\/\/www.mountainpalcoyo.com\/es\/tours\/tour-de-lujo-machu-picchu-2-dias-1-noche\/\" class=\"atbtn atbtn--medium atbtn--rounded atbtn--transparent\">Read more<i class=\"atbtn__icon atbtn__icon--right fa fa-long-arrow-right\"><\/i><\/a><\/div>\n","protected":false},"featured_media":1399,"comment_status":"closed","ping_status":"closed","template":"","meta":[],"product_brand":[],"product_cat":[17],"product_tag":[],"class_list":{"0":"post-1398","1":"product","2":"type-product","3":"status-publish","4":"has-post-thumbnail","6":"product_cat-cusco","7":"tour_category-machu-picchu","9":"first","10":"instock","11":"shipping-taxable","12":"product-type-tour"},"aioseo_notices":[],"amp_enabled":true,"_links":{"self":[{"href":"https:\/\/www.mountainpalcoyo.com\/es\/wp-json\/wp\/v2\/product\/1398","targetHints":{"allow":["GET"]}}],"collection":[{"href":"https:\/\/www.mountainpalcoyo.com\/es\/wp-json\/wp\/v2\/product"}],"about":[{"href":"https:\/\/www.mountainpalcoyo.com\/es\/wp-json\/wp\/v2\/types\/product"}],"replies":[{"embeddable":true,"href":"https:\/\/www.mountainpalcoyo.com\/es\/wp-json\/wp\/v2\/comments?post=1398"}],"wp:featuredmedia":[{"embeddable":true,"href":"https:\/\/www.mountainpalcoyo.com\/es\/wp-json\/wp\/v2\/media\/1399"}],"wp:attachment":[{"href":"https:\/\/www.mountainpalcoyo.com\/es\/wp-json\/wp\/v2\/media?parent=1398"}],"wp:term":[{"taxonomy":"product_brand","embeddable":true,"href":"https:\/\/www.mountainpalcoyo.com\/es\/wp-json\/wp\/v2\/product_brand?post=1398"},{"taxonomy":"product_cat","embeddable":true,"href":"https:\/\/www.mountainpalcoyo.com\/es\/wp-json\/wp\/v2\/product_cat?post=1398"},{"taxonomy":"product_tag","embeddable":true,"href":"https:\/\/www.mountainpalcoyo.com\/es\/wp-json\/wp\/v2\/product_tag?post=1398"}],"curies":[{"name":"wp","href":"https:\/\/api.w.org\/{rel}","templated":true}]}}