{"id":135,"date":"2018-10-23T15:40:00","date_gmt":"2018-10-23T15:40:00","guid":{"rendered":"http:\/\/www.mountainpalcoyo.com\/es\/?post_type=product&#038;p=135"},"modified":"2022-05-05T14:23:40","modified_gmt":"2022-05-05T14:23:40","slug":"tour-valle-sagrado-de-los-incas-en-1-dia","status":"publish","type":"product","link":"https:\/\/www.mountainpalcoyo.com\/es\/tours\/tour-valle-sagrado-de-los-incas-en-1-dia\/","title":{"rendered":"Tour Valle Sagrado de los Incas en 1 D\u00eda"},"content":{"rendered":"<p><strong>Visita el Valle Sagrado de los Incas en 1 d\u00eda<\/strong>, un circuito donde podr\u00e1s visitar las ruinas de Pisaq y el centro arqueologico de <a href=\"https:\/\/www.mountainpalcoyo.com\/es\/bus-de-cusco-a-ollantaytambo\/\">Ollantaytambo<\/a>. Tour perfecto para recorrer las diferentes ruinas incas y complejos arqueol\u00f3gicos incaicos. El <a href=\"https:\/\/www.mountainvinicunca.com\/es\/tours\/tour-maras-moray-y-valle-sagrado-de-los-incas\/\" target=\"_blank\" rel=\"noopener noreferrer\">valle sagrado de los incas<\/a> es realmente muy hermoso y es uno de los principales atractivos turisticos del Cusco.<\/p>\n<h2>Valle Sagrado de los Incas<\/h2>\n<table style=\"height: 86px;\" width=\"240\">\n<tbody>\n<tr>\n<td style=\"background-color: #cc0033; border-color: #ffffff; text-align: center;\"><a href=\"https:\/\/wa.me\/51936286411\"><span style=\"color: #ffffff;\">Reservar Ahora<\/span><\/a><\/td>\n<\/tr>\n<\/tbody>\n<\/table>\n<p><strong>Precio<\/strong>: US$ 31.00 por persona.<br \/>\n<strong>Horario<\/strong>: de 08:00 a.m. a 7:00 p.m.<br \/>\n<strong>Duraci\u00f3n<\/strong>: 11 horas<br \/>\n<strong>Salidas diarias<\/strong><br \/>\n<strong>Grupo compartido<\/strong><\/p>\n<p><strong>Incluye Tour Valle Sagrado<\/strong>:<\/p>\n<p><i class=\"fa fa-check icon-tick icon-tick--on\"><\/i>Transporte turistico compartido<br \/>\n<i class=\"fa fa-check icon-tick icon-tick--on\"><\/i>Almuerzo buffet<br \/>\n<i class=\"fa fa-check icon-tick icon-tick--on\"><\/i>Gu\u00eda biling\u00fce<br \/>\n<i class=\"fa fa-check icon-tick icon-tick--on\"><\/i>Drop off en el centro de Cusco<br \/>\n<i class=\"fa fa-check icon-tick icon-tick--on\"><\/i>Asistencia personalizada<\/p>\n<p><strong>No incluye<\/strong>:<\/p>\n<p><i class=\"fa fa-times icon-tick icon-tick--off\"><\/i>Desayuno<br \/>\n<i class=\"fa fa-times icon-tick icon-tick--off\"><\/i>Boleto Tur\u00edstico de Cusco<br \/>\n<i class=\"fa fa-times icon-tick icon-tick--off\"><\/i>Propinas (Opcional)<br \/>\n<i class=\"fa fa-times icon-tick icon-tick--off\"><\/i>Otros servicios no mencionados.<\/p>\n<p><strong>Qu\u00e9 traer<\/strong>: Ropa c\u00f3moda, c\u00e1mara fotogr\u00e1fica, protector solar, lentes de sol, agua, bocadillos, mochila peque\u00f1a y efectivo para compras personales. Preferiblemente moneda en soles.<\/p>\n<p><strong>Nota<\/strong>: Para hacer este recorrido necesita el boleto tur\u00edstico de Cusco, que tiene un costo de:<br \/>\nBoleto tur\u00edstico parcial: S \/. 70 \u201cSolo valido para el Valle Sagrado y Moray\u201d<br \/>\nBoleto Tur\u00edstico General: S \/. 130<\/p>\n<h2>Itinerario Tour Valle Sagrado de los Incas<\/h2>\n<div class=\"tours-tabs\">\n\t<ul class=\"nav nav-tabs\">\n\t<li class=\"active\"><a href=\"#attab1_1\" data-toggle=\"tab\">Cusco - Pisaq - Ollantaytambo - Chinchero - Cusco<\/a><\/li>\t<\/ul>\n\t<div class=\"tab-content\">\n\t<div class=\"tab-pane active\" id=\"attab1_1\"><div class=\"tours-tabs__content padding-all\">Circuito <a href=\"http:\/\/www.donperutours.com\/es\/tours\/valle-sagrado-de-los-incas\/\" target=\"_blank\" rel=\"noopener noreferrer\">Valle Sagrado de los Incas<\/a>: Nuestro recorrido empezara alrededor de las 8:00 am en el punto de encuentro acordado, de ah\u00ed tendremos nuestro viaje rumbo al norte del Cusco, nuestro primer destino tur\u00edstico a visitar ser\u00e1 las <strong>ruinas de Pisaq<\/strong> donde tendr\u00e1 una visita guiada y luego tendras un tiempo breve para recorrer el lugar y tomar fotos del lugar.\n<p>Despu\u00e9s continuaremos nuestro recorrido hasta llegar al pueblo de Urubamba, en este punto tendremos nuestro almuerzo buffet, y despu\u00e9s de un breve descanso nos dirigiremos al <strong>centro arqueologico de Ollantaytambo<\/strong>, para visitar el templo del sol y apreciar la m\u00e1gica construcci\u00f3n inca.<\/p>\n<blockquote><p><strong>Consejo<\/strong>: Si tienes ticket de tren de Ollantaytambo a Aguas Calientes, puedes quedarte en este punto, es necesario avisar al Gu\u00eda para tomar precauciones del caso.<\/p><\/blockquote>\n<p>Despu\u00e9s de visitar las ruinas de Ollantaytambo nos dirigiremos a Chinchero para visitar el centro arqueol\u00f3gico y apreciar las pinturas, esculturas y construcciones del siglo XVII. Finalmente retornaremos a la ciudad del Cusco, 7:pm aproximadamente.<br \/>\n<\/p><\/div><\/div>\t<\/div>\n<\/div>\n<p>&nbsp;<\/p>\n<h3>Viaja seguro durante el COVID-19<\/h3>\n<p>Nuestra agencia de viajes cuenta con todos los protocolos de Bioseguridad y usted podr\u00e1 <strong>visitar Machu Picchu y Cusco<\/strong> de una forma segura.<\/p>\n<p>\u2022 Controles de temperatura frecuentemente de todo nuestro personal. Gu\u00edas \/ Agentes de viajes \/ Conductores \/ Recepcionistas.<br \/>\n\u2022 Controles de temperatura a los participantes del tour al llegar.<br \/>\n\u2022 Alcohol en gel disponible para los viajeros y el personal.<br \/>\n\u2022 Desinfecci\u00f3n frecuente de los veh\u00edculos de transporte.<br \/>\n\u2022 Se requieren m\u00e1scaras, barbijos, tapabocas y protector facial (Muy requerido).<br \/>\n\u2022 Se exige distanciamiento social durante toda la experiencia.<\/p>\n","protected":false},"excerpt":{"rendered":"<div class=\"padding-top text-center\"><a href=\"https:\/\/www.mountainpalcoyo.com\/es\/tours\/tour-valle-sagrado-de-los-incas-en-1-dia\/\" class=\"atbtn atbtn--medium atbtn--rounded atbtn--transparent\">Read more<i class=\"atbtn__icon atbtn__icon--right fa fa-long-arrow-right\"><\/i><\/a><\/div>\n","protected":false},"featured_media":139,"comment_status":"closed","ping_status":"closed","template":"","meta":[],"product_brand":[],"product_cat":[17],"product_tag":[28,31,30,32,24],"class_list":{"0":"post-135","1":"product","2":"type-product","3":"status-publish","4":"has-post-thumbnail","6":"product_cat-cusco","7":"product_tag-cusco-viajes","8":"product_tag-peru-viajes","9":"product_tag-tours-en-cusco","10":"product_tag-tours-peru","11":"product_tag-viajes-a-cusco","12":"tour_category-full-day","14":"first","15":"instock","16":"sale","17":"shipping-taxable","18":"purchasable","19":"product-type-tour"},"aioseo_notices":[],"amp_enabled":true,"_links":{"self":[{"href":"https:\/\/www.mountainpalcoyo.com\/es\/wp-json\/wp\/v2\/product\/135","targetHints":{"allow":["GET"]}}],"collection":[{"href":"https:\/\/www.mountainpalcoyo.com\/es\/wp-json\/wp\/v2\/product"}],"about":[{"href":"https:\/\/www.mountainpalcoyo.com\/es\/wp-json\/wp\/v2\/types\/product"}],"replies":[{"embeddable":true,"href":"https:\/\/www.mountainpalcoyo.com\/es\/wp-json\/wp\/v2\/comments?post=135"}],"wp:featuredmedia":[{"embeddable":true,"href":"https:\/\/www.mountainpalcoyo.com\/es\/wp-json\/wp\/v2\/media\/139"}],"wp:attachment":[{"href":"https:\/\/www.mountainpalcoyo.com\/es\/wp-json\/wp\/v2\/media?parent=135"}],"wp:term":[{"taxonomy":"product_brand","embeddable":true,"href":"https:\/\/www.mountainpalcoyo.com\/es\/wp-json\/wp\/v2\/product_brand?post=135"},{"taxonomy":"product_cat","embeddable":true,"href":"https:\/\/www.mountainpalcoyo.com\/es\/wp-json\/wp\/v2\/product_cat?post=135"},{"taxonomy":"product_tag","embeddable":true,"href":"https:\/\/www.mountainpalcoyo.com\/es\/wp-json\/wp\/v2\/product_tag?post=135"}],"curies":[{"name":"wp","href":"https:\/\/api.w.org\/{rel}","templated":true}]}}