{"id":1125,"date":"2023-04-21T13:52:06","date_gmt":"2023-04-21T13:52:06","guid":{"rendered":"https:\/\/www.mountainpalcoyo.com\/es\/?post_type=product&#038;p=1125"},"modified":"2025-03-29T13:46:43","modified_gmt":"2025-03-29T13:46:43","slug":"tour-privado-montana-de-7-colores-y-valle-rojo","status":"publish","type":"product","link":"https:\/\/www.mountainpalcoyo.com\/es\/tours\/tour-privado-montana-de-7-colores-y-valle-rojo\/","title":{"rendered":"Tour Privado Monta\u00f1a de 7 Colores y Valle Rojo"},"content":{"rendered":"<p><strong>Tour Privado Monta\u00f1a de 7 Colores y Valle Rojo<\/strong>. Visita la famosa <a href=\"https:\/\/www.mountainpalcoyo.com\/es\/tours\/tour-montana-de-7-colores-vinicunca\/\" target=\"_blank\" rel=\"noopener\">monta\u00f1a de 7 colores Vinicunca<\/a> y conoce el hermoso <a href=\"https:\/\/www.mountainpalcoyo.com\/es\/tours\/valle-rojo-cusco\/\" target=\"_blank\" rel=\"noopener\">Valle Rojo<\/a> que se encuentra muy cerca de la monta\u00f1a de colores. La monta\u00f1a Vinicunca se encuentra al sur de la ciudad del <a href=\"https:\/\/www.gomachupicchubycar.com\/tours\/city-tour-cusco-half-day\/\" target=\"_blank\" rel=\"noopener\">Cusco<\/a> y con este tour privado podr\u00e1s observar hermosos paisajes, animales andinos de la zona, la hermosa monta\u00f1a y un valle rojo muy bello.<\/p>\n<h2>Monta\u00f1a 7 Colores<\/h2>\n<table style=\"height: 86px;\" width=\"240\">\n<tbody>\n<tr>\n<td style=\"background-color: #d52b1e; border-color: #ffffff; text-align: center;\"><a href=\"https:\/\/wa.me\/51936286411\"><span style=\"color: #ffffff;\">Reservar Ahora<\/span><\/a><\/td>\n<\/tr>\n<\/tbody>\n<\/table>\n<p><strong>Horarios disponibles<\/strong>: 04:00 &#8211; 04:30 &#8211; 05:00 &#8211; 05:30 &#8211; 06:00 &#8211; 06:30 &#8211; 07:00<br \/>\n<strong>Salidas diarias<br \/>\nDificultad: <\/strong>Media Alta<strong><br \/>\nGrupo privado<\/strong><\/p>\n<p><strong>Incluye<\/strong><br \/>\n<i class=\"fa fa-check icon-tick icon-tick--on\"><\/i> Pickup (Indicar direcci\u00f3n)<br \/>\n<i class=\"fa fa-check icon-tick icon-tick--on\"><\/i> Movilidad y Conductor<br \/>\n<i class=\"fa fa-check icon-tick icon-tick--on\"><\/i> Gu\u00eda profesional certificado<br \/>\n<i class=\"fa fa-check icon-tick icon-tick--on\"><\/i> Entrada a la <a href=\"https:\/\/www.riorojocusco.com\/tours\/tour-montana-de-7-colores-privado-en-1-dia\/\" target=\"_blank\" rel=\"noopener\">Monta\u00f1a de colores<\/a><br \/>\n<i class=\"fa fa-check icon-tick icon-tick--on\"><\/i> Desayuno y Almuerzo<br \/>\n<i class=\"fa fa-check icon-tick icon-tick--on\"><\/i> Bal\u00f3n de oxigeno y botiqu\u00edn de primeros auxilios<br \/>\n<i class=\"fa fa-check icon-tick icon-tick--on\"><\/i> Asistencia personalizada<\/p>\n<p><strong>No incluye<\/strong><br \/>\n<i class=\"fa fa-times icon-tick icon-tick--off\"><\/i> Seguro de Viaje (Se recomienda viajar con seguro 100%)<br \/>\n<i class=\"fa fa-times icon-tick icon-tick--off\"><\/i> Propinas (Opcional)<br \/>\n<i class=\"fa fa-times icon-tick icon-tick--off\"><\/i> Otros servicios no mencionados.<\/p>\n<p><strong>Que traer:<\/strong>: Casaca para el frio de la ma\u00f1ana, ropa abrigadora, zapatos de trekking, bloqueador solar, gafas, guantes, gorra, agua, snack y efectivo soles para gastos personales.<\/p>\n<p><strong>Importante<\/strong>: Para este tour se recomienda estar en un buen estado f\u00edsico, no sufrir de problemas card\u00edacos, y no recomendable para personas embarazadas.<\/p>\n<h2>Itinerario Monta\u00f1a de 7 Colores<\/h2>\n<p>00:00 A la hora acordada pasaremos por tu Hotel para recogerte y comenzar nuestro viaje al sur de la <a href=\"https:\/\/www.mountainpalcoyo.com\/es\/tours\/city-tour-cusco-medio-dia\/\" target=\"_blank\" rel=\"noopener\">ciudad del Cusco<\/a>. Pasaremos por la comunidad de Cusipata y posteriormente tendremos nuestro desayuno. Despu\u00e9s del desayuno nos dirigiremos hacia el punto de inicio de la caminata, donde tienes la opci\u00f3n de alquilar caballo (NO incluido), la caminata hacia la <a href=\"https:\/\/www.trasladosaeropuertocusco.com\/tours\/tour-privado-montana-de-7-colores\/\" target=\"_blank\" rel=\"noopener\">monta\u00f1a de 7 colores<\/a> ser\u00e1 de aproximadamente 1 hora y 30 minutos, todo depender\u00e1 del estado f\u00edsico de cada persona. Despu\u00e9s de visitar la monta\u00f1a de 7 colores nos dirigiremos al mirador del valle rojo (30 minutos aprox de caminata) y posteriormente retornaremos para tener nuestro almuerzo. Y finalmente retornaremos a la ciudad del Cusco.<\/p>\n<h2>Valle Rojo y Monta\u00f1a 7 Colores<\/h2>\n<p><img loading=\"lazy\" decoding=\"async\" class=\"alignnone size-full wp-image-1129\" src=\"https:\/\/www.mountainpalcoyo.com\/es\/wp-content\/uploads\/2023\/04\/montana-de-colores-privado.jpg\" alt=\"monta\u00f1a de colores privado\" width=\"1192\" height=\"1488\" srcset=\"https:\/\/www.mountainpalcoyo.com\/es\/wp-content\/uploads\/2023\/04\/montana-de-colores-privado.jpg 1192w, https:\/\/www.mountainpalcoyo.com\/es\/wp-content\/uploads\/2023\/04\/montana-de-colores-privado-240x300.jpg 240w, https:\/\/www.mountainpalcoyo.com\/es\/wp-content\/uploads\/2023\/04\/montana-de-colores-privado-820x1024.jpg 820w, https:\/\/www.mountainpalcoyo.com\/es\/wp-content\/uploads\/2023\/04\/montana-de-colores-privado-768x959.jpg 768w, https:\/\/www.mountainpalcoyo.com\/es\/wp-content\/uploads\/2023\/04\/montana-de-colores-privado-600x749.jpg 600w\" sizes=\"auto, (max-width: 1192px) 100vw, 1192px\" \/> <img loading=\"lazy\" decoding=\"async\" class=\"alignnone size-full wp-image-1130\" src=\"https:\/\/www.mountainpalcoyo.com\/es\/wp-content\/uploads\/2023\/04\/vinicunca-privado.jpg\" alt=\"vinicunca privado\" width=\"1192\" height=\"1488\" srcset=\"https:\/\/www.mountainpalcoyo.com\/es\/wp-content\/uploads\/2023\/04\/vinicunca-privado.jpg 1192w, https:\/\/www.mountainpalcoyo.com\/es\/wp-content\/uploads\/2023\/04\/vinicunca-privado-240x300.jpg 240w, https:\/\/www.mountainpalcoyo.com\/es\/wp-content\/uploads\/2023\/04\/vinicunca-privado-820x1024.jpg 820w, https:\/\/www.mountainpalcoyo.com\/es\/wp-content\/uploads\/2023\/04\/vinicunca-privado-768x959.jpg 768w, https:\/\/www.mountainpalcoyo.com\/es\/wp-content\/uploads\/2023\/04\/vinicunca-privado-600x749.jpg 600w\" sizes=\"auto, (max-width: 1192px) 100vw, 1192px\" \/><img loading=\"lazy\" decoding=\"async\" class=\"alignnone size-full wp-image-1128\" src=\"https:\/\/www.mountainpalcoyo.com\/es\/wp-content\/uploads\/2023\/04\/valle-rojo-privado.jpg\" alt=\"valle rojo privado\" width=\"1079\" height=\"1336\" srcset=\"https:\/\/www.mountainpalcoyo.com\/es\/wp-content\/uploads\/2023\/04\/valle-rojo-privado.jpg 1079w, https:\/\/www.mountainpalcoyo.com\/es\/wp-content\/uploads\/2023\/04\/valle-rojo-privado-242x300.jpg 242w, https:\/\/www.mountainpalcoyo.com\/es\/wp-content\/uploads\/2023\/04\/valle-rojo-privado-827x1024.jpg 827w, https:\/\/www.mountainpalcoyo.com\/es\/wp-content\/uploads\/2023\/04\/valle-rojo-privado-768x951.jpg 768w, https:\/\/www.mountainpalcoyo.com\/es\/wp-content\/uploads\/2023\/04\/valle-rojo-privado-600x743.jpg 600w\" sizes=\"auto, (max-width: 1079px) 100vw, 1079px\" \/><\/p>\n","protected":false},"excerpt":{"rendered":"<div class=\"padding-top text-center\"><a href=\"https:\/\/www.mountainpalcoyo.com\/es\/tours\/tour-privado-montana-de-7-colores-y-valle-rojo\/\" class=\"atbtn atbtn--medium atbtn--rounded atbtn--transparent\">Read more<i class=\"atbtn__icon atbtn__icon--right fa fa-long-arrow-right\"><\/i><\/a><\/div>\n","protected":false},"featured_media":1126,"comment_status":"closed","ping_status":"closed","template":"","meta":[],"product_brand":[],"product_cat":[17],"product_tag":[],"class_list":{"0":"post-1125","1":"product","2":"type-product","3":"status-publish","4":"has-post-thumbnail","6":"product_cat-cusco","7":"tour_category-full-day","9":"first","10":"instock","11":"shipping-taxable","12":"product-type-tour"},"aioseo_notices":[],"amp_enabled":true,"_links":{"self":[{"href":"https:\/\/www.mountainpalcoyo.com\/es\/wp-json\/wp\/v2\/product\/1125","targetHints":{"allow":["GET"]}}],"collection":[{"href":"https:\/\/www.mountainpalcoyo.com\/es\/wp-json\/wp\/v2\/product"}],"about":[{"href":"https:\/\/www.mountainpalcoyo.com\/es\/wp-json\/wp\/v2\/types\/product"}],"replies":[{"embeddable":true,"href":"https:\/\/www.mountainpalcoyo.com\/es\/wp-json\/wp\/v2\/comments?post=1125"}],"wp:featuredmedia":[{"embeddable":true,"href":"https:\/\/www.mountainpalcoyo.com\/es\/wp-json\/wp\/v2\/media\/1126"}],"wp:attachment":[{"href":"https:\/\/www.mountainpalcoyo.com\/es\/wp-json\/wp\/v2\/media?parent=1125"}],"wp:term":[{"taxonomy":"product_brand","embeddable":true,"href":"https:\/\/www.mountainpalcoyo.com\/es\/wp-json\/wp\/v2\/product_brand?post=1125"},{"taxonomy":"product_cat","embeddable":true,"href":"https:\/\/www.mountainpalcoyo.com\/es\/wp-json\/wp\/v2\/product_cat?post=1125"},{"taxonomy":"product_tag","embeddable":true,"href":"https:\/\/www.mountainpalcoyo.com\/es\/wp-json\/wp\/v2\/product_tag?post=1125"}],"curies":[{"name":"wp","href":"https:\/\/api.w.org\/{rel}","templated":true}]}}