{"id":1119,"date":"2023-04-20T23:57:10","date_gmt":"2023-04-20T23:57:10","guid":{"rendered":"https:\/\/www.mountainpalcoyo.com\/es\/?post_type=product&#038;p=1119"},"modified":"2025-03-29T13:41:35","modified_gmt":"2025-03-29T13:41:35","slug":"tour-laguna-humantay-privado-en-1-dia","status":"publish","type":"product","link":"https:\/\/www.mountainpalcoyo.com\/es\/tours\/tour-laguna-humantay-privado-en-1-dia\/","title":{"rendered":"Tour Laguna Humantay Privado en 1 Dia"},"content":{"rendered":"<p><strong>Tour Laguna Humantay Privado en 1 D\u00eda<\/strong>. Conoce la hermosa <a href=\"https:\/\/www.mountainpalcoyo.com\/es\/tours\/tour-laguna-humantay\/\" target=\"_blank\" rel=\"noopener\">Laguna de Humantay<\/a> considerada como uno de los principales atractivos tur\u00edsticos del Cusco, despu\u00e9s de <a href=\"https:\/\/www.mountainpalcoyo.com\/es\/tours\/tour-machu-picchu-en-1-dia\/\" target=\"_blank\" rel=\"noopener\">Machu Picchu<\/a> y la <a href=\"https:\/\/www.mountainpalcoyo.com\/es\/tours\/tour-montana-de-7-colores-vinicunca\/\" target=\"_blank\" rel=\"noopener\">Monta\u00f1a de 7 colores Vinicunca<\/a>. Esta hermosa laguna se encuentra muy cerca del nevado de Salkantay en la comunidad de Soraypampa al noreste de Cusco. Y en este tour privado podr\u00e1s conocer esta hermosa laguna, ver un hermoso nevado y apreciar una gran variedad de animales andinos de la zona.<\/p>\n<h2>Laguna Humantay<\/h2>\n<table style=\"height: 86px;\" width=\"240\">\n<tbody>\n<tr>\n<td style=\"background-color: #d52b1e; border-color: #ffffff; text-align: center;\"><a href=\"https:\/\/wa.me\/51936286411\"><span style=\"color: #ffffff;\">Reservar Ahora<\/span><\/a><\/td>\n<\/tr>\n<\/tbody>\n<\/table>\n<p><strong>Horarios disponibles<\/strong>: 04:00 &#8211; 04:30 &#8211; 05:00 &#8211; 05:30<br \/>\n<strong>Salidas diarias<br \/>\nDificultad: <\/strong>Media Alta<br \/>\n<strong>Grupo privado<\/strong><\/p>\n<p><strong>Incluye<\/strong><br \/>\n<i class=\"fa fa-check icon-tick icon-tick--on\"><\/i> Pickup (Indicar direcci\u00f3n)<br \/>\n<i class=\"fa fa-check icon-tick icon-tick--on\"><\/i> Movilidad y Conductor<br \/>\n<i class=\"fa fa-check icon-tick icon-tick--on\"><\/i> Gu\u00eda profesional certificado<br \/>\n<i class=\"fa fa-check icon-tick icon-tick--on\"><\/i> Entrada a la <a href=\"https:\/\/www.riorojocusco.com\/tours\/tour-privado-laguna-humantay\/\" target=\"_blank\" rel=\"noopener\">Laguna Humantay<\/a><br \/>\n<i class=\"fa fa-check icon-tick icon-tick--on\"><\/i> Desayuno y Almuerzo<br \/>\n<i class=\"fa fa-check icon-tick icon-tick--on\"><\/i> Bal\u00f3n de oxigeno y botiqu\u00edn de primeros auxilios<br \/>\n<i class=\"fa fa-check icon-tick icon-tick--on\"><\/i> Asistencia personalizada<\/p>\n<p><strong>No incluye<\/strong><br \/>\n<i class=\"fa fa-times icon-tick icon-tick--off\"><\/i> Seguro de Viaje (Se recomienda viajar con seguro 100%)<br \/>\n<i class=\"fa fa-times icon-tick icon-tick--off\"><\/i> Propinas (Opcional)<br \/>\n<i class=\"fa fa-times icon-tick icon-tick--off\"><\/i> Otros servicios no mencionados.<\/p>\n<p><strong>Que traer:<\/strong>: Casaca para el frio de la ma\u00f1ana, ropa abrigadora, zapatos de trekking, bloqueador solar, gafas, guantes, gorra, agua, snack y efectivo soles para gastos personales.<\/p>\n<p><strong>Importante<\/strong>: Para este tour se recomienda estar en un buen estado f\u00edsico, no sufrir de problemas cardiacos, y no recomendable para personas embarazadas.<\/p>\n<h2>Itinerario Laguna Humantay<\/h2>\n<p>00:00 A la hora acordada pasaremos por tu Hotel para recogerte y comenzar nuestro viaje rumbo al noreste de la ciudad del Cusco. Llegaremos a la comunidad de Soraypampa y posteriormente tendremos nuestro desayuno, para despu\u00e9s comenzar con nuestra caminata rumbo a la laguna turquesa de humantay. La caminata ser\u00e1 de 1 hora y 30 minutos aproximadamente todo depender\u00e1 del estado f\u00edsico de cada persona. Luego de visitar esta hermosa laguna retornaremos para nuestro almuerzo y posteriormente nuestro viaje de retorno a la ciudad del Cusco.<\/p>\n<h2>Humantay<\/h2>\n<p><img loading=\"lazy\" decoding=\"async\" class=\"alignnone size-full wp-image-1120\" src=\"https:\/\/www.mountainpalcoyo.com\/es\/wp-content\/uploads\/2023\/04\/laguna-humantay-privado.jpg\" alt=\"laguna humantay privado\" width=\"1440\" height=\"1440\" srcset=\"https:\/\/www.mountainpalcoyo.com\/es\/wp-content\/uploads\/2023\/04\/laguna-humantay-privado.jpg 1440w, https:\/\/www.mountainpalcoyo.com\/es\/wp-content\/uploads\/2023\/04\/laguna-humantay-privado-300x300.jpg 300w, https:\/\/www.mountainpalcoyo.com\/es\/wp-content\/uploads\/2023\/04\/laguna-humantay-privado-1024x1024.jpg 1024w, https:\/\/www.mountainpalcoyo.com\/es\/wp-content\/uploads\/2023\/04\/laguna-humantay-privado-150x150.jpg 150w, https:\/\/www.mountainpalcoyo.com\/es\/wp-content\/uploads\/2023\/04\/laguna-humantay-privado-768x768.jpg 768w, https:\/\/www.mountainpalcoyo.com\/es\/wp-content\/uploads\/2023\/04\/laguna-humantay-privado-600x600.jpg 600w\" sizes=\"auto, (max-width: 1440px) 100vw, 1440px\" \/><\/p>\n<blockquote class=\"instagram-media\" style=\"background: #FFF; border: 0; border-radius: 3px; box-shadow: 0 0 1px 0 rgba(0,0,0,0.5),0 1px 10px 0 rgba(0,0,0,0.15); margin: 1px; max-width: 540px; min-width: 326px; padding: 0; width: calc(100% - 2px);\" data-instgrm-permalink=\"https:\/\/www.instagram.com\/reel\/Co41yaVDquy\/?utm_source=ig_embed&amp;utm_campaign=loading\" data-instgrm-version=\"14\">\n<div style=\"padding: 16px;\">\n<p>&nbsp;<\/p>\n<div style=\"display: flex; flex-direction: row; align-items: center;\">\n<div style=\"background-color: #f4f4f4; border-radius: 50%; flex-grow: 0; height: 40px; margin-right: 14px; width: 40px;\"><\/div>\n<div style=\"display: flex; flex-direction: column; flex-grow: 1; justify-content: center;\">\n<div style=\"background-color: #f4f4f4; border-radius: 4px; flex-grow: 0; height: 14px; margin-bottom: 6px; width: 100px;\"><\/div>\n<div style=\"background-color: #f4f4f4; border-radius: 4px; flex-grow: 0; height: 14px; width: 60px;\"><\/div>\n<\/div>\n<\/div>\n<div style=\"padding: 19% 0;\"><\/div>\n<div style=\"display: block; height: 50px; margin: 0 auto 12px; width: 50px;\"><\/div>\n<div style=\"padding-top: 8px;\">\n<div style=\"color: #3897f0; font-family: Arial,sans-serif; font-size: 14px; font-style: normal; font-weight: 550; line-height: 18px;\">Ver esta publicaci\u00f3n en Instagram<\/div>\n<\/div>\n<div style=\"padding: 12.5% 0;\"><\/div>\n<div style=\"display: flex; flex-direction: row; margin-bottom: 14px; align-items: center;\">\n<div>\n<div style=\"background-color: #f4f4f4; border-radius: 50%; height: 12.5px; width: 12.5px; transform: translateX(0px) translateY(7px);\"><\/div>\n<div style=\"background-color: #f4f4f4; height: 12.5px; transform: rotate(-45deg) translateX(3px) translateY(1px); width: 12.5px; flex-grow: 0; margin-right: 14px; margin-left: 2px;\"><\/div>\n<div style=\"background-color: #f4f4f4; border-radius: 50%; height: 12.5px; width: 12.5px; transform: translateX(9px) translateY(-18px);\"><\/div>\n<\/div>\n<div style=\"margin-left: 8px;\">\n<div style=\"background-color: #f4f4f4; border-radius: 50%; flex-grow: 0; height: 20px; width: 20px;\"><\/div>\n<div style=\"width: 0; height: 0; border-top: 2px solid transparent; border-left: 6px solid #f4f4f4; border-bottom: 2px solid transparent; transform: translateX(16px) translateY(-4px) rotate(30deg);\"><\/div>\n<\/div>\n<div style=\"margin-left: auto;\">\n<div style=\"width: 0px; border-top: 8px solid #F4F4F4; border-right: 8px solid transparent; transform: translateY(16px);\"><\/div>\n<div style=\"background-color: #f4f4f4; flex-grow: 0; height: 12px; width: 16px; transform: translateY(-4px);\"><\/div>\n<div style=\"width: 0; height: 0; border-top: 8px solid #F4F4F4; border-left: 8px solid transparent; transform: translateY(-4px) translateX(8px);\"><\/div>\n<\/div>\n<\/div>\n<div style=\"display: flex; flex-direction: column; flex-grow: 1; justify-content: center; margin-bottom: 24px;\">\n<div style=\"background-color: #f4f4f4; border-radius: 4px; flex-grow: 0; height: 14px; margin-bottom: 6px; width: 224px;\"><\/div>\n<div style=\"background-color: #f4f4f4; border-radius: 4px; flex-grow: 0; height: 14px; width: 144px;\"><\/div>\n<\/div>\n<p>&nbsp;<\/p>\n<p style=\"color: #c9c8cd; font-family: Arial,sans-serif; font-size: 14px; line-height: 17px; margin-bottom: 0; margin-top: 8px; overflow: hidden; padding: 8px 0 7px; text-align: center; text-overflow: ellipsis; white-space: nowrap;\"><a style=\"color: #c9c8cd; font-family: Arial,sans-serif; font-size: 14px; font-style: normal; font-weight: normal; line-height: 17px; text-decoration: none;\" href=\"https:\/\/www.instagram.com\/reel\/Co41yaVDquy\/?utm_source=ig_embed&amp;utm_campaign=loading\" target=\"_blank\" rel=\"noopener\">Una publicaci\u00f3n compartida de Mountain Palcoyo (@mountainpalcoyo)<\/a><\/p>\n<\/div>\n<\/blockquote>\n<p><script async src=\"\/\/www.instagram.com\/embed.js\"><\/script><\/p>\n<h3><span style=\"color: #ff0000;\">Viaja seguro durante el COVID-19<\/span><\/h3>\n<p>Nuestra agencia de viajes cuenta con todos los protocolos de Bioseguridad.<\/p>\n<p>\u2022 Controles de temperatura frecuentemente de todo nuestro personal. Gu\u00edas \/ Conductores \/ Recepcionistas.<br \/>\n\u2022 Desinfecci\u00f3n frecuente de los veh\u00edculos de transporte.<br \/>\n\u2022 Se exige distanciamiento social durante toda la experiencia.<\/p>\n","protected":false},"excerpt":{"rendered":"<div class=\"padding-top text-center\"><a href=\"https:\/\/www.mountainpalcoyo.com\/es\/tours\/tour-laguna-humantay-privado-en-1-dia\/\" class=\"atbtn atbtn--medium atbtn--rounded atbtn--transparent\">Read more<i class=\"atbtn__icon atbtn__icon--right fa fa-long-arrow-right\"><\/i><\/a><\/div>\n","protected":false},"featured_media":1121,"comment_status":"closed","ping_status":"closed","template":"","meta":[],"product_brand":[],"product_cat":[17],"product_tag":[],"class_list":{"0":"post-1119","1":"product","2":"type-product","3":"status-publish","4":"has-post-thumbnail","6":"product_cat-cusco","7":"tour_category-full-day","9":"first","10":"instock","11":"shipping-taxable","12":"product-type-tour"},"aioseo_notices":[],"amp_enabled":true,"_links":{"self":[{"href":"https:\/\/www.mountainpalcoyo.com\/es\/wp-json\/wp\/v2\/product\/1119","targetHints":{"allow":["GET"]}}],"collection":[{"href":"https:\/\/www.mountainpalcoyo.com\/es\/wp-json\/wp\/v2\/product"}],"about":[{"href":"https:\/\/www.mountainpalcoyo.com\/es\/wp-json\/wp\/v2\/types\/product"}],"replies":[{"embeddable":true,"href":"https:\/\/www.mountainpalcoyo.com\/es\/wp-json\/wp\/v2\/comments?post=1119"}],"wp:featuredmedia":[{"embeddable":true,"href":"https:\/\/www.mountainpalcoyo.com\/es\/wp-json\/wp\/v2\/media\/1121"}],"wp:attachment":[{"href":"https:\/\/www.mountainpalcoyo.com\/es\/wp-json\/wp\/v2\/media?parent=1119"}],"wp:term":[{"taxonomy":"product_brand","embeddable":true,"href":"https:\/\/www.mountainpalcoyo.com\/es\/wp-json\/wp\/v2\/product_brand?post=1119"},{"taxonomy":"product_cat","embeddable":true,"href":"https:\/\/www.mountainpalcoyo.com\/es\/wp-json\/wp\/v2\/product_cat?post=1119"},{"taxonomy":"product_tag","embeddable":true,"href":"https:\/\/www.mountainpalcoyo.com\/es\/wp-json\/wp\/v2\/product_tag?post=1119"}],"curies":[{"name":"wp","href":"https:\/\/api.w.org\/{rel}","templated":true}]}}