{"id":1072,"date":"2022-08-05T15:47:11","date_gmt":"2022-08-05T15:47:11","guid":{"rendered":"https:\/\/www.mountainpalcoyo.com\/es\/?post_type=product&#038;p=1072"},"modified":"2025-03-29T01:59:11","modified_gmt":"2025-03-29T01:59:11","slug":"tour-privado-valle-sur-cusco-en-medio-dia","status":"publish","type":"product","link":"https:\/\/www.mountainpalcoyo.com\/es\/tours\/tour-privado-valle-sur-cusco-en-medio-dia\/","title":{"rendered":"Tour Privado Valle Sur Cusco en Medio Dia"},"content":{"rendered":"<p><strong>Tour privado por el Valle Sur Cusco en medio d\u00eda<\/strong>, con este tour podr\u00e1s visitar los principales atractivos tur\u00edsticos del <a href=\"https:\/\/www.mountainpalcoyo.com\/es\/tours\/tour-valle-sur-cusco\/\" target=\"_blank\" rel=\"noopener\">valle Sur<\/a>: Parque arqueol\u00f3gico de Tipon, la ciudad pre inca de Pikillacta, el templo de Andahuaylillas y la <a href=\"https:\/\/www.mountainvinicunca.com\/es\/visita-el-mirador-cielo-punku-en-huaro-cusco\/\" target=\"_blank\" rel=\"noopener\">mano gigante en Huaro<\/a>.<\/p>\n<h2>Tour Valle Sur Cusco Privado<\/h2>\n<table style=\"height: 86px;\" width=\"240\">\n<tbody>\n<tr>\n<td style=\"background-color: #d52b1e; border-color: #ffffff; text-align: center;\"><a href=\"https:\/\/wa.me\/51936286411\"><span style=\"color: #ffffff;\">Reservar Ahora<\/span><\/a><\/td>\n<\/tr>\n<\/tbody>\n<\/table>\n<p><strong>Horario<\/strong>: 08:00 &#8211; 08:30 &#8211; 09:00 &#8211; 09:30 &#8211; 10:00 &#8211; 10:30<br \/>\n<strong>Salidas diarias<\/strong><br \/>\n<strong>Grupo privado<\/strong><\/p>\n<p><strong>Lugares a visitar<\/strong>: <a href=\"https:\/\/www.riorojocusco.com\/tours\/visita-el-valle-sur-cusco-tipon\/\" target=\"_blank\" rel=\"noopener\">Tipon<\/a>, Pikillacata, Mano gigante en Huaro y Templo de Andahuaylillas<\/p>\n<p><strong>Incluye<\/strong><br \/>\n<i class=\"fa fa-check icon-tick icon-tick--on\"><\/i> Pickup (Indicar direcci\u00f3n)<br \/>\n<i class=\"fa fa-check icon-tick icon-tick--on\"><\/i> Movilidad y Conductor<br \/>\n<i class=\"fa fa-check icon-tick icon-tick--on\"><\/i> Gu\u00eda biling\u00fce<br \/>\n<i class=\"fa fa-check icon-tick icon-tick--on\"><\/i> Drop off (Indicar direcci\u00f3n)<br \/>\n<i class=\"fa fa-check icon-tick icon-tick--on\"><\/i> Asistencia personalizada<\/p>\n<p><strong>No incluye<\/strong><br \/>\n<i class=\"fa fa-times icon-tick icon-tick--off\"><\/i> Almuerzo<br \/>\n<i class=\"fa fa-times icon-tick icon-tick--off\"><\/i> Boleto Tur\u00edstico de <a href=\"https:\/\/www.trasladosaeropuertocusco.com\/tours\/tour-privado-por-la-ciudad-del-cusco\/\" target=\"_blank\" rel=\"noopener\">Cusco<\/a><br \/>\n<i class=\"fa fa-times icon-tick icon-tick--off\"><\/i> Entrada al templo de Andahuaylillas<br \/>\n<i class=\"fa fa-times icon-tick icon-tick--off\"><\/i> Propinas (Opcional)<br \/>\n<i class=\"fa fa-times icon-tick icon-tick--off\"><\/i> Otros servicios no mencionados.<\/p>\n<p><strong>Que traer:<\/strong> Ropa ligera, zapatos de trekking, bloqueador solar, gorro, gafas de sol, agua, snack y efectivo soles para gastos personales.<\/p>\n<p><strong>Importante:<\/strong><br \/>\n\u2022 Para este tour necesitas el boleto tur\u00edstico del Cusco parcial que tiene un costo de 70 soles, aprox 18 d\u00f3lares. Y lo puedes adquirir en el primer atractivo tur\u00edstico a visitar.<br \/>\n\u2022 Entrada al templo de Andahuaylillas 15 soles, aprox 4 dolares.<\/p>\n<h2>Itinerario Valle Sur Cusco<\/h2>\n<p>00:00 A la hora acordada pasaremos a recogerte a tu Hotel \/ Airbnb para comenzar el tour. Tendremos un viaje al Sur de la <a href=\"https:\/\/www.mountainpalcoyo.com\/es\/traslado-cusco-ollantaytambo\/\" target=\"_blank\" rel=\"noopener\">ciudad del Cusco<\/a>, para visitar Tipon, Pikillacta, Mano gigante de Huaro y el Templo de Andahuaylillas. En cada atractivo tur\u00edstico tendr\u00e1s una visita guiada y podr\u00e1s conocer m\u00e1s acerca de cada atractivo tur\u00edstico. Despu\u00e9s de visitar el valle sur de Cusco volveremos a la ciudad y te dejaremos en tu hotel \/ airbnb respectivo.<\/p>\n<p><strong><span style=\"font-size: 24pt; color: #ff0000;\">Viaja seguro durante el COVID-19<\/span><\/strong><\/p>\n<p>Nuestra agencia de viajes cuenta con todos los protocolos de Bioseguridad.<\/p>\n<p>\u2022 Controles de temperatura frecuentemente de todo nuestro personal. Gu\u00edas \/ Agentes de viajes \/ Conductores \/ Recepcionistas.<br \/>\n\u2022 Desinfecci\u00f3n frecuente de los veh\u00edculos de transporte.<br \/>\n\u2022 Se requieren m\u00e1scaras, barbijos, tapabocas y protector facial (Obligatorio).<br \/>\n\u2022 Se exige distanciamiento social durante toda la experiencia.<\/p>\n<p><img loading=\"lazy\" decoding=\"async\" class=\"alignnone size-full wp-image-1082\" src=\"https:\/\/www.mountainpalcoyo.com\/es\/wp-content\/uploads\/2022\/08\/tipon-tour-privado.jpg\" alt=\"tipon tour privado\" width=\"1440\" height=\"1795\" srcset=\"https:\/\/www.mountainpalcoyo.com\/es\/wp-content\/uploads\/2022\/08\/tipon-tour-privado.jpg 1440w, https:\/\/www.mountainpalcoyo.com\/es\/wp-content\/uploads\/2022\/08\/tipon-tour-privado-241x300.jpg 241w, https:\/\/www.mountainpalcoyo.com\/es\/wp-content\/uploads\/2022\/08\/tipon-tour-privado-821x1024.jpg 821w, https:\/\/www.mountainpalcoyo.com\/es\/wp-content\/uploads\/2022\/08\/tipon-tour-privado-768x957.jpg 768w, https:\/\/www.mountainpalcoyo.com\/es\/wp-content\/uploads\/2022\/08\/tipon-tour-privado-1232x1536.jpg 1232w, https:\/\/www.mountainpalcoyo.com\/es\/wp-content\/uploads\/2022\/08\/tipon-tour-privado-600x748.jpg 600w\" sizes=\"auto, (max-width: 1440px) 100vw, 1440px\" \/><\/p>\n","protected":false},"excerpt":{"rendered":"<div class=\"padding-top text-center\"><a href=\"https:\/\/www.mountainpalcoyo.com\/es\/tours\/tour-privado-valle-sur-cusco-en-medio-dia\/\" class=\"atbtn atbtn--medium atbtn--rounded atbtn--transparent\">Read more<i class=\"atbtn__icon atbtn__icon--right fa fa-long-arrow-right\"><\/i><\/a><\/div>\n","protected":false},"featured_media":1073,"comment_status":"closed","ping_status":"closed","template":"","meta":[],"product_brand":[],"product_cat":[17],"product_tag":[],"class_list":{"0":"post-1072","1":"product","2":"type-product","3":"status-publish","4":"has-post-thumbnail","6":"product_cat-cusco","7":"tour_category-full-day","9":"first","10":"instock","11":"shipping-taxable","12":"product-type-tour"},"aioseo_notices":[],"amp_enabled":true,"_links":{"self":[{"href":"https:\/\/www.mountainpalcoyo.com\/es\/wp-json\/wp\/v2\/product\/1072","targetHints":{"allow":["GET"]}}],"collection":[{"href":"https:\/\/www.mountainpalcoyo.com\/es\/wp-json\/wp\/v2\/product"}],"about":[{"href":"https:\/\/www.mountainpalcoyo.com\/es\/wp-json\/wp\/v2\/types\/product"}],"replies":[{"embeddable":true,"href":"https:\/\/www.mountainpalcoyo.com\/es\/wp-json\/wp\/v2\/comments?post=1072"}],"wp:featuredmedia":[{"embeddable":true,"href":"https:\/\/www.mountainpalcoyo.com\/es\/wp-json\/wp\/v2\/media\/1073"}],"wp:attachment":[{"href":"https:\/\/www.mountainpalcoyo.com\/es\/wp-json\/wp\/v2\/media?parent=1072"}],"wp:term":[{"taxonomy":"product_brand","embeddable":true,"href":"https:\/\/www.mountainpalcoyo.com\/es\/wp-json\/wp\/v2\/product_brand?post=1072"},{"taxonomy":"product_cat","embeddable":true,"href":"https:\/\/www.mountainpalcoyo.com\/es\/wp-json\/wp\/v2\/product_cat?post=1072"},{"taxonomy":"product_tag","embeddable":true,"href":"https:\/\/www.mountainpalcoyo.com\/es\/wp-json\/wp\/v2\/product_tag?post=1072"}],"curies":[{"name":"wp","href":"https:\/\/api.w.org\/{rel}","templated":true}]}}