{"id":817,"date":"2020-11-10T19:58:38","date_gmt":"2020-11-10T19:58:38","guid":{"rendered":"https:\/\/www.mountainpalcoyo.com\/es\/?page_id=817"},"modified":"2020-11-10T19:58:38","modified_gmt":"2020-11-10T19:58:38","slug":"promocion-cusco-y-machu-picchu-para-peruanos","status":"publish","type":"page","link":"https:\/\/www.mountainpalcoyo.com\/es\/promocion-cusco-y-machu-picchu-para-peruanos\/","title":{"rendered":"Promocion: Cusco y Machu Picchu para Peruanos"},"content":{"rendered":"<div class=\"wpb-content-wrapper\"><p>[vc_row][vc_column][vc_column_text]Nuestra agencia de viajes <strong>Mountain Palcoyo<\/strong> tambi\u00e9n ofrece los mejores paquetes de viajes a Cusco y Machu Picchu para peruanos. Tenemos paquetes de viajes a Cusco y Machu Picchu de 3 d\u00edas, 4 d\u00edas, 5 d\u00edas, 6 d\u00edas y 7 d\u00edas todo incluido.<\/p>\n<h2>Paquetes de viaje a Cusco y Machu Picchu<\/h2>\n<p>Conoce los <strong>principales atractivos tur\u00edsticos del Cusco<\/strong>: Sacsayhuaman, Qenqo, Puca Pucara, Tambomachay, La Piedra de los 12 \u00c1ngulos, Las salinera de Maras, Los Andenes de Moray, La monta\u00f1a de 7 colores, La Laguna Humantay, La monta\u00f1a arco\u00edris de Palcoyo, El centro arqueol\u00f3gico de Ollantaytambo, Pisac, La monta\u00f1a filuda de colores Pallay Puncho, La ciudad inca de Machu Picchu y Pikillacta.<\/p>\n<p><a href=\"https:\/\/www.mountainpalcoyo.com\/es\/contactenos\/\"><img loading=\"lazy\" decoding=\"async\" class=\"alignnone size-full wp-image-833\" src=\"https:\/\/www.mountainpalcoyo.com\/es\/wp-content\/uploads\/2020\/11\/reservaahora.png\" alt=\"reserva ahora\" width=\"242\" height=\"100\" \/><\/a>[\/vc_column_text][\/vc_column][\/vc_row][vc_row][vc_column width=\u00bb1\/2&#8243;][vc_column_text]<\/p>\n<h2>Cusco y Machu Picchu todo Incluido<\/h2>\n<p>Nuestro paquete de viaje a Cusco y Machu Picchu todo incluido para peruanos.<\/p>\n<p><i class=\"fa fa-check icon-tick icon-tick--on\"><\/i> Traslado de Aeropuerto\/hotel\/Aeropuerto<br \/>\n<i class=\"fa fa-check icon-tick icon-tick--on\"><\/i> Transporte tur\u00edstico para cada tour<br \/>\n<i class=\"fa fa-check icon-tick icon-tick--on\"><\/i> Ticket de entrada para todos los Atractivos Tur\u00edsticos<br \/>\n<i class=\"fa fa-check icon-tick icon-tick--on\"><\/i> Ticket de tren tur\u00edstico Expedition<br \/>\n<i class=\"fa fa-check icon-tick icon-tick--on\"><\/i> Bus de subida y bajada Aguas Calientes\/Machupicchu\/Aguas Calientes<br \/>\n<i class=\"fa fa-check icon-tick icon-tick--on\"><\/i> Alojamiento en Cusco \/ Aguas Calientes<br \/>\n<i class=\"fa fa-check icon-tick icon-tick--on\"><\/i> Gu\u00eda profesional<br \/>\n<i class=\"fa fa-check icon-tick icon-tick--on\"><\/i> Asistencia Personalizada[\/vc_column_text][\/vc_column][vc_column width=\u00bb1\/2&#8243;][vc_column_text]<\/p>\n<h2>Paquete de Viajes<\/h2>\n<div class=\"panel-group accordion\" id=\"ataccordion1\">\n<div class=\"panel panel-default accordion__item\">\n\t<div class=\"panel-heading accordion__item__title-wrap\">\n\t\t<h4 class=\"panel-title\">\n\t\t\t<a data-toggle=\"collapse\" data-parent=\"#ataccordion1\" href=\"#ataccordion1_1\" class=\"accordion__item__link collapsed\">Cusco 3 Dias \/ 2 Noches<\/a>\n\t\t<\/h4>\n\t<\/div>\n\t<div id=\"ataccordion1_1\" class=\"panel-collapse collapse\">\n\t\t<div class=\"panel-body accordion__item__content\">\n<p>D\u00eda 1: Bienvenido Cusco &#8211; D\u00eda 2: Machu Picchu &#8211; D\u00eda 3: Adi\u00f3s Cusco.<\/p>\n<\/div>\n\t<\/div>\n<\/div>\n<div class=\"panel panel-default accordion__item\">\n\t<div class=\"panel-heading accordion__item__title-wrap\">\n\t\t<h4 class=\"panel-title\">\n\t\t\t<a data-toggle=\"collapse\" data-parent=\"#ataccordion1\" href=\"#ataccordion1_2\" class=\"accordion__item__link collapsed\">Cusco 4 Dias \/ 3 Noches<\/a>\n\t\t<\/h4>\n\t<\/div>\n\t<div id=\"ataccordion1_2\" class=\"panel-collapse collapse\">\n\t\t<div class=\"panel-body accordion__item__content\">\n<p>D\u00eda 1: Bienvenido Cusco &#8211; \u00a0D\u00eda 2: Valle Sagrado de los Incas &#8211; D\u00eda 3: Machu Picchu &#8211; D\u00eda 4: Adi\u00f3s Cusco.<\/p>\n<\/div>\n\t<\/div>\n<\/div>\n<div class=\"panel panel-default accordion__item\">\n\t<div class=\"panel-heading accordion__item__title-wrap\">\n\t\t<h4 class=\"panel-title\">\n\t\t\t<a data-toggle=\"collapse\" data-parent=\"#ataccordion1\" href=\"#ataccordion1_3\" class=\"accordion__item__link collapsed\">Cusco 5 Dias \/ 4 Noches<\/a>\n\t\t<\/h4>\n\t<\/div>\n\t<div id=\"ataccordion1_3\" class=\"panel-collapse collapse\">\n\t\t<div class=\"panel-body accordion__item__content\">\n<p>D\u00eda 1: Bienvenido Cusco &#8211; \u00a0D\u00eda 2: Valle Sagrado de los Incas &#8211; D\u00eda 3: Machu Picchu &#8211; \u00a0D\u00eda 4: Monta\u00f1a de 7 colores &#8211; D\u00eda 5: Adi\u00f3s Cusco.<\/p>\n<\/div>\n\t<\/div>\n<\/div>\n\n<div class=\"panel panel-default accordion__item\">\n\t<div class=\"panel-heading accordion__item__title-wrap\">\n\t\t<h4 class=\"panel-title\">\n\t\t\t<a data-toggle=\"collapse\" data-parent=\"#ataccordion1\" href=\"#ataccordion1_4\" class=\"accordion__item__link collapsed\">Cusco 6 Dias \/ 5 Noches<\/a>\n\t\t<\/h4>\n\t<\/div>\n\t<div id=\"ataccordion1_4\" class=\"panel-collapse collapse\">\n\t\t<div class=\"panel-body accordion__item__content\">\n<p>D\u00eda 1: Bienvenido Cusco &#8211; \u00a0D\u00eda 2: Valle Sagrado de los Incas &#8211; D\u00eda 3: Machu Picchu \u2013 D\u00eda 4: Maras Moray &#8211; \u00a0D\u00eda 5: Monta\u00f1a de 7 colores &#8211; D\u00eda 6: Adi\u00f3s Cusco.<\/p>\n<\/div>\n\t<\/div>\n<\/div>\n<div class=\"panel panel-default accordion__item\">\n\t<div class=\"panel-heading accordion__item__title-wrap\">\n\t\t<h4 class=\"panel-title\">\n\t\t\t<a data-toggle=\"collapse\" data-parent=\"#ataccordion1\" href=\"#ataccordion1_5\" class=\"accordion__item__link collapsed\">Cusco 7 Dias \/ 6 Noches<\/a>\n\t\t<\/h4>\n\t<\/div>\n\t<div id=\"ataccordion1_5\" class=\"panel-collapse collapse\">\n\t\t<div class=\"panel-body accordion__item__content\">\n<p>D\u00eda 1: Bienvenido Cusco &#8211; \u00a0D\u00eda 2: Laguna Humantay &#8211; D\u00eda 3: Valle Sagrado de los Incas &#8211; D\u00eda 4: Machu Picchu \u2013 D\u00eda 5: Maras Moray &#8211; \u00a0D\u00eda 6: Monta\u00f1a de 7 colores &#8211; D\u00eda 7: Adi\u00f3s Cusco.<\/p>\n<\/div>\n\t<\/div>\n<\/div>\n<\/div>[\/vc_column_text][\/vc_column][\/vc_row][vc_row][vc_column][vc_column_text]Si deseas tambi\u00e9n podemos <strong>armar un paquete de viajes<\/strong> de acuerdo a los destinos tur\u00edsticos que deseas visitar en Cusco y si tienes una fecha de viaje ya programa nos adecuamos a todos tus requerimientos. <strong>Viaje Seguro con todos los protocolos de seguridad<\/strong>.\n<h2>Atractivos Turisticos del Cusco<\/h2>\n<p>[\/vc_column_text][\/vc_column][\/vc_row][vc_row][vc_column width=\u00bb1\/3&#8243;][vc_column_text]<img loading=\"lazy\" decoding=\"async\" class=\"alignnone size-full wp-image-822\" src=\"https:\/\/www.mountainpalcoyo.com\/es\/wp-content\/uploads\/2020\/11\/cuscoperuanos.jpg\" alt=\"cusco peruanos\" width=\"950\" height=\"950\" srcset=\"https:\/\/www.mountainpalcoyo.com\/es\/wp-content\/uploads\/2020\/11\/cuscoperuanos.jpg 950w, https:\/\/www.mountainpalcoyo.com\/es\/wp-content\/uploads\/2020\/11\/cuscoperuanos-600x600.jpg 600w, https:\/\/www.mountainpalcoyo.com\/es\/wp-content\/uploads\/2020\/11\/cuscoperuanos-300x300.jpg 300w, https:\/\/www.mountainpalcoyo.com\/es\/wp-content\/uploads\/2020\/11\/cuscoperuanos-150x150.jpg 150w, https:\/\/www.mountainpalcoyo.com\/es\/wp-content\/uploads\/2020\/11\/cuscoperuanos-768x768.jpg 768w\" sizes=\"auto, (max-width: 950px) 100vw, 950px\" \/>[\/vc_column_text][vc_column_text]<img loading=\"lazy\" decoding=\"async\" class=\"alignnone size-full wp-image-841\" src=\"https:\/\/www.mountainpalcoyo.com\/es\/wp-content\/uploads\/2020\/11\/salinerademarascusco.jpg\" alt=\"salinera de maras cusco\" width=\"950\" height=\"950\" srcset=\"https:\/\/www.mountainpalcoyo.com\/es\/wp-content\/uploads\/2020\/11\/salinerademarascusco.jpg 950w, https:\/\/www.mountainpalcoyo.com\/es\/wp-content\/uploads\/2020\/11\/salinerademarascusco-600x600.jpg 600w, https:\/\/www.mountainpalcoyo.com\/es\/wp-content\/uploads\/2020\/11\/salinerademarascusco-300x300.jpg 300w, https:\/\/www.mountainpalcoyo.com\/es\/wp-content\/uploads\/2020\/11\/salinerademarascusco-150x150.jpg 150w, https:\/\/www.mountainpalcoyo.com\/es\/wp-content\/uploads\/2020\/11\/salinerademarascusco-768x768.jpg 768w\" sizes=\"auto, (max-width: 950px) 100vw, 950px\" \/>[\/vc_column_text][vc_column_text]<img loading=\"lazy\" decoding=\"async\" class=\"alignnone size-full wp-image-845\" src=\"https:\/\/www.mountainpalcoyo.com\/es\/wp-content\/uploads\/2020\/11\/cusco-ollantaytambo.jpg\" alt=\"cusco ollantaytambo\" width=\"950\" height=\"950\" srcset=\"https:\/\/www.mountainpalcoyo.com\/es\/wp-content\/uploads\/2020\/11\/cusco-ollantaytambo.jpg 950w, https:\/\/www.mountainpalcoyo.com\/es\/wp-content\/uploads\/2020\/11\/cusco-ollantaytambo-600x600.jpg 600w, https:\/\/www.mountainpalcoyo.com\/es\/wp-content\/uploads\/2020\/11\/cusco-ollantaytambo-300x300.jpg 300w, https:\/\/www.mountainpalcoyo.com\/es\/wp-content\/uploads\/2020\/11\/cusco-ollantaytambo-150x150.jpg 150w, https:\/\/www.mountainpalcoyo.com\/es\/wp-content\/uploads\/2020\/11\/cusco-ollantaytambo-768x768.jpg 768w\" sizes=\"auto, (max-width: 950px) 100vw, 950px\" \/>[\/vc_column_text][vc_column_text]<img loading=\"lazy\" decoding=\"async\" class=\"alignnone size-full wp-image-727\" src=\"https:\/\/www.mountainpalcoyo.com\/es\/wp-content\/uploads\/2020\/06\/machupicchuporauto.jpg\" alt=\"machu picchu por auto\" width=\"1080\" height=\"1350\" srcset=\"https:\/\/www.mountainpalcoyo.com\/es\/wp-content\/uploads\/2020\/06\/machupicchuporauto.jpg 1080w, https:\/\/www.mountainpalcoyo.com\/es\/wp-content\/uploads\/2020\/06\/machupicchuporauto-600x750.jpg 600w, https:\/\/www.mountainpalcoyo.com\/es\/wp-content\/uploads\/2020\/06\/machupicchuporauto-240x300.jpg 240w, https:\/\/www.mountainpalcoyo.com\/es\/wp-content\/uploads\/2020\/06\/machupicchuporauto-819x1024.jpg 819w, https:\/\/www.mountainpalcoyo.com\/es\/wp-content\/uploads\/2020\/06\/machupicchuporauto-768x960.jpg 768w\" sizes=\"auto, (max-width: 1080px) 100vw, 1080px\" \/>[\/vc_column_text][vc_column_text]<img loading=\"lazy\" decoding=\"async\" class=\"alignnone size-full wp-image-51\" src=\"https:\/\/www.mountainpalcoyo.com\/es\/wp-content\/uploads\/2018\/09\/machupicchufullday.jpg\" alt=\"machupicchu full day\" width=\"591\" height=\"590\" srcset=\"https:\/\/www.mountainpalcoyo.com\/es\/wp-content\/uploads\/2018\/09\/machupicchufullday.jpg 591w, https:\/\/www.mountainpalcoyo.com\/es\/wp-content\/uploads\/2018\/09\/machupicchufullday-350x349.jpg 350w, https:\/\/www.mountainpalcoyo.com\/es\/wp-content\/uploads\/2018\/09\/machupicchufullday-150x150.jpg 150w, https:\/\/www.mountainpalcoyo.com\/es\/wp-content\/uploads\/2018\/09\/machupicchufullday-300x300.jpg 300w\" sizes=\"auto, (max-width: 591px) 100vw, 591px\" \/>[\/vc_column_text][\/vc_column][vc_column width=\u00bb1\/3&#8243;][vc_column_text]<img loading=\"lazy\" decoding=\"async\" class=\"alignnone size-full wp-image-823\" src=\"https:\/\/www.mountainpalcoyo.com\/es\/wp-content\/uploads\/2020\/11\/cusco-peruanos.jpg\" alt=\"cusco peruanos\" width=\"950\" height=\"950\" srcset=\"https:\/\/www.mountainpalcoyo.com\/es\/wp-content\/uploads\/2020\/11\/cusco-peruanos.jpg 950w, https:\/\/www.mountainpalcoyo.com\/es\/wp-content\/uploads\/2020\/11\/cusco-peruanos-600x600.jpg 600w, https:\/\/www.mountainpalcoyo.com\/es\/wp-content\/uploads\/2020\/11\/cusco-peruanos-300x300.jpg 300w, https:\/\/www.mountainpalcoyo.com\/es\/wp-content\/uploads\/2020\/11\/cusco-peruanos-150x150.jpg 150w, https:\/\/www.mountainpalcoyo.com\/es\/wp-content\/uploads\/2020\/11\/cusco-peruanos-768x768.jpg 768w\" sizes=\"auto, (max-width: 950px) 100vw, 950px\" \/>[\/vc_column_text][vc_column_text]<img loading=\"lazy\" decoding=\"async\" class=\"alignnone size-full wp-image-842\" src=\"https:\/\/www.mountainpalcoyo.com\/es\/wp-content\/uploads\/2020\/11\/cuscosalinerademaras.jpg\" alt=\"cusco salinera de maras\" width=\"950\" height=\"950\" srcset=\"https:\/\/www.mountainpalcoyo.com\/es\/wp-content\/uploads\/2020\/11\/cuscosalinerademaras.jpg 950w, https:\/\/www.mountainpalcoyo.com\/es\/wp-content\/uploads\/2020\/11\/cuscosalinerademaras-600x600.jpg 600w, https:\/\/www.mountainpalcoyo.com\/es\/wp-content\/uploads\/2020\/11\/cuscosalinerademaras-300x300.jpg 300w, https:\/\/www.mountainpalcoyo.com\/es\/wp-content\/uploads\/2020\/11\/cuscosalinerademaras-150x150.jpg 150w, https:\/\/www.mountainpalcoyo.com\/es\/wp-content\/uploads\/2020\/11\/cuscosalinerademaras-768x768.jpg 768w\" sizes=\"auto, (max-width: 950px) 100vw, 950px\" \/>[\/vc_column_text][vc_column_text]<img loading=\"lazy\" decoding=\"async\" class=\"alignnone size-full wp-image-846\" src=\"https:\/\/www.mountainpalcoyo.com\/es\/wp-content\/uploads\/2020\/11\/cusco-ollantaytambo1.jpg\" alt=\"cusco ollantaytambo\" width=\"950\" height=\"950\" srcset=\"https:\/\/www.mountainpalcoyo.com\/es\/wp-content\/uploads\/2020\/11\/cusco-ollantaytambo1.jpg 950w, https:\/\/www.mountainpalcoyo.com\/es\/wp-content\/uploads\/2020\/11\/cusco-ollantaytambo1-600x600.jpg 600w, https:\/\/www.mountainpalcoyo.com\/es\/wp-content\/uploads\/2020\/11\/cusco-ollantaytambo1-300x300.jpg 300w, https:\/\/www.mountainpalcoyo.com\/es\/wp-content\/uploads\/2020\/11\/cusco-ollantaytambo1-150x150.jpg 150w, https:\/\/www.mountainpalcoyo.com\/es\/wp-content\/uploads\/2020\/11\/cusco-ollantaytambo1-768x768.jpg 768w\" sizes=\"auto, (max-width: 950px) 100vw, 950px\" \/>[\/vc_column_text][vc_column_text]<img loading=\"lazy\" decoding=\"async\" class=\"alignnone size-full wp-image-569\" src=\"https:\/\/www.mountainpalcoyo.com\/es\/wp-content\/uploads\/2020\/02\/pisac.jpg\" alt=\"pisac\" width=\"1080\" height=\"1288\" srcset=\"https:\/\/www.mountainpalcoyo.com\/es\/wp-content\/uploads\/2020\/02\/pisac.jpg 1080w, https:\/\/www.mountainpalcoyo.com\/es\/wp-content\/uploads\/2020\/02\/pisac-600x716.jpg 600w, https:\/\/www.mountainpalcoyo.com\/es\/wp-content\/uploads\/2020\/02\/pisac-252x300.jpg 252w, https:\/\/www.mountainpalcoyo.com\/es\/wp-content\/uploads\/2020\/02\/pisac-768x916.jpg 768w\" sizes=\"auto, (max-width: 1080px) 100vw, 1080px\" \/>[\/vc_column_text][vc_column_text]<img loading=\"lazy\" decoding=\"async\" class=\"alignnone size-full wp-image-851\" src=\"https:\/\/www.mountainpalcoyo.com\/es\/wp-content\/uploads\/2020\/11\/cuscolagunahumantay.jpg\" alt=\"cusco laguna humantay\" width=\"950\" height=\"950\" srcset=\"https:\/\/www.mountainpalcoyo.com\/es\/wp-content\/uploads\/2020\/11\/cuscolagunahumantay.jpg 950w, https:\/\/www.mountainpalcoyo.com\/es\/wp-content\/uploads\/2020\/11\/cuscolagunahumantay-600x600.jpg 600w, https:\/\/www.mountainpalcoyo.com\/es\/wp-content\/uploads\/2020\/11\/cuscolagunahumantay-300x300.jpg 300w, https:\/\/www.mountainpalcoyo.com\/es\/wp-content\/uploads\/2020\/11\/cuscolagunahumantay-150x150.jpg 150w, https:\/\/www.mountainpalcoyo.com\/es\/wp-content\/uploads\/2020\/11\/cuscolagunahumantay-768x768.jpg 768w\" sizes=\"auto, (max-width: 950px) 100vw, 950px\" \/>[\/vc_column_text][\/vc_column][vc_column width=\u00bb1\/3&#8243;][vc_column_text]<img loading=\"lazy\" decoding=\"async\" class=\"alignnone size-full wp-image-824\" src=\"https:\/\/www.mountainpalcoyo.com\/es\/wp-content\/uploads\/2020\/11\/qoricanchacusco.jpg\" alt=\"qoricancha cusco\" width=\"950\" height=\"950\" srcset=\"https:\/\/www.mountainpalcoyo.com\/es\/wp-content\/uploads\/2020\/11\/qoricanchacusco.jpg 950w, https:\/\/www.mountainpalcoyo.com\/es\/wp-content\/uploads\/2020\/11\/qoricanchacusco-600x600.jpg 600w, https:\/\/www.mountainpalcoyo.com\/es\/wp-content\/uploads\/2020\/11\/qoricanchacusco-300x300.jpg 300w, https:\/\/www.mountainpalcoyo.com\/es\/wp-content\/uploads\/2020\/11\/qoricanchacusco-150x150.jpg 150w, https:\/\/www.mountainpalcoyo.com\/es\/wp-content\/uploads\/2020\/11\/qoricanchacusco-768x768.jpg 768w\" sizes=\"auto, (max-width: 950px) 100vw, 950px\" \/>[\/vc_column_text][vc_column_text]<img loading=\"lazy\" decoding=\"async\" class=\"alignnone size-full wp-image-843\" src=\"https:\/\/www.mountainpalcoyo.com\/es\/wp-content\/uploads\/2020\/11\/andenesmoraycusco.jpg\" alt=\"andenes moray cusco\" width=\"950\" height=\"950\" srcset=\"https:\/\/www.mountainpalcoyo.com\/es\/wp-content\/uploads\/2020\/11\/andenesmoraycusco.jpg 950w, https:\/\/www.mountainpalcoyo.com\/es\/wp-content\/uploads\/2020\/11\/andenesmoraycusco-600x600.jpg 600w, https:\/\/www.mountainpalcoyo.com\/es\/wp-content\/uploads\/2020\/11\/andenesmoraycusco-300x300.jpg 300w, https:\/\/www.mountainpalcoyo.com\/es\/wp-content\/uploads\/2020\/11\/andenesmoraycusco-150x150.jpg 150w, https:\/\/www.mountainpalcoyo.com\/es\/wp-content\/uploads\/2020\/11\/andenesmoraycusco-768x768.jpg 768w\" sizes=\"auto, (max-width: 950px) 100vw, 950px\" \/>[\/vc_column_text][vc_column_text]<img loading=\"lazy\" decoding=\"async\" class=\"alignnone size-full wp-image-847\" src=\"https:\/\/www.mountainpalcoyo.com\/es\/wp-content\/uploads\/2020\/11\/cuscopisac.jpg\" alt=\"cusco pisac\" width=\"950\" height=\"950\" srcset=\"https:\/\/www.mountainpalcoyo.com\/es\/wp-content\/uploads\/2020\/11\/cuscopisac.jpg 950w, https:\/\/www.mountainpalcoyo.com\/es\/wp-content\/uploads\/2020\/11\/cuscopisac-600x600.jpg 600w, https:\/\/www.mountainpalcoyo.com\/es\/wp-content\/uploads\/2020\/11\/cuscopisac-300x300.jpg 300w, https:\/\/www.mountainpalcoyo.com\/es\/wp-content\/uploads\/2020\/11\/cuscopisac-150x150.jpg 150w, https:\/\/www.mountainpalcoyo.com\/es\/wp-content\/uploads\/2020\/11\/cuscopisac-768x768.jpg 768w\" sizes=\"auto, (max-width: 950px) 100vw, 950px\" \/>[\/vc_column_text][vc_column_text]<img loading=\"lazy\" decoding=\"async\" class=\"alignnone size-full wp-image-301\" src=\"https:\/\/www.mountainpalcoyo.com\/es\/wp-content\/uploads\/2018\/09\/rainbowmountainpalcoyo.jpg\" alt=\"rainbow mountain palcoyo\" width=\"1080\" height=\"1080\" srcset=\"https:\/\/www.mountainpalcoyo.com\/es\/wp-content\/uploads\/2018\/09\/rainbowmountainpalcoyo.jpg 1080w, https:\/\/www.mountainpalcoyo.com\/es\/wp-content\/uploads\/2018\/09\/rainbowmountainpalcoyo-600x600.jpg 600w, https:\/\/www.mountainpalcoyo.com\/es\/wp-content\/uploads\/2018\/09\/rainbowmountainpalcoyo-150x150.jpg 150w, https:\/\/www.mountainpalcoyo.com\/es\/wp-content\/uploads\/2018\/09\/rainbowmountainpalcoyo-300x300.jpg 300w, https:\/\/www.mountainpalcoyo.com\/es\/wp-content\/uploads\/2018\/09\/rainbowmountainpalcoyo-768x768.jpg 768w, https:\/\/www.mountainpalcoyo.com\/es\/wp-content\/uploads\/2018\/09\/rainbowmountainpalcoyo-1024x1024.jpg 1024w\" sizes=\"auto, (max-width: 1080px) 100vw, 1080px\" \/>[\/vc_column_text][vc_column_text]<img loading=\"lazy\" decoding=\"async\" class=\"alignnone size-full wp-image-94\" src=\"https:\/\/www.mountainpalcoyo.com\/es\/wp-content\/uploads\/2018\/09\/rainbow-mountain-vinicunca.jpg\" alt=\"monta\u00f1a vinicunca\" width=\"475\" height=\"595\" srcset=\"https:\/\/www.mountainpalcoyo.com\/es\/wp-content\/uploads\/2018\/09\/rainbow-mountain-vinicunca.jpg 475w, https:\/\/www.mountainpalcoyo.com\/es\/wp-content\/uploads\/2018\/09\/rainbow-mountain-vinicunca-350x438.jpg 350w, https:\/\/www.mountainpalcoyo.com\/es\/wp-content\/uploads\/2018\/09\/rainbow-mountain-vinicunca-239x300.jpg 239w\" sizes=\"auto, (max-width: 475px) 100vw, 475px\" \/>[\/vc_column_text][\/vc_column][\/vc_row][vc_row][vc_column width=\u00bb1\/2&#8243;][vc_column_text]<img loading=\"lazy\" decoding=\"async\" class=\"alignnone size-full wp-image-684\" src=\"https:\/\/www.mountainpalcoyo.com\/es\/wp-content\/uploads\/2020\/06\/cuscoymachupicchu.jpg\" alt=\"cusco y machupicchu\" width=\"800\" height=\"530\" srcset=\"https:\/\/www.mountainpalcoyo.com\/es\/wp-content\/uploads\/2020\/06\/cuscoymachupicchu.jpg 800w, https:\/\/www.mountainpalcoyo.com\/es\/wp-content\/uploads\/2020\/06\/cuscoymachupicchu-180x120.jpg 180w, https:\/\/www.mountainpalcoyo.com\/es\/wp-content\/uploads\/2020\/06\/cuscoymachupicchu-600x398.jpg 600w, https:\/\/www.mountainpalcoyo.com\/es\/wp-content\/uploads\/2020\/06\/cuscoymachupicchu-300x199.jpg 300w, https:\/\/www.mountainpalcoyo.com\/es\/wp-content\/uploads\/2020\/06\/cuscoymachupicchu-768x509.jpg 768w\" sizes=\"auto, (max-width: 800px) 100vw, 800px\" \/>[\/vc_column_text][\/vc_column][vc_column width=\u00bb1\/2&#8243;][vc_column_text]<img loading=\"lazy\" decoding=\"async\" class=\"alignnone size-full wp-image-673\" src=\"https:\/\/www.mountainpalcoyo.com\/es\/wp-content\/uploads\/2020\/05\/cuscomachupicchu2.jpg\" alt=\"cusco machupicchu\" width=\"1080\" height=\"720\" srcset=\"https:\/\/www.mountainpalcoyo.com\/es\/wp-content\/uploads\/2020\/05\/cuscomachupicchu2.jpg 1080w, https:\/\/www.mountainpalcoyo.com\/es\/wp-content\/uploads\/2020\/05\/cuscomachupicchu2-531x354.jpg 531w, https:\/\/www.mountainpalcoyo.com\/es\/wp-content\/uploads\/2020\/05\/cuscomachupicchu2-180x120.jpg 180w, https:\/\/www.mountainpalcoyo.com\/es\/wp-content\/uploads\/2020\/05\/cuscomachupicchu2-600x400.jpg 600w, https:\/\/www.mountainpalcoyo.com\/es\/wp-content\/uploads\/2020\/05\/cuscomachupicchu2-300x200.jpg 300w, https:\/\/www.mountainpalcoyo.com\/es\/wp-content\/uploads\/2020\/05\/cuscomachupicchu2-1024x683.jpg 1024w, https:\/\/www.mountainpalcoyo.com\/es\/wp-content\/uploads\/2020\/05\/cuscomachupicchu2-768x512.jpg 768w, https:\/\/www.mountainpalcoyo.com\/es\/wp-content\/uploads\/2020\/05\/cuscomachupicchu2-1062x708.jpg 1062w\" sizes=\"auto, (max-width: 1080px) 100vw, 1080px\" \/>[\/vc_column_text][\/vc_column][\/vc_row]<\/p>\n<\/div>","protected":false},"excerpt":{"rendered":"<div class=\"padding-top text-center\"><a href=\"https:\/\/www.mountainpalcoyo.com\/es\/promocion-cusco-y-machu-picchu-para-peruanos\/\" class=\"atbtn atbtn--medium atbtn--rounded atbtn--transparent\">Read more<i class=\"atbtn__icon atbtn__icon--right fa fa-long-arrow-right\"><\/i><\/a><\/div>\n","protected":false},"author":1,"featured_media":0,"parent":0,"menu_order":0,"comment_status":"closed","ping_status":"closed","template":"","meta":{"footnotes":""},"class_list":["post-817","page","type-page","status-publish","hentry"],"aioseo_notices":[],"amp_enabled":true,"_links":{"self":[{"href":"https:\/\/www.mountainpalcoyo.com\/es\/wp-json\/wp\/v2\/pages\/817","targetHints":{"allow":["GET"]}}],"collection":[{"href":"https:\/\/www.mountainpalcoyo.com\/es\/wp-json\/wp\/v2\/pages"}],"about":[{"href":"https:\/\/www.mountainpalcoyo.com\/es\/wp-json\/wp\/v2\/types\/page"}],"author":[{"embeddable":true,"href":"https:\/\/www.mountainpalcoyo.com\/es\/wp-json\/wp\/v2\/users\/1"}],"replies":[{"embeddable":true,"href":"https:\/\/www.mountainpalcoyo.com\/es\/wp-json\/wp\/v2\/comments?post=817"}],"version-history":[{"count":0,"href":"https:\/\/www.mountainpalcoyo.com\/es\/wp-json\/wp\/v2\/pages\/817\/revisions"}],"wp:attachment":[{"href":"https:\/\/www.mountainpalcoyo.com\/es\/wp-json\/wp\/v2\/media?parent=817"}],"curies":[{"name":"wp","href":"https:\/\/api.w.org\/{rel}","templated":true}]}}