{"id":590,"date":"2020-03-11T19:54:51","date_gmt":"2020-03-11T19:54:51","guid":{"rendered":"https:\/\/www.mountainpalcoyo.com\/es\/?page_id=590"},"modified":"2020-03-13T12:53:31","modified_gmt":"2020-03-13T12:53:31","slug":"tour-privados-en-cusco-y-machu-picchu","status":"publish","type":"page","link":"https:\/\/www.mountainpalcoyo.com\/es\/tour-privados-en-cusco-y-machu-picchu\/","title":{"rendered":"Tour Privados en Cusco y Machu Picchu"},"content":{"rendered":"<div class=\"wpb-content-wrapper\"><p>[vc_row][vc_column][vc_column_text]<a href=\"https:\/\/www.mountainpalcoyo.com\/es\/\">Monta\u00f1a Palcoyo<\/a> tambi\u00e9n ofrece tour privados en Cusco y Machu Picchu para grupos peque\u00f1os y grandes. Nuestra agencia est\u00e1 especializada en brindar un buen servicio, amabilidad, seguridad, conductores profesionales, gu\u00edas profesionales y una atenci\u00f3n muy personalizada.<\/p>\n<p>Tambi\u00e9n te ayudamos a dise\u00f1ar tu viaje a medida, con todas las indicaciones que nos brindes. Y te asesoraremos en todo para que tengas un mejor viaje y puedas disfrutar plenamente del tour.[\/vc_column_text][\/vc_column][\/vc_row][vc_row][vc_column][vc_row_inner css=\u00bb.vc_custom_1583961068298{background-color: #e1f7c3 !important;}\u00bb][vc_column_inner][vc_column_text]<\/p>\n<h2 style=\"text-align: center;\">Tour Privado Valle Sagrado de los Incas<\/h2>\n<p>[\/vc_column_text][\/vc_column_inner][\/vc_row_inner][vc_row_inner][vc_column_inner width=\u00bb1\/2&#8243;][vc_column_text]El valle sagrado de los incas uno de los principales atractivos de la ciudad del Cusco, en este tour visitaremos Pisac, el mercado de Internacional de Pisac, el centro arqueol\u00f3gico de Ollantaytambo y finalmente el poblado de Chinchero.<\/p>\n<p><strong>Hora de Inicio<\/strong>: 7:15 Recomendado. Usted puede elegir el Horario.<\/p>\n<p><strong>Incluye<\/strong>:<br \/>\n<i class=\"fa fa-check icon-tick icon-tick--on\"><\/i> Recojo del Aeropuerto, Airbnb o Hotel<br \/>\n<i class=\"fa fa-check icon-tick icon-tick--on\"><\/i> Movilidad y Chofer<br \/>\n<i class=\"fa fa-check icon-tick icon-tick--on\"><\/i> Guia profesional certtificado: Bilingue (Espa\u00f1ol\/Ingles)<br \/>\n<i class=\"fa fa-check icon-tick icon-tick--on\"><\/i> Boleto Turistico parcial del Cusco (Valido para este Tour)<br \/>\n<i class=\"fa fa-check icon-tick icon-tick--on\"><\/i> Almuerzo buffet en el restaurante TUNUPA en Urubamba<br \/>\n<i class=\"fa fa-check icon-tick icon-tick--on\"><\/i> Asistencia Personalizada<br \/>\n<i class=\"fa fa-check icon-tick icon-tick--on\"><\/i> Drop off en tu Hotel o Airbnb<\/p>\n<p><strong>No Incluye<\/strong>:<br \/>\n<i class=\"fa fa-times icon-tick icon-tick--off\"><\/i> Seguro de Viaje<br \/>\n<i class=\"fa fa-times icon-tick icon-tick--off\"><\/i> Otros servicios no mencionados en el programa<\/p>\n<p><strong>Importante<\/strong>:<br \/>\n\u2022 El precio var\u00eda de acuerdo al n\u00famero de personas.<br \/>\n\u2022 Se brindara la movilidad de acuerdo al n\u00famero de pasajeros. Auto, H1, Sprinter o Renault.<br \/>\n\u2022 Este tour es modificable, si deseas quedarte en Ollantaytambo para abordar el tren rumbo a Aguas Calientes. Es accesible.<br \/>\n\u2022 Si ya tienes el boleto tur\u00edstico del Cusco debes avisar, para que el precio sea menor.<br \/>\n\u2022 Si no deseas el almuerzo avisar para que el precio sea menor o si deseas ir a otro restaurante av\u00edsanos para llevarte y ustedes corren con sus gastos.<br \/>\n\u2022 Se <strong>puede adicionar la visita a los Andenes de Moray y Salinera de Maras<\/strong>, previamente debe indicar si desea visitar ambos lugares, ya que el precio varia.[\/vc_column_text][\/vc_column_inner][vc_column_inner width=\u00bb1\/2&#8243;][vc_column_text]<\/p>\n<table style=\"height: 86px;\" width=\"240\">\n<tbody>\n<tr>\n<td style=\"background-color: #cc0033; border-color: #ffffff; text-align: center;\"><a href=\"https:\/\/wa.me\/51936286411\"><span style=\"color: #ffffff;\">Solicitar cotizacion<\/span><\/a><\/td>\n<\/tr>\n<\/tbody>\n<\/table>\n<p>[\/vc_column_text][vc_hoverbox image=\u00bb563&#8243; primary_title=\u00bb\u00bb hover_title=\u00bbValle Sagrado de los Incas\u00bb]Conocer\u00e1s todo sobre la cultura y fabricaci\u00f3n de la Lana. [\/vc_hoverbox][vc_separator][vc_hoverbox image=\u00bb464&#8243; primary_title=\u00bb\u00bb hover_title=\u00bbOllantaytambo\u00bb]Visitaremos la ciudad de Ollantaytambo.<br \/>\n[\/vc_hoverbox][\/vc_column_inner][\/vc_row_inner][\/vc_column][\/vc_row][vc_row][vc_column][vc_row_inner css=\u00bb.vc_custom_1583962822794{background-color: #ebffcc !important;}\u00bb][vc_column_inner][vc_column_text]<\/p>\n<h2 style=\"text-align: center;\">Tour Privado Monta\u00f1a 7 colores Vinicunca<\/h2>\n<p>[\/vc_column_text][\/vc_column_inner][\/vc_row_inner][vc_row_inner][vc_column_inner width=\u00bb1\/2&#8243;][vc_column_text]Visita la Monta\u00f1a de 7 colores Vinicunca o tambien conocida como Winikunka, llamada tambi\u00e9n Monta\u00f1a Arco\u00edris, Rainbow Mountain o Monta\u00f1a de Colores. Ubicada al norte del Cusco es el segundo destino tur\u00edstico del Cusco, recibiendo diariamente miles de personas. Para realizar este circuito debes tener una condision f\u00edsica moderada, ya que requiere una caminata de aproximada de 1 hora y media. Y se encuentra alrededor de los 5200 msm.<\/p>\n<p><strong>Hora de Inicio<\/strong>: 5:30 Recomendado. Usted puede elegir el Horario.<\/p>\n<p><strong>Incluye<\/strong>:<br \/>\n<i class=\"fa fa-check icon-tick icon-tick--on\"><\/i> Recojo del Aeropuerto, Airbnb o Hotel<br \/>\n<i class=\"fa fa-check icon-tick icon-tick--on\"><\/i> Movilidad y Chofer<br \/>\n<i class=\"fa fa-check icon-tick icon-tick--on\"><\/i> Guia profesional certtificado: Bilingue (Espa\u00f1ol\/Ingles)<br \/>\n<i class=\"fa fa-check icon-tick icon-tick--on\"><\/i> Almuerzo<br \/>\n<i class=\"fa fa-check icon-tick icon-tick--on\"><\/i> Entrada<br \/>\n<i class=\"fa fa-check icon-tick icon-tick--on\"><\/i> Asistencia Personalizada<br \/>\n<i class=\"fa fa-check icon-tick icon-tick--on\"><\/i> Drop off en tu Hotel o Airbnb<\/p>\n<p><strong>No Incluye<\/strong>:<br \/>\n<i class=\"fa fa-times icon-tick icon-tick--off\"><\/i> Seguro de Viaje<br \/>\n<i class=\"fa fa-times icon-tick icon-tick--off\"><\/i> Otros servicios no mencionados en el programa<\/p>\n<p><strong>Importante<\/strong>:<br \/>\n\u2022 Este tour requiere una condici\u00f3n f\u00edsica moderada.<br \/>\n\u2022 No es recomendable para personas con problemas cardiacos, dolores de espalda y para personas embarazadas.<br \/>\n\u2022 Es recomendable para mayores de 11 a\u00f1os.<br \/>\n\u2022 Puedes visitar el valle rojo que tiene una caminata adicional de 40 minutos. Y \u00fanicamente vas al mirador por el camino se\u00f1alizado.<br \/>\n\u2022 Tienes la opci\u00f3n de alquilar caballo de los mismos pobladores (No incluido en el precio).<br \/>\n\u2022 Es recomendable estar un d\u00eda antes en Cusco para aclimatarse. [\/vc_column_text][\/vc_column_inner][vc_column_inner width=\u00bb1\/2&#8243;][vc_column_text]<\/p>\n<table style=\"height: 86px;\" width=\"240\">\n<tbody>\n<tr>\n<td style=\"background-color: #cc0033; border-color: #ffffff; text-align: center;\"><a href=\"https:\/\/wa.me\/51936286411\"><span style=\"color: #ffffff;\">Solicitar cotizacion<\/span><\/a><\/td>\n<\/tr>\n<\/tbody>\n<\/table>\n<p>[\/vc_column_text][vc_hoverbox image=\u00bb293&#8243; primary_title=\u00bb\u00bb hover_title=\u00bbMonta\u00f1a 7 Colores\u00bb]La monta\u00f1a de 7 colores Vinicunca es el segundo destino turistico mas popular del Cusco. [\/vc_hoverbox][vc_separator][vc_hoverbox image=\u00bb289&#8243; primary_title=\u00bb\u00bb hover_title=\u00bbRainbow Mountain\u00bb]<a href=\"https:\/\/www.mountainvinicunca.com\/\" target=\"_blank\" rel=\"noopener noreferrer\">Rainbow Mountain Vinicunca<\/a> o tambien conocida como la monta\u00f1a de colores.<\/p>\n<p>[\/vc_hoverbox][\/vc_column_inner][\/vc_row_inner][\/vc_column][\/vc_row][vc_row][vc_column][vc_row_inner css=\u00bb.vc_custom_1583962822794{background-color: #ebffcc !important;}\u00bb][vc_column_inner][vc_column_text]<\/p>\n<h2 style=\"text-align: center;\">Tour Privado City Tour Cusco<\/h2>\n<p>[\/vc_column_text][\/vc_column_inner][\/vc_row_inner][vc_row_inner][vc_column_inner width=\u00bb1\/2&#8243;][vc_column_text]City Tour Cusco, circuito perfecto para visitar los principales atractivos cercanos de la ciudad del Cusco. Los lugares a visitar son: El templo del Sol Qoricancha, La fortaleza de Sacsayhuaman, Qenqo, Puca Pucara y finalmente Tambomachay.<\/p>\n<p><strong>Hora de Inicio<\/strong>: 9:00 Recomendado. Usted puede elegir el Horario.<\/p>\n<p><strong>Incluye<\/strong>:<br \/>\n<i class=\"fa fa-check icon-tick icon-tick--on\"><\/i> Recojo del Aeropuerto, Airbnb o Hotel<br \/>\n<i class=\"fa fa-check icon-tick icon-tick--on\"><\/i> Movilidad y Chofer<br \/>\n<i class=\"fa fa-check icon-tick icon-tick--on\"><\/i> Guia profesional certtificado: Bilingue (Espa\u00f1ol\/Ingles)<br \/>\n<i class=\"fa fa-check icon-tick icon-tick--on\"><\/i> Boleto Turistico Parcial (Valido para este Tour)<br \/>\n<i class=\"fa fa-check icon-tick icon-tick--on\"><\/i> Ingreso al templo del sol Qoricancha<br \/>\n<i class=\"fa fa-check icon-tick icon-tick--on\"><\/i> Asistencia Personalizada<br \/>\n<i class=\"fa fa-check icon-tick icon-tick--on\"><\/i> Drop off en tu Hotel o Airbnb<\/p>\n<p><strong>No Incluye<\/strong>:<br \/>\n<i class=\"fa fa-times icon-tick icon-tick--off\"><\/i> Seguro de Viaje<br \/>\n<i class=\"fa fa-times icon-tick icon-tick--off\"><\/i> Otros servicios no mencionados en el programa<\/p>\n<p><strong>Importante<\/strong>:<br \/>\n\u2022 Si ya tienes el boleto tur\u00edstico avisar para que el costo sea menor.<br \/>\n\u2022 Tienes la opci\u00f3n de escoger la visita en la ma\u00f1ana o por la tarde. El tour solo dura 6 horas.<br \/>\n\u2022 Este tour no requiere de mucha condision fisica.<br \/>\n\u2022 Este tour se adecua a cualquier horario de visita.[\/vc_column_text][vc_zigzag][\/vc_column_inner][vc_column_inner width=\u00bb1\/2&#8243;][vc_column_text]<\/p>\n<table style=\"height: 86px;\" width=\"240\">\n<tbody>\n<tr>\n<td style=\"background-color: #cc0033; border-color: #ffffff; text-align: center;\"><a href=\"https:\/\/wa.me\/51936286411\"><span style=\"color: #ffffff;\">Solicitar cotizacion<\/span><\/a><\/td>\n<\/tr>\n<\/tbody>\n<\/table>\n<p>[\/vc_column_text][vc_hoverbox image=\u00bb524&#8243; primary_title=\u00bb\u00bb hover_title=\u00bbTambomachay\u00bb]Tambomachay sitio arqueol\u00f3gico que fue destinado para el culto al agua.[\/vc_hoverbox][vc_separator][vc_hoverbox image=\u00bb528&#8243; primary_title=\u00bb\u00bb hover_title=\u00bbSacayhuaman\u00bb]Sacsayhuam\u00e1n es una \u00abfortaleza ceremonial\u00bb inca ubicada 2kil\u00f3metros al norte de la ciudad de Cusco. Se comenz\u00f3 a construir durante el gobierno del INCA Pachac\u00fatec.[\/vc_hoverbox][vc_zigzag][\/vc_column_inner][\/vc_row_inner][\/vc_column][\/vc_row][vc_row full_width=\u00bbstretch_row_content\u00bb css=\u00bb.vc_custom_1584103092680{background-color: #d52b1e !important;}\u00bb][vc_column][vc_column_text]<\/p>\n<p style=\"text-align: center;\"><span style=\"font-size: 24pt; color: #ffffff;\">Deseas otro Tour Privado en Cusco<\/span><br \/>\n<span style=\"color: #ffffff;\">Contactenos: <a style=\"color: #ffffff;\" href=\"mailto:mountainpalcoyo@gmail.com\">mountainpalcoyo@gmail.com<\/a>\u00a0 &#8211; WhatsApp: <a style=\"color: #ffffff;\" href=\"tel:+51936286411\">+51936286411<\/a><\/span><\/p>\n<p>[\/vc_column_text][\/vc_column][\/vc_row][vc_row][vc_column][vc_column_text]<a href=\"https:\/\/www.mountainpalcoyo.com\/es\/\">Monta\u00f1a Palccoyo<\/a> tambi\u00e9n ofrece otros <strong>tours privados en Cusco y Machu Picchu<\/strong>, podemos armar un tour privado de acuerdo a los lugares que deseas visitar y se realizara un itinerario de acuerdo a las especificaciones que nos brindes. Deseas un paquete de viajes a Cusco y Machu Picchu nosotros te lo armaremos r\u00e1pidamente y te brindaremos todas las indicaciones necesarias.<\/p>\n<p><i class=\"fa fa-check icon-tick icon-tick--on\"><\/i> Tour Privado <a href=\"https:\/\/www.riorojocusco.com\/tours\/laguna-humantay-en-1-dia\/\" target=\"_blank\" rel=\"noopener noreferrer\">Laguna Humantay<\/a> en 1 D\u00eda<br \/>\n<i class=\"fa fa-check icon-tick icon-tick--on\"><\/i> Tour Privado <a href=\"https:\/\/www.donperutours.com\/es\/tours\/tour-montana-arcoiris-palcoyo\/\">Monta\u00f1a de colores Palcoyo<\/a><br \/>\n<i class=\"fa fa-check icon-tick icon-tick--on\"><\/i> Tour Privado Chinchero, Andenes de Moray, Salinera de Maras, Ollantaytambo y Pisac en 1 Dia.<br \/>\n<i class=\"fa fa-check icon-tick icon-tick--on\"><\/i> Tour Privado <a href=\"https:\/\/www.mountainvinicunca.com\/es\/tours\/tour-por-el-valle-sur-cusco\/\" target=\"_blank\" rel=\"noopener noreferrer\">Valle Sur Cusco<\/a> en medio d\u00eda<br \/>\n<i class=\"fa fa-check icon-tick icon-tick--on\"><\/i> Tour Privado City Tour Cusco y Valle ser Cusco en 1 D\u00eda.<br \/>\n<i class=\"fa fa-check icon-tick icon-tick--on\"><\/i> <a href=\"https:\/\/www.mountainpalcoyo.com\/es\/tours\/tour-privado-machu-picchu-en-1-dia\/\">Tour Privado en Machu Picchu en 1 Dia<\/a>.<br \/>\n<i class=\"fa fa-check icon-tick icon-tick--on\"><\/i> Paquetes de viajes a Cusco y Machu Picchu 5D\/4N o Indique cuantos dias estara en Cusco!!<\/p>\n<p><span style=\"font-size: 36pt;\">Deseas otro tour contactenos!!<\/span>[\/vc_column_text][\/vc_column][\/vc_row]<\/p>\n<\/div>","protected":false},"excerpt":{"rendered":"<div class=\"padding-top text-center\"><a href=\"https:\/\/www.mountainpalcoyo.com\/es\/tour-privados-en-cusco-y-machu-picchu\/\" class=\"atbtn atbtn--medium atbtn--rounded atbtn--transparent\">Read more<i class=\"atbtn__icon atbtn__icon--right fa fa-long-arrow-right\"><\/i><\/a><\/div>\n","protected":false},"author":1,"featured_media":0,"parent":0,"menu_order":0,"comment_status":"closed","ping_status":"closed","template":"","meta":{"footnotes":""},"class_list":["post-590","page","type-page","status-publish","hentry"],"aioseo_notices":[],"amp_enabled":true,"_links":{"self":[{"href":"https:\/\/www.mountainpalcoyo.com\/es\/wp-json\/wp\/v2\/pages\/590","targetHints":{"allow":["GET"]}}],"collection":[{"href":"https:\/\/www.mountainpalcoyo.com\/es\/wp-json\/wp\/v2\/pages"}],"about":[{"href":"https:\/\/www.mountainpalcoyo.com\/es\/wp-json\/wp\/v2\/types\/page"}],"author":[{"embeddable":true,"href":"https:\/\/www.mountainpalcoyo.com\/es\/wp-json\/wp\/v2\/users\/1"}],"replies":[{"embeddable":true,"href":"https:\/\/www.mountainpalcoyo.com\/es\/wp-json\/wp\/v2\/comments?post=590"}],"version-history":[{"count":0,"href":"https:\/\/www.mountainpalcoyo.com\/es\/wp-json\/wp\/v2\/pages\/590\/revisions"}],"wp:attachment":[{"href":"https:\/\/www.mountainpalcoyo.com\/es\/wp-json\/wp\/v2\/media?parent=590"}],"curies":[{"name":"wp","href":"https:\/\/api.w.org\/{rel}","templated":true}]}}